{"id":1057,"date":"2024-08-27T10:53:50","date_gmt":"2024-08-27T13:53:50","guid":{"rendered":"https:\/\/www.ufmg.br\/pra\/?page_id=1057"},"modified":"2024-12-17T16:10:41","modified_gmt":"2024-12-17T19:10:41","slug":"informacoes-sobre-pessoal-terceirizado","status":"publish","type":"page","link":"https:\/\/www.ufmg.br\/pra\/informacoes-sobre-pessoal-terceirizado\/","title":{"rendered":"Informa\u00e7\u00f5es sobre Pessoal Terceirizado"},"content":{"rendered":"<p class=\"texto\">Consulta sobre a contrata\u00e7\u00e3o de pessoal terceirizados na UFMG est\u00e1 dispon\u00edvel no portal\u00a0<a href=\"https:\/\/contratos.comprasnet.gov.br\/transparencia\/terceirizados\" target=\"_blank\" rel=\"noopener\"><strong>Compras.gov.br<\/strong><\/a>. Para pesquisar filtre pelo \u00d3rg\u00e3o\u00a0<strong>26238<\/strong>.<\/p>\n<p class=\"texto\">A terceiriza\u00e7\u00e3o no \u00e2mbito federal \u00e9 regulamentado pela\u00a0<a href=\"http:\/\/www.planalto.gov.br\/ccivil_03\/LEIS\/L6019.htm\" target=\"_blank\" rel=\"noopener\">Lei n\u00ba 6.019, de 3 de janeiro de 1974<\/a>\u00a0(Alterada pela\u00a0<a href=\"http:\/\/www.planalto.gov.br\/ccivil_03\/_ato2015-2018\/2016\/lei\/L13255.htm\" target=\"_blank\" rel=\"noopener\">Lei n\u00ba 13.255, de 14 de Janeiro de 2016<\/a>), que disp\u00f5e sobre o trabalho tempor\u00e1rio nas empresas urbanas e d\u00e1 outras provid\u00eancias; e disp\u00f5e sobre as rela\u00e7\u00f5es de trabalho na empresa de presta\u00e7\u00e3o de servi\u00e7os a terceiros.<\/p>\n<p class=\"texto\">Acesse abaixo a Planilha de Rela\u00e7\u00e3o de Postos de Trabalho de profissionais terceirizados e respectivos locais de trabalho nas depend\u00eancias da Universidade Federal de Minas Gerais.<\/p>\n<p class=\"secaomaior\"><a href=\"https:\/\/www.ufmg.br\/dlo\/terceirizacao.php\" target=\"_blank\" rel=\"noopener\">Clique aqui para acessar a Planilha Geral de funcion\u00e1rios terceirizados da UFMG.<\/a><\/p>\n<p class=\"secaomaior\">\n","protected":false},"excerpt":{"rendered":"<p>Consulta sobre a contrata\u00e7\u00e3o de pessoal terceirizados na UFMG est\u00e1 [&hellip;]<\/p>\n","protected":false},"author":3,"featured_media":0,"parent":0,"menu_order":0,"comment_status":"closed","ping_status":"closed","template":"","meta":{"_acf_changed":false,"footnotes":""},"tags":[],"class_list":["post-1057","page","type-page","status-publish","hentry"],"acf":[],"_links":{"self":[{"href":"https:\/\/www.ufmg.br\/pra\/wp-json\/wp\/v2\/pages\/1057","targetHints":{"allow":["GET"]}}],"collection":[{"href":"https:\/\/www.ufmg.br\/pra\/wp-json\/wp\/v2\/pages"}],"about":[{"href":"https:\/\/www.ufmg.br\/pra\/wp-json\/wp\/v2\/types\/page"}],"author":[{"embeddable":true,"href":"https:\/\/www.ufmg.br\/pra\/wp-json\/wp\/v2\/users\/3"}],"replies":[{"embeddable":true,"href":"https:\/\/www.ufmg.br\/pra\/wp-json\/wp\/v2\/comments?post=1057"}],"version-history":[{"count":8,"href":"https:\/\/www.ufmg.br\/pra\/wp-json\/wp\/v2\/pages\/1057\/revisions"}],"predecessor-version":[{"id":1260,"href":"https:\/\/www.ufmg.br\/pra\/wp-json\/wp\/v2\/pages\/1057\/revisions\/1260"}],"wp:attachment":[{"href":"https:\/\/www.ufmg.br\/pra\/wp-json\/wp\/v2\/media?parent=1057"}],"wp:term":[{"taxonomy":"post_tag","embeddable":true,"href":"https:\/\/www.ufmg.br\/pra\/wp-json\/wp\/v2\/tags?post=1057"}],"curies":[{"name":"wp","href":"https:\/\/api.w.org\/{rel}","templated":true}]}}