{"id":1068,"date":"2024-08-27T11:19:28","date_gmt":"2024-08-27T14:19:28","guid":{"rendered":"https:\/\/www.ufmg.br\/pra\/?page_id=1068"},"modified":"2024-08-28T10:41:10","modified_gmt":"2024-08-28T13:41:10","slug":"planejamento-e-gerenciamento-de-contratacoes","status":"publish","type":"page","link":"https:\/\/www.ufmg.br\/pra\/planejamento-e-gerenciamento-de-contratacoes\/","title":{"rendered":"Planejamento e Gerenciamento de Contrata\u00e7\u00f5es (PGC)"},"content":{"rendered":"<p>O <a href=\"https:\/\/www.gov.br\/compras\/pt-br\/sistemas\/conheca-o-compras\/sistema-de-planejamento-e-gerenciamento-de-contratacoes\">Planejamento e Gerenciamento de Contrata\u00e7\u00f5es (PGC)<\/a> \u00e9 um documento que re\u00fane as contrata\u00e7\u00f5es que um \u00f3rg\u00e3o ou entidade visa efetuar, de forma que as informa\u00e7\u00f5es sobre quantidade, valores e tipos de materiais sejam encontradas no mesmo lugar.<\/p>\n<p><a href=\"https:\/\/www.ufmg.br\/pra\/wp-content\/uploads\/2024\/08\/PGC_2024_DLO_AdministracaoGeral-1.pdf\">PGC- Janeiro 2024_DLO_AdministracaoGeral (1)\u00a0<\/a><\/p>\n","protected":false},"excerpt":{"rendered":"<p>O Planejamento e Gerenciamento de Contrata\u00e7\u00f5es (PGC) \u00e9 um documento [&hellip;]<\/p>\n","protected":false},"author":3,"featured_media":0,"parent":0,"menu_order":0,"comment_status":"closed","ping_status":"closed","template":"","meta":{"_acf_changed":false,"footnotes":""},"tags":[],"class_list":["post-1068","page","type-page","status-publish","hentry"],"acf":[],"_links":{"self":[{"href":"https:\/\/www.ufmg.br\/pra\/wp-json\/wp\/v2\/pages\/1068","targetHints":{"allow":["GET"]}}],"collection":[{"href":"https:\/\/www.ufmg.br\/pra\/wp-json\/wp\/v2\/pages"}],"about":[{"href":"https:\/\/www.ufmg.br\/pra\/wp-json\/wp\/v2\/types\/page"}],"author":[{"embeddable":true,"href":"https:\/\/www.ufmg.br\/pra\/wp-json\/wp\/v2\/users\/3"}],"replies":[{"embeddable":true,"href":"https:\/\/www.ufmg.br\/pra\/wp-json\/wp\/v2\/comments?post=1068"}],"version-history":[{"count":4,"href":"https:\/\/www.ufmg.br\/pra\/wp-json\/wp\/v2\/pages\/1068\/revisions"}],"predecessor-version":[{"id":1187,"href":"https:\/\/www.ufmg.br\/pra\/wp-json\/wp\/v2\/pages\/1068\/revisions\/1187"}],"wp:attachment":[{"href":"https:\/\/www.ufmg.br\/pra\/wp-json\/wp\/v2\/media?parent=1068"}],"wp:term":[{"taxonomy":"post_tag","embeddable":true,"href":"https:\/\/www.ufmg.br\/pra\/wp-json\/wp\/v2\/tags?post=1068"}],"curies":[{"name":"wp","href":"https:\/\/api.w.org\/{rel}","templated":true}]}}