{"id":1175,"date":"2024-08-28T09:53:18","date_gmt":"2024-08-28T12:53:18","guid":{"rendered":"https:\/\/www.ufmg.br\/pra\/?page_id=1175"},"modified":"2024-08-28T09:53:25","modified_gmt":"2024-08-28T12:53:25","slug":"pregao-eletronico-90009-2024","status":"publish","type":"page","link":"https:\/\/www.ufmg.br\/pra\/pregao-eletronico-90009-2024\/","title":{"rendered":"Preg\u00e3o Eletr\u00f4nico 90009\/2024"},"content":{"rendered":"<div><strong>Aviso de licita\u00e7\u00e3o &#8211; Preg\u00e3o Eletr\u00f4nico\u00a0<a href=\"https:\/\/www.ufmg.br\/dlo\/arquivo\/Dicomp\/Compras_andamento\/2024\/2024_PE_90009_edital_e_anexos.zip\" target=\"_blank\" rel=\"noopener\">90009\/2024 <\/a><\/strong><\/div>\n<div><strong>Processo n\u00ba\u00a0<a href=\"https:\/\/sei.ufmg.br\/sei\/modulos\/pesquisa\/md_pesq_processo_pesquisar.php?acao_externa=protocolo_pesquisar&amp;acao_origem_externa=protocolo_pesquisar&amp;id_orgao_acesso_externo=0\" target=\"_blank\" rel=\"noopener\">23072.212247\/2024-12\u00a0<\/a>&#8211; UASG 153254<\/strong><\/div>\n<div><b>Objeto:<\/b>\u00a0Contrata\u00e7\u00e3o de empresa especializada para a explora\u00e7\u00e3o do servi\u00e7o comercial de Restaurante e Lanchonete no ICEX\/UFMG, conforme condi\u00e7\u00f5es e exig\u00eancias estabelecidas no Edital e nos Anexos que o integram.\u00a0<a href=\"https:\/\/www.ufmg.br\/dlo\/arquivo\/Dicomp\/Compras_andamento\/2024\/2024_PE_90009_edital_e_anexos.zip\" target=\"_blank\" rel=\"noopener\">Dispon\u00edvel aqui<\/a>.<\/div>\n<div><\/div>\n<div>A sess\u00e3o p\u00fablica ser\u00e1 aberta \u00e0s\u00a0<span style=\"color: #ff0000;\">09 horas (nove horas)<\/span>, hor\u00e1rio de Bras\u00edlia, do dia\u00a0<span style=\"color: #ff0000;\">22 de agosto de 2024<\/span>, no site\u00a0<a href=\"https:\/\/www.gov.br\/compras\/pt-br\" target=\"_blank\" rel=\"noopener\">https:\/\/www.gov.br\/compras\/pt-br<\/a>.<\/div>\n","protected":false},"excerpt":{"rendered":"<p>Aviso de licita\u00e7\u00e3o &#8211; Preg\u00e3o Eletr\u00f4nico\u00a090009\/2024 Processo n\u00ba\u00a023072.212247\/2024-12\u00a0&#8211; UASG 153254 [&hellip;]<\/p>\n","protected":false},"author":3,"featured_media":0,"parent":0,"menu_order":0,"comment_status":"closed","ping_status":"closed","template":"","meta":{"_acf_changed":false,"footnotes":""},"tags":[],"class_list":["post-1175","page","type-page","status-publish","hentry"],"acf":[],"_links":{"self":[{"href":"https:\/\/www.ufmg.br\/pra\/wp-json\/wp\/v2\/pages\/1175","targetHints":{"allow":["GET"]}}],"collection":[{"href":"https:\/\/www.ufmg.br\/pra\/wp-json\/wp\/v2\/pages"}],"about":[{"href":"https:\/\/www.ufmg.br\/pra\/wp-json\/wp\/v2\/types\/page"}],"author":[{"embeddable":true,"href":"https:\/\/www.ufmg.br\/pra\/wp-json\/wp\/v2\/users\/3"}],"replies":[{"embeddable":true,"href":"https:\/\/www.ufmg.br\/pra\/wp-json\/wp\/v2\/comments?post=1175"}],"version-history":[{"count":1,"href":"https:\/\/www.ufmg.br\/pra\/wp-json\/wp\/v2\/pages\/1175\/revisions"}],"predecessor-version":[{"id":1177,"href":"https:\/\/www.ufmg.br\/pra\/wp-json\/wp\/v2\/pages\/1175\/revisions\/1177"}],"wp:attachment":[{"href":"https:\/\/www.ufmg.br\/pra\/wp-json\/wp\/v2\/media?parent=1175"}],"wp:term":[{"taxonomy":"post_tag","embeddable":true,"href":"https:\/\/www.ufmg.br\/pra\/wp-json\/wp\/v2\/tags?post=1175"}],"curies":[{"name":"wp","href":"https:\/\/api.w.org\/{rel}","templated":true}]}}