{"id":1179,"date":"2024-08-28T09:54:23","date_gmt":"2024-08-28T12:54:23","guid":{"rendered":"https:\/\/www.ufmg.br\/pra\/?page_id=1179"},"modified":"2024-08-28T09:54:23","modified_gmt":"2024-08-28T12:54:23","slug":"pregao-eletronico-036-2023","status":"publish","type":"page","link":"https:\/\/www.ufmg.br\/pra\/pregao-eletronico-036-2023\/","title":{"rendered":"Preg\u00e3o Eletr\u00f4nico 036\/2023"},"content":{"rendered":"<div><strong>Aviso de licita\u00e7\u00e3o &#8211; Preg\u00e3o Eletr\u00f4nico\u00a0<a href=\"https:\/\/www.ufmg.br\/dlo\/arquivo\/Dicomp\/Compras_andamento\/2024\/2023_PE_036_SRP_edital-e-anexos.zip\" target=\"_blank\" rel=\"noopener\">036\/2023 <\/a><\/strong><\/div>\n<div><strong>Processo n\u00ba\u00a0<a href=\"https:\/\/sei.ufmg.br\/sei\/modulos\/pesquisa\/md_pesq_processo_pesquisar.php?acao_externa=protocolo_pesquisar&amp;acao_origem_externa=protocolo_pesquisar&amp;id_orgao_acesso_externo=0\" target=\"_blank\" rel=\"noopener\">23072.247330\/2023-13\u00a0<\/a>&#8211; UASG 153254<\/strong><\/div>\n<div><b>Objeto:<\/b>\u00a0Registro de Pre\u00e7os para aquisi\u00e7\u00e3o de componentes eletr\u00f4nicos para UFMG, conforme condi\u00e7\u00f5es, quantidades e exig\u00eancias estabelecidas no Edital e seus anexos.\u00a0<a href=\"https:\/\/www.ufmg.br\/dlo\/arquivo\/Dicomp\/Compras_andamento\/2024\/2023_PE_036_SRP_edital-e-anexos.zip\" target=\"_blank\" rel=\"noopener\">Dispon\u00edvel aqui<\/a>.<\/div>\n<div><\/div>\n<div>A sess\u00e3o p\u00fablica ser\u00e1 aberta \u00e0s\u00a0<span style=\"color: #ff0000;\">09 horas (nove horas)<\/span>, hor\u00e1rio de Bras\u00edlia, do dia\u00a0<span style=\"color: #ff0000;\">27 de agosto de 2024<\/span>, no site\u00a0<a href=\"https:\/\/www.gov.br\/compras\/pt-br\" target=\"_blank\" rel=\"noopener\">https:\/\/www.gov.br\/compras\/pt-br<\/a>.<\/div>\n","protected":false},"excerpt":{"rendered":"<p>Aviso de licita\u00e7\u00e3o &#8211; Preg\u00e3o Eletr\u00f4nico\u00a0036\/2023 Processo n\u00ba\u00a023072.247330\/2023-13\u00a0&#8211; UASG 153254 [&hellip;]<\/p>\n","protected":false},"author":3,"featured_media":0,"parent":0,"menu_order":0,"comment_status":"closed","ping_status":"closed","template":"","meta":{"_acf_changed":false,"footnotes":""},"tags":[],"class_list":["post-1179","page","type-page","status-publish","hentry"],"acf":[],"_links":{"self":[{"href":"https:\/\/www.ufmg.br\/pra\/wp-json\/wp\/v2\/pages\/1179","targetHints":{"allow":["GET"]}}],"collection":[{"href":"https:\/\/www.ufmg.br\/pra\/wp-json\/wp\/v2\/pages"}],"about":[{"href":"https:\/\/www.ufmg.br\/pra\/wp-json\/wp\/v2\/types\/page"}],"author":[{"embeddable":true,"href":"https:\/\/www.ufmg.br\/pra\/wp-json\/wp\/v2\/users\/3"}],"replies":[{"embeddable":true,"href":"https:\/\/www.ufmg.br\/pra\/wp-json\/wp\/v2\/comments?post=1179"}],"version-history":[{"count":1,"href":"https:\/\/www.ufmg.br\/pra\/wp-json\/wp\/v2\/pages\/1179\/revisions"}],"predecessor-version":[{"id":1180,"href":"https:\/\/www.ufmg.br\/pra\/wp-json\/wp\/v2\/pages\/1179\/revisions\/1180"}],"wp:attachment":[{"href":"https:\/\/www.ufmg.br\/pra\/wp-json\/wp\/v2\/media?parent=1179"}],"wp:term":[{"taxonomy":"post_tag","embeddable":true,"href":"https:\/\/www.ufmg.br\/pra\/wp-json\/wp\/v2\/tags?post=1179"}],"curies":[{"name":"wp","href":"https:\/\/api.w.org\/{rel}","templated":true}]}}