{"id":384,"date":"2022-04-29T16:28:17","date_gmt":"2022-04-29T19:28:17","guid":{"rendered":"https:\/\/www.ufmg.br\/pra\/?page_id=384"},"modified":"2024-07-25T15:37:13","modified_gmt":"2024-07-25T18:37:13","slug":"sobre-a-pra-2","status":"publish","type":"page","link":"https:\/\/www.ufmg.br\/pra\/sobre-a-pra-2\/","title":{"rendered":"Sobre a PRA"},"content":{"rendered":"<p style=\"text-align: left;\">A <strong>Pr\u00f3-Reitoria de Administra\u00e7\u00e3o<\/strong> (PRA) tem como atribui\u00e7\u00e3o proporcionar condi\u00e7\u00f5es adequadas para o desenvolvimento das atividades de ensino, pesquisa e extens\u00e3o da Universidade. Para tanto, busca assegurar o adequado funcionamento dos servi\u00e7os de manuten\u00e7\u00e3o, limpeza, seguran\u00e7a, transporte, compras e comunica\u00e7\u00e3o, proporcionar o aumento e a adequa\u00e7\u00e3o da estrutura f\u00edsica por meio da coordena\u00e7\u00e3o e controle de obras e reformas, realizar a gest\u00e3o patrimonial e efetuar a gest\u00e3o de res\u00edduos, \u00e1reas verdes, \u00e1gua e esgoto, efici\u00eancia energ\u00e9tica, fauna, pragas e insetos. Para efetuar sua miss\u00e3o, a PRA possui sete departamentos que fazem a gest\u00e3o em diferentes setores:<\/p>\n<p>&#8211; Departamento de Apoio Administrativo (<a href=\"https:\/\/www.ufmg.br\/pra\/dga-departamento-de-gestao-ambiental\/departamento-de-apoio-administrativo-daa\/\" target=\"_blank\" rel=\"noopener\">DAA<\/a>)<br \/>\n&#8211; Departamento de Gest\u00e3o Ambiental (<a href=\"https:\/\/www.ufmg.br\/pra\/dga-departamento-de-gestao-ambiental\/departamento-de-gestao-ambiental-dga\/\" target=\"_blank\" rel=\"noopener\">DGA<\/a>)<br \/>\n&#8211; Departamento de Log\u00edstica de Suprimentos e de Servi\u00e7os Operacionais (<a href=\"https:\/\/www.ufmg.br\/pra\/dga-departamento-de-gestao-ambiental\/departamento-de-logistica-de-suprimentos-e-de-servicos-operacionais-dlo\/\" target=\"_blank\" rel=\"noopener\">DLO<\/a>)<br \/>\n&#8211; Departamento de Manuten\u00e7\u00e3o e Opera\u00e7\u00e3o da Infraestrutura (<a href=\"https:\/\/www.ufmg.br\/pra\/dga-departamento-de-gestao-ambiental\/departamento-de-manutencao-e-operacao-da-infraestrutura-demai\/\" target=\"_blank\" rel=\"noopener\">DEMAI<\/a>)<br \/>\n&#8211; Departamento de Obras (<a href=\"https:\/\/www.ufmg.br\/pra\/dga-departamento-de-gestao-ambiental\/departamento-de-obras-do\/\" target=\"_blank\" rel=\"noopener\">DO<\/a>)<br \/>\n&#8211; Departamento de Planejamento e Projetos (<a href=\"https:\/\/www.ufmg.br\/pra\/dga-departamento-de-gestao-ambiental\/departamento-de-planejamento-e-projetos-dpp\/\" target=\"_blank\" rel=\"noopener\">DPP<\/a>)<br \/>\n&#8211; Departamento de Planejamento, Or\u00e7amento e Controle (<a href=\"https:\/\/www.ufmg.br\/pra\/dga-departamento-de-gestao-ambiental\/departamento-de-planejamento-orcamento-e-controle-dpoc\/\" target=\"_blank\" rel=\"noopener\">DPOC<\/a>)<\/p>\n","protected":false},"excerpt":{"rendered":"<p>A Pr\u00f3-Reitoria de Administra\u00e7\u00e3o (PRA) tem como atribui\u00e7\u00e3o proporcionar condi\u00e7\u00f5es [&hellip;]<\/p>\n","protected":false},"author":1,"featured_media":0,"parent":0,"menu_order":0,"comment_status":"closed","ping_status":"closed","template":"","meta":{"_acf_changed":false,"footnotes":""},"tags":[],"class_list":["post-384","page","type-page","status-publish","hentry"],"acf":[],"_links":{"self":[{"href":"https:\/\/www.ufmg.br\/pra\/wp-json\/wp\/v2\/pages\/384","targetHints":{"allow":["GET"]}}],"collection":[{"href":"https:\/\/www.ufmg.br\/pra\/wp-json\/wp\/v2\/pages"}],"about":[{"href":"https:\/\/www.ufmg.br\/pra\/wp-json\/wp\/v2\/types\/page"}],"author":[{"embeddable":true,"href":"https:\/\/www.ufmg.br\/pra\/wp-json\/wp\/v2\/users\/1"}],"replies":[{"embeddable":true,"href":"https:\/\/www.ufmg.br\/pra\/wp-json\/wp\/v2\/comments?post=384"}],"version-history":[{"count":12,"href":"https:\/\/www.ufmg.br\/pra\/wp-json\/wp\/v2\/pages\/384\/revisions"}],"predecessor-version":[{"id":1001,"href":"https:\/\/www.ufmg.br\/pra\/wp-json\/wp\/v2\/pages\/384\/revisions\/1001"}],"wp:attachment":[{"href":"https:\/\/www.ufmg.br\/pra\/wp-json\/wp\/v2\/media?parent=384"}],"wp:term":[{"taxonomy":"post_tag","embeddable":true,"href":"https:\/\/www.ufmg.br\/pra\/wp-json\/wp\/v2\/tags?post=384"}],"curies":[{"name":"wp","href":"https:\/\/api.w.org\/{rel}","templated":true}]}}