{"id":387,"date":"2022-04-29T16:33:23","date_gmt":"2022-04-29T19:33:23","guid":{"rendered":"https:\/\/www.ufmg.br\/pra\/?page_id=387"},"modified":"2024-12-18T08:47:10","modified_gmt":"2024-12-18T11:47:10","slug":"dga-departamento-de-gestao-ambiental","status":"publish","type":"page","link":"https:\/\/www.ufmg.br\/pra\/dga-departamento-de-gestao-ambiental\/","title":{"rendered":"Departamentos"},"content":{"rendered":"<p><span style=\"font-weight: 400;\">O <a href=\"https:\/\/www.ufmg.br\/pra\/dga-departamento-de-gestao-ambiental\/departamento-de-gestao-ambiental-dga\/\"><strong>Departamento de Gest\u00e3o Ambiental (DGA)<\/strong><\/a> possui atua\u00e7\u00e3o abrangente e multidisciplinar, envolvendo quest\u00f5es de gerenciamento integrado dos diversos res\u00edduos gerados pela UFMG; os processos de regulariza\u00e7\u00e3o ambiental perante os \u00f3rg\u00e3os p\u00fablicos competentes; quest\u00f5es de infraestrutura sanit\u00e1ria como drenagem pluvial, abastecimento de \u00e1gua e esgotamento sanit\u00e1rio; efici\u00eancia energ\u00e9tica; manuten\u00e7\u00e3o e conserva\u00e7\u00e3o do paisagismo e aceiros, compostagem de res\u00edduos vegetais; gest\u00e3o de fauna, combate a pragas e educa\u00e7\u00e3o ambiental atrav\u00e9s de campanhas e eventos, al\u00e9m de apoio \u00e0s atividades acad\u00eamicas da Universidade voltadas \u00e0 sustentabilidade.<\/span><\/p>\n<p>Contato:<\/p>\n<p>(31)3409-3849 (Diretoria)<br \/>\n(31)3409-3964 (Secretaria)<\/p>\n<p>&nbsp;<\/p>\n<p>O <strong><a href=\"https:\/\/www.ufmg.br\/dlo\/dlo.php\">Departamento de Log\u00edstica de Suprimentos e de Servi\u00e7os Operacionais (DLO)<\/a><\/strong> assegura o bom funcionamento das atividades acad\u00eamicas e administrativas da UFMG atrav\u00e9s da execu\u00e7\u00e3o eficiente das a\u00e7\u00f5es de ger\u00eancia, fiscaliza\u00e7\u00e3o e opera\u00e7\u00e3o dos servi\u00e7os de log\u00edstica e infra-estrutura operacional. O DLO faz a aquisi\u00e7\u00e3o, recebimento, guarda e distribui\u00e7\u00e3o de suprimentos; realiza o controle patrimonial dos bens m\u00f3veis e im\u00f3veis; planeja, executa e fiscaliza os servi\u00e7os de transporte, seguran\u00e7a, limpeza e conserva\u00e7\u00e3o, correio e malote na universidade. Tamb\u00e9m faz a fiscaliza\u00e7\u00e3o de restaurantes, cantinas e de a\u00e7\u00f5es de propaganda. Outra fun\u00e7\u00e3o do departamento \u00e9 produzir normas e orienta\u00e7\u00f5es de execu\u00e7\u00e3o das atividades e servi\u00e7os listados em diversas unidades da UFMG.<a href=\"https:\/\/www.ufmg.br\/dlo\/noticias.php\"><br \/>\n<\/a><\/p>\n<p>Contato:<\/p>\n<p>(31)3409-4663 (Diretoria)<br \/>\n(31)3409-4378 (Diretoria)<br \/>\n(31)3409-4371 (Secretaria)<\/p>\n<p>&nbsp;<\/p>\n<p><span style=\"font-weight: 400;\">O <a href=\"https:\/\/www.ufmg.br\/pra\/dga-departamento-de-gestao-ambiental\/departamento-de-planejamento-e-projetos-dpp\/\"><strong>Departamento de Planejamento e Projetos (DPP)<\/strong><\/a>\u00a0<\/span>\u00e9 respons\u00e1vel pelo assessoramento t\u00e9cnico no que tange ao desenvolvimento de projetos arquitet\u00f4nicos e de engenharia, bem como orienta o planejamento dos espa\u00e7os f\u00edsicos e territ\u00f3rios da Universidade.<\/p>\n<p>Contato:<\/p>\n<p>(31)3409-4294 (Diretoria)<br \/>\n(31)3409-4306 (Vice-Diretoria)<\/p>\n<p>&nbsp;<\/p>\n<p><span style=\"font-weight: 400;\">O <strong><a href=\"https:\/\/www.ufmg.br\/pra\/dga-departamento-de-gestao-ambiental\/departamento-de-planejamento-orcamento-e-controle-dpoc\/\">Departamento de Planejamento, Or\u00e7amento e Controle<\/a> (<\/strong><\/span><strong>DPOC<\/strong><span style=\"font-weight: 400;\"><strong>)<\/strong> \u00e9 respons\u00e1vel pela elabora\u00e7\u00e3o de planilhas or\u00e7ament\u00e1rias para atividades de obras, reformas e servi\u00e7os diversos de engenharia, al\u00e9m de dar o suporte necess\u00e1rio aos fiscais de contrato na an\u00e1lise de pleitos de aditivos. Tamb\u00e9m \u00e9 respons\u00e1vel pelas a\u00e7\u00f5es de planejamento e controle f\u00edsico-financeiro das atividades dos empreendimentos. O DPOC possui na sua composi\u00e7\u00e3o o Setor de Or\u00e7amentos e o Setor de Planejamento e Controle.<\/span><\/p>\n<p>Contato:<\/p>\n<p>(31)3409-6591 (Diretoria e Secretaria)<br \/>\n(31)3409-4081(Pr\u00f3-Reitor)<br \/>\n(31)3409-4082 (Pr\u00f3-Reitor Adjunto)<br \/>\n(31)3409-4077 (Sala de Reuni\u00f5es)<\/p>\n<p>&nbsp;<\/p>\n<p><span style=\"font-weight: 400;\">O <a href=\"https:\/\/www.ufmg.br\/pra\/dga-departamento-de-gestao-ambiental\/departamento-de-obras-do\/\"><strong>Departamento de Obras (DO)<\/strong><\/a>\u00a0<\/span>O Departamento de Obras (DO) \u00e9 respons\u00e1vel pelo gerenciamento, t\u00e9cnico e administrativo, dos diversos contratos referentes \u00e0s obras da UFMG.<\/p>\n<p>Contato:<\/p>\n<p>(31)3409-4825<\/p>\n<p>(31)3409-4526 (Diretoria)<\/p>\n<p>(31)3409-4293 (Secretaria)<\/p>\n<p>&nbsp;<\/p>\n<p><span style=\"font-weight: 400;\">O <a href=\"https:\/\/www.ufmg.br\/pra\/dga-departamento-de-gestao-ambiental\/departamento-de-manutencao-e-operacao-da-infraestrutura-demai\/\"><strong>Departamento de Manuten\u00e7\u00e3o e Opera\u00e7\u00e3o da Infraestrutura (DEMAI)<\/strong><\/a> tem como miss\u00e3o conservar, recuperar e operar as instala\u00e7\u00f5es e equipamentos da UFMG de maneira estruturada, a fim de maximizar os recursos por meio do planejamento das atividades, garantindo a agilidade e a qualidade das a\u00e7\u00f5es necess\u00e1rias. Para tanto, atua na aquisi\u00e7\u00e3o de materiais, servi\u00e7os e equipamentos, no atendimento a of\u00edcios e ordens de servi\u00e7o de unidades acad\u00eamicas e administrativas e \u00f3rg\u00e3os suplementares, na fiscaliza\u00e7\u00e3o de contratos e no empenho e liquida\u00e7\u00e3o de despesas contratadas.\u00a0<\/span><\/p>\n<p>Contato:<\/p>\n<p>(31)3409-6701 (Diretoria)<br \/>\n(31)3409-4291 (Secretaria)<\/p>\n<p>&nbsp;<\/p>\n<p><span style=\"font-weight: 400;\">O <a href=\"https:\/\/www.ufmg.br\/pra\/dga-departamento-de-gestao-ambiental\/departamento-de-apoio-administrativo-daa\/\"><strong>Departamento de Apoio Administrativo (DAA)<\/strong><\/a> atua na gest\u00e3o estrat\u00e9gica, prestando o apoio administrativo necess\u00e1rio \u00e0s obras, aos servi\u00e7os de engenharia e \u00e0 manuten\u00e7\u00e3o da infraestrutura da UFMG. Nesse sentido, estabelece articula\u00e7\u00f5es com a estrutura t\u00e9cnico-departamental da PRA, apoiando-a na gest\u00e3o de compras e contrata\u00e7\u00f5es; gest\u00e3o financeira; gest\u00e3o de almoxarifado e patrim\u00f4nio;\u00a0 gest\u00e3o de servi\u00e7os de secretaria, de servi\u00e7os gerais e de ordens de servi\u00e7os, e an\u00e1lise jur\u00eddica.\u00a0<\/span><\/p>\n<p>Contato:<\/p>\n<p>(31)3409-6714 (Diretoria)<br \/>\n(31)3409-4305 (Secretaria)<\/p>\n","protected":false},"excerpt":{"rendered":"<p>O Departamento de Gest\u00e3o Ambiental (DGA) possui atua\u00e7\u00e3o abrangente e [&hellip;]<\/p>\n","protected":false},"author":1,"featured_media":0,"parent":0,"menu_order":0,"comment_status":"closed","ping_status":"closed","template":"","meta":{"_acf_changed":false,"footnotes":""},"tags":[],"class_list":["post-387","page","type-page","status-publish","hentry"],"acf":[],"_links":{"self":[{"href":"https:\/\/www.ufmg.br\/pra\/wp-json\/wp\/v2\/pages\/387","targetHints":{"allow":["GET"]}}],"collection":[{"href":"https:\/\/www.ufmg.br\/pra\/wp-json\/wp\/v2\/pages"}],"about":[{"href":"https:\/\/www.ufmg.br\/pra\/wp-json\/wp\/v2\/types\/page"}],"author":[{"embeddable":true,"href":"https:\/\/www.ufmg.br\/pra\/wp-json\/wp\/v2\/users\/1"}],"replies":[{"embeddable":true,"href":"https:\/\/www.ufmg.br\/pra\/wp-json\/wp\/v2\/comments?post=387"}],"version-history":[{"count":18,"href":"https:\/\/www.ufmg.br\/pra\/wp-json\/wp\/v2\/pages\/387\/revisions"}],"predecessor-version":[{"id":1265,"href":"https:\/\/www.ufmg.br\/pra\/wp-json\/wp\/v2\/pages\/387\/revisions\/1265"}],"wp:attachment":[{"href":"https:\/\/www.ufmg.br\/pra\/wp-json\/wp\/v2\/media?parent=387"}],"wp:term":[{"taxonomy":"post_tag","embeddable":true,"href":"https:\/\/www.ufmg.br\/pra\/wp-json\/wp\/v2\/tags?post=387"}],"curies":[{"name":"wp","href":"https:\/\/api.w.org\/{rel}","templated":true}]}}