{"id":465,"date":"2024-06-21T12:17:43","date_gmt":"2024-06-21T15:17:43","guid":{"rendered":"https:\/\/www.ufmg.br\/pra\/?page_id=465"},"modified":"2024-12-17T15:39:25","modified_gmt":"2024-12-17T18:39:25","slug":"departamento-de-planejamento-e-projetos-dpp","status":"publish","type":"page","link":"https:\/\/www.ufmg.br\/pra\/dga-departamento-de-gestao-ambiental\/departamento-de-planejamento-e-projetos-dpp\/","title":{"rendered":"Departamento de Planejamento e Projetos (DPP)"},"content":{"rendered":"<p><img loading=\"lazy\" decoding=\"async\" class=\"alignnone  wp-image-1251\" src=\"https:\/\/www.ufmg.br\/pra\/wp-content\/uploads\/2024\/12\/FAFICH_FOCA-LISBOA_UFMG-300x189.jpg\" alt=\"\" width=\"816\" height=\"514\" srcset=\"https:\/\/www.ufmg.br\/pra\/wp-content\/uploads\/2024\/12\/FAFICH_FOCA-LISBOA_UFMG-300x189.jpg 300w, https:\/\/www.ufmg.br\/pra\/wp-content\/uploads\/2024\/12\/FAFICH_FOCA-LISBOA_UFMG-768x484.jpg 768w, https:\/\/www.ufmg.br\/pra\/wp-content\/uploads\/2024\/12\/FAFICH_FOCA-LISBOA_UFMG.jpg 952w\" sizes=\"auto, (max-width: 816px) 100vw, 816px\" \/><\/p>\n<style>#sp-ea-946 .spcollapsing { height: 0; overflow: hidden; transition-property: height;transition-duration: 500ms;}#sp-ea-946.sp-easy-accordion>.sp-ea-single {margin-bottom: 10px; border: 1px solid #e2e2e2; }#sp-ea-946.sp-easy-accordion>.sp-ea-single>.ea-header a {color: #444;}#sp-ea-946.sp-easy-accordion>.sp-ea-single>.sp-collapse>.ea-body {background: #fff; color: #444;}#sp-ea-946.sp-easy-accordion>.sp-ea-single {background: #eee;}#sp-ea-946.sp-easy-accordion>.sp-ea-single>.ea-header a .ea-expand-icon { float: left; color: #444;font-size: 16px;}<\/style><div id=\"sp_easy_accordion-1734461176\"><div id=\"sp-ea-946\" class=\"sp-ea-one sp-easy-accordion\" data-ea-active=\"ea-click\" data-ea-mode=\"vertical\" data-preloader=\"\" data-scroll-active-item=\"\" data-offset-to-scroll=\"0\"><div class=\"ea-card sp-ea-single\"><h3 class=\"ea-header\"><a class=\"collapsed\" id=\"ea-header-9460\" role=\"button\" data-sptoggle=\"spcollapse\" data-sptarget=\"#collapse9460\" aria-controls=\"collapse9460\" href=\"#\" aria-expanded=\"false\" tabindex=\"0\"><i aria-hidden=\"true\" role=\"presentation\" class=\"ea-expand-icon eap-icon-ea-expand-plus\"><\/i> Sobre<\/a><\/h3><div class=\"sp-collapse spcollapse spcollapse\" id=\"collapse9460\" data-parent=\"#sp-ea-946\" role=\"region\" aria-labelledby=\"ea-header-9460\"> <div class=\"ea-body\"><p>O <strong>Departamento de Planejamento e Projetos (DPP)<\/strong> \u00e9 respons\u00e1vel pelo assessoramento t\u00e9cnico no que tange ao desenvolvimento de projetos arquitet\u00f4nicos e de engenharia, bem como orienta o planejamento dos espa\u00e7os f\u00edsicos e territ\u00f3rios da Universidade.<\/p><\/div><\/div><\/div><div class=\"ea-card sp-ea-single\"><h3 class=\"ea-header\"><a class=\"collapsed\" id=\"ea-header-9461\" role=\"button\" data-sptoggle=\"spcollapse\" data-sptarget=\"#collapse9461\" aria-controls=\"collapse9461\" href=\"#\" aria-expanded=\"false\" tabindex=\"0\"><i aria-hidden=\"true\" role=\"presentation\" class=\"ea-expand-icon eap-icon-ea-expand-plus\"><\/i> Atribui\u00e7\u00f5es e Servi\u00e7os<\/a><\/h3><div class=\"sp-collapse spcollapse spcollapse\" id=\"collapse9461\" data-parent=\"#sp-ea-946\" role=\"region\" aria-labelledby=\"ea-header-9461\"> <div class=\"ea-body\"><p>Desenvolver estudos, planos e projetos nas \u00e1reas de arquitetura, urbanismo e engenharia para as obras de reforma, amplia\u00e7\u00e3o e constru\u00e7\u00e3o de novas edifica\u00e7\u00f5es de todos os Campi. Prestar apoio t\u00e9cnico de projetos aos departamentos afins. Elaborar estudos e orientar a ocupa\u00e7\u00e3o dos espa\u00e7os f\u00edsicos e seus territ\u00f3rios, al\u00e9m de desenvolver materiais t\u00e9cnicos que orientam as v\u00e1rias ocupa\u00e7\u00f5es ambientais no \u00e2mbito da Universidade.<\/p><\/div><\/div><\/div><div class=\"ea-card sp-ea-single\"><h3 class=\"ea-header\"><a class=\"collapsed\" id=\"ea-header-9462\" role=\"button\" data-sptoggle=\"spcollapse\" data-sptarget=\"#collapse9462\" aria-controls=\"collapse9462\" href=\"#\" aria-expanded=\"false\" tabindex=\"0\"><i aria-hidden=\"true\" role=\"presentation\" class=\"ea-expand-icon eap-icon-ea-expand-plus\"><\/i> Equipe<\/a><\/h3><div class=\"sp-collapse spcollapse spcollapse\" id=\"collapse9462\" data-parent=\"#sp-ea-946\" role=\"region\" aria-labelledby=\"ea-header-9462\"> <div class=\"ea-body\"><p>Renata Alves Siqueira (Diretora)<\/p><p>Ana Carolina Vaz dos Santos (Vice-diretora)<\/p><p><strong>Contatos:<\/strong><\/p><p>(31) 3409-4294 (Diretoria)<\/p><p>(31)3409-4306 (Vice-diretoria)<\/p><\/div><\/div><\/div><\/div><\/div>\n","protected":false},"excerpt":{"rendered":"","protected":false},"author":3,"featured_media":0,"parent":387,"menu_order":0,"comment_status":"closed","ping_status":"closed","template":"","meta":{"_acf_changed":false,"footnotes":""},"tags":[],"class_list":["post-465","page","type-page","status-publish","hentry"],"acf":[],"_links":{"self":[{"href":"https:\/\/www.ufmg.br\/pra\/wp-json\/wp\/v2\/pages\/465","targetHints":{"allow":["GET"]}}],"collection":[{"href":"https:\/\/www.ufmg.br\/pra\/wp-json\/wp\/v2\/pages"}],"about":[{"href":"https:\/\/www.ufmg.br\/pra\/wp-json\/wp\/v2\/types\/page"}],"author":[{"embeddable":true,"href":"https:\/\/www.ufmg.br\/pra\/wp-json\/wp\/v2\/users\/3"}],"replies":[{"embeddable":true,"href":"https:\/\/www.ufmg.br\/pra\/wp-json\/wp\/v2\/comments?post=465"}],"version-history":[{"count":10,"href":"https:\/\/www.ufmg.br\/pra\/wp-json\/wp\/v2\/pages\/465\/revisions"}],"predecessor-version":[{"id":1253,"href":"https:\/\/www.ufmg.br\/pra\/wp-json\/wp\/v2\/pages\/465\/revisions\/1253"}],"up":[{"embeddable":true,"href":"https:\/\/www.ufmg.br\/pra\/wp-json\/wp\/v2\/pages\/387"}],"wp:attachment":[{"href":"https:\/\/www.ufmg.br\/pra\/wp-json\/wp\/v2\/media?parent=465"}],"wp:term":[{"taxonomy":"post_tag","embeddable":true,"href":"https:\/\/www.ufmg.br\/pra\/wp-json\/wp\/v2\/tags?post=465"}],"curies":[{"name":"wp","href":"https:\/\/api.w.org\/{rel}","templated":true}]}}