{"id":479,"date":"2024-06-21T13:15:52","date_gmt":"2024-06-21T16:15:52","guid":{"rendered":"https:\/\/www.ufmg.br\/pra\/?page_id=479"},"modified":"2024-12-18T08:45:46","modified_gmt":"2024-12-18T11:45:46","slug":"departamento-de-obras-do","status":"publish","type":"page","link":"https:\/\/www.ufmg.br\/pra\/dga-departamento-de-gestao-ambiental\/departamento-de-obras-do\/","title":{"rendered":"Departamento de Obras (DO)"},"content":{"rendered":"<p><img loading=\"lazy\" decoding=\"async\" class=\"alignnone  wp-image-1262\" src=\"https:\/\/www.ufmg.br\/pra\/wp-content\/uploads\/2024\/12\/DO-NOVO-300x169.jpg\" alt=\"\" width=\"1259\" height=\"709\" srcset=\"https:\/\/www.ufmg.br\/pra\/wp-content\/uploads\/2024\/12\/DO-NOVO-300x169.jpg 300w, https:\/\/www.ufmg.br\/pra\/wp-content\/uploads\/2024\/12\/DO-NOVO-1024x576.jpg 1024w, https:\/\/www.ufmg.br\/pra\/wp-content\/uploads\/2024\/12\/DO-NOVO-768x432.jpg 768w, https:\/\/www.ufmg.br\/pra\/wp-content\/uploads\/2024\/12\/DO-NOVO-1536x864.jpg 1536w, https:\/\/www.ufmg.br\/pra\/wp-content\/uploads\/2024\/12\/DO-NOVO-2048x1152.jpg 2048w\" sizes=\"auto, (max-width: 1259px) 100vw, 1259px\" \/><\/p>\n<style>#sp-ea-944 .spcollapsing { height: 0; overflow: hidden; transition-property: height;transition-duration: 500ms;}#sp-ea-944.sp-easy-accordion>.sp-ea-single {margin-bottom: 10px; border: 1px solid #e2e2e2; }#sp-ea-944.sp-easy-accordion>.sp-ea-single>.ea-header a {color: #444;}#sp-ea-944.sp-easy-accordion>.sp-ea-single>.sp-collapse>.ea-body {background: #fff; color: #444;}#sp-ea-944.sp-easy-accordion>.sp-ea-single {background: #eee;}#sp-ea-944.sp-easy-accordion>.sp-ea-single>.ea-header a .ea-expand-icon { float: left; color: #444;font-size: 16px;}<\/style><div id=\"sp_easy_accordion-1734461587\"><div id=\"sp-ea-944\" class=\"sp-ea-one sp-easy-accordion\" data-ea-active=\"ea-click\" data-ea-mode=\"vertical\" data-preloader=\"\" data-scroll-active-item=\"\" data-offset-to-scroll=\"0\"><div class=\"ea-card sp-ea-single\"><h3 class=\"ea-header\"><a class=\"collapsed\" id=\"ea-header-9440\" role=\"button\" data-sptoggle=\"spcollapse\" data-sptarget=\"#collapse9440\" aria-controls=\"collapse9440\" href=\"#\" aria-expanded=\"false\" tabindex=\"0\"><i aria-hidden=\"true\" role=\"presentation\" class=\"ea-expand-icon eap-icon-ea-expand-plus\"><\/i> Sobre<\/a><\/h3><div class=\"sp-collapse spcollapse spcollapse\" id=\"collapse9440\" data-parent=\"#sp-ea-944\" role=\"region\" aria-labelledby=\"ea-header-9440\"> <div class=\"ea-body\"><p><span style=\"font-weight: 400\">O <\/span><b>Departamento de Obras<\/b><span style=\"font-weight: 400\"> (DO) \u00e9 respons\u00e1vel pelo gerenciamento, t\u00e9cnico e administrativo, dos diversos contratos referentes \u00e0s obras da UFMG. <\/span><\/p><\/div><\/div><\/div><div class=\"ea-card sp-ea-single\"><h3 class=\"ea-header\"><a class=\"collapsed\" id=\"ea-header-9441\" role=\"button\" data-sptoggle=\"spcollapse\" data-sptarget=\"#collapse9441\" aria-controls=\"collapse9441\" href=\"#\" aria-expanded=\"false\" tabindex=\"0\"><i aria-hidden=\"true\" role=\"presentation\" class=\"ea-expand-icon eap-icon-ea-expand-plus\"><\/i> Atribui\u00e7\u00f5es e Servi\u00e7os<\/a><\/h3><div class=\"sp-collapse spcollapse spcollapse\" id=\"collapse9441\" data-parent=\"#sp-ea-944\" role=\"region\" aria-labelledby=\"ea-header-9441\"> <div class=\"ea-body\"><ul><li>Elabora\u00e7\u00e3o de documentos t\u00e9cnicos (caderno de encargos) e administrativos (termo de refer\u00eancia) a fim de compor os processos para licita\u00e7\u00f5es de obras;<\/li><li>Fiscaliza\u00e7\u00e3o dos contratos de obras da UFMG.<\/li><\/ul><\/div><\/div><\/div><div class=\"ea-card sp-ea-single\"><h3 class=\"ea-header\"><a class=\"collapsed\" id=\"ea-header-9442\" role=\"button\" data-sptoggle=\"spcollapse\" data-sptarget=\"#collapse9442\" aria-controls=\"collapse9442\" href=\"#\" aria-expanded=\"false\" tabindex=\"0\"><i aria-hidden=\"true\" role=\"presentation\" class=\"ea-expand-icon eap-icon-ea-expand-plus\"><\/i> Equipe<\/a><\/h3><div class=\"sp-collapse spcollapse spcollapse\" id=\"collapse9442\" data-parent=\"#sp-ea-944\" role=\"region\" aria-labelledby=\"ea-header-9442\"> <div class=\"ea-body\"><p>Hugo Lima P\u00fablio (Diretor)<\/p><p>Patr\u00edcia Ant\u00f4nia de Abreu Schreiber (Vice-diretora)<\/p><p><strong>Contatos:<\/strong><\/p><p><span style=\"font-weight: 400\">(31) 3409-4825 <\/span><\/p><p><span style=\"font-weight: 400\">(31) 3409-4526 (Diretoria)<\/span><\/p><p><span style=\"font-weight: 400\">(31) 3409-4293 (Secretaria)<\/span><\/p><\/div><\/div><\/div><\/div><\/div>\n","protected":false},"excerpt":{"rendered":"","protected":false},"author":3,"featured_media":0,"parent":387,"menu_order":0,"comment_status":"closed","ping_status":"closed","template":"","meta":{"_acf_changed":false,"footnotes":""},"tags":[],"class_list":["post-479","page","type-page","status-publish","hentry"],"acf":[],"_links":{"self":[{"href":"https:\/\/www.ufmg.br\/pra\/wp-json\/wp\/v2\/pages\/479","targetHints":{"allow":["GET"]}}],"collection":[{"href":"https:\/\/www.ufmg.br\/pra\/wp-json\/wp\/v2\/pages"}],"about":[{"href":"https:\/\/www.ufmg.br\/pra\/wp-json\/wp\/v2\/types\/page"}],"author":[{"embeddable":true,"href":"https:\/\/www.ufmg.br\/pra\/wp-json\/wp\/v2\/users\/3"}],"replies":[{"embeddable":true,"href":"https:\/\/www.ufmg.br\/pra\/wp-json\/wp\/v2\/comments?post=479"}],"version-history":[{"count":8,"href":"https:\/\/www.ufmg.br\/pra\/wp-json\/wp\/v2\/pages\/479\/revisions"}],"predecessor-version":[{"id":1264,"href":"https:\/\/www.ufmg.br\/pra\/wp-json\/wp\/v2\/pages\/479\/revisions\/1264"}],"up":[{"embeddable":true,"href":"https:\/\/www.ufmg.br\/pra\/wp-json\/wp\/v2\/pages\/387"}],"wp:attachment":[{"href":"https:\/\/www.ufmg.br\/pra\/wp-json\/wp\/v2\/media?parent=479"}],"wp:term":[{"taxonomy":"post_tag","embeddable":true,"href":"https:\/\/www.ufmg.br\/pra\/wp-json\/wp\/v2\/tags?post=479"}],"curies":[{"name":"wp","href":"https:\/\/api.w.org\/{rel}","templated":true}]}}