{"id":558,"date":"2024-06-28T12:10:58","date_gmt":"2024-06-28T15:10:58","guid":{"rendered":"https:\/\/www.ufmg.br\/pra\/?page_id=558"},"modified":"2026-03-26T07:09:14","modified_gmt":"2026-03-26T10:09:14","slug":"equipe-gestora","status":"publish","type":"page","link":"https:\/\/www.ufmg.br\/pra\/equipe-gestora\/","title":{"rendered":"Equipe Gestora"},"content":{"rendered":"<p><b>Pr\u00f3-Reitor<\/b><\/p>\n<p><span style=\"font-weight: 400;\">Prof\u00aa Elis\u00e2ngela Cristina Aganette &#8211; Pr\u00f3-Reitora de Administra\u00e7\u00e3o<br \/>\nRamais 4411\/4080<br \/>\nEmail: <a href=\"mailto:info@pra.ufmg.br\">info@pra.ufmg.br<\/a><\/span><\/p>\n<p>&nbsp;<\/p>\n<p><b>Pr\u00f3-Reitora Adjunta<\/b><\/p>\n<p>Sra. Renata Alves Siqueira \u00a0&#8211; Pr\u00f3-Reitora Adjunta de Administra\u00e7\u00e3o<br \/>\nRamais 4411\/4080<br \/>\nEmail: <a href=\"mailto:info@pra.ufmg.br\">info@pra.ufmg.br<\/a><\/p>\n<p>&nbsp;<\/p>\n<p><b>Assessoria<\/b><\/p>\n<p>Sra. Eliane Aparecida Ferreira &#8211; Assessora<br \/>\nRamal 3925<br \/>\nEmail: <a href=\"mailto:info@pra.ufmg.br\">info@pra.ufmg.br<\/a><\/p>\n<p>Sr. Cleverson de Oliveira Pena &#8211; Assessor<br \/>\nRamal 4415<br \/>\nEmail: <a href=\"mailto:info@pra.ufmg.br\">info@pra.ufmg.br<\/a><\/p>\n<p>&nbsp;<\/p>\n<p><b>Secretaria Administrativa<\/b><\/p>\n<p><span style=\"font-weight: 400;\">Iris Andrade Belis\u00e1rio Silva<br \/>\n<\/span><span style=\"font-weight: 400;\">info@pra.ufmg.br<br \/>\n<\/span><span style=\"font-weight: 400;\">(31) 3409-4411<\/span><\/p>\n<p><span style=\"font-weight: 400;\">Priscilla Natalie Pereira Neves<br \/>\n<\/span><span style=\"font-weight: 400;\">info@pra.ufmg.br<br \/>\n<\/span><span style=\"font-weight: 400;\">(31) 3409-4080<\/span><\/p>\n<p>&nbsp;<\/p>\n<p><b>Coordenadoria de Infraestrutura<\/b><\/p>\n<p><span style=\"font-weight: 400;\">Sarah Gomes Lara<br \/>\n<\/span><span style=\"font-weight: 400;\">infra@pra.ufmg.br<br \/>\n<\/span><span style=\"font-weight: 400;\">(31) 3409-4198<\/span><\/p>\n<p>&nbsp;<\/p>\n<p><b>Setor Financeiro<\/b><\/p>\n<p><span style=\"font-weight: 400;\">Neiliane de Paula Silva<br \/>\n<\/span><span style=\"font-weight: 400;\">neilianes@ufmg.br<br \/>\n<\/span><span style=\"font-weight: 400;\">(31) 3409-4078<\/span><\/p>\n","protected":false},"excerpt":{"rendered":"<p>Pr\u00f3-Reitor Prof\u00aa Elis\u00e2ngela Cristina Aganette &#8211; Pr\u00f3-Reitora de Administra\u00e7\u00e3o Ramais [&hellip;]<\/p>\n","protected":false},"author":3,"featured_media":0,"parent":0,"menu_order":0,"comment_status":"closed","ping_status":"closed","template":"","meta":{"_acf_changed":false,"footnotes":""},"tags":[],"class_list":["post-558","page","type-page","status-publish","hentry"],"acf":[],"_links":{"self":[{"href":"https:\/\/www.ufmg.br\/pra\/wp-json\/wp\/v2\/pages\/558","targetHints":{"allow":["GET"]}}],"collection":[{"href":"https:\/\/www.ufmg.br\/pra\/wp-json\/wp\/v2\/pages"}],"about":[{"href":"https:\/\/www.ufmg.br\/pra\/wp-json\/wp\/v2\/types\/page"}],"author":[{"embeddable":true,"href":"https:\/\/www.ufmg.br\/pra\/wp-json\/wp\/v2\/users\/3"}],"replies":[{"embeddable":true,"href":"https:\/\/www.ufmg.br\/pra\/wp-json\/wp\/v2\/comments?post=558"}],"version-history":[{"count":16,"href":"https:\/\/www.ufmg.br\/pra\/wp-json\/wp\/v2\/pages\/558\/revisions"}],"predecessor-version":[{"id":1332,"href":"https:\/\/www.ufmg.br\/pra\/wp-json\/wp\/v2\/pages\/558\/revisions\/1332"}],"wp:attachment":[{"href":"https:\/\/www.ufmg.br\/pra\/wp-json\/wp\/v2\/media?parent=558"}],"wp:term":[{"taxonomy":"post_tag","embeddable":true,"href":"https:\/\/www.ufmg.br\/pra\/wp-json\/wp\/v2\/tags?post=558"}],"curies":[{"name":"wp","href":"https:\/\/api.w.org\/{rel}","templated":true}]}}