{"id":582,"date":"2024-06-28T14:02:51","date_gmt":"2024-06-28T17:02:51","guid":{"rendered":"https:\/\/www.ufmg.br\/pra\/?page_id=582"},"modified":"2024-07-12T09:34:37","modified_gmt":"2024-07-12T12:34:37","slug":"docentes","status":"publish","type":"page","link":"https:\/\/www.ufmg.br\/pra\/docentes\/","title":{"rendered":"Servidores e Colaboradores"},"content":{"rendered":"<p>Temas de interesses para servidores e colaboradores da UFMG:<\/p>\n<style>#sp-ea-705 .spcollapsing { height: 0; overflow: hidden; transition-property: height;transition-duration: 500ms;}#sp-ea-705.sp-easy-accordion>.sp-ea-single {margin-bottom: 10px; border: 1px solid #e2e2e2; }#sp-ea-705.sp-easy-accordion>.sp-ea-single>.ea-header a {color: #444;}#sp-ea-705.sp-easy-accordion>.sp-ea-single>.sp-collapse>.ea-body {background: #fff; color: #444;}#sp-ea-705.sp-easy-accordion>.sp-ea-single {background: #eee;}#sp-ea-705.sp-easy-accordion>.sp-ea-single>.ea-header a .ea-expand-icon { float: left; color: #444;font-size: 16px;}<\/style><div id=\"sp_easy_accordion-1776013619\"><div id=\"sp-ea-705\" class=\"sp-ea-one sp-easy-accordion\" data-ea-active=\"ea-click\" data-ea-mode=\"vertical\" data-preloader=\"\" data-scroll-active-item=\"\" data-offset-to-scroll=\"0\"><div class=\"ea-card sp-ea-single\"><h3 class=\"ea-header\"><a class=\"collapsed\" id=\"ea-header-7050\" role=\"button\" data-sptoggle=\"spcollapse\" data-sptarget=\"#collapse7050\" aria-controls=\"collapse7050\" href=\"#\" aria-expanded=\"false\" tabindex=\"0\"><i aria-hidden=\"true\" role=\"presentation\" class=\"ea-expand-icon eap-icon-ea-expand-plus\"><\/i> Carteira da UFMG<\/a><\/h3><div class=\"sp-collapse spcollapse spcollapse\" id=\"collapse7050\" data-parent=\"#sp-ea-705\" role=\"region\" aria-labelledby=\"ea-header-7050\"> <div class=\"ea-body\"><p>Com o <a href=\"https:\/\/www.ufmg.br\/pra\/carteira-da-ufmg\/\">documento de identifica\u00e7\u00e3o da comunidade acad\u00eamica<\/a>, usu\u00e1rios acessam v\u00e1rios servi\u00e7os na Universidade. A PRA confecciona tr\u00eas tipos de carteiras: Crach\u00e1 de Identifica\u00e7\u00e3o Estudantil (CIE), Carteira de Identidade Funcional (CIF) e Crach\u00e1 de Identifica\u00e7\u00e3o.<\/p><\/div><\/div><\/div><div class=\"ea-card sp-ea-single\"><h3 class=\"ea-header\"><a class=\"collapsed\" id=\"ea-header-7051\" role=\"button\" data-sptoggle=\"spcollapse\" data-sptarget=\"#collapse7051\" aria-controls=\"collapse7051\" href=\"#\" aria-expanded=\"false\" tabindex=\"0\"><i aria-hidden=\"true\" role=\"presentation\" class=\"ea-expand-icon eap-icon-ea-expand-plus\"><\/i> \u00d4nibus interno gratuito (Campus Pampulha)<\/a><\/h3><div class=\"sp-collapse spcollapse spcollapse\" id=\"collapse7051\" data-parent=\"#sp-ea-705\" role=\"region\" aria-labelledby=\"ea-header-7051\"> <div class=\"ea-body\"><p>O Campus Pampulha possui linhas de \u00f4nibus que rodam dentro da universidade de forma gratuita. <a href=\"https:\/\/www.ufmg.br\/pra\/onibus-interno-gratuito\/\">Clique aqui<\/a> para mais informa\u00e7\u00f5es.<\/p><\/div><\/div><\/div><div class=\"ea-card sp-ea-single\"><h3 class=\"ea-header\"><a class=\"collapsed\" id=\"ea-header-7052\" role=\"button\" data-sptoggle=\"spcollapse\" data-sptarget=\"#collapse7052\" aria-controls=\"collapse7052\" href=\"#\" aria-expanded=\"false\" tabindex=\"0\"><i aria-hidden=\"true\" role=\"presentation\" class=\"ea-expand-icon eap-icon-ea-expand-plus\"><\/i> Sistema de Solicita\u00e7\u00e3o de Servi\u00e7os (Ordem de Servi\u00e7o \u2013 OS)<\/a><\/h3><div class=\"sp-collapse spcollapse spcollapse\" id=\"collapse7052\" data-parent=\"#sp-ea-705\" role=\"region\" aria-labelledby=\"ea-header-7052\"> <div class=\"ea-body\"><p><span style=\"font-weight: 400\">A PRA utiliza o sistema de Solicita\u00e7\u00e3o de Servi\u00e7os para requerimento de reparos de infraestrutura. A solicita\u00e7\u00e3o pode ser feita por colaboradores cadastrados. <\/span><a href=\"https:\/\/www.ufmg.br\/demai\/os\/\">Clique aqui<\/a> e acesse o sistema.<\/p><\/div><\/div><\/div><div class=\"ea-card sp-ea-single\"><h3 class=\"ea-header\"><a class=\"collapsed\" id=\"ea-header-7053\" role=\"button\" data-sptoggle=\"spcollapse\" data-sptarget=\"#collapse7053\" aria-controls=\"collapse7053\" href=\"#\" aria-expanded=\"false\" tabindex=\"0\"><i aria-hidden=\"true\" role=\"presentation\" class=\"ea-expand-icon eap-icon-ea-expand-plus\"><\/i> Sistema de faixas<\/a><\/h3><div class=\"sp-collapse spcollapse spcollapse\" id=\"collapse7053\" data-parent=\"#sp-ea-705\" role=\"region\" aria-labelledby=\"ea-header-7053\"> <div class=\"ea-body\"><p><span style=\"font-weight: 400\">Solicita\u00e7\u00e3o de afixa\u00e7\u00e3o de faixas nos campi da UFMG. O Sistema abarca todas as etapas do processo de solicita\u00e7\u00e3o, desde o requerimento at\u00e9 a aprova\u00e7\u00e3o. <a href=\"https:\/\/www.ufmg.br\/pra\/sistema-de-faixas\/\">Clique aqui<\/a> para mais informa\u00e7\u00f5es.<\/span><\/p><\/div><\/div><\/div><\/div><\/div>\n","protected":false},"excerpt":{"rendered":"<p>Temas de interesses para servidores e colaboradores da UFMG:<\/p>\n","protected":false},"author":3,"featured_media":0,"parent":0,"menu_order":0,"comment_status":"closed","ping_status":"closed","template":"","meta":{"_acf_changed":false,"footnotes":""},"tags":[],"class_list":["post-582","page","type-page","status-publish","hentry"],"acf":[],"_links":{"self":[{"href":"https:\/\/www.ufmg.br\/pra\/wp-json\/wp\/v2\/pages\/582","targetHints":{"allow":["GET"]}}],"collection":[{"href":"https:\/\/www.ufmg.br\/pra\/wp-json\/wp\/v2\/pages"}],"about":[{"href":"https:\/\/www.ufmg.br\/pra\/wp-json\/wp\/v2\/types\/page"}],"author":[{"embeddable":true,"href":"https:\/\/www.ufmg.br\/pra\/wp-json\/wp\/v2\/users\/3"}],"replies":[{"embeddable":true,"href":"https:\/\/www.ufmg.br\/pra\/wp-json\/wp\/v2\/comments?post=582"}],"version-history":[{"count":15,"href":"https:\/\/www.ufmg.br\/pra\/wp-json\/wp\/v2\/pages\/582\/revisions"}],"predecessor-version":[{"id":956,"href":"https:\/\/www.ufmg.br\/pra\/wp-json\/wp\/v2\/pages\/582\/revisions\/956"}],"wp:attachment":[{"href":"https:\/\/www.ufmg.br\/pra\/wp-json\/wp\/v2\/media?parent=582"}],"wp:term":[{"taxonomy":"post_tag","embeddable":true,"href":"https:\/\/www.ufmg.br\/pra\/wp-json\/wp\/v2\/tags?post=582"}],"curies":[{"name":"wp","href":"https:\/\/api.w.org\/{rel}","templated":true}]}}