{"id":584,"date":"2024-06-28T14:03:09","date_gmt":"2024-06-28T17:03:09","guid":{"rendered":"https:\/\/www.ufmg.br\/pra\/?page_id=584"},"modified":"2024-07-12T10:31:17","modified_gmt":"2024-07-12T13:31:17","slug":"estudantes","status":"publish","type":"page","link":"https:\/\/www.ufmg.br\/pra\/estudantes\/","title":{"rendered":"Estudantes"},"content":{"rendered":"<p>Temas de interesses para os estudantes da UFMG:<\/p>\n<style>#sp-ea-959 .spcollapsing { height: 0; overflow: hidden; transition-property: height;transition-duration: 500ms;}#sp-ea-959.sp-easy-accordion>.sp-ea-single {margin-bottom: 10px; border: 1px solid #e2e2e2; }#sp-ea-959.sp-easy-accordion>.sp-ea-single>.ea-header a {color: #444;}#sp-ea-959.sp-easy-accordion>.sp-ea-single>.sp-collapse>.ea-body {background: #fff; color: #444;}#sp-ea-959.sp-easy-accordion>.sp-ea-single {background: #eee;}#sp-ea-959.sp-easy-accordion>.sp-ea-single>.ea-header a .ea-expand-icon { float: left; color: #444;font-size: 16px;}<\/style><div id=\"sp_easy_accordion-1776026832\"><div id=\"sp-ea-959\" class=\"sp-ea-one sp-easy-accordion\" data-ea-active=\"ea-click\" data-ea-mode=\"vertical\" data-preloader=\"\" data-scroll-active-item=\"\" data-offset-to-scroll=\"0\"><div class=\"ea-card sp-ea-single\"><h3 class=\"ea-header\"><a class=\"collapsed\" id=\"ea-header-9590\" role=\"button\" data-sptoggle=\"spcollapse\" data-sptarget=\"#collapse9590\" aria-controls=\"collapse9590\" href=\"#\" aria-expanded=\"false\" tabindex=\"0\"><i aria-hidden=\"true\" role=\"presentation\" class=\"ea-expand-icon eap-icon-ea-expand-plus\"><\/i> Carteirinha da UFMG (Crach\u00e1 de Identifica\u00e7\u00e3o Estudantil)<\/a><\/h3><div class=\"sp-collapse spcollapse spcollapse\" id=\"collapse9590\" data-parent=\"#sp-ea-959\" role=\"region\" aria-labelledby=\"ea-header-9590\"> <div class=\"ea-body\"><p><span style=\"font-weight: 400\">Com o <a href=\"https:\/\/www.ufmg.br\/pra\/carteira-da-ufmg\/\">documento de identifica\u00e7\u00e3o da comunidade acad\u00eamica<\/a>, usu\u00e1rios acessam v\u00e1rios servi\u00e7os na Universidade. A PRA confecciona tr\u00eas tipos de carteiras: Crach\u00e1 de Identifica\u00e7\u00e3o Estudantil (CIE), Carteira de Identidade Funcional (CIF) e Crach\u00e1 de Identifica\u00e7\u00e3o.<\/span><\/p><\/div><\/div><\/div><div class=\"ea-card sp-ea-single\"><h3 class=\"ea-header\"><a class=\"collapsed\" id=\"ea-header-9591\" role=\"button\" data-sptoggle=\"spcollapse\" data-sptarget=\"#collapse9591\" aria-controls=\"collapse9591\" href=\"#\" aria-expanded=\"false\" tabindex=\"0\"><i aria-hidden=\"true\" role=\"presentation\" class=\"ea-expand-icon eap-icon-ea-expand-plus\"><\/i> \u00d4nibus interno gratuito (Campus Pampulha)<\/a><\/h3><div class=\"sp-collapse spcollapse spcollapse\" id=\"collapse9591\" data-parent=\"#sp-ea-959\" role=\"region\" aria-labelledby=\"ea-header-9591\"> <div class=\"ea-body\"><p><span style=\"font-weight: 400\">O Campus Pampulha possui linhas de \u00f4nibus que rodam dentro da universidade de forma gratuita. <\/span><span style=\"font-weight: 400\"><a href=\"https:\/\/www.ufmg.br\/pra\/onibus-interno-gratuito\/\">Clique aqui<\/a> para mais informa\u00e7\u00f5es.<\/span><\/p><\/div><\/div><\/div><div class=\"ea-card sp-ea-single\"><h3 class=\"ea-header\"><a class=\"collapsed\" id=\"ea-header-9592\" role=\"button\" data-sptoggle=\"spcollapse\" data-sptarget=\"#collapse9592\" aria-controls=\"collapse9592\" href=\"#\" aria-expanded=\"false\" tabindex=\"0\"><i aria-hidden=\"true\" role=\"presentation\" class=\"ea-expand-icon eap-icon-ea-expand-plus\"><\/i> Oportunidades de bolsas e est\u00e1gios na PRA<\/a><\/h3><div class=\"sp-collapse spcollapse spcollapse\" id=\"collapse9592\" data-parent=\"#sp-ea-959\" role=\"region\" aria-labelledby=\"ea-header-9592\"> <div class=\"ea-body\"><p><span style=\"font-weight: 400\">A Pr\u00f3-Reitoria de Administra\u00e7\u00e3o oferece bolsas e est\u00e1gios para estudantes de gradua\u00e7\u00e3o em diversas \u00e1reas do conhecimento. <\/span><a href=\"https:\/\/www.ufmg.br\/pra\/?page_id=25\">Clique aqui<\/a> e saiba mais.<\/p><\/div><\/div><\/div><\/div><\/div>\n","protected":false},"excerpt":{"rendered":"<p>Temas de interesses para os estudantes da UFMG:<\/p>\n","protected":false},"author":3,"featured_media":0,"parent":0,"menu_order":0,"comment_status":"closed","ping_status":"closed","template":"","meta":{"_acf_changed":false,"footnotes":""},"tags":[],"class_list":["post-584","page","type-page","status-publish","hentry"],"acf":[],"_links":{"self":[{"href":"https:\/\/www.ufmg.br\/pra\/wp-json\/wp\/v2\/pages\/584","targetHints":{"allow":["GET"]}}],"collection":[{"href":"https:\/\/www.ufmg.br\/pra\/wp-json\/wp\/v2\/pages"}],"about":[{"href":"https:\/\/www.ufmg.br\/pra\/wp-json\/wp\/v2\/types\/page"}],"author":[{"embeddable":true,"href":"https:\/\/www.ufmg.br\/pra\/wp-json\/wp\/v2\/users\/3"}],"replies":[{"embeddable":true,"href":"https:\/\/www.ufmg.br\/pra\/wp-json\/wp\/v2\/comments?post=584"}],"version-history":[{"count":10,"href":"https:\/\/www.ufmg.br\/pra\/wp-json\/wp\/v2\/pages\/584\/revisions"}],"predecessor-version":[{"id":960,"href":"https:\/\/www.ufmg.br\/pra\/wp-json\/wp\/v2\/pages\/584\/revisions\/960"}],"wp:attachment":[{"href":"https:\/\/www.ufmg.br\/pra\/wp-json\/wp\/v2\/media?parent=584"}],"wp:term":[{"taxonomy":"post_tag","embeddable":true,"href":"https:\/\/www.ufmg.br\/pra\/wp-json\/wp\/v2\/tags?post=584"}],"curies":[{"name":"wp","href":"https:\/\/api.w.org\/{rel}","templated":true}]}}