{"id":586,"date":"2024-06-28T14:03:29","date_gmt":"2024-06-28T17:03:29","guid":{"rendered":"https:\/\/www.ufmg.br\/pra\/?page_id=586"},"modified":"2024-07-26T11:13:12","modified_gmt":"2024-07-26T14:13:12","slug":"publico-externo","status":"publish","type":"page","link":"https:\/\/www.ufmg.br\/pra\/publico-externo\/","title":{"rendered":"Comunidade Externa"},"content":{"rendered":"<p>Temas de interesses para os p\u00fablicos externos:<\/p>\n<style>#sp-ea-961 .spcollapsing { height: 0; overflow: hidden; transition-property: height;transition-duration: 500ms;}#sp-ea-961.sp-easy-accordion>.sp-ea-single {margin-bottom: 10px; border: 1px solid #e2e2e2; }#sp-ea-961.sp-easy-accordion>.sp-ea-single>.ea-header a {color: #444;}#sp-ea-961.sp-easy-accordion>.sp-ea-single>.sp-collapse>.ea-body {background: #fff; color: #444;}#sp-ea-961.sp-easy-accordion>.sp-ea-single {background: #eee;}#sp-ea-961.sp-easy-accordion>.sp-ea-single>.ea-header a .ea-expand-icon { float: left; color: #444;font-size: 16px;}<\/style><div id=\"sp_easy_accordion-1776133622\"><div id=\"sp-ea-961\" class=\"sp-ea-one sp-easy-accordion\" data-ea-active=\"ea-click\" data-ea-mode=\"vertical\" data-preloader=\"\" data-scroll-active-item=\"\" data-offset-to-scroll=\"0\"><div class=\"ea-card sp-ea-single\"><h3 class=\"ea-header\"><a class=\"collapsed\" id=\"ea-header-9610\" role=\"button\" data-sptoggle=\"spcollapse\" data-sptarget=\"#collapse9610\" aria-controls=\"collapse9610\" href=\"#\" aria-expanded=\"false\" tabindex=\"0\"><i aria-hidden=\"true\" role=\"presentation\" class=\"ea-expand-icon eap-icon-ea-expand-plus\"><\/i> Aviso de licita\u00e7\u00f5es<\/a><\/h3><div class=\"sp-collapse spcollapse spcollapse\" id=\"collapse9610\" data-parent=\"#sp-ea-961\" role=\"region\" aria-labelledby=\"ea-header-9610\"> <div class=\"ea-body\"><p>A PRA \u00e9 respons\u00e1vel por processos de licita\u00e7\u00e3o de aquisi\u00e7\u00e3o de bens e servi\u00e7os. <a href=\"https:\/\/www.ufmg.br\/pra\/licitacoes\">Acesse aqui<\/a> mais informa\u00e7\u00f5es.<\/p><\/div><\/div><\/div><div class=\"ea-card sp-ea-single\"><h3 class=\"ea-header\"><a class=\"collapsed\" id=\"ea-header-9611\" role=\"button\" data-sptoggle=\"spcollapse\" data-sptarget=\"#collapse9611\" aria-controls=\"collapse9611\" href=\"#\" aria-expanded=\"false\" tabindex=\"0\"><i aria-hidden=\"true\" role=\"presentation\" class=\"ea-expand-icon eap-icon-ea-expand-plus\"><\/i> \u00d4nibus interno gratuito (Campus Pampulha)<\/a><\/h3><div class=\"sp-collapse spcollapse spcollapse\" id=\"collapse9611\" data-parent=\"#sp-ea-961\" role=\"region\" aria-labelledby=\"ea-header-9611\"> <div class=\"ea-body\"><p><span style=\"font-weight: 400\">O Campus Pampulha conta com linhas de \u00f4nibus que rodam dentro da universidade de forma gratuita. <\/span><a href=\"https:\/\/www.ufmg.br\/pra\/onibus-interno-gratuito\/\">Clique aqui<\/a> para mais informa\u00e7\u00f5es.<\/p><\/div><\/div><\/div><\/div><\/div>\n<p>&nbsp;<\/p>\n<p>&nbsp;<\/p>\n","protected":false},"excerpt":{"rendered":"<p>Temas de interesses para os p\u00fablicos externos: &nbsp; &nbsp;<\/p>\n","protected":false},"author":3,"featured_media":0,"parent":0,"menu_order":0,"comment_status":"closed","ping_status":"closed","template":"","meta":{"_acf_changed":false,"footnotes":""},"tags":[],"class_list":["post-586","page","type-page","status-publish","hentry"],"acf":[],"_links":{"self":[{"href":"https:\/\/www.ufmg.br\/pra\/wp-json\/wp\/v2\/pages\/586","targetHints":{"allow":["GET"]}}],"collection":[{"href":"https:\/\/www.ufmg.br\/pra\/wp-json\/wp\/v2\/pages"}],"about":[{"href":"https:\/\/www.ufmg.br\/pra\/wp-json\/wp\/v2\/types\/page"}],"author":[{"embeddable":true,"href":"https:\/\/www.ufmg.br\/pra\/wp-json\/wp\/v2\/users\/3"}],"replies":[{"embeddable":true,"href":"https:\/\/www.ufmg.br\/pra\/wp-json\/wp\/v2\/comments?post=586"}],"version-history":[{"count":9,"href":"https:\/\/www.ufmg.br\/pra\/wp-json\/wp\/v2\/pages\/586\/revisions"}],"predecessor-version":[{"id":1002,"href":"https:\/\/www.ufmg.br\/pra\/wp-json\/wp\/v2\/pages\/586\/revisions\/1002"}],"wp:attachment":[{"href":"https:\/\/www.ufmg.br\/pra\/wp-json\/wp\/v2\/media?parent=586"}],"wp:term":[{"taxonomy":"post_tag","embeddable":true,"href":"https:\/\/www.ufmg.br\/pra\/wp-json\/wp\/v2\/tags?post=586"}],"curies":[{"name":"wp","href":"https:\/\/api.w.org\/{rel}","templated":true}]}}