{"id":616,"date":"2024-06-28T16:25:31","date_gmt":"2024-06-28T19:25:31","guid":{"rendered":"https:\/\/www.ufmg.br\/pra\/?page_id=616"},"modified":"2024-09-16T14:02:28","modified_gmt":"2024-09-16T17:02:28","slug":"carteira-da-ufmg","status":"publish","type":"page","link":"https:\/\/www.ufmg.br\/pra\/carteira-da-ufmg\/","title":{"rendered":"Carteira de Identifica\u00e7\u00e3o"},"content":{"rendered":"<div class=\"widget widget--small\">\n<p>A PRA emite documentos de identifica\u00e7\u00e3o para a comunidade acad\u00eamica. Por meio de sua apresenta\u00e7\u00e3o, os usu\u00e1rios acessam diversos servi\u00e7os na Universidade, como <a href=\"https:\/\/www.bu.ufmg.br\/\" target=\"_blank\" rel=\"noreferrer noopener\" data-type=\"URL\" data-id=\"https:\/\/www.bu.ufmg.br\">bibliotecas<\/a>,\u00a0<a href=\"http:\/\/www.fump.ufmg.br\/conteudo.aspx?pagina=137\" target=\"_blank\" rel=\"noreferrer noopener\" data-type=\"URL\" data-id=\"http:\/\/www.fump.ufmg.br\/conteudo.aspx?pagina=137\">restaurantes universit\u00e1rios<\/a>,\u00a0<a href=\"https:\/\/www.ufmg.br\/ceu\/site\/index\" target=\"_blank\" rel=\"noreferrer noopener\" data-type=\"URL\" data-id=\"https:\/\/www.ufmg.br\/ceu\/site\/index\">Centro Esportivo Universit\u00e1rio (CEU)<\/a>\u00a0e a entrada em alguns\u00a0<a href=\"https:\/\/ufmg.br\/cursos\/unidades-academicas\" target=\"_blank\" rel=\"noreferrer noopener\" data-type=\"URL\" data-id=\"https:\/\/ufmg.br\/cursos\/unidades-academicas\">pr\u00e9dios<\/a>\u00a0dos campi.<\/p>\n<\/div>\n<p>&nbsp;<\/p>\n<div class=\"widget widget--small\">\n<h3 class=\"news__subtitle\">Como solicitar?<\/h3>\n<style>#sp-ea-615 .spcollapsing { height: 0; overflow: hidden; transition-property: height;transition-duration: 500ms;}#sp-ea-615.sp-easy-accordion>.sp-ea-single {margin-bottom: 10px; border: 1px solid #e2e2e2; }#sp-ea-615.sp-easy-accordion>.sp-ea-single>.ea-header a {color: #444;}#sp-ea-615.sp-easy-accordion>.sp-ea-single>.sp-collapse>.ea-body {background: #fff; color: #444;}#sp-ea-615.sp-easy-accordion>.sp-ea-single {background: #eee;}#sp-ea-615.sp-easy-accordion>.sp-ea-single>.ea-header a .ea-expand-icon { float: left; color: #444;font-size: 16px;}<\/style><div id=\"sp_easy_accordion-1770993498\"><div id=\"sp-ea-615\" class=\"sp-ea-one sp-easy-accordion\" data-ea-active=\"ea-click\" data-ea-mode=\"vertical\" data-preloader=\"\" data-scroll-active-item=\"\" data-offset-to-scroll=\"0\"><div class=\"ea-card sp-ea-single\"><h3 class=\"ea-header\"><a class=\"collapsed\" id=\"ea-header-6150\" role=\"button\" data-sptoggle=\"spcollapse\" data-sptarget=\"#collapse6150\" aria-controls=\"collapse6150\" href=\"#\" aria-expanded=\"false\" tabindex=\"0\"><i aria-hidden=\"true\" role=\"presentation\" class=\"ea-expand-icon eap-icon-ea-expand-plus\"><\/i> Estudantes de Belo Horizonte \u2013 Crach\u00e1 de Identifica\u00e7\u00e3o Estudantil (CIE)<\/a><\/h3><div class=\"sp-collapse spcollapse spcollapse\" id=\"collapse6150\" data-parent=\"#sp-ea-615\" role=\"region\" aria-labelledby=\"ea-header-6150\"> <div class=\"ea-body\"><p><strong>Como solicitar o crach\u00e1 de identifica\u00e7\u00e3o:<\/strong><\/p><p>A solicita\u00e7\u00e3o do crach\u00e1 de identifica\u00e7\u00e3o deve ser feita, preferencialmente, pelo<br \/>portal MinhaUFMG, pois esse procedimento agiliza a an\u00e1lise e a confec\u00e7\u00e3o do<br \/>crach\u00e1.<br \/>Pelo MinhaUFMG (para quem possui acesso ao sistema):<br \/>1. Acesse o portal MinhaUFMG e fa\u00e7a login.<br \/>2. No menu \u00e0 esquerda, clique em \u201cMeu Crach\u00e1\u201d.<br \/>3. Selecione \u201cClique aqui para acessar ou solicitar seu crach\u00e1\u201d e, em<br \/>seguida, \u201cNovo Crach\u00e1\u201d.<br \/>4. Anexe uma foto 3x4, apenas do rosto, sem bon\u00e9 e sem \u00f3culos escuros, e<br \/>finalize a solicita\u00e7\u00e3o.<\/p><p>Por e-mail (para quem n\u00e3o possui acesso ao MinhaUFMG):<\/p><p>*A solicita\u00e7\u00e3o por e-mail \u00e9 destinada a terceirizados, aposentados e a pessoas<br \/>que tenham tido algum impedimento para realizar o pedido pelo sistema.<br \/>Encaminhe um e-mail para crach\u00e1@pra.ufmg.br contendo:<br \/>\u2022 Nome completo<br \/>\u2022 N\u00famero de matr\u00edcula UFMG<br \/>\u2022 Foto de um documento oficial de identifica\u00e7\u00e3o<br \/>\u2022 Foto 3x4, apenas do rosto, sem bon\u00e9 e sem \u00f3culos escuros<br \/>\u2022 \u00daltimo contracheque (obrigat\u00f3rio apenas para pessoas terceirizadas)<br \/>Ap\u00f3s a confec\u00e7\u00e3o, o solicitante receber\u00e1 um e-mail com a data e o local para<br \/>retirada do crach\u00e1.<\/p><\/div><\/div><\/div><div class=\"ea-card sp-ea-single\"><h3 class=\"ea-header\"><a class=\"collapsed\" id=\"ea-header-6151\" role=\"button\" data-sptoggle=\"spcollapse\" data-sptarget=\"#collapse6151\" aria-controls=\"collapse6151\" href=\"#\" aria-expanded=\"false\" tabindex=\"0\"><i aria-hidden=\"true\" role=\"presentation\" class=\"ea-expand-icon eap-icon-ea-expand-plus\"><\/i> Estudantes de Montes Claros \u2013 Crach\u00e1 de Identifica\u00e7\u00e3o Estudantil (CIE)<\/a><\/h3><div class=\"sp-collapse spcollapse spcollapse\" id=\"collapse6151\" data-parent=\"#sp-ea-615\" role=\"region\" aria-labelledby=\"ea-header-6151\"> <div class=\"ea-body\"><p><strong>Como solicitar o crach\u00e1 de identifica\u00e7\u00e3o:<\/strong><\/p><p>A solicita\u00e7\u00e3o do crach\u00e1 de identifica\u00e7\u00e3o deve ser feita, preferencialmente, pelo<br \/>portal MinhaUFMG, pois esse procedimento agiliza a an\u00e1lise e a confec\u00e7\u00e3o do<br \/>crach\u00e1.<br \/>Pelo MinhaUFMG (para quem possui acesso ao sistema):<br \/>1. Acesse o portal MinhaUFMG e fa\u00e7a login.<br \/>2. No menu \u00e0 esquerda, clique em \u201cMeu Crach\u00e1\u201d.<br \/>3. Selecione \u201cClique aqui para acessar ou solicitar seu crach\u00e1\u201d e, em<br \/>seguida, \u201cNovo Crach\u00e1\u201d.<br \/>4. Anexe uma foto 3x4, apenas do rosto, sem bon\u00e9 e sem \u00f3culos escuros, e<br \/>finalize a solicita\u00e7\u00e3o.<\/p><p>Por e-mail (para quem n\u00e3o possui acesso ao MinhaUFMG):<\/p><p>Enviar e-mail para\u00a0cracha.ica@gmail.com\u00a0com o assunto (t\u00edtulo) \u201c[seu nome completo] \u2013 1\u00aa via carteirinha\u201d e\u00a0<b>todos<\/b>\u00a0os seguintes dados:<\/p><ul><li>Nome completo<\/li><li>N\u00famero do CPF<\/li><li>N\u00famero de registro UFMG<\/li><li>Nome do curso<\/li><li>C\u00f3pia do documento de identifica\u00e7\u00e3o<\/li><li>Foto 3\u00d74 em formato jpg ou png (sem acess\u00f3rios que cubram parte do rosto, boa resolu\u00e7\u00e3o, com fundo claro e rosto centralizado)<\/li><li>Selfie portando o documento de identifica\u00e7\u00e3o<\/li><\/ul><p>Assim que a remessa com a sua carteirinha chegar ao campus Montes Claros, entraremos em contato,\u00a0<strong>via e-mail<\/strong>, com cada solicitante. Os locais de retirada ser\u00e3o nos Colegiados de Gradua\u00e7\u00e3o (CAAD) e P\u00f3s-Gradua\u00e7\u00e3o (anexo do CAAD).<\/p><p>OBS.: O prazo m\u00e9dio de entrega pode variar de 20 a 30 dias ap\u00f3s a solicita\u00e7\u00e3o.<\/p><\/div><\/div><\/div><div class=\"ea-card sp-ea-single\"><h3 class=\"ea-header\"><a class=\"collapsed\" id=\"ea-header-6152\" role=\"button\" data-sptoggle=\"spcollapse\" data-sptarget=\"#collapse6152\" aria-controls=\"collapse6152\" href=\"#\" aria-expanded=\"false\" tabindex=\"0\"><i aria-hidden=\"true\" role=\"presentation\" class=\"ea-expand-icon eap-icon-ea-expand-plus\"><\/i> Servidores docentes e t\u00e9cnico-administrativos \u2013 Carteira de Identidade Funcional (CIF)<\/a><\/h3><div class=\"sp-collapse spcollapse spcollapse\" id=\"collapse6152\" data-parent=\"#sp-ea-615\" role=\"region\" aria-labelledby=\"ea-header-6152\"> <div class=\"ea-body\"><p><strong>Como solicitar o crach\u00e1 de identifica\u00e7\u00e3o:<\/strong><\/p><p>A solicita\u00e7\u00e3o do crach\u00e1 de identifica\u00e7\u00e3o deve ser feita, preferencialmente, pelo<br \/>portal MinhaUFMG, pois esse procedimento agiliza a an\u00e1lise e a confec\u00e7\u00e3o do<br \/>crach\u00e1.<br \/>Pelo MinhaUFMG (para quem possui acesso ao sistema):<br \/>1. Acesse o portal MinhaUFMG e fa\u00e7a login.<br \/>2. No menu \u00e0 esquerda, clique em \u201cMeu Crach\u00e1\u201d.<br \/>3. Selecione \u201cClique aqui para acessar ou solicitar seu crach\u00e1\u201d e, em<br \/>seguida, \u201cNovo Crach\u00e1\u201d.<br \/>4. Anexe uma foto 3x4, apenas do rosto, sem bon\u00e9 e sem \u00f3culos escuros, e<br \/>finalize a solicita\u00e7\u00e3o.<br \/>Por e-mail (para quem n\u00e3o possui acesso ao MinhaUFMG).<\/p><p>Encaminhe um e-mail para crach\u00e1@pra.ufmg.br contendo:<\/p><p>\u2022 Nome completo<br \/>\u2022 N\u00famero de inscri\u00e7\u00e3o UFMG<br \/>\u2022 Foto de um documento oficial de identifica\u00e7\u00e3o<br \/>\u2022 Foto 3x4, apenas do rosto, sem bon\u00e9 e sem \u00f3culos escuros<br \/>\u2022 \u00daltimo contracheque (obrigat\u00f3rio apenas para pessoas terceirizadas)<br \/>Ap\u00f3s a confec\u00e7\u00e3o, o solicitante receber\u00e1 um e-mail com a data e o local para<br \/>retirada do crach\u00e1.<\/p><\/div><\/div><\/div><div class=\"ea-card sp-ea-single\"><h3 class=\"ea-header\"><a class=\"collapsed\" id=\"ea-header-6153\" role=\"button\" data-sptoggle=\"spcollapse\" data-sptarget=\"#collapse6153\" aria-controls=\"collapse6153\" href=\"#\" aria-expanded=\"false\" tabindex=\"0\"><i aria-hidden=\"true\" role=\"presentation\" class=\"ea-expand-icon eap-icon-ea-expand-plus\"><\/i> Contratados terceirizados, funda\u00e7\u00f5es e menores da Cruz Vermelha \u2013 Crach\u00e1 de Identifica\u00e7\u00e3o (CI)<\/a><\/h3><div class=\"sp-collapse spcollapse spcollapse\" id=\"collapse6153\" data-parent=\"#sp-ea-615\" role=\"region\" aria-labelledby=\"ea-header-6153\"> <div class=\"ea-body\"><p><strong>Como solicitar o crach\u00e1 de identifica\u00e7\u00e3o:<\/strong><\/p><p>A solicita\u00e7\u00e3o do crach\u00e1 de identifica\u00e7\u00e3o deve ser feita, preferencialmente, pelo<br \/>portal MinhaUFMG, pois esse procedimento agiliza a an\u00e1lise e a confec\u00e7\u00e3o do<br \/>crach\u00e1.<br \/>Pelo MinhaUFMG (para quem possui acesso ao sistema):<br \/>1. Acesse o portal MinhaUFMG e fa\u00e7a login.<br \/>2. No menu \u00e0 esquerda, clique em \u201cMeu Crach\u00e1\u201d.<br \/>3. Selecione \u201cClique aqui para acessar ou solicitar seu crach\u00e1\u201d e, em<br \/>seguida, \u201cNovo Crach\u00e1\u201d.<br \/>4. Anexe uma foto 3x4, apenas do rosto, sem bon\u00e9 e sem \u00f3culos escuros, e<br \/>finalize a solicita\u00e7\u00e3o.<br \/>Por e-mail (para quem n\u00e3o possui acesso ao MinhaUFMG).<\/p><p>Encaminhe um e-mail para crach\u00e1@pra.ufmg.br contendo:<\/p><p>\u2022 Nome completo<br \/>\u2022 N\u00famero de inscri\u00e7\u00e3o UFMG<br \/>\u2022 Foto de um documento oficial de identifica\u00e7\u00e3o<br \/>\u2022 Foto 3x4, apenas do rosto, sem bon\u00e9 e sem \u00f3culos escuros<br \/>\u2022 \u00daltimo contracheque (obrigat\u00f3rio apenas para pessoas terceirizadas)<br \/>Ap\u00f3s a confec\u00e7\u00e3o, o solicitante receber\u00e1 um e-mail com a data e o local para<br \/>retirada do crach\u00e1.<\/p><\/div><\/div><\/div><\/div><\/div>\n<\/div>\n<p>&nbsp;<\/p>\n<h3 class=\"news__subtitle\">Como desbloquear?<\/h3>\n<h3><\/h3>\n<div class=\"widget widget--small\">\n<p>Para desbloquear a carteira e liberar sua utiliza\u00e7\u00e3o via c\u00f3digo de barras \u00e9 necess\u00e1rio:<\/p>\n<p>1. Acessar o\u00a0<a href=\"https:\/\/sistemas.ufmg.br\/\" target=\"_blank\" rel=\"noreferrer noopener\" data-type=\"URL\" data-id=\"https:\/\/sistemas.ufmg.br\/\">minhaUFMG<\/a>\u00a0e clicar em\u00a0<a href=\"https:\/\/sistemas.ufmg.br\/siscaef\/home.seam\" target=\"_blank\" rel=\"noreferrer noopener\">Meu Crach\u00e1<\/a><\/p>\n<p>2. Clicar em\u00a0<em>Clique aqui para acessar seu<\/em>\u00a0<em>crach\u00e1<\/em><\/p>\n<p>3. Clicar em D<em>esbloquear seu crach\u00e1<\/em>\u00a0e preencher os n\u00fameros dele no campo dispon\u00edvel<\/p>\n<p>Seu crach\u00e1 estar\u00e1 apto para uso em 24 horas ap\u00f3s o desbloqueio.<\/p>\n<p>&nbsp;<\/p>\n<h3>Como solicitar a 2\u00aa via em caso de perda ou extravio?<\/h3>\n<p>1. Acessar o\u00a0<a href=\"https:\/\/sistemas.ufmg.br\/\" target=\"_blank\" rel=\"noreferrer noopener\" data-type=\"URL\" data-id=\"https:\/\/sistemas.ufmg.br\/\">minhaUFMG<\/a>\u00a0e clicar em\u00a0<a href=\"https:\/\/sistemas.ufmg.br\/siscaef\/home.seam\" target=\"_blank\" rel=\"noreferrer noopener\" data-type=\"URL\" data-id=\"https:\/\/sistemas.ufmg.br\/siscaef\/home.seam\">Meu Crach\u00e1<\/a><\/p>\n<p>2. Clicar em\u00a0<em>Clique aqui para acessar seu<\/em>\u00a0<em>crach\u00e1<\/em><\/p>\n<p>3. Clicar no comando\u00a0<em>Bloquear<\/em>\u00a0e confirmar a opera\u00e7\u00e3o<\/p>\n<p>4. Pagar o boleto (GRU) gerado<\/p>\n<p>5. Enviar e-mail com comprovante de pagamento para\u00a0<a href=\"mailto:acesso@pra.ufmg.br\" target=\"_blank\" rel=\"noreferrer noopener\">acesso@pra.ufmg.br<\/a><\/p>\n<p>6. Aguardar o contato do setor de Controle de Acesso<\/p>\n<p><strong>Aten\u00e7\u00e3o: Ao solicitar 2\u00b0 via, automaticamente o anterior ser\u00e1 inutiliz\u00e1vel e o processo \u00e9 irrevers\u00edvel.<\/strong><\/p>\n<p>&nbsp;<\/p>\n<h3><\/h3>\n<h3>Como solicitar a 2\u00aa via em caso de roubo?<\/h3>\n<p>1. Enviar o boletim de ocorr\u00eancia para\u00a0<a href=\"mailto:acesso@pra.ufmg.br\" target=\"_blank\" rel=\"noreferrer noopener\">acesso@pra.ufmg.br<\/a><\/p>\n<p>2. N\u00e3o \u00e9 necess\u00e1rio o pagamento da taxa<\/p>\n<\/div>\n","protected":false},"excerpt":{"rendered":"<p>A PRA emite documentos de identifica\u00e7\u00e3o para a comunidade acad\u00eamica. [&hellip;]<\/p>\n","protected":false},"author":3,"featured_media":0,"parent":0,"menu_order":0,"comment_status":"closed","ping_status":"closed","template":"","meta":{"_acf_changed":false,"footnotes":""},"tags":[],"class_list":["post-616","page","type-page","status-publish","hentry"],"acf":[],"_links":{"self":[{"href":"https:\/\/www.ufmg.br\/pra\/wp-json\/wp\/v2\/pages\/616","targetHints":{"allow":["GET"]}}],"collection":[{"href":"https:\/\/www.ufmg.br\/pra\/wp-json\/wp\/v2\/pages"}],"about":[{"href":"https:\/\/www.ufmg.br\/pra\/wp-json\/wp\/v2\/types\/page"}],"author":[{"embeddable":true,"href":"https:\/\/www.ufmg.br\/pra\/wp-json\/wp\/v2\/users\/3"}],"replies":[{"embeddable":true,"href":"https:\/\/www.ufmg.br\/pra\/wp-json\/wp\/v2\/comments?post=616"}],"version-history":[{"count":15,"href":"https:\/\/www.ufmg.br\/pra\/wp-json\/wp\/v2\/pages\/616\/revisions"}],"predecessor-version":[{"id":1224,"href":"https:\/\/www.ufmg.br\/pra\/wp-json\/wp\/v2\/pages\/616\/revisions\/1224"}],"wp:attachment":[{"href":"https:\/\/www.ufmg.br\/pra\/wp-json\/wp\/v2\/media?parent=616"}],"wp:term":[{"taxonomy":"post_tag","embeddable":true,"href":"https:\/\/www.ufmg.br\/pra\/wp-json\/wp\/v2\/tags?post=616"}],"curies":[{"name":"wp","href":"https:\/\/api.w.org\/{rel}","templated":true}]}}