{"id":775,"date":"2024-07-02T13:39:57","date_gmt":"2024-07-02T16:39:57","guid":{"rendered":"https:\/\/www.ufmg.br\/pra\/?page_id=775"},"modified":"2024-09-16T14:02:44","modified_gmt":"2024-09-16T17:02:44","slug":"onibus-interno-gratuito","status":"publish","type":"page","link":"https:\/\/www.ufmg.br\/pra\/onibus-interno-gratuito\/","title":{"rendered":"\u00d4nibus Interno Gratuito"},"content":{"rendered":"<p>No\u00a0<strong>campus Pampulha\u00a0<\/strong>h\u00e1 <a href=\"https:\/\/ufmg.br\/servicos\/onibus\" target=\"_blank\" rel=\"noopener\">linhas internas de \u00f4nibus<\/a> disponibilizadas para\u00a0<strong>toda a comunidade<\/strong>. O transporte \u00e9\u00a0<strong>gratuito<\/strong>. Abaixo adicionamos os mapas com os trajetos, pontos de parada e hor\u00e1rios. Nas linhas 2, 3 e 4 h\u00e1 hor\u00e1rios nos quais os \u00f4nibus fazem um trajeto especial (consulte a legenda).<\/p>\n<p><img loading=\"lazy\" decoding=\"async\" class=\"alignnone size-full wp-image-972\" src=\"https:\/\/www.ufmg.br\/pra\/wp-content\/uploads\/2024\/07\/LINHA-1-com-corte.png\" alt=\"\" width=\"824\" height=\"800\" srcset=\"https:\/\/www.ufmg.br\/pra\/wp-content\/uploads\/2024\/07\/LINHA-1-com-corte.png 824w, https:\/\/www.ufmg.br\/pra\/wp-content\/uploads\/2024\/07\/LINHA-1-com-corte-300x291.png 300w, https:\/\/www.ufmg.br\/pra\/wp-content\/uploads\/2024\/07\/LINHA-1-com-corte-768x746.png 768w\" sizes=\"auto, (max-width: 824px) 100vw, 824px\" \/><\/p>\n<p><img loading=\"lazy\" decoding=\"async\" class=\"alignnone size-full wp-image-968\" src=\"https:\/\/www.ufmg.br\/pra\/wp-content\/uploads\/2024\/07\/LINHA-2.png\" alt=\"\" width=\"816\" height=\"887\" srcset=\"https:\/\/www.ufmg.br\/pra\/wp-content\/uploads\/2024\/07\/LINHA-2.png 816w, https:\/\/www.ufmg.br\/pra\/wp-content\/uploads\/2024\/07\/LINHA-2-276x300.png 276w, https:\/\/www.ufmg.br\/pra\/wp-content\/uploads\/2024\/07\/LINHA-2-768x835.png 768w\" sizes=\"auto, (max-width: 816px) 100vw, 816px\" \/><img loading=\"lazy\" decoding=\"async\" class=\"alignnone size-full wp-image-969\" src=\"https:\/\/www.ufmg.br\/pra\/wp-content\/uploads\/2024\/07\/LINHA-3.png\" alt=\"\" width=\"838\" height=\"909\" srcset=\"https:\/\/www.ufmg.br\/pra\/wp-content\/uploads\/2024\/07\/LINHA-3.png 838w, https:\/\/www.ufmg.br\/pra\/wp-content\/uploads\/2024\/07\/LINHA-3-277x300.png 277w, https:\/\/www.ufmg.br\/pra\/wp-content\/uploads\/2024\/07\/LINHA-3-768x833.png 768w\" sizes=\"auto, (max-width: 838px) 100vw, 838px\" \/><img loading=\"lazy\" decoding=\"async\" class=\"alignnone size-full wp-image-970\" src=\"https:\/\/www.ufmg.br\/pra\/wp-content\/uploads\/2024\/07\/LINHA-4.png\" alt=\"\" width=\"839\" height=\"909\" srcset=\"https:\/\/www.ufmg.br\/pra\/wp-content\/uploads\/2024\/07\/LINHA-4.png 839w, https:\/\/www.ufmg.br\/pra\/wp-content\/uploads\/2024\/07\/LINHA-4-277x300.png 277w, https:\/\/www.ufmg.br\/pra\/wp-content\/uploads\/2024\/07\/LINHA-4-768x832.png 768w\" sizes=\"auto, (max-width: 839px) 100vw, 839px\" \/><img loading=\"lazy\" decoding=\"async\" class=\"alignnone wp-image-971 size-full\" src=\"https:\/\/www.ufmg.br\/pra\/wp-content\/uploads\/2024\/07\/LINHA-SABADO-e1723561350357.png\" alt=\"\" width=\"839\" height=\"817\" srcset=\"https:\/\/www.ufmg.br\/pra\/wp-content\/uploads\/2024\/07\/LINHA-SABADO-e1723561350357.png 839w, https:\/\/www.ufmg.br\/pra\/wp-content\/uploads\/2024\/07\/LINHA-SABADO-e1723561350357-300x292.png 300w, https:\/\/www.ufmg.br\/pra\/wp-content\/uploads\/2024\/07\/LINHA-SABADO-e1723561350357-768x748.png 768w\" sizes=\"auto, (max-width: 839px) 100vw, 839px\" \/><img loading=\"lazy\" decoding=\"async\" class=\"alignnone size-full wp-image-1003\" src=\"https:\/\/www.ufmg.br\/pra\/wp-content\/uploads\/2024\/08\/LINHA-FERIAS-E-RECESSOS.png\" alt=\"\" width=\"817\" height=\"810\" srcset=\"https:\/\/www.ufmg.br\/pra\/wp-content\/uploads\/2024\/08\/LINHA-FERIAS-E-RECESSOS.png 817w, https:\/\/www.ufmg.br\/pra\/wp-content\/uploads\/2024\/08\/LINHA-FERIAS-E-RECESSOS-300x297.png 300w, https:\/\/www.ufmg.br\/pra\/wp-content\/uploads\/2024\/08\/LINHA-FERIAS-E-RECESSOS-150x150.png 150w, https:\/\/www.ufmg.br\/pra\/wp-content\/uploads\/2024\/08\/LINHA-FERIAS-E-RECESSOS-768x761.png 768w\" sizes=\"auto, (max-width: 817px) 100vw, 817px\" \/><\/p>\n","protected":false},"excerpt":{"rendered":"<p>No\u00a0campus Pampulha\u00a0h\u00e1 linhas internas de \u00f4nibus disponibilizadas para\u00a0toda a comunidade. [&hellip;]<\/p>\n","protected":false},"author":3,"featured_media":0,"parent":0,"menu_order":0,"comment_status":"closed","ping_status":"closed","template":"","meta":{"_acf_changed":false,"footnotes":""},"tags":[],"class_list":["post-775","page","type-page","status-publish","hentry"],"acf":[],"_links":{"self":[{"href":"https:\/\/www.ufmg.br\/pra\/wp-json\/wp\/v2\/pages\/775","targetHints":{"allow":["GET"]}}],"collection":[{"href":"https:\/\/www.ufmg.br\/pra\/wp-json\/wp\/v2\/pages"}],"about":[{"href":"https:\/\/www.ufmg.br\/pra\/wp-json\/wp\/v2\/types\/page"}],"author":[{"embeddable":true,"href":"https:\/\/www.ufmg.br\/pra\/wp-json\/wp\/v2\/users\/3"}],"replies":[{"embeddable":true,"href":"https:\/\/www.ufmg.br\/pra\/wp-json\/wp\/v2\/comments?post=775"}],"version-history":[{"count":10,"href":"https:\/\/www.ufmg.br\/pra\/wp-json\/wp\/v2\/pages\/775\/revisions"}],"predecessor-version":[{"id":1225,"href":"https:\/\/www.ufmg.br\/pra\/wp-json\/wp\/v2\/pages\/775\/revisions\/1225"}],"wp:attachment":[{"href":"https:\/\/www.ufmg.br\/pra\/wp-json\/wp\/v2\/media?parent=775"}],"wp:term":[{"taxonomy":"post_tag","embeddable":true,"href":"https:\/\/www.ufmg.br\/pra\/wp-json\/wp\/v2\/tags?post=775"}],"curies":[{"name":"wp","href":"https:\/\/api.w.org\/{rel}","templated":true}]}}