{"id":1043,"date":"2021-10-08T13:35:21","date_gmt":"2021-10-08T16:35:21","guid":{"rendered":"https:\/\/www.ufmg.br\/prae\/?page_id=1043"},"modified":"2025-09-03T16:19:32","modified_gmt":"2025-09-03T19:19:32","slug":"horarios","status":"publish","type":"page","link":"https:\/\/www.ufmg.br\/prae\/horarios\/","title":{"rendered":"Hor\u00e1rios"},"content":{"rendered":"<p>O hor\u00e1rio de funcionamento da PRAE \u00e9 das 8h \u00e0s 17h de segunda a sexta-feira.<\/p>\n<p>Estamos no 2\u00ba andar anexo ao pr\u00e9dio da Reitoria e no Espa\u00e7o PRAE, ao lado do Restaurante Setorial I<\/p>\n<p>O Setor de Acolhimento e Orienta\u00e7\u00e3o da PRAE funciona no Espa\u00e7o PRAE &#8211;<\/p>\n<p>Rua Prof. Edmundo Lins, esquina com a Rua Fernando Melo Viana<\/p>\n<p>Ao lado do RU \u2013 Setorial I<\/p>\n<p>De Segunda \u00e0 Sexta: das 9h \u00e0s 17h.<\/p>\n<p>&nbsp;<\/p>\n","protected":false},"excerpt":{"rendered":"<p>O hor\u00e1rio de funcionamento da PRAE \u00e9 das 8h \u00e0s [&hellip;]<\/p>\n","protected":false},"author":1,"featured_media":0,"parent":0,"menu_order":0,"comment_status":"closed","ping_status":"closed","template":"","meta":{"_acf_changed":false,"footnotes":""},"tags":[],"class_list":["post-1043","page","type-page","status-publish","hentry"],"acf":[],"_links":{"self":[{"href":"https:\/\/www.ufmg.br\/prae\/wp-json\/wp\/v2\/pages\/1043","targetHints":{"allow":["GET"]}}],"collection":[{"href":"https:\/\/www.ufmg.br\/prae\/wp-json\/wp\/v2\/pages"}],"about":[{"href":"https:\/\/www.ufmg.br\/prae\/wp-json\/wp\/v2\/types\/page"}],"author":[{"embeddable":true,"href":"https:\/\/www.ufmg.br\/prae\/wp-json\/wp\/v2\/users\/1"}],"replies":[{"embeddable":true,"href":"https:\/\/www.ufmg.br\/prae\/wp-json\/wp\/v2\/comments?post=1043"}],"version-history":[{"count":51,"href":"https:\/\/www.ufmg.br\/prae\/wp-json\/wp\/v2\/pages\/1043\/revisions"}],"predecessor-version":[{"id":3430,"href":"https:\/\/www.ufmg.br\/prae\/wp-json\/wp\/v2\/pages\/1043\/revisions\/3430"}],"wp:attachment":[{"href":"https:\/\/www.ufmg.br\/prae\/wp-json\/wp\/v2\/media?parent=1043"}],"wp:term":[{"taxonomy":"post_tag","embeddable":true,"href":"https:\/\/www.ufmg.br\/prae\/wp-json\/wp\/v2\/tags?post=1043"}],"curies":[{"name":"wp","href":"https:\/\/api.w.org\/{rel}","templated":true}]}}