{"id":1086,"date":"2021-10-08T17:44:03","date_gmt":"2021-10-08T20:44:03","guid":{"rendered":"https:\/\/www.ufmg.br\/prae\/?page_id=1086"},"modified":"2026-04-06T14:55:14","modified_gmt":"2026-04-06T17:55:14","slug":"equipe-gestora","status":"publish","type":"page","link":"https:\/\/www.ufmg.br\/prae\/equipe-gestora\/","title":{"rendered":"Equipe Gestora"},"content":{"rendered":"<p><strong>Pr\u00f3-Reitora:<br \/>\n<\/strong>Profa.\u00a0Lic\u00ednia Maria Correa<\/p>\n<p><strong>Pr\u00f3-Reitora Adjunta:<\/strong><br \/>\nProfa. Elis\u00e2ngela Chaves<br \/>\nContatos:<br \/>\n<a href=\"mailto:gab-proreitor@prae.ufmg.br\" target=\"_blank\" rel=\"noopener\">gab-proreitor@prae.ufmg.br<\/a><br \/>\n<a href=\"mailto:info@prae.ufmg.br\" target=\"_blank\" rel=\"noopener\">info@prae.ufmg.br<\/a><\/p>\n<p><strong>Diretoria de Pol\u00edticas de A\u00e7\u00f5es Afirmativas:<\/strong><br \/>\nDiretor: Lu\u00eds Fernando Silva Andrade<br \/>\nContato: <a href=\"mailto:dir-acoesafirmativas@prae.ufmg.br\">dir-acoesafirmativas@prae.ufmg.br<\/a>.<\/p>\n<p><strong>Diretoria\u00a0 de Pol\u00edticas de Apoio a Projetos de Estudantes:<\/strong><br \/>\nDiretora:<br \/>\nContato: <a href=\"mailto:dir-apoioaprojetosdeestudantes@prae.ufmg.br\">dir-apoioaprojetosdeestudantes@prae.ufmg.br<\/a><\/p>\n<p><strong>Diretoria de Pol\u00edticas de Assist\u00eancia Estudantil:<br \/>\n<\/strong>Diretor: Prof. Jo\u00e3o Estev\u00e3o Barbosa Neto<br \/>\nContato: <a href=\"mailto:dir-assistenciaestudantil@prae.ufmg.br\">dir-assistenciaestudantil@prae.ufmg.br<\/a>.<\/p>\n","protected":false},"excerpt":{"rendered":"<p>Pr\u00f3-Reitora: Profa.\u00a0Lic\u00ednia Maria Correa Pr\u00f3-Reitora Adjunta: Profa. Elis\u00e2ngela Chaves Contatos: [&hellip;]<\/p>\n","protected":false},"author":1,"featured_media":0,"parent":0,"menu_order":0,"comment_status":"closed","ping_status":"closed","template":"","meta":{"_acf_changed":false,"footnotes":""},"tags":[],"class_list":["post-1086","page","type-page","status-publish","hentry"],"acf":[],"_links":{"self":[{"href":"https:\/\/www.ufmg.br\/prae\/wp-json\/wp\/v2\/pages\/1086","targetHints":{"allow":["GET"]}}],"collection":[{"href":"https:\/\/www.ufmg.br\/prae\/wp-json\/wp\/v2\/pages"}],"about":[{"href":"https:\/\/www.ufmg.br\/prae\/wp-json\/wp\/v2\/types\/page"}],"author":[{"embeddable":true,"href":"https:\/\/www.ufmg.br\/prae\/wp-json\/wp\/v2\/users\/1"}],"replies":[{"embeddable":true,"href":"https:\/\/www.ufmg.br\/prae\/wp-json\/wp\/v2\/comments?post=1086"}],"version-history":[{"count":28,"href":"https:\/\/www.ufmg.br\/prae\/wp-json\/wp\/v2\/pages\/1086\/revisions"}],"predecessor-version":[{"id":3774,"href":"https:\/\/www.ufmg.br\/prae\/wp-json\/wp\/v2\/pages\/1086\/revisions\/3774"}],"wp:attachment":[{"href":"https:\/\/www.ufmg.br\/prae\/wp-json\/wp\/v2\/media?parent=1086"}],"wp:term":[{"taxonomy":"post_tag","embeddable":true,"href":"https:\/\/www.ufmg.br\/prae\/wp-json\/wp\/v2\/tags?post=1086"}],"curies":[{"name":"wp","href":"https:\/\/api.w.org\/{rel}","templated":true}]}}