{"id":2027,"date":"2023-06-28T11:56:43","date_gmt":"2023-06-28T14:56:43","guid":{"rendered":"https:\/\/www.ufmg.br\/prae\/?page_id=2027"},"modified":"2026-03-20T09:49:27","modified_gmt":"2026-03-20T12:49:27","slug":"bolsa-permanencia","status":"publish","type":"page","link":"https:\/\/www.ufmg.br\/prae\/assistencia-estudantil\/bolsa-permanencia\/","title":{"rendered":"Bolsa Perman\u00eancia"},"content":{"rendered":"<p>O Programa de Bolsa Perman\u00eancia institu\u00eddo em 2013 tem por finalidade minimizar as desigualdades sociais, \u00e9tnico-raciais e contribuir para perman\u00eancia e diploma\u00e7\u00e3o dos estudantes de gradua\u00e7\u00e3o em situa\u00e7\u00e3o de vulnerabilidade socioecon\u00f4mica matriculados em cursos presenciais ofertados por institui\u00e7\u00f5es e institutos federais de ensino superior.<\/p>\n<p>A partir de maio de 2016, o programa passou a recepcionar apenas inscri\u00e7\u00f5es de estudantes ind\u00edgenas e quilombolas.<\/p>\n<style>#sp-ea-2409 .spcollapsing { height: 0; overflow: hidden; transition-property: height;transition-duration: 500ms;}#sp-ea-2409.sp-easy-accordion>.sp-ea-single {margin-bottom: 10px; border: 1px solid #e2e2e2; }#sp-ea-2409.sp-easy-accordion>.sp-ea-single>.ea-header a {color: #444;}#sp-ea-2409.sp-easy-accordion>.sp-ea-single>.sp-collapse>.ea-body {background: #fff; color: #444;}#sp-ea-2409.sp-easy-accordion>.sp-ea-single {background: #eee;}#sp-ea-2409.sp-easy-accordion>.sp-ea-single>.ea-header a .ea-expand-icon { float: left; color: #444;font-size: 16px;}<\/style><div id=\"sp_easy_accordion-1778601772\"><div id=\"sp-ea-2409\" class=\"sp-ea-one sp-easy-accordion\" data-ea-active=\"ea-click\" data-ea-mode=\"vertical\" data-preloader=\"\" data-scroll-active-item=\"\" data-offset-to-scroll=\"0\"><div class=\"ea-card ea-expand sp-ea-single\"><h3 class=\"ea-header\"><a class=\"collapsed\" id=\"ea-header-24090\" role=\"button\" data-sptoggle=\"spcollapse\" data-sptarget=\"#collapse24090\" aria-controls=\"collapse24090\" href=\"#\" aria-expanded=\"true\" tabindex=\"0\"><i aria-hidden=\"true\" role=\"presentation\" class=\"ea-expand-icon eap-icon-ea-expand-minus\"><\/i> Regulamenta\u00e7\u00e3o do Programa Bolsa Perman\u00eancia na UFMG<\/a><\/h3><div class=\"sp-collapse spcollapse collapsed show\" id=\"collapse24090\" data-parent=\"#sp-ea-2409\" role=\"region\" aria-labelledby=\"ea-header-24090\"> <div class=\"ea-body\"><h6><a href=\"https:\/\/www.ufmg.br\/prae\/wp-content\/uploads\/2025\/10\/Portaria-10812.pdf\" target=\"_blank\" rel=\"noopener\"><span style=\"color: #0000ff\">Portaria 10.812 de 24 de outubro de 2025<\/span><\/a><\/h6><h6><a href=\"https:\/\/www.ufmg.br\/prae\/wp-content\/uploads\/2025\/11\/SEI_4725321_Portaria_11291.pdf\" target=\"_blank\" rel=\"noopener\"><span style=\"color: #0000ff\">Portaria 11.291 de 10 de novembro de 2025\u00a0<\/span><\/a><\/h6><\/div><\/div><\/div><div class=\"ea-card sp-ea-single\"><h3 class=\"ea-header\"><a class=\"collapsed\" id=\"ea-header-24091\" role=\"button\" data-sptoggle=\"spcollapse\" data-sptarget=\"#collapse24091\" aria-controls=\"collapse24091\" href=\"#\" aria-expanded=\"false\" tabindex=\"0\"><i aria-hidden=\"true\" role=\"presentation\" class=\"ea-expand-icon eap-icon-ea-expand-plus\"><\/i> Quem pode utilizar este servi\u00e7o?<\/a><\/h3><div class=\"sp-collapse spcollapse \" id=\"collapse24091\" data-parent=\"#sp-ea-2409\" role=\"region\" aria-labelledby=\"ea-header-24091\"> <div class=\"ea-body\"><p>Discentes graduandos em cursos presenciais em institui\u00e7\u00f5es federais de ensino superior.<\/p><\/div><\/div><\/div><div class=\"ea-card sp-ea-single\"><h3 class=\"ea-header\"><a class=\"collapsed\" id=\"ea-header-24092\" role=\"button\" data-sptoggle=\"spcollapse\" data-sptarget=\"#collapse24092\" aria-controls=\"collapse24092\" href=\"#\" aria-expanded=\"false\" tabindex=\"0\"><i aria-hidden=\"true\" role=\"presentation\" class=\"ea-expand-icon eap-icon-ea-expand-plus\"><\/i> Poder\u00e1 receber a Bolsa Perman\u00eancia o estudante que cumprir, cumulativamente, as seguintes condi\u00e7\u00f5es:<\/a><\/h3><div class=\"sp-collapse spcollapse \" id=\"collapse24092\" data-parent=\"#sp-ea-2409\" role=\"region\" aria-labelledby=\"ea-header-24092\"> <div class=\"ea-body\"><p>a) estar matriculado em curso presencial de gradua\u00e7\u00e3o ofertado por institui\u00e7\u00e3o federal de ensino superior;<\/p><p>b) comprovar a condi\u00e7\u00e3o de estudante ind\u00edgena ou quilombola, nos termos do inciso II do Anexo I da Portaria MEC n\u00ba 389\/2013;<\/p><p>c) n\u00e3o ultrapassar dois semestres do tempo regulamentar do curso de gradua\u00e7\u00e3o em que estiver matriculado para se diplomar;<\/p><p>d) ter assinado o Termo de Compromisso conforme Anexo II da Portaria MEC n\u00ba 389\/2013;<\/p><p>e) ter seu cadastro devidamente aprovado e mensalmente homologado pela institui\u00e7\u00e3o federal de ensino superior no \u00e2mbito do sistema de informa\u00e7\u00e3o do programa.<\/p><\/div><\/div><\/div><div class=\"ea-card sp-ea-single\"><h3 class=\"ea-header\"><a class=\"collapsed\" id=\"ea-header-24093\" role=\"button\" data-sptoggle=\"spcollapse\" data-sptarget=\"#collapse24093\" aria-controls=\"collapse24093\" href=\"#\" aria-expanded=\"false\" tabindex=\"0\"><i aria-hidden=\"true\" role=\"presentation\" class=\"ea-expand-icon eap-icon-ea-expand-plus\"><\/i> Documenta\u00e7\u00e3o m\u00ednima comprobat\u00f3ria da condi\u00e7\u00e3o de estudante ind\u00edgena e quilombola<\/a><\/h3><div class=\"sp-collapse spcollapse \" id=\"collapse24093\" data-parent=\"#sp-ea-2409\" role=\"region\" aria-labelledby=\"ea-header-24093\"> <div class=\"ea-body\"><p>1. Auto declara\u00e7\u00e3o do candidato;<\/p><p>2. Declara\u00e7\u00e3o de sua respectiva comunidade sobre sua condi\u00e7\u00e3o de pertencimento \u00e9tnico, assinada por pelo menos 03 (tr\u00eas) lideran\u00e7as reconhecidas;<\/p><p>3. Declara\u00e7\u00e3o da Funda\u00e7\u00e3o Nacional do \u00cdndio \u2013 Funai de que o estudante ind\u00edgena reside em comunidade ind\u00edgena ou comprovante de resid\u00eancia em comunidade ind\u00edgena; e<\/p><p>4. Declara\u00e7\u00e3o da Funda\u00e7\u00e3o Cultural Palmares de que o estudante quilombola reside em comunidade remanescente de quilombo ou comprovante de resid\u00eancia em comunidade quilombola.<\/p><p>As declara\u00e7\u00f5es referidas nos itens 3 e 4 podem ser substitu\u00eddas por declara\u00e7\u00f5es expedidas pela respectiva comunidade do estudante, assinada por pelo menos 03 (tr\u00eas) lideran\u00e7as reconhecidas.<\/p><\/div><\/div><\/div><div class=\"ea-card sp-ea-single\"><h3 class=\"ea-header\"><a class=\"collapsed\" id=\"ea-header-24094\" role=\"button\" data-sptoggle=\"spcollapse\" data-sptarget=\"#collapse24094\" aria-controls=\"collapse24094\" href=\"#\" aria-expanded=\"false\" tabindex=\"0\"><i aria-hidden=\"true\" role=\"presentation\" class=\"ea-expand-icon eap-icon-ea-expand-plus\"><\/i> Instru\u00e7\u00f5es para inscri\u00e7\u00e3o<\/a><\/h3><div class=\"sp-collapse spcollapse \" id=\"collapse24094\" data-parent=\"#sp-ea-2409\" role=\"region\" aria-labelledby=\"ea-header-24094\"> <div class=\"ea-body\"><h6><span style=\"color: #0000ff\"><a style=\"color: #0000ff\" href=\"https:\/\/www.ufmg.br\/prae\/noticia\/edital-2040-2025-programa-bolsa-permanencia\/\" target=\"_blank\" rel=\"noopener\">Clique aqui e acesse as instru\u00e7\u00f5es para inscri\u00e7\u00e3o no programa bolsa perman\u00eancia<\/a><\/span><\/h6><\/div><\/div><\/div><div class=\"ea-card sp-ea-single\"><h3 class=\"ea-header\"><a class=\"collapsed\" id=\"ea-header-24095\" role=\"button\" data-sptoggle=\"spcollapse\" data-sptarget=\"#collapse24095\" aria-controls=\"collapse24095\" href=\"#\" aria-expanded=\"false\" tabindex=\"0\"><i aria-hidden=\"true\" role=\"presentation\" class=\"ea-expand-icon eap-icon-ea-expand-plus\"><\/i> Editais<\/a><\/h3><div class=\"sp-collapse spcollapse \" id=\"collapse24095\" data-parent=\"#sp-ea-2409\" role=\"region\" aria-labelledby=\"ea-header-24095\"> <div class=\"ea-body\"><style>#sp-ea-3150 .spcollapsing { height: 0; overflow: hidden; transition-property: height;transition-duration: 500ms;}#sp-ea-3150.sp-easy-accordion>.sp-ea-single {margin-bottom: 10px; border: 1px solid #e2e2e2; }#sp-ea-3150.sp-easy-accordion>.sp-ea-single>.ea-header a {color: #444;}#sp-ea-3150.sp-easy-accordion>.sp-ea-single>.sp-collapse>.ea-body {background: #fff; color: #444;}#sp-ea-3150.sp-easy-accordion>.sp-ea-single {background: #eee;}#sp-ea-3150.sp-easy-accordion>.sp-ea-single>.ea-header a .ea-expand-icon { float: left; color: #444;font-size: 16px;}<\/style><div id=\"sp_easy_accordion-1774536738\"><div id=\"sp-ea-3150\" class=\"sp-ea-one sp-easy-accordion\" data-ea-active=\"ea-click\" data-ea-mode=\"vertical\" data-preloader=\"\" data-scroll-active-item=\"\" data-offset-to-scroll=\"0\"><div class=\"ea-card ea-expand sp-ea-single\"><h3 class=\"ea-header\"><a class=\"collapsed\" id=\"ea-header-31500\" role=\"button\" data-sptoggle=\"spcollapse\" data-sptarget=\"#collapse31500\" aria-controls=\"collapse31500\" href=\"#\" aria-expanded=\"true\" tabindex=\"0\"><i aria-hidden=\"true\" role=\"presentation\" class=\"ea-expand-icon eap-icon-ea-expand-minus\"><\/i> Edital 1182\/2024<\/a><\/h3><div class=\"sp-collapse spcollapse collapsed show\" id=\"collapse31500\" data-parent=\"#sp-ea-3150\" role=\"region\" aria-labelledby=\"ea-header-31500\"> <div class=\"ea-body\"><h6>Clique nos links abaixo e acesse as informa\u00e7\u00f5es<\/h6><h6><a href=\"https:\/\/www.ufmg.br\/prae\/wp-content\/uploads\/2024\/06\/Edital-1182.pdf\" target=\"_blank\" rel=\"noopener\"><span style=\"color: #0000ff\">Edital\u00a0<\/span><\/a><\/h6><h6><a href=\"https:\/\/www.ufmg.br\/prae\/wp-content\/uploads\/2024\/07\/Lista-de-Inscritos-no-Processo-Seletivo.pdf\" target=\"_blank\" rel=\"noopener\"><span style=\"color: #0000ff\">Lista de inscritos<\/span><\/a><\/h6><h6><a href=\"https:\/\/www.ufmg.br\/prae\/wp-content\/uploads\/2024\/07\/Classificacao-Preliminar-PBP-2024-1.pdf\" target=\"_blank\" rel=\"noopener\"><span style=\"color: #0000ff\">Lista de classifica\u00e7\u00e3o preliminar<\/span><\/a><\/h6><h6><a href=\"https:\/\/www.ufmg.br\/prae\/wp-content\/uploads\/2024\/07\/SEI_UFMG-3405638-Classificacao-Final-PBP.pdf\" target=\"_blank\" rel=\"noopener\"><span style=\"color: #0000ff\">Lista de classifica\u00e7\u00e3o final<\/span><\/a><\/h6><\/div><\/div><\/div><div class=\"ea-card sp-ea-single\"><h3 class=\"ea-header\"><a class=\"collapsed\" id=\"ea-header-31501\" role=\"button\" data-sptoggle=\"spcollapse\" data-sptarget=\"#collapse31501\" aria-controls=\"collapse31501\" href=\"#\" aria-expanded=\"false\" tabindex=\"0\"><i aria-hidden=\"true\" role=\"presentation\" class=\"ea-expand-icon eap-icon-ea-expand-plus\"><\/i> Edital 1576\/2024<\/a><\/h3><div class=\"sp-collapse spcollapse \" id=\"collapse31501\" data-parent=\"#sp-ea-3150\" role=\"region\" aria-labelledby=\"ea-header-31501\"> <div class=\"ea-body\"><h6>Clique nos links abaixo e acesse as informa\u00e7\u00f5es<\/h6><h6><a href=\"https:\/\/www.ufmg.br\/prae\/wp-content\/uploads\/2024\/08\/Edital-1576-Bolsa-Permanencia.pdf\" target=\"_blank\" rel=\"noopener\"><span style=\"color: #0000ff\">Edital\u00a0<\/span><\/a><\/h6><h6><a href=\"https:\/\/www.ufmg.br\/prae\/wp-content\/uploads\/2024\/08\/Edital-1576-Lista-de-Inscritos-no-Processo-Seletivo.pdf\" target=\"_blank\" rel=\"noopener\"><span style=\"color: #0000ff\">Lista de inscritos<\/span><\/a><\/h6><h6><a href=\"https:\/\/www.ufmg.br\/prae\/wp-content\/uploads\/2024\/08\/Lista-de-inscricoes.pdf\" target=\"_blank\" rel=\"noopener\"><span style=\"color: #0000ff\">Lista de classifica\u00e7\u00e3o preliminar<\/span><\/a><\/h6><h6><a href=\"https:\/\/www.ufmg.br\/prae\/wp-content\/uploads\/2024\/08\/Lista-de-Classificacao-de-Processo-Seletivo.pdf\" target=\"_blank\" rel=\"noopener\"><span style=\"color: #0000ff\">Lista de classifica\u00e7\u00e3o final<\/span><\/a><\/h6><\/div><\/div><\/div><div class=\"ea-card sp-ea-single\"><h3 class=\"ea-header\"><a class=\"collapsed\" id=\"ea-header-31502\" role=\"button\" data-sptoggle=\"spcollapse\" data-sptarget=\"#collapse31502\" aria-controls=\"collapse31502\" href=\"#\" aria-expanded=\"false\" tabindex=\"0\"><i aria-hidden=\"true\" role=\"presentation\" class=\"ea-expand-icon eap-icon-ea-expand-plus\"><\/i> Edital 1883\/2024<\/a><\/h3><div class=\"sp-collapse spcollapse \" id=\"collapse31502\" data-parent=\"#sp-ea-3150\" role=\"region\" aria-labelledby=\"ea-header-31502\"> <div class=\"ea-body\"><h6>Clique nos links abaixo e acesse as informa\u00e7\u00f5es<\/h6><h6><a href=\"https:\/\/www.ufmg.br\/prae\/wp-content\/uploads\/2024\/09\/Edital-1883-2024-1.pdf\" target=\"_blank\" rel=\"noopener\"><span style=\"color: #0000ff\">Edital\u00a0<\/span><\/a><\/h6><h6><a href=\"https:\/\/www.ufmg.br\/prae\/wp-content\/uploads\/2024\/11\/Lista-de-Inscritos-no-Processo-Seletivo.pdf\" target=\"_blank\" rel=\"noopener\"><span style=\"color: #0000ff\">Lista de inscritos<\/span><\/a><\/h6><h6><a href=\"https:\/\/www.ufmg.br\/prae\/wp-content\/uploads\/2024\/11\/SEI_UFMG-3724241-Lista.pdf\" target=\"_blank\" rel=\"noopener\"><span style=\"color: #0000ff\">Lista de classifica\u00e7\u00e3o preliminar<\/span><\/a><\/h6><h6><a href=\"https:\/\/www.ufmg.br\/prae\/wp-content\/uploads\/2024\/11\/SEI_UFMG-3743117-Lista-de-Classificacao-de-Processo-Seletivo.pdf\" target=\"_blank\" rel=\"noopener\"><span style=\"color: #0000ff\">Lista de classifica\u00e7\u00e3o final<\/span><\/a><\/h6><\/div><\/div><\/div><div class=\"ea-card sp-ea-single\"><h3 class=\"ea-header\"><a class=\"collapsed\" id=\"ea-header-31503\" role=\"button\" data-sptoggle=\"spcollapse\" data-sptarget=\"#collapse31503\" aria-controls=\"collapse31503\" href=\"#\" aria-expanded=\"false\" tabindex=\"0\"><i aria-hidden=\"true\" role=\"presentation\" class=\"ea-expand-icon eap-icon-ea-expand-plus\"><\/i> Edital 743\/2025<\/a><\/h3><div class=\"sp-collapse spcollapse \" id=\"collapse31503\" data-parent=\"#sp-ea-3150\" role=\"region\" aria-labelledby=\"ea-header-31503\"> <div class=\"ea-body\"><h6>Clique nos links abaixo e acesse as informa\u00e7\u00f5es<\/h6><h6><a href=\"https:\/\/www.ufmg.br\/prae\/wp-content\/uploads\/2025\/03\/Edital-743-2025.pdf\" target=\"_blank\" rel=\"noopener\"><span style=\"color: #0000ff\">Edital\u00a0<\/span><\/a><\/h6><h6><a href=\"https:\/\/www.ufmg.br\/prae\/wp-content\/uploads\/2025\/03\/Aviso-de-Retificacao.pdf\" target=\"_blank\" rel=\"noopener\"><span style=\"color: #0000ff\">Aviso de retifica\u00e7\u00e3o<\/span><\/a><\/h6><h6><span style=\"color: #0000ff\"><a style=\"color: #0000ff\" href=\"https:\/\/www.ufmg.br\/prae\/wp-content\/uploads\/2025\/05\/SEI_UFMG-4196956-Lista-de-Inscritos-no-Processo-Seletivo.pdf\" target=\"_blank\" rel=\"noopener\">Lista de inscritos<\/a><\/span><\/h6><h6><a href=\"https:\/\/www.ufmg.br\/prae\/wp-content\/uploads\/2025\/05\/SEI_UFMG-4229592-Lista-Homologados-Nao-Homologados.pdf\" target=\"_blank\" rel=\"noopener\"><span style=\"color: #0000ff\">Lista de inscri\u00e7\u00f5es homologadas e n\u00e3o homologadas<\/span><\/a><\/h6><h6><a href=\"https:\/\/www.ufmg.br\/prae\/wp-content\/uploads\/2025\/05\/SEI_UFMG-4250641-Lista-de-Classificacao-de-Processo-Seletivo.pdf\" target=\"_blank\" rel=\"noopener\"><span style=\"color: #0000ff\">Lista de classifica\u00e7\u00e3o preliminar<\/span><\/a><\/h6><h6><a href=\"https:\/\/www.ufmg.br\/prae\/wp-content\/uploads\/2025\/06\/SEI_UFMG-4265293-Lista-de-Classificacao-de-Processo-Seletivo.pdf\" target=\"_blank\" rel=\"noopener\"><span style=\"color: #0000ff\">Lista de classifica\u00e7\u00e3o final<\/span><\/a><\/h6><\/div><\/div><\/div><div class=\"ea-card sp-ea-single\"><h3 class=\"ea-header\"><a class=\"collapsed\" id=\"ea-header-31504\" role=\"button\" data-sptoggle=\"spcollapse\" data-sptarget=\"#collapse31504\" aria-controls=\"collapse31504\" href=\"#\" aria-expanded=\"false\" tabindex=\"0\"><i aria-hidden=\"true\" role=\"presentation\" class=\"ea-expand-icon eap-icon-ea-expand-plus\"><\/i> Edital 2040\/2025<\/a><\/h3><div class=\"sp-collapse spcollapse \" id=\"collapse31504\" data-parent=\"#sp-ea-3150\" role=\"region\" aria-labelledby=\"ea-header-31504\"> <div class=\"ea-body\"><h6>Clique nos links abaixo e acesse as informa\u00e7\u00f5es<\/h6><h6><a href=\"https:\/\/www.ufmg.br\/prae\/wp-content\/uploads\/2025\/08\/Edital-2040.pdf\" target=\"_blank\" rel=\"noopener\"><span style=\"color: #0000ff\">Edital<\/span><\/a><\/h6><h6><a href=\"https:\/\/www.ufmg.br\/prae\/wp-content\/uploads\/2025\/11\/SEI_4745512_Lista_de_Classificacao_de_Processo_Seletivo.pdf\" target=\"_blank\" rel=\"noopener\"><span style=\"color: #0000ff\">Lista de inscri\u00e7\u00f5es homologadas e n\u00e3o homologadas<\/span><\/a><\/h6><h6><a href=\"https:\/\/www.ufmg.br\/prae\/wp-content\/uploads\/2025\/11\/SEI_4764582_Edital_de_Retificacao.pdf\" target=\"_blank\" rel=\"noopener\"><span style=\"color: #0000ff\">Retifica\u00e7\u00e3o do Edital 2040-2025<\/span><\/a><\/h6><h6><a href=\"https:\/\/www.ufmg.br\/prae\/wp-content\/uploads\/2025\/11\/SEI_4776753_Lista_de_Classificacao_de_Processo_Seletivo-Resultado-Preliminar.pdf\" target=\"_blank\" rel=\"noopener\"><span style=\"color: #0000ff\">Lista preliminar de classifica\u00e7\u00e3o e resultado dos recursos<\/span><\/a><\/h6><h6><a href=\"https:\/\/www.ufmg.br\/prae\/wp-content\/uploads\/2025\/12\/SEI_4790707_Lista-de-Classificacao-Final.pdf\" target=\"_blank\" rel=\"noopener\"><span style=\"color: #0000ff\">Resultado final de classifica\u00e7\u00e3o<\/span><\/a><\/h6><p>&nbsp;<\/p><\/div><\/div><\/div><div class=\"ea-card sp-ea-single\"><h3 class=\"ea-header\"><a class=\"collapsed\" id=\"ea-header-31505\" role=\"button\" data-sptoggle=\"spcollapse\" data-sptarget=\"#collapse31505\" aria-controls=\"collapse31505\" href=\"#\" aria-expanded=\"false\" tabindex=\"0\"><i aria-hidden=\"true\" role=\"presentation\" class=\"ea-expand-icon eap-icon-ea-expand-plus\"><\/i> Edital 725\/2026<\/a><\/h3><div class=\"sp-collapse spcollapse \" id=\"collapse31505\" data-parent=\"#sp-ea-3150\" role=\"region\" aria-labelledby=\"ea-header-31505\"> <div class=\"ea-body\"><h6>Clique nos links abaixo e acesse as informa\u00e7\u00f5es<\/h6><h6><a href=\"https:\/\/www.ufmg.br\/prae\/wp-content\/uploads\/2026\/03\/SEI_5056130_Edital_725_2026.pdf\" target=\"_blank\" rel=\"noopener\"><span style=\"color: #0000ff\">Edital<\/span><\/a><\/h6><\/div><\/div><\/div><\/div><\/div><\/div><\/div><\/div><div class=\"ea-card sp-ea-single\"><h3 class=\"ea-header\"><a class=\"collapsed\" id=\"ea-header-24096\" role=\"button\" data-sptoggle=\"spcollapse\" data-sptarget=\"#collapse24096\" aria-controls=\"collapse24096\" href=\"#\" aria-expanded=\"false\" tabindex=\"0\"><i aria-hidden=\"true\" role=\"presentation\" class=\"ea-expand-icon eap-icon-ea-expand-plus\"><\/i> Transpar\u00eancia<\/a><\/h3><div class=\"sp-collapse spcollapse \" id=\"collapse24096\" data-parent=\"#sp-ea-2409\" role=\"region\" aria-labelledby=\"ea-header-24096\"> <div class=\"ea-body\"><p>Clique nos links abaixo e acesse o relat\u00f3rio de homologa\u00e7\u00e3o de bolsas.<\/p><style>#sp-ea-3149 .spcollapsing { height: 0; overflow: hidden; transition-property: height;transition-duration: 500ms;}#sp-ea-3149.sp-easy-accordion>.sp-ea-single {margin-bottom: 10px; border: 1px solid #e2e2e2; }#sp-ea-3149.sp-easy-accordion>.sp-ea-single>.ea-header a {color: #444;}#sp-ea-3149.sp-easy-accordion>.sp-ea-single>.sp-collapse>.ea-body {background: #fff; color: #444;}#sp-ea-3149.sp-easy-accordion>.sp-ea-single {background: #eee;}#sp-ea-3149.sp-easy-accordion>.sp-ea-single>.ea-header a .ea-expand-icon { float: left; color: #444;font-size: 16px;}<\/style><div id=\"sp_easy_accordion-1778601772\"><div id=\"sp-ea-3149\" class=\"sp-ea-one sp-easy-accordion\" data-ea-active=\"ea-click\" data-ea-mode=\"vertical\" data-preloader=\"\" data-scroll-active-item=\"\" data-offset-to-scroll=\"0\"><div class=\"ea-card ea-expand sp-ea-single\"><h3 class=\"ea-header\"><a class=\"collapsed\" id=\"ea-header-31490\" role=\"button\" data-sptoggle=\"spcollapse\" data-sptarget=\"#collapse31490\" aria-controls=\"collapse31490\" href=\"#\" aria-expanded=\"true\" tabindex=\"0\"><i aria-hidden=\"true\" role=\"presentation\" class=\"ea-expand-icon eap-icon-ea-expand-minus\"><\/i> 2025<\/a><\/h3><div class=\"sp-collapse spcollapse collapsed show\" id=\"collapse31490\" data-parent=\"#sp-ea-3149\" role=\"region\" aria-labelledby=\"ea-header-31490\"> <div class=\"ea-body\"><h6><a href=\"https:\/\/www.ufmg.br\/prae\/wp-content\/uploads\/2025\/04\/Relatorio-PBP-JAN.pdf\" target=\"_blank\" rel=\"noopener\"><span style=\"color: #0000ff\">Janeiro<\/span><\/a><\/h6><h6><a href=\"https:\/\/www.ufmg.br\/prae\/wp-content\/uploads\/2025\/04\/Relatorio-PBP-FEV.pdf\" target=\"_blank\" rel=\"noopener\"><span style=\"color: #0000ff\">Fevereiro<\/span><\/a><\/h6><h6><a href=\"https:\/\/www.ufmg.br\/prae\/wp-content\/uploads\/2025\/04\/Relatorio-PBP-MAR.pdf\" target=\"_blank\" rel=\"noopener\"><span style=\"color: #0000ff\">Mar\u00e7o<\/span><\/a><\/h6><h6><a href=\"https:\/\/www.ufmg.br\/prae\/wp-content\/uploads\/2025\/04\/Relatorio-PBP-ABR.pdf\" target=\"_blank\" rel=\"noopener\"><span style=\"color: #0000ff\">Abril<\/span><\/a><\/h6><h6><a href=\"https:\/\/www.ufmg.br\/prae\/wp-content\/uploads\/2025\/05\/Relatorio-PBP-MAI.pdf\" target=\"_blank\" rel=\"noopener\"><span style=\"color: #0000ff\">Maio<\/span><\/a><\/h6><h6><a href=\"https:\/\/www.ufmg.br\/prae\/wp-content\/uploads\/2025\/06\/SEI_UFMG-4286246-Relatorio.pdf\" target=\"_blank\" rel=\"noopener\"><span style=\"color: #0000ff\">Junho<\/span><\/a><\/h6><h6><span style=\"color: #0000ff\"><a style=\"color: #0000ff\" href=\"https:\/\/www.ufmg.br\/prae\/wp-content\/uploads\/2025\/08\/Relatorio-Julho-2025.pdf\" target=\"_blank\" rel=\"noopener\">Julho<\/a><\/span><\/h6><h6><span style=\"color: #0000ff\"><a style=\"color: #0000ff\" href=\"https:\/\/www.ufmg.br\/prae\/wp-content\/uploads\/2025\/08\/Relatorio-Agosto-2025.pdf\" target=\"_blank\" rel=\"noopener\">Agosto<\/a><\/span><\/h6><h6><a href=\"https:\/\/www.ufmg.br\/prae\/wp-content\/uploads\/2025\/10\/Relatorio-Setembro-2025.pdf\" target=\"_blank\" rel=\"noopener\"><span style=\"color: #0000ff\">Setembro<\/span><\/a><\/h6><h6><a href=\"https:\/\/www.ufmg.br\/prae\/wp-content\/uploads\/2025\/10\/Relatorio-Outubro-2025.pdf\" target=\"_blank\" rel=\"noopener\"><span style=\"color: #0000ff\">Outubro<\/span><\/a><\/h6><\/div><\/div><\/div><\/div><\/div><\/div><\/div><\/div><\/div><\/div>\n<h4><\/h4>\n<p>&nbsp;<\/p>\n<p>&nbsp;<\/p>\n","protected":false},"excerpt":{"rendered":"<p>O Programa de Bolsa Perman\u00eancia institu\u00eddo em 2013 tem por [&hellip;]<\/p>\n","protected":false},"author":2,"featured_media":0,"parent":523,"menu_order":0,"comment_status":"closed","ping_status":"closed","template":"","meta":{"_acf_changed":false,"footnotes":""},"tags":[],"class_list":["post-2027","page","type-page","status-publish","hentry"],"acf":[],"_links":{"self":[{"href":"https:\/\/www.ufmg.br\/prae\/wp-json\/wp\/v2\/pages\/2027","targetHints":{"allow":["GET"]}}],"collection":[{"href":"https:\/\/www.ufmg.br\/prae\/wp-json\/wp\/v2\/pages"}],"about":[{"href":"https:\/\/www.ufmg.br\/prae\/wp-json\/wp\/v2\/types\/page"}],"author":[{"embeddable":true,"href":"https:\/\/www.ufmg.br\/prae\/wp-json\/wp\/v2\/users\/2"}],"replies":[{"embeddable":true,"href":"https:\/\/www.ufmg.br\/prae\/wp-json\/wp\/v2\/comments?post=2027"}],"version-history":[{"count":20,"href":"https:\/\/www.ufmg.br\/prae\/wp-json\/wp\/v2\/pages\/2027\/revisions"}],"predecessor-version":[{"id":3752,"href":"https:\/\/www.ufmg.br\/prae\/wp-json\/wp\/v2\/pages\/2027\/revisions\/3752"}],"up":[{"embeddable":true,"href":"https:\/\/www.ufmg.br\/prae\/wp-json\/wp\/v2\/pages\/523"}],"wp:attachment":[{"href":"https:\/\/www.ufmg.br\/prae\/wp-json\/wp\/v2\/media?parent=2027"}],"wp:term":[{"taxonomy":"post_tag","embeddable":true,"href":"https:\/\/www.ufmg.br\/prae\/wp-json\/wp\/v2\/tags?post=2027"}],"curies":[{"name":"wp","href":"https:\/\/api.w.org\/{rel}","templated":true}]}}