{"id":2104,"date":"2023-08-28T12:08:04","date_gmt":"2023-08-28T15:08:04","guid":{"rendered":"https:\/\/www.ufmg.br\/prae\/?page_id=2104"},"modified":"2024-12-16T10:11:35","modified_gmt":"2024-12-16T13:11:35","slug":"documentos-institucionais","status":"publish","type":"page","link":"https:\/\/www.ufmg.br\/prae\/sobre-a-prae\/documentos-institucionais\/","title":{"rendered":"Documentos Institucionais"},"content":{"rendered":"<style>#sp-ea-2352 .spcollapsing { height: 0; overflow: hidden; transition-property: height;transition-duration: 500ms;}#sp-ea-2352.sp-easy-accordion>.sp-ea-single {margin-bottom: 10px; border: 1px solid #e2e2e2; }#sp-ea-2352.sp-easy-accordion>.sp-ea-single>.ea-header a {color: #444;}#sp-ea-2352.sp-easy-accordion>.sp-ea-single>.sp-collapse>.ea-body {background: #fff; color: #444;}#sp-ea-2352.sp-easy-accordion>.sp-ea-single {background: #eee;}#sp-ea-2352.sp-easy-accordion>.sp-ea-single>.ea-header a .ea-expand-icon { float: left; color: #444;font-size: 16px;}<\/style><div id=\"sp_easy_accordion-1775658868\"><div id=\"sp-ea-2352\" class=\"sp-ea-one sp-easy-accordion\" data-ea-active=\"ea-click\" data-ea-mode=\"vertical\" data-preloader=\"\" data-scroll-active-item=\"\" data-offset-to-scroll=\"0\"><div class=\"ea-card ea-expand sp-ea-single\"><h3 class=\"ea-header\"><a class=\"collapsed\" id=\"ea-header-23520\" role=\"button\" data-sptoggle=\"spcollapse\" data-sptarget=\"#collapse23520\" aria-controls=\"collapse23520\" href=\"#\" aria-expanded=\"true\" tabindex=\"0\"><i aria-hidden=\"true\" role=\"presentation\" class=\"ea-expand-icon eap-icon-ea-expand-minus\"><\/i> Plano de Desenvolvimento Institucional<\/a><\/h3><div class=\"sp-collapse spcollapse collapsed show\" id=\"collapse23520\" data-parent=\"#sp-ea-2352\" role=\"region\" aria-labelledby=\"ea-header-23520\"> <div class=\"ea-body\"><p><span style=\"color: #0000ff\"><a style=\"color: #0000ff\" href=\"https:\/\/www.ufmg.br\/prae\/wp-content\/uploads\/2024\/08\/PDI-2024-2029.pdf\" target=\"_blank\" rel=\"noopener\">PDI 2024-2029<\/a><\/span><\/p><\/div><\/div><\/div><div class=\"ea-card sp-ea-single\"><h3 class=\"ea-header\"><a class=\"collapsed\" id=\"ea-header-23521\" role=\"button\" data-sptoggle=\"spcollapse\" data-sptarget=\"#collapse23521\" aria-controls=\"collapse23521\" href=\"#\" aria-expanded=\"false\" tabindex=\"0\"><i aria-hidden=\"true\" role=\"presentation\" class=\"ea-expand-icon eap-icon-ea-expand-plus\"><\/i> RESOLU\u00c7\u00c3O COMPLEMENTAR N\u00ba 05\/2014, DE 11 DE NOVEMBRO DE 2014<\/a><\/h3><div class=\"sp-collapse spcollapse \" id=\"collapse23521\" data-parent=\"#sp-ea-2352\" role=\"region\" aria-labelledby=\"ea-header-23521\"> <div class=\"ea-body\"><p><a href=\"https:\/\/www.ufmg.br\/prae\/wp-content\/uploads\/2023\/10\/RESOLUCAO-COMPLEMENTAR-No-05-2014-DE-11-DE-NOVEMBRO-DE-2014.pdf\" target=\"_blank\" rel=\"noopener\"><span style=\"color: #0000ff\">Cria\u00e7\u00e3o da Pr\u00f3-Reitoria de Assuntos Estudantis<\/span><\/a><\/p><\/div><\/div><\/div><div class=\"ea-card sp-ea-single\"><h3 class=\"ea-header\"><a class=\"collapsed\" id=\"ea-header-23522\" role=\"button\" data-sptoggle=\"spcollapse\" data-sptarget=\"#collapse23522\" aria-controls=\"collapse23522\" href=\"#\" aria-expanded=\"false\" tabindex=\"0\"><i aria-hidden=\"true\" role=\"presentation\" class=\"ea-expand-icon eap-icon-ea-expand-plus\"><\/i> RESOLU\u00c7\u00c3O N\u00ba 11\/2014, DE 11 DE NOVEMBRO DE 2014<\/a><\/h3><div class=\"sp-collapse spcollapse \" id=\"collapse23522\" data-parent=\"#sp-ea-2352\" role=\"region\" aria-labelledby=\"ea-header-23522\"> <div class=\"ea-body\"><p><a href=\"https:\/\/www.ufmg.br\/prae\/wp-content\/uploads\/2023\/10\/RESOLUCAO-No-11-2014-DE-11-DE-NOVEMBRO-DE-2014.pdf\" target=\"_blank\" rel=\"noopener\"><span style=\"color: #0000ff\">Estabelece as compet\u00eancias e a estrutura da Pr\u00f3-Reitoria de Assuntos Estudantis-PRAE.<\/span><\/a><\/p><\/div><\/div><\/div><div class=\"ea-card sp-ea-single\"><h3 class=\"ea-header\"><a class=\"collapsed\" id=\"ea-header-23523\" role=\"button\" data-sptoggle=\"spcollapse\" data-sptarget=\"#collapse23523\" aria-controls=\"collapse23523\" href=\"#\" aria-expanded=\"false\" tabindex=\"0\"><i aria-hidden=\"true\" role=\"presentation\" class=\"ea-expand-icon eap-icon-ea-expand-plus\"><\/i> RESOLU\u00c7\u00c3O No 17\/2015, DE 24 DE NOVEMBRO DE 2015<\/a><\/h3><div class=\"sp-collapse spcollapse \" id=\"collapse23523\" data-parent=\"#sp-ea-2352\" role=\"region\" aria-labelledby=\"ea-header-23523\"> <div class=\"ea-body\"><p><span style=\"color: #0000ff\"><a style=\"color: #0000ff\" href=\"https:\/\/www.ufmg.br\/prae\/wp-content\/uploads\/2023\/11\/Regimento-Interno-PRAE.pdf\" target=\"_blank\" rel=\"noopener\">Regimento Interno da Pr\u00f3-Reitoria de Assuntos Estudantis\u2013PRAE da Universidade Federal de Minas Gerais<\/a><\/span><\/p><\/div><\/div><\/div><div class=\"ea-card sp-ea-single\"><h3 class=\"ea-header\"><a class=\"collapsed\" id=\"ea-header-23524\" role=\"button\" data-sptoggle=\"spcollapse\" data-sptarget=\"#collapse23524\" aria-controls=\"collapse23524\" href=\"#\" aria-expanded=\"false\" tabindex=\"0\"><i aria-hidden=\"true\" role=\"presentation\" class=\"ea-expand-icon eap-icon-ea-expand-plus\"><\/i> Documento orientador da Pol\u00edtica de Perman\u00eancia de Estudantes<\/a><\/h3><div class=\"sp-collapse spcollapse \" id=\"collapse23524\" data-parent=\"#sp-ea-2352\" role=\"region\" aria-labelledby=\"ea-header-23524\"> <div class=\"ea-body\"><h3><span style=\"color: #0000ff\"><a style=\"color: #0000ff\" href=\"https:\/\/www.ufmg.br\/prae\/wp-content\/uploads\/2023\/08\/Documentos-Orientador-Permanencia-PRAE-UFMG.pdf\" target=\"_blank\" rel=\"noopener\">Documento orientador da Pol\u00edtica de Perman\u00eancia de Estudantes<\/a><\/span><\/h3><\/div><\/div><\/div><div class=\"ea-card sp-ea-single\"><h3 class=\"ea-header\"><a class=\"collapsed\" id=\"ea-header-23525\" role=\"button\" data-sptoggle=\"spcollapse\" data-sptarget=\"#collapse23525\" aria-controls=\"collapse23525\" href=\"#\" aria-expanded=\"false\" tabindex=\"0\"><i aria-hidden=\"true\" role=\"presentation\" class=\"ea-expand-icon eap-icon-ea-expand-plus\"><\/i> Pol\u00edtica de Perman\u00eancia de Estudantes na UFMG<\/a><\/h3><div class=\"sp-collapse spcollapse \" id=\"collapse23525\" data-parent=\"#sp-ea-2352\" role=\"region\" aria-labelledby=\"ea-header-23525\"> <div class=\"ea-body\"><h3><span style=\"color: #0000ff\"><a style=\"color: #0000ff\" href=\"https:\/\/www.ufmg.br\/prae\/wp-content\/uploads\/2023\/08\/POLITICA-DE-PERMANENCIA-DE-ESTUDANTES-NA-UFMG-aprovado.pdf\" target=\"_blank\" rel=\"noopener\">Pol\u00edtica de Perman\u00eancia de Estudantes na UFMG<\/a><\/span><\/h3><\/div><\/div><\/div><div class=\"ea-card sp-ea-single\"><h3 class=\"ea-header\"><a class=\"collapsed\" id=\"ea-header-23526\" role=\"button\" data-sptoggle=\"spcollapse\" data-sptarget=\"#collapse23526\" aria-controls=\"collapse23526\" href=\"#\" aria-expanded=\"false\" tabindex=\"0\"><i aria-hidden=\"true\" role=\"presentation\" class=\"ea-expand-icon eap-icon-ea-expand-plus\"><\/i> Resolu\u00e7\u00e3o de Viola\u00e7\u00e3o dos Direitos Humanos na UFMG<\/a><\/h3><div class=\"sp-collapse spcollapse \" id=\"collapse23526\" data-parent=\"#sp-ea-2352\" role=\"region\" aria-labelledby=\"ea-header-23526\"> <div class=\"ea-body\"><h3><span style=\"color: #0000ff\"><a style=\"color: #0000ff\" href=\"https:\/\/www.ufmg.br\/prae\/wp-content\/uploads\/2023\/08\/Resolucao-violacao-direitos-humanos.pdf\" target=\"_blank\" rel=\"noopener\">Resolu\u00e7\u00e3o de Viola\u00e7\u00e3o dos Direitos Humanos na UFMG<\/a><\/span><\/h3><\/div><\/div><\/div><div class=\"ea-card sp-ea-single\"><h3 class=\"ea-header\"><a class=\"collapsed\" id=\"ea-header-23527\" role=\"button\" data-sptoggle=\"spcollapse\" data-sptarget=\"#collapse23527\" aria-controls=\"collapse23527\" href=\"#\" aria-expanded=\"false\" tabindex=\"0\"><i aria-hidden=\"true\" role=\"presentation\" class=\"ea-expand-icon eap-icon-ea-expand-plus\"><\/i> PNAES (Programa Nacional de Assist\u00eancia Estudantil) \u2013 LEI N\u00ba 14.914, DE 3 DE JULHO DE 2024<\/a><\/h3><div class=\"sp-collapse spcollapse \" id=\"collapse23527\" data-parent=\"#sp-ea-2352\" role=\"region\" aria-labelledby=\"ea-header-23527\"> <div class=\"ea-body\"><h3><span style=\"color: #0000ff\"><a style=\"color: #0000ff\" href=\"https:\/\/www.planalto.gov.br\/ccivil_03\/_ato2023-2026\/2024\/lei\/L14914.htm\" target=\"_blank\" rel=\"noopener\">PNAES (Programa Nacional de Assist\u00eancia Estudantil) <\/a><\/p><p><\/span><\/h3><\/div><\/div><\/div><div class=\"ea-card sp-ea-single\"><h3 class=\"ea-header\"><a class=\"collapsed\" id=\"ea-header-23528\" role=\"button\" data-sptoggle=\"spcollapse\" data-sptarget=\"#collapse23528\" aria-controls=\"collapse23528\" href=\"#\" aria-expanded=\"false\" tabindex=\"0\"><i aria-hidden=\"true\" role=\"presentation\" class=\"ea-expand-icon eap-icon-ea-expand-plus\"><\/i> Lei de Cotas - LEI N\u00ba 14.723, DE 13 DE NOVEMBRO DE 2023<\/a><\/h3><div class=\"sp-collapse spcollapse \" id=\"collapse23528\" data-parent=\"#sp-ea-2352\" role=\"region\" aria-labelledby=\"ea-header-23528\"> <div class=\"ea-body\"><h3><span style=\"color: #0000ff\"><a style=\"color: #0000ff\" href=\"https:\/\/www.planalto.gov.br\/ccivil_03\/_ato2023-2026\/2023\/lei\/l14723.htm\">Lei de Cotas - <strong><small>LEI N\u00ba 14.723, DE 13 DE NOVEMBRO DE 2023<\/small><\/strong><\/a><\/span><\/h3><\/div><\/div><\/div><div class=\"ea-card sp-ea-single\"><h3 class=\"ea-header\"><a class=\"collapsed\" id=\"ea-header-23529\" role=\"button\" data-sptoggle=\"spcollapse\" data-sptarget=\"#collapse23529\" aria-controls=\"collapse23529\" href=\"#\" aria-expanded=\"false\" tabindex=\"0\"><i aria-hidden=\"true\" role=\"presentation\" class=\"ea-expand-icon eap-icon-ea-expand-plus\"><\/i> Bolsa Perman\u00eancia MEC<\/a><\/h3><div class=\"sp-collapse spcollapse \" id=\"collapse23529\" data-parent=\"#sp-ea-2352\" role=\"region\" aria-labelledby=\"ea-header-23529\"> <div class=\"ea-body\"><h3><span style=\"color: #0000ff\"><a style=\"color: #0000ff\" href=\"http:\/\/sisbp.mec.gov.br\/primeiro-acesso\" target=\"_blank\" rel=\"noopener\">Bolsa Perman\u00eancia MEC<\/a><\/span><\/h3><\/div><\/div><\/div><div class=\"ea-card sp-ea-single\"><h3 class=\"ea-header\"><a class=\"collapsed\" id=\"ea-header-235210\" role=\"button\" data-sptoggle=\"spcollapse\" data-sptarget=\"#collapse235210\" aria-controls=\"collapse235210\" href=\"#\" aria-expanded=\"false\" tabindex=\"0\"><i aria-hidden=\"true\" role=\"presentation\" class=\"ea-expand-icon eap-icon-ea-expand-plus\"><\/i> Portaria PRAE 1286<\/a><\/h3><div class=\"sp-collapse spcollapse \" id=\"collapse235210\" data-parent=\"#sp-ea-2352\" role=\"region\" aria-labelledby=\"ea-header-235210\"> <div class=\"ea-body\"><div><a href=\"https:\/\/www.ufmg.br\/prae\/wp-content\/uploads\/2026\/02\/SEI_4945588_Portaria_1286.pdf\">Portaria PRAE 1286<\/a><\/div><\/div><\/div><\/div><div class=\"ea-card sp-ea-single\"><h3 class=\"ea-header\"><a class=\"collapsed\" id=\"ea-header-235211\" role=\"button\" data-sptoggle=\"spcollapse\" data-sptarget=\"#collapse235211\" aria-controls=\"collapse235211\" href=\"#\" aria-expanded=\"false\" tabindex=\"0\"><i aria-hidden=\"true\" role=\"presentation\" class=\"ea-expand-icon eap-icon-ea-expand-plus\"><\/i> Resolu\u00e7\u00e3o Enfrentamento ao Ass\u00e9dio<\/a><\/h3><div class=\"sp-collapse spcollapse \" id=\"collapse235211\" data-parent=\"#sp-ea-2352\" role=\"region\" aria-labelledby=\"ea-header-235211\"> <div class=\"ea-body\"><div><a href=\"https:\/\/www.ufmg.br\/contraoassedio\/nossa-politica-de-enfrentamento\/\">Site institucional de enfrentamente ao ass\u00e9dio na UFMG<\/a><\/div><p><a href=\"https:\/\/www.ufmg.br\/contraoassedio\/wp-content\/uploads\/2025\/12\/Politica-de-Enfrentamento-ao-Assedio-UFMG.pdf\" target=\"_blank\" rel=\"noreferrer noopener\">Pol\u00edtica institucional de enfrentamento \u00e0 viol\u00eancia e ao ass\u00e9dio no \u00e2mbito acad\u00eamico<\/a><\/p><p>&nbsp;<\/p><div><\/div><div><\/div><\/div><\/div><\/div><\/div><\/div>\n","protected":false},"excerpt":{"rendered":"","protected":false},"author":2,"featured_media":0,"parent":297,"menu_order":0,"comment_status":"closed","ping_status":"closed","template":"","meta":{"_acf_changed":false,"footnotes":""},"tags":[],"class_list":["post-2104","page","type-page","status-publish","hentry"],"acf":[],"_links":{"self":[{"href":"https:\/\/www.ufmg.br\/prae\/wp-json\/wp\/v2\/pages\/2104","targetHints":{"allow":["GET"]}}],"collection":[{"href":"https:\/\/www.ufmg.br\/prae\/wp-json\/wp\/v2\/pages"}],"about":[{"href":"https:\/\/www.ufmg.br\/prae\/wp-json\/wp\/v2\/types\/page"}],"author":[{"embeddable":true,"href":"https:\/\/www.ufmg.br\/prae\/wp-json\/wp\/v2\/users\/2"}],"replies":[{"embeddable":true,"href":"https:\/\/www.ufmg.br\/prae\/wp-json\/wp\/v2\/comments?post=2104"}],"version-history":[{"count":16,"href":"https:\/\/www.ufmg.br\/prae\/wp-json\/wp\/v2\/pages\/2104\/revisions"}],"predecessor-version":[{"id":3058,"href":"https:\/\/www.ufmg.br\/prae\/wp-json\/wp\/v2\/pages\/2104\/revisions\/3058"}],"up":[{"embeddable":true,"href":"https:\/\/www.ufmg.br\/prae\/wp-json\/wp\/v2\/pages\/297"}],"wp:attachment":[{"href":"https:\/\/www.ufmg.br\/prae\/wp-json\/wp\/v2\/media?parent=2104"}],"wp:term":[{"taxonomy":"post_tag","embeddable":true,"href":"https:\/\/www.ufmg.br\/prae\/wp-json\/wp\/v2\/tags?post=2104"}],"curies":[{"name":"wp","href":"https:\/\/api.w.org\/{rel}","templated":true}]}}