{"id":2231,"date":"2023-10-02T12:15:47","date_gmt":"2023-10-02T15:15:47","guid":{"rendered":"https:\/\/www.ufmg.br\/prae\/?page_id=2231"},"modified":"2024-06-07T13:41:00","modified_gmt":"2024-06-07T16:41:00","slug":"novembro-negro-2023","status":"publish","type":"page","link":"https:\/\/www.ufmg.br\/prae\/diretoria-de-acoes-afirmativas\/novembro-negro\/novembro-negro-2023\/","title":{"rendered":"Novembro Negro 2023"},"content":{"rendered":"<p>Chegamos \u00e0 nossa 6\u00aa edi\u00e7\u00e3o do Novembro Negro com o tema Ancestralidade e coletividade: Aquilombar para permanecer.<\/p>\n<p>Nesse ano reverenciamos o processo de aquilombamento acad\u00eamico e pol\u00edtico das pessoas negras que vieram antes de n\u00f3s resistiram ao racismo estrutural possibilitando reinven\u00e7\u00f5es ressignifica\u00e7\u00f5es da nossa exist\u00eancia.<\/p>\n<p>Saudando aquelas e aqueles que constru\u00edram esse caminho por onde passamos na academia e na vida, precisamos reconhecer e lembrar de quem n\u00e3o est\u00e1 mais entre n\u00f3s materialmente, mas cujo legado marca nosso presente.<\/p>\n<p>Foi cultivada no passado a possibilidade de narrativas afirmativas, potencializadoras e emancipat\u00f3rias sobre a negritude, cultivada no passado por m\u00e3os negras que nos possibilitaram a luta presente e o sonho futuro.<\/p>\n<p>Docentes, t\u00e9cnico-administrativos em educa\u00e7\u00e3o, trabalhadores terceirizados, pesquisadores, ser\u00e3o lembrados e reverenciados quanto a sua contribui\u00e7\u00e3o no ensino, pesquisa e extens\u00e3o e nas atividades necess\u00e1rias para que a UFMG seja reconhecida pela sua excel\u00eancia.<\/p>\n<p>Temos, portanto, a responsabilidade de continuar: adentrar os caminhos que foram abertos, reunir condi\u00e7\u00f5es para ocupar\/ampliar espa\u00e7os e horizontes, mirando sempre naqueles\/as que ainda vir\u00e3o.<\/p>\n<p>Vem construir conosco esse momento de aquilombamento e rever\u00eancia aquelas e aqueles que vieram antes de n\u00f3s.<\/p>\n<p>&nbsp;<\/p>\n<p><a href=\"https:\/\/www.ufmg.br\/novembronegro\"><img loading=\"lazy\" decoding=\"async\" class=\"alignnone wp-image-2475 size-full\" src=\"https:\/\/www.ufmg.br\/prae\/wp-content\/uploads\/2023\/11\/img-padra\u0303o-eventos.jpg\" alt=\"\" width=\"786\" height=\"288\" srcset=\"https:\/\/www.ufmg.br\/prae\/wp-content\/uploads\/2023\/11\/img-padra\u0303o-eventos.jpg 786w, https:\/\/www.ufmg.br\/prae\/wp-content\/uploads\/2023\/11\/img-padra\u0303o-eventos-300x110.jpg 300w, https:\/\/www.ufmg.br\/prae\/wp-content\/uploads\/2023\/11\/img-padra\u0303o-eventos-768x281.jpg 768w\" sizes=\"auto, (max-width: 786px) 100vw, 786px\" \/><\/a><\/p>\n<h4><a href=\"https:\/\/www.ufmg.br\/prae\/diretoria-de-acoes-afirmativas\/novembro-negro\/novembro-negro-2023\/memorial-de-homenagem-a-servidoras-e-servidores-negras-e-negros-da-ufmg\/\">Conhe\u00e7a o Memorial de homenagem \u00e0 servidoras e servidores negras e negros da UFMG<\/a><\/h4>\n","protected":false},"excerpt":{"rendered":"<p>Chegamos \u00e0 nossa 6\u00aa edi\u00e7\u00e3o do Novembro Negro com o [&hellip;]<\/p>\n","protected":false},"author":2,"featured_media":0,"parent":771,"menu_order":0,"comment_status":"closed","ping_status":"closed","template":"","meta":{"_acf_changed":false,"footnotes":""},"tags":[],"class_list":["post-2231","page","type-page","status-publish","hentry"],"acf":[],"_links":{"self":[{"href":"https:\/\/www.ufmg.br\/prae\/wp-json\/wp\/v2\/pages\/2231","targetHints":{"allow":["GET"]}}],"collection":[{"href":"https:\/\/www.ufmg.br\/prae\/wp-json\/wp\/v2\/pages"}],"about":[{"href":"https:\/\/www.ufmg.br\/prae\/wp-json\/wp\/v2\/types\/page"}],"author":[{"embeddable":true,"href":"https:\/\/www.ufmg.br\/prae\/wp-json\/wp\/v2\/users\/2"}],"replies":[{"embeddable":true,"href":"https:\/\/www.ufmg.br\/prae\/wp-json\/wp\/v2\/comments?post=2231"}],"version-history":[{"count":18,"href":"https:\/\/www.ufmg.br\/prae\/wp-json\/wp\/v2\/pages\/2231\/revisions"}],"predecessor-version":[{"id":2763,"href":"https:\/\/www.ufmg.br\/prae\/wp-json\/wp\/v2\/pages\/2231\/revisions\/2763"}],"up":[{"embeddable":true,"href":"https:\/\/www.ufmg.br\/prae\/wp-json\/wp\/v2\/pages\/771"}],"wp:attachment":[{"href":"https:\/\/www.ufmg.br\/prae\/wp-json\/wp\/v2\/media?parent=2231"}],"wp:term":[{"taxonomy":"post_tag","embeddable":true,"href":"https:\/\/www.ufmg.br\/prae\/wp-json\/wp\/v2\/tags?post=2231"}],"curies":[{"name":"wp","href":"https:\/\/api.w.org\/{rel}","templated":true}]}}