{"id":2674,"date":"2024-05-02T15:12:56","date_gmt":"2024-05-02T18:12:56","guid":{"rendered":"https:\/\/www.ufmg.br\/prae\/?page_id=2674"},"modified":"2024-05-02T15:15:52","modified_gmt":"2024-05-02T18:15:52","slug":"artigos","status":"publish","type":"page","link":"https:\/\/www.ufmg.br\/prae\/artigos\/","title":{"rendered":"Artigos"},"content":{"rendered":"<style>#sp-ea-2671 .spcollapsing { height: 0; overflow: hidden; transition-property: height;transition-duration: 500ms;}#sp-ea-2671.sp-easy-accordion>.sp-ea-single {margin-bottom: 10px; border: 1px solid #e2e2e2; }#sp-ea-2671.sp-easy-accordion>.sp-ea-single>.ea-header a {color: #444;}#sp-ea-2671.sp-easy-accordion>.sp-ea-single>.sp-collapse>.ea-body {background: #fff; color: #444;}#sp-ea-2671.sp-easy-accordion>.sp-ea-single {background: #eee;}#sp-ea-2671.sp-easy-accordion>.sp-ea-single>.ea-header a .ea-expand-icon { float: left; color: #444;font-size: 16px;}<\/style><div id=\"sp_easy_accordion-1776278959\"><div id=\"sp-ea-2671\" class=\"sp-ea-one sp-easy-accordion\" data-ea-active=\"ea-click\" data-ea-mode=\"vertical\" data-preloader=\"\" data-scroll-active-item=\"\" data-offset-to-scroll=\"0\"><div class=\"ea-card ea-expand sp-ea-single\"><h3 class=\"ea-header\"><a class=\"collapsed\" id=\"ea-header-26710\" role=\"button\" data-sptoggle=\"spcollapse\" data-sptarget=\"#collapse26710\" aria-controls=\"collapse26710\" href=\"#\" aria-expanded=\"true\" tabindex=\"0\"><i aria-hidden=\"true\" role=\"presentation\" class=\"ea-expand-icon eap-icon-ea-expand-minus\"><\/i> Um novo tempo<\/a><\/h3><div class=\"sp-collapse spcollapse collapsed show\" id=\"collapse26710\" data-parent=\"#sp-ea-2671\" role=\"region\" aria-labelledby=\"ea-header-26710\"> <div class=\"ea-body\"><p>Rodrigo Ednilson de Jesus<\/p><p><a href=\"https:\/\/www.ufmg.br\/boletim\/bol1930\/2.shtml\" target=\"_blank\" rel=\"noopener\"><span style=\"color: #0000ff\">Clique aqui e acesse o artigo<\/span><\/a><\/p><\/div><\/div><\/div><div class=\"ea-card sp-ea-single\"><h3 class=\"ea-header\"><a class=\"collapsed\" id=\"ea-header-26711\" role=\"button\" data-sptoggle=\"spcollapse\" data-sptarget=\"#collapse26711\" aria-controls=\"collapse26711\" href=\"#\" aria-expanded=\"false\" tabindex=\"0\"><i aria-hidden=\"true\" role=\"presentation\" class=\"ea-expand-icon eap-icon-ea-expand-plus\"><\/i> Mas, afinal, de que estamos falando quando o tema \u00e9 heteroidentifica\u00e7\u00e3o?<\/a><\/h3><div class=\"sp-collapse spcollapse \" id=\"collapse26711\" data-parent=\"#sp-ea-2671\" role=\"region\" aria-labelledby=\"ea-header-26711\"> <div class=\"ea-body\"><p>Em artigo publicado no Boletim UFMG, equipe da Prae discute os fundamentos do processo que utiliza a percep\u00e7\u00e3o social do outro para promover a identifica\u00e7\u00e3o racial.<\/p><p><a href=\"https:\/\/ufmg.br\/comunicacao\/noticias\/mas-afinal-do-que-estamos-falando-quando-o-tema-e-heteroidentificacaol#:~:text=Nesse%20sentido%2C%20o%20procedimento%20de,traz%20a%20ideia%20de%20pr%C3%B3prio.\" target=\"_blank\" rel=\"noopener\"><span style=\"color: #0000ff\">Clique aqui e acesse o artigo<\/span><\/a><\/p><\/div><\/div><\/div><div class=\"ea-card sp-ea-single\"><h3 class=\"ea-header\"><a class=\"collapsed\" id=\"ea-header-26712\" role=\"button\" data-sptoggle=\"spcollapse\" data-sptarget=\"#collapse26712\" aria-controls=\"collapse26712\" href=\"#\" aria-expanded=\"false\" tabindex=\"0\"><i aria-hidden=\"true\" role=\"presentation\" class=\"ea-expand-icon eap-icon-ea-expand-plus\"><\/i> Pnaes, 10 anos: direito dos estudantes, democratiza\u00e7\u00e3o das IFES<\/a><\/h3><div class=\"sp-collapse spcollapse \" id=\"collapse26712\" data-parent=\"#sp-ea-2671\" role=\"region\" aria-labelledby=\"ea-header-26712\"> <div class=\"ea-body\"><p>Vice-reitor e pr\u00f3-reitores descrevem os resultados da pol\u00edtica que ajudou a transformar o perfil do corpo discente da UFMG.<\/p><p><a href=\"https:\/\/ufmg.br\/comunicacao\/noticias\/pnaes-10-anos-direito-dos-estudantes-democratizacao-das-ifes\" target=\"_blank\" rel=\"noopener\"><span style=\"color: #0000ff\">Clique aqui e acesse o artigo<\/span><\/a><\/p><\/div><\/div><\/div><div class=\"ea-card sp-ea-single\"><h3 class=\"ea-header\"><a class=\"collapsed\" id=\"ea-header-26713\" role=\"button\" data-sptoggle=\"spcollapse\" data-sptarget=\"#collapse26713\" aria-controls=\"collapse26713\" href=\"#\" aria-expanded=\"false\" tabindex=\"0\"><i aria-hidden=\"true\" role=\"presentation\" class=\"ea-expand-icon eap-icon-ea-expand-plus\"><\/i> PRAE 5 anos: Novos sujeitos, novas pol\u00edticas<\/a><\/h3><div class=\"sp-collapse spcollapse \" id=\"collapse26713\" data-parent=\"#sp-ea-2671\" role=\"region\" aria-labelledby=\"ea-header-26713\"> <div class=\"ea-body\"><p><a href=\"https:\/\/ufmg.br\/comunicacao\/publicacoes\/boletim\/edicao\/2082\/prae-5-anos-novos-sujeitos-novas-politicas\" target=\"_blank\" rel=\"noopener\"><span style=\"color: #0000ff\">Clique aqui e acesse o artigo<\/span><\/a><\/p><\/div><\/div><\/div><div class=\"ea-card sp-ea-single\"><h3 class=\"ea-header\"><a class=\"collapsed\" id=\"ea-header-26714\" role=\"button\" data-sptoggle=\"spcollapse\" data-sptarget=\"#collapse26714\" aria-controls=\"collapse26714\" href=\"#\" aria-expanded=\"false\" tabindex=\"0\"><i aria-hidden=\"true\" role=\"presentation\" class=\"ea-expand-icon eap-icon-ea-expand-plus\"><\/i> PRAE: 6 anos de travessia com estudantes da UFMG<\/a><\/h3><div class=\"sp-collapse spcollapse \" id=\"collapse26714\" data-parent=\"#sp-ea-2671\" role=\"region\" aria-labelledby=\"ea-header-26714\"> <div class=\"ea-body\"><p><a href=\"https:\/\/ufmg.br\/comunicacao\/noticias\/prae-seis-anos-de-travessias-com-estudantes-da-ufmg\" target=\"_blank\" rel=\"noopener\"><span style=\"color: #0000ff\">Clique aqui e acesse o artigo<\/span><\/a><\/p><\/div><\/div><\/div><\/div><\/div>\n","protected":false},"excerpt":{"rendered":"","protected":false},"author":3,"featured_media":0,"parent":0,"menu_order":0,"comment_status":"closed","ping_status":"closed","template":"","meta":{"_acf_changed":false,"footnotes":""},"tags":[],"class_list":["post-2674","page","type-page","status-publish","hentry"],"acf":[],"_links":{"self":[{"href":"https:\/\/www.ufmg.br\/prae\/wp-json\/wp\/v2\/pages\/2674","targetHints":{"allow":["GET"]}}],"collection":[{"href":"https:\/\/www.ufmg.br\/prae\/wp-json\/wp\/v2\/pages"}],"about":[{"href":"https:\/\/www.ufmg.br\/prae\/wp-json\/wp\/v2\/types\/page"}],"author":[{"embeddable":true,"href":"https:\/\/www.ufmg.br\/prae\/wp-json\/wp\/v2\/users\/3"}],"replies":[{"embeddable":true,"href":"https:\/\/www.ufmg.br\/prae\/wp-json\/wp\/v2\/comments?post=2674"}],"version-history":[{"count":2,"href":"https:\/\/www.ufmg.br\/prae\/wp-json\/wp\/v2\/pages\/2674\/revisions"}],"predecessor-version":[{"id":2683,"href":"https:\/\/www.ufmg.br\/prae\/wp-json\/wp\/v2\/pages\/2674\/revisions\/2683"}],"wp:attachment":[{"href":"https:\/\/www.ufmg.br\/prae\/wp-json\/wp\/v2\/media?parent=2674"}],"wp:term":[{"taxonomy":"post_tag","embeddable":true,"href":"https:\/\/www.ufmg.br\/prae\/wp-json\/wp\/v2\/tags?post=2674"}],"curies":[{"name":"wp","href":"https:\/\/api.w.org\/{rel}","templated":true}]}}