{"id":2676,"date":"2024-05-02T15:13:25","date_gmt":"2024-05-02T18:13:25","guid":{"rendered":"https:\/\/www.ufmg.br\/prae\/?page_id=2676"},"modified":"2024-05-02T15:15:19","modified_gmt":"2024-05-02T18:15:19","slug":"resolucoes","status":"publish","type":"page","link":"https:\/\/www.ufmg.br\/prae\/resolucoes\/","title":{"rendered":"Resolu\u00e7\u00f5es"},"content":{"rendered":"<style>#sp-ea-2670 .spcollapsing { height: 0; overflow: hidden; transition-property: height;transition-duration: 500ms;}#sp-ea-2670.sp-easy-accordion>.sp-ea-single {margin-bottom: 10px; border: 1px solid #e2e2e2; }#sp-ea-2670.sp-easy-accordion>.sp-ea-single>.ea-header a {color: #444;}#sp-ea-2670.sp-easy-accordion>.sp-ea-single>.sp-collapse>.ea-body {background: #fff; color: #444;}#sp-ea-2670.sp-easy-accordion>.sp-ea-single {background: #eee;}#sp-ea-2670.sp-easy-accordion>.sp-ea-single>.ea-header a .ea-expand-icon { float: left; color: #444;font-size: 16px;}<\/style><div id=\"sp_easy_accordion-1776347142\"><div id=\"sp-ea-2670\" class=\"sp-ea-one sp-easy-accordion\" data-ea-active=\"ea-click\" data-ea-mode=\"vertical\" data-preloader=\"\" data-scroll-active-item=\"\" data-offset-to-scroll=\"0\"><div class=\"ea-card ea-expand sp-ea-single\"><h3 class=\"ea-header\"><a class=\"collapsed\" id=\"ea-header-26700\" role=\"button\" data-sptoggle=\"spcollapse\" data-sptarget=\"#collapse26700\" aria-controls=\"collapse26700\" href=\"#\" aria-expanded=\"true\" tabindex=\"0\"><i aria-hidden=\"true\" role=\"presentation\" class=\"ea-expand-icon eap-icon-ea-expand-minus\"><\/i> Resolu\u00e7\u00e3o 06\/2014 - Trote<\/a><\/h3><div class=\"sp-collapse spcollapse collapsed show\" id=\"collapse26700\" data-parent=\"#sp-ea-2670\" role=\"region\" aria-labelledby=\"ea-header-26700\"> <div class=\"ea-body\"><p><a href=\"https:\/\/www.ufmg.br\/prae\/wp-content\/uploads\/2024\/05\/RESOLUCAO-06-2014-TROTE.pdf\" target=\"_blank\" rel=\"noopener\"><span style=\"color: #0000ff\">Disp\u00f5e sobre a proibi\u00e7\u00e3o dos trotes estudantis no \u00e2mbito da Universidade Federal de Minas Gerais<\/span><\/a><\/p><\/div><\/div><\/div><div class=\"ea-card sp-ea-single\"><h3 class=\"ea-header\"><a class=\"collapsed\" id=\"ea-header-26701\" role=\"button\" data-sptoggle=\"spcollapse\" data-sptarget=\"#collapse26701\" aria-controls=\"collapse26701\" href=\"#\" aria-expanded=\"false\" tabindex=\"0\"><i aria-hidden=\"true\" role=\"presentation\" class=\"ea-expand-icon eap-icon-ea-expand-plus\"><\/i> Resolu\u00e7\u00e3o 09\/2015 - Nome Social<\/a><\/h3><div class=\"sp-collapse spcollapse \" id=\"collapse26701\" data-parent=\"#sp-ea-2670\" role=\"region\" aria-labelledby=\"ea-header-26701\"> <div class=\"ea-body\"><p><a href=\"https:\/\/www.ufmg.br\/prae\/wp-content\/uploads\/2024\/05\/RESOLUCAO-09-2015-NOME-SOCIAL.pdf\" target=\"_blank\" rel=\"noopener\"><span style=\"color: #0000ff\">Estabelecer normas que disp\u00f5em sobre o uso do nome social no \u00e2mbito da Universidade Federal de Minas Gerais.<\/span><\/a><\/p><\/div><\/div><\/div><div class=\"ea-card sp-ea-single\"><h3 class=\"ea-header\"><a class=\"collapsed\" id=\"ea-header-26702\" role=\"button\" data-sptoggle=\"spcollapse\" data-sptarget=\"#collapse26702\" aria-controls=\"collapse26702\" href=\"#\" aria-expanded=\"false\" tabindex=\"0\"><i aria-hidden=\"true\" role=\"presentation\" class=\"ea-expand-icon eap-icon-ea-expand-plus\"><\/i> Resolu\u00e7\u00e3o 09\/2016 - Direitos Humanos<\/a><\/h3><div class=\"sp-collapse spcollapse \" id=\"collapse26702\" data-parent=\"#sp-ea-2670\" role=\"region\" aria-labelledby=\"ea-header-26702\"> <div class=\"ea-body\"><p><a href=\"https:\/\/www.ufmg.br\/prae\/wp-content\/uploads\/2024\/05\/RESOLUCAO-09-2016-DIREITOS-HUMANOS.pdf\" target=\"_blank\" rel=\"noopener\"><span style=\"color: #0000ff\">Disp\u00f5e sobre a viola\u00e7\u00e3o de direitos humanos e a erradica\u00e7\u00e3o de atos discriminat\u00f3rios de qualquer natureza no \u00e2mbito da Universidade Federal de Minas Gerais.<\/span><\/a><\/p><\/div><\/div><\/div><\/div><\/div>\n","protected":false},"excerpt":{"rendered":"","protected":false},"author":3,"featured_media":0,"parent":0,"menu_order":0,"comment_status":"closed","ping_status":"closed","template":"","meta":{"_acf_changed":false,"footnotes":""},"tags":[],"class_list":["post-2676","page","type-page","status-publish","hentry"],"acf":[],"_links":{"self":[{"href":"https:\/\/www.ufmg.br\/prae\/wp-json\/wp\/v2\/pages\/2676","targetHints":{"allow":["GET"]}}],"collection":[{"href":"https:\/\/www.ufmg.br\/prae\/wp-json\/wp\/v2\/pages"}],"about":[{"href":"https:\/\/www.ufmg.br\/prae\/wp-json\/wp\/v2\/types\/page"}],"author":[{"embeddable":true,"href":"https:\/\/www.ufmg.br\/prae\/wp-json\/wp\/v2\/users\/3"}],"replies":[{"embeddable":true,"href":"https:\/\/www.ufmg.br\/prae\/wp-json\/wp\/v2\/comments?post=2676"}],"version-history":[{"count":2,"href":"https:\/\/www.ufmg.br\/prae\/wp-json\/wp\/v2\/pages\/2676\/revisions"}],"predecessor-version":[{"id":2682,"href":"https:\/\/www.ufmg.br\/prae\/wp-json\/wp\/v2\/pages\/2676\/revisions\/2682"}],"wp:attachment":[{"href":"https:\/\/www.ufmg.br\/prae\/wp-json\/wp\/v2\/media?parent=2676"}],"wp:term":[{"taxonomy":"post_tag","embeddable":true,"href":"https:\/\/www.ufmg.br\/prae\/wp-json\/wp\/v2\/tags?post=2676"}],"curies":[{"name":"wp","href":"https:\/\/api.w.org\/{rel}","templated":true}]}}