{"id":344,"date":"2021-06-22T16:06:10","date_gmt":"2021-06-22T19:06:10","guid":{"rendered":"https:\/\/www.ufmg.br\/prae\/?page_id=344"},"modified":"2025-04-25T14:45:49","modified_gmt":"2025-04-25T17:45:49","slug":"conselho-de-assuntos-estudantis","status":"publish","type":"page","link":"https:\/\/www.ufmg.br\/prae\/sobre-a-prae\/conselho-de-assuntos-estudantis\/","title":{"rendered":"Conselho de Assuntos Estudantis"},"content":{"rendered":"<p>O Conselho de Assuntos Estudantis \u00e9 o \u00f3rg\u00e3o consultivo da PRAE, encarregado de propor princ\u00edpios e diretrizes da pol\u00edtica institucional de assuntos estudantis.<\/p>\n<h4><strong>Composi\u00e7\u00e3o do Conselho<\/strong><\/h4>\n<p>Profa. Licinia Maria Correa\u00a0\u2013\u00a0Pr\u00f3-reitora da Assuntos Estudantis<br \/>\nProfa. Shirley Aparecida Miranda &#8211; Pr\u00f3-reitora Adjunta de Assuntos Estudantis<br \/>\n01 representante da FUMP &#8211; Funda\u00e7\u00e3o Universit\u00e1ria Mendes Pimentel<br \/>\n01 representante da CAC &#8211; Coordenadoria de Assuntos Comunit\u00e1rios<br \/>\n4 estudantes indicados pelo DCE | UFMG<\/p>\n<h4>Reuni\u00f5es<\/h4>\n<p>As reuni\u00f5es do Conselho ocorrem nas segundas segundas-feiras de cada m\u00eas no Pr\u00e9dio da Reitoria- UFMG, Campus Pampulha.<\/p>\n<style>#sp-ea-3151 .spcollapsing { height: 0; overflow: hidden; transition-property: height;transition-duration: 500ms;}#sp-ea-3151.sp-easy-accordion>.sp-ea-single {margin-bottom: 10px; border: 1px solid #e2e2e2; }#sp-ea-3151.sp-easy-accordion>.sp-ea-single>.ea-header a {color: #444;}#sp-ea-3151.sp-easy-accordion>.sp-ea-single>.sp-collapse>.ea-body {background: #fff; color: #444;}#sp-ea-3151.sp-easy-accordion>.sp-ea-single {background: #eee;}#sp-ea-3151.sp-easy-accordion>.sp-ea-single>.ea-header a .ea-expand-icon { float: left; color: #444;font-size: 16px;}<\/style><div id=\"sp_easy_accordion-1776501238\"><div id=\"sp-ea-3151\" class=\"sp-ea-one sp-easy-accordion\" data-ea-active=\"ea-click\" data-ea-mode=\"vertical\" data-preloader=\"\" data-scroll-active-item=\"\" data-offset-to-scroll=\"0\"><div class=\"ea-card ea-expand sp-ea-single\"><h3 class=\"ea-header\"><a class=\"collapsed\" id=\"ea-header-31510\" role=\"button\" data-sptoggle=\"spcollapse\" data-sptarget=\"#collapse31510\" aria-controls=\"collapse31510\" href=\"#\" aria-expanded=\"true\" tabindex=\"0\"><i aria-hidden=\"true\" role=\"presentation\" class=\"ea-expand-icon eap-icon-ea-expand-minus\"><\/i> Atas<\/a><\/h3><div class=\"sp-collapse spcollapse collapsed show\" id=\"collapse31510\" data-parent=\"#sp-ea-3151\" role=\"region\" aria-labelledby=\"ea-header-31510\"> <div class=\"ea-body\"><h6><style>#sp-ea-2533 .spcollapsing { height: 0; overflow: hidden; transition-property: height;transition-duration: 500ms;}#sp-ea-2533.sp-easy-accordion>.sp-ea-single {margin-bottom: 10px; border: 1px solid #e2e2e2; }#sp-ea-2533.sp-easy-accordion>.sp-ea-single>.ea-header a {color: #444;}#sp-ea-2533.sp-easy-accordion>.sp-ea-single>.sp-collapse>.ea-body {background: #fff; color: #444;}#sp-ea-2533.sp-easy-accordion>.sp-ea-single {background: #eee;}#sp-ea-2533.sp-easy-accordion>.sp-ea-single>.ea-header a .ea-expand-icon { float: left; color: #444;font-size: 16px;}<\/style><div id=\"sp_easy_accordion-1776501238\"><div id=\"sp-ea-2533\" class=\"sp-ea-one sp-easy-accordion\" data-ea-active=\"ea-click\" data-ea-mode=\"vertical\" data-preloader=\"\" data-scroll-active-item=\"\" data-offset-to-scroll=\"0\"><div class=\"ea-card ea-expand sp-ea-single\"><h3 class=\"ea-header\"><a class=\"collapsed\" id=\"ea-header-25330\" role=\"button\" data-sptoggle=\"spcollapse\" data-sptarget=\"#collapse25330\" aria-controls=\"collapse25330\" href=\"#\" aria-expanded=\"true\" tabindex=\"0\"><i aria-hidden=\"true\" role=\"presentation\" class=\"ea-expand-icon eap-icon-ea-expand-minus\"><\/i> 2022<\/a><\/h3><div class=\"sp-collapse spcollapse collapsed show\" id=\"collapse25330\" data-parent=\"#sp-ea-2533\" role=\"region\" aria-labelledby=\"ea-header-25330\"> <div class=\"ea-body\"><h6><a href=\"https:\/\/www.ufmg.br\/prae\/wp-content\/uploads\/2024\/05\/Ata-21-11-2022.pdf\" target=\"_blank\" rel=\"noopener\"><span style=\"color: #0000ff\">REUNI\u00c3O ORDIN\u00c1RIA - 21\/11\/2023<\/span><\/a><\/h6><h6><a href=\"https:\/\/www.ufmg.br\/prae\/wp-content\/uploads\/2024\/05\/Ata-12-12-2022.pdf\" target=\"_blank\" rel=\"noopener\"><span style=\"color: #0000ff\">REUNI\u00c3O ORDIN\u00c1RIA - 12\/12\/2023<\/span><\/a><\/h6><\/div><\/div><\/div><div class=\"ea-card sp-ea-single\"><h3 class=\"ea-header\"><a class=\"collapsed\" id=\"ea-header-25331\" role=\"button\" data-sptoggle=\"spcollapse\" data-sptarget=\"#collapse25331\" aria-controls=\"collapse25331\" href=\"#\" aria-expanded=\"false\" tabindex=\"0\"><i aria-hidden=\"true\" role=\"presentation\" class=\"ea-expand-icon eap-icon-ea-expand-plus\"><\/i> 2023<\/a><\/h3><div class=\"sp-collapse spcollapse \" id=\"collapse25331\" data-parent=\"#sp-ea-2533\" role=\"region\" aria-labelledby=\"ea-header-25331\"> <div class=\"ea-body\"><h6><a href=\"https:\/\/www.ufmg.br\/prae\/wp-content\/uploads\/2024\/05\/Ata-07-03-2023.pdf\" target=\"_blank\" rel=\"noopener\"><span style=\"color: #0000ff\">PRIMEIRA REUNI\u00c3O EXTRAORDIN\u00c1RIA - 07\/03\/2023<\/span><\/a><\/h6><h6><a href=\"https:\/\/www.ufmg.br\/prae\/wp-content\/uploads\/2024\/05\/Ata-13-03-2023.pdf\" target=\"_blank\" rel=\"noopener\"><span style=\"color: #0000ff\">SEGUNDA REUNI\u00c3O EXTRAORDIN\u00c1RIA - 13\/03\/2023<\/span><\/a><\/h6><h6><a href=\"https:\/\/www.ufmg.br\/prae\/wp-content\/uploads\/2024\/05\/Ata-08-05-2023.pdf\" target=\"_blank\" rel=\"noopener\"><span style=\"color: #0000ff\">PRIMEIRA REUNI\u00c3O ORDIN\u00c1RIA - 08\/05\/2023<\/span><\/a><\/h6><h6><a href=\"https:\/\/www.ufmg.br\/prae\/wp-content\/uploads\/2024\/05\/Ata-19-06-2023.pdf\" target=\"_blank\" rel=\"noopener\"><span style=\"color: #0000ff\">SEGUNDA REUNI\u00c3O ORDIN\u00c1RIA - 19\/06\/2023<\/span><\/a><\/h6><h6><a href=\"https:\/\/www.ufmg.br\/prae\/wp-content\/uploads\/2024\/05\/Ata-03-07-2023.pdf\" target=\"_blank\" rel=\"noopener\"><span style=\"color: #0000ff\">TERCEIRA REUNI\u00c3O ORDIN\u00c1RIA - 03\/07\/2023<\/span><\/a><\/h6><h6><a href=\"https:\/\/www.ufmg.br\/prae\/wp-content\/uploads\/2024\/05\/Ata-21-08-2023.pdf\" target=\"_blank\" rel=\"noopener\"><span style=\"color: #0000ff\">QUARTA REUNI\u00c3O ORDIN\u00c1RIA - 21\/08\/2023<\/span><\/a><\/h6><h6><span style=\"color: #0000ff\">QUINTA REUNI\u00c3O ORDIN\u00c1RIA - 18\/09\/2023<\/span><\/h6><h6><a href=\"https:\/\/www.ufmg.br\/prae\/wp-content\/uploads\/2024\/05\/Ata-06-11-2023.pdf\" target=\"_blank\" rel=\"noopener\"><span style=\"color: #0000ff\">SEXTA REUNI\u00c3O ORDIN\u00c1RIA -\u00a0 06\/11\/2023<\/span><\/a><\/h6><h6><a href=\"https:\/\/www.ufmg.br\/prae\/wp-content\/uploads\/2024\/05\/Ata-29-11-2023.pdf\" target=\"_blank\" rel=\"noopener\"><span style=\"color: #0000ff\">REUNI\u00c3O AMPLIADA - 29\/11\/2023<\/span><\/a><\/h6><h6><a href=\"https:\/\/www.ufmg.br\/prae\/wp-content\/uploads\/2024\/05\/Ata-11-12-2023.pdf\" target=\"_blank\" rel=\"noopener\"><span style=\"color: #0000ff\">S\u00c9TIMA REUNI\u00c3O ORDIN\u00c1RIA -\u00a0 11\/12\/2023<\/span><\/a><\/h6><\/div><\/div><\/div><div class=\"ea-card sp-ea-single\"><h3 class=\"ea-header\"><a class=\"collapsed\" id=\"ea-header-25332\" role=\"button\" data-sptoggle=\"spcollapse\" data-sptarget=\"#collapse25332\" aria-controls=\"collapse25332\" href=\"#\" aria-expanded=\"false\" tabindex=\"0\"><i aria-hidden=\"true\" role=\"presentation\" class=\"ea-expand-icon eap-icon-ea-expand-plus\"><\/i> 2024<\/a><\/h3><div class=\"sp-collapse spcollapse \" id=\"collapse25332\" data-parent=\"#sp-ea-2533\" role=\"region\" aria-labelledby=\"ea-header-25332\"> <div class=\"ea-body\"><h6><span style=\"color: #0000ff\"><a style=\"color: #0000ff\" href=\"https:\/\/www.ufmg.br\/prae\/wp-content\/uploads\/2024\/05\/Ata-11-03-2024.pdf\" target=\"_blank\" rel=\"noopener\">PRIMEIRA REUNI\u00c3O ORDIN\u00c1RIA -\u00a0 11\/03\/2024<\/a><\/span><\/h6><h6><span style=\"color: #0000ff\"><a style=\"color: #0000ff\" href=\"https:\/\/www.ufmg.br\/prae\/wp-content\/uploads\/2024\/06\/Segunda-reuniao-ordinaria-08-04-2024.pdf\" target=\"_blank\" rel=\"noopener\">SEGUNDA REUNI\u00c3O ORDIN\u00c1RIA -\u00a0 08\/04\/2024<\/a><\/span><\/h6><h6><span style=\"color: #0000ff\"><a style=\"color: #0000ff\" href=\"https:\/\/www.ufmg.br\/prae\/wp-content\/uploads\/2024\/06\/Terceira-reuniao-ordinaria-13-05-2024.pdf\" target=\"_blank\" rel=\"noopener\">TERCEIRA REUNI\u00c3O ORDIN\u00c1RIA -\u00a0 13\/05\/2024<\/a><\/span><\/h6><h6><span style=\"color: #0000ff\"><a style=\"color: #0000ff\" href=\"https:\/\/www.ufmg.br\/prae\/wp-content\/uploads\/2024\/06\/Primeira-reuniao-extraordinaria-27-05-2024.pdf\" target=\"_blank\" rel=\"noopener\">PRIMEIRA REUNI\u00c3O EXTRAORDIN\u00c1RIA -\u00a0 27\/05\/2024<\/a><\/span><\/h6><h6><a href=\"https:\/\/www.ufmg.br\/prae\/wp-content\/uploads\/2024\/08\/Ata-quarta-reuniao-ordinaria.pdf\" target=\"_blank\" rel=\"noopener\"><span style=\"color: #0000ff\">QUARTA REUNI\u00c3O ORDIN\u00c1RIA - 10\/06\/2024<\/span><\/a><\/h6><h6><a href=\"https:\/\/www.ufmg.br\/prae\/wp-content\/uploads\/2024\/11\/Ata-5a-reuniao-ordinaria.pdf\" target=\"_blank\" rel=\"noopener\"><span style=\"color: #0000ff\">QUINTA REUNI\u00c3O ORDIN\u00c1RIA - 12\/08\/2024<\/span><\/a><\/h6><h6><a href=\"https:\/\/www.ufmg.br\/prae\/wp-content\/uploads\/2024\/11\/SEI_UFMG-3659370-Ata-6a-reuniao.pdf\" target=\"_blank\" rel=\"noopener\"><span style=\"color: #0000ff\">SEXTA REUNI\u00c3O ORDIN\u00c1RIA - 14\/10\/2024<\/span><\/a><\/h6><h6><a href=\"https:\/\/www.ufmg.br\/prae\/wp-content\/uploads\/2024\/12\/SEI_UFMG-3741931-Ata.pdf\" target=\"_blank\" rel=\"noopener\"><span style=\"color: #0000ff\">S\u00c9TIMA REUNI\u00c3O ORDIN\u00c1RIA - 18\/11\/2024<\/span><\/a><\/h6><h6><a href=\"https:\/\/www.ufmg.br\/prae\/wp-content\/uploads\/2025\/03\/SEI_UFMG-3816344-Ata.pdf\" target=\"_blank\" rel=\"noopener\"><span style=\"color: #0000ff\">OITAVA REUNI\u00c3O ORDIN\u00c1RIA - 09\/12\/2024<\/span><\/a><\/h6><\/div><\/div><\/div><div class=\"ea-card sp-ea-single\"><h3 class=\"ea-header\"><a class=\"collapsed\" id=\"ea-header-25333\" role=\"button\" data-sptoggle=\"spcollapse\" data-sptarget=\"#collapse25333\" aria-controls=\"collapse25333\" href=\"#\" aria-expanded=\"false\" tabindex=\"0\"><i aria-hidden=\"true\" role=\"presentation\" class=\"ea-expand-icon eap-icon-ea-expand-plus\"><\/i> 2025<\/a><\/h3><div class=\"sp-collapse spcollapse \" id=\"collapse25333\" data-parent=\"#sp-ea-2533\" role=\"region\" aria-labelledby=\"ea-header-25333\"> <div class=\"ea-body\"><h6><span style=\"color: #0000ff\"><a style=\"color: #0000ff\" href=\"https:\/\/www.ufmg.br\/prae\/wp-content\/uploads\/2025\/04\/SEI_UFMG-4049843-Ata.pdf\" target=\"_blank\" rel=\"noopener\">PRIMEIRA REUNI\u00c3O ORDIN\u00c1RIA - 17\/03\/2025<\/a><\/span><\/h6><h6><span style=\"color: #0000ff\"><a style=\"color: #0000ff\" href=\"https:\/\/www.ufmg.br\/prae\/wp-content\/uploads\/2025\/05\/SEI_UFMG-4136359-Ata-Segunda-reuniao-ordinaria.pdf\" target=\"_blank\" rel=\"noopener\">SEGUNDA REUNI\u00c3O <span style=\"color: #0000ff\">ORDIN\u00c1RIA<\/span> - 14\/04\/2025<\/a><\/span><\/h6><h6><a href=\"https:\/\/www.ufmg.br\/prae\/wp-content\/uploads\/2025\/08\/Ata-3a-reuniao-ordinaria.pdf\" target=\"_blank\" rel=\"noopener\"><span style=\"color: #0000ff\">TERCEIRA REUNI\u00c3O ORDIN\u00c1RIA - 19\/05\/2025<\/span><\/a><\/h6><h6><a href=\"https:\/\/www.ufmg.br\/prae\/wp-content\/uploads\/2025\/10\/Ata-4a-reuniao-ordinaria.pdf\" target=\"_blank\" rel=\"noopener\"><span style=\"color: #0000ff\">QUARTA REUNI\u00c3O ORDIN\u00c1RIA - 25\/08\/2025<\/span><\/a><\/h6><h6><span style=\"color: #0000ff\"><a style=\"color: #0000ff\" href=\"https:\/\/www.ufmg.br\/prae\/wp-content\/uploads\/2025\/10\/Ata-1a-reuniao-extraordinaria.pdf\" target=\"_blank\" rel=\"noopener\">PRIMEIRA REUNI\u00c3O EXTRAORDIN\u00c1RIA - 22\/09\/2025<\/a><\/span><\/h6><h6><span style=\"color: #0000ff\"><a style=\"color: #0000ff\" href=\"https:\/\/www.ufmg.br\/prae\/wp-content\/uploads\/2025\/10\/Ata-2a-reuniao-extraordinaria.pdf\" target=\"_blank\" rel=\"noopener\">SEGUNDA REUNI\u00c3O EXTRAORDIN\u00c1RIA - 06\/10\/2025<\/a><\/span><\/h6><\/div><\/div><\/div><\/div><\/div><\/h6><\/div><\/div><\/div><\/div><\/div>\n<p>&nbsp;<\/p>\n<p>&nbsp;<\/p>\n","protected":false},"excerpt":{"rendered":"<p>O Conselho de Assuntos Estudantis \u00e9 o \u00f3rg\u00e3o consultivo da [&hellip;]<\/p>\n","protected":false},"author":1,"featured_media":0,"parent":297,"menu_order":0,"comment_status":"closed","ping_status":"closed","template":"","meta":{"_acf_changed":false,"footnotes":""},"tags":[],"class_list":["post-344","page","type-page","status-publish","hentry"],"acf":[],"_links":{"self":[{"href":"https:\/\/www.ufmg.br\/prae\/wp-json\/wp\/v2\/pages\/344","targetHints":{"allow":["GET"]}}],"collection":[{"href":"https:\/\/www.ufmg.br\/prae\/wp-json\/wp\/v2\/pages"}],"about":[{"href":"https:\/\/www.ufmg.br\/prae\/wp-json\/wp\/v2\/types\/page"}],"author":[{"embeddable":true,"href":"https:\/\/www.ufmg.br\/prae\/wp-json\/wp\/v2\/users\/1"}],"replies":[{"embeddable":true,"href":"https:\/\/www.ufmg.br\/prae\/wp-json\/wp\/v2\/comments?post=344"}],"version-history":[{"count":37,"href":"https:\/\/www.ufmg.br\/prae\/wp-json\/wp\/v2\/pages\/344\/revisions"}],"predecessor-version":[{"id":3153,"href":"https:\/\/www.ufmg.br\/prae\/wp-json\/wp\/v2\/pages\/344\/revisions\/3153"}],"up":[{"embeddable":true,"href":"https:\/\/www.ufmg.br\/prae\/wp-json\/wp\/v2\/pages\/297"}],"wp:attachment":[{"href":"https:\/\/www.ufmg.br\/prae\/wp-json\/wp\/v2\/media?parent=344"}],"wp:term":[{"taxonomy":"post_tag","embeddable":true,"href":"https:\/\/www.ufmg.br\/prae\/wp-json\/wp\/v2\/tags?post=344"}],"curies":[{"name":"wp","href":"https:\/\/api.w.org\/{rel}","templated":true}]}}