{"id":3530,"date":"2025-12-03T13:41:23","date_gmt":"2025-12-03T16:41:23","guid":{"rendered":"https:\/\/www.ufmg.br\/prae\/?page_id=3530"},"modified":"2025-12-03T13:49:44","modified_gmt":"2025-12-03T16:49:44","slug":"transparencia","status":"publish","type":"page","link":"https:\/\/www.ufmg.br\/prae\/transparencia\/","title":{"rendered":"Transpar\u00eancia"},"content":{"rendered":"<p>Os recursos para o desenvolvimento dos programas executados pela Fump s\u00e3o provenientes do\u00a0<a href=\"http:\/\/portal.mec.gov.br\/component\/tags\/tag\/pnaes\" target=\"_blank\" rel=\"external noopener\" data-type=\"link\" data-id=\"http:\/\/portal.mec.gov.br\/component\/tags\/tag\/pnaes\">Programa Nacional de Assist\u00eancia Estudantil (PNAES)<\/a>, repassados \u00e0 UFMG a qual celebra parceria com a Funda\u00e7\u00e3o, atrav\u00e9s de Termos de Colabora\u00e7\u00e3o. Al\u00e9m destes, figuram como recursos para a execu\u00e7\u00e3o, os recursos pr\u00f3prios do or\u00e7amento da Universidade e da pr\u00f3pria Funda\u00e7\u00e3o.<\/p>\n<p>Nos Termos de Colabora\u00e7\u00e3o, a Fump atua como executora das atividades e\/ou projetos vinculados \u00e0 Pol\u00edtica de Perman\u00eancia da UFMG, coordenada pela Pr\u00f3-Reitoria de Assuntos Estudantis (PRAE). O recurso \u00e9 repassado por meio desses Termos, firmados com a UFMG e executado de acordo com a Portaria n\u00ba 139\/07, de 12\/12\/07, do Minist\u00e9rio da Educa\u00e7\u00e3o (MEC) e Decreto Federal n\u00ba 7.234\/10.<\/p>\n<p>Para mais informa\u00e7\u00f5es, acesse o nosso\u00a0<a href=\"https:\/\/portaldatransparencia.fump.ufmg.br\/?_gl=1*1tin4pr*_ga*MzE4OTUwNjUzLjE3MjYwNzMxMDc.*_ga_CBJ97E1MPS*czE3NjQ3Nzk5ODYkbzM1JGcxJHQxNzY0Nzc5OTg5JGo1NyRsMCRoMA..\" target=\"_blank\" rel=\"noreferrer noopener\" data-type=\"link\" data-id=\"https:\/\/portaldatransparencia.fump.ufmg.br\/\">Portal da Transpar\u00eancia<\/a>.<\/p>\n","protected":false},"excerpt":{"rendered":"<p>Os recursos para o desenvolvimento dos programas executados pela Fump [&hellip;]<\/p>\n","protected":false},"author":2,"featured_media":0,"parent":0,"menu_order":0,"comment_status":"closed","ping_status":"closed","template":"","meta":{"_acf_changed":false,"footnotes":""},"tags":[],"class_list":["post-3530","page","type-page","status-publish","hentry"],"acf":[],"_links":{"self":[{"href":"https:\/\/www.ufmg.br\/prae\/wp-json\/wp\/v2\/pages\/3530","targetHints":{"allow":["GET"]}}],"collection":[{"href":"https:\/\/www.ufmg.br\/prae\/wp-json\/wp\/v2\/pages"}],"about":[{"href":"https:\/\/www.ufmg.br\/prae\/wp-json\/wp\/v2\/types\/page"}],"author":[{"embeddable":true,"href":"https:\/\/www.ufmg.br\/prae\/wp-json\/wp\/v2\/users\/2"}],"replies":[{"embeddable":true,"href":"https:\/\/www.ufmg.br\/prae\/wp-json\/wp\/v2\/comments?post=3530"}],"version-history":[{"count":4,"href":"https:\/\/www.ufmg.br\/prae\/wp-json\/wp\/v2\/pages\/3530\/revisions"}],"predecessor-version":[{"id":3535,"href":"https:\/\/www.ufmg.br\/prae\/wp-json\/wp\/v2\/pages\/3530\/revisions\/3535"}],"wp:attachment":[{"href":"https:\/\/www.ufmg.br\/prae\/wp-json\/wp\/v2\/media?parent=3530"}],"wp:term":[{"taxonomy":"post_tag","embeddable":true,"href":"https:\/\/www.ufmg.br\/prae\/wp-json\/wp\/v2\/tags?post=3530"}],"curies":[{"name":"wp","href":"https:\/\/api.w.org\/{rel}","templated":true}]}}