{"id":3550,"date":"2025-12-10T09:44:35","date_gmt":"2025-12-10T12:44:35","guid":{"rendered":"https:\/\/www.ufmg.br\/prae\/?page_id=3550"},"modified":"2025-12-10T09:55:44","modified_gmt":"2025-12-10T12:55:44","slug":"somos-parceiros","status":"publish","type":"page","link":"https:\/\/www.ufmg.br\/prae\/somos-parceiros\/","title":{"rendered":"Somos Parceiros"},"content":{"rendered":"<p>O projeto &#8220;Somos Parceiros&#8221; faz parte do Programa de Apoio \u00e0 Perman\u00eancia Qualificada de Estudantes na UFMG (PAPEQE).<\/p>\n<p>O projeto &#8220;Somos Parceiros&#8221; realiza a concess\u00e3o de bolsas de ensino para estudantes da gradua\u00e7\u00e3o da UFMG para atuarem como estudantes-parceiros de discentes identificados pelos Colegiados de Curso em situa\u00e7\u00e3o de risco de evas\u00e3o por desempenho acad\u00eamico. Este projeto \u00e9 direcionado prioritariamente, mas n\u00e3o exclusivo, a estudantes ind\u00edgenas e quilombolas que fazem parte do Programa Bolsa Perman\u00eancia; estudantes com defici\u00eancia, estudantes do Conv\u00eanio PEC-G e estudantes trans e travestis inclu\u00eddos nas pol\u00edticas de assist\u00eancia estudantil. As a\u00e7\u00f5es deste projeto s\u00e3o realizadas por meio da metodologia de parceria de estudos (instru\u00e7\u00e3o por pares), buscando fortalecer o desempenho acad\u00eamico, favorecer a perman\u00eancia de estudantes na Universidade e fomentar um ambiente de aprendizado colaborativo, superando inequidades de ensino anteriores \u00e0 entrada na universidade, contribuindo para o sucesso acad\u00eamico e a forma\u00e7\u00e3o integral dos participantes.<\/p>\n<ul>\n<li><a href=\"https:\/\/www.ufmg.br\/prae\/wp-content\/uploads\/2025\/12\/Relatoirio-Somos-Parceiros-2025-1.pdf\">Relat\u00f3rio Somos Parceiros 2025\/1<\/a><\/li>\n<li><a href=\"https:\/\/www.ufmg.br\/prae\/wp-content\/uploads\/2025\/12\/Somos-Parceiros-2024-2-Relatorio.pdf\">Relat\u00f3rio Somos Parceiros 2024\/2<\/a><\/li>\n<\/ul>\n<p>Leia tamb\u00e9m:<\/p>\n<p><a href=\"https:\/\/www.ufmg.br\/comunicacao\/noticias\/ensino\/estudantes-recebem-suporte-de-colegas-para-melhorar-desempenho-academico\/\">Estudantes recebem suporte dos colegas para melhorar desempenho acad\u00eamico<\/a><\/p>\n<div><\/div>\n<div><\/div>\n<div><\/div>\n<div><\/div>\n","protected":false},"excerpt":{"rendered":"<p>O projeto &#8220;Somos Parceiros&#8221; faz parte do Programa de Apoio [&hellip;]<\/p>\n","protected":false},"author":2,"featured_media":0,"parent":0,"menu_order":0,"comment_status":"closed","ping_status":"closed","template":"","meta":{"_acf_changed":false,"footnotes":""},"tags":[],"class_list":["post-3550","page","type-page","status-publish","hentry"],"acf":[],"_links":{"self":[{"href":"https:\/\/www.ufmg.br\/prae\/wp-json\/wp\/v2\/pages\/3550","targetHints":{"allow":["GET"]}}],"collection":[{"href":"https:\/\/www.ufmg.br\/prae\/wp-json\/wp\/v2\/pages"}],"about":[{"href":"https:\/\/www.ufmg.br\/prae\/wp-json\/wp\/v2\/types\/page"}],"author":[{"embeddable":true,"href":"https:\/\/www.ufmg.br\/prae\/wp-json\/wp\/v2\/users\/2"}],"replies":[{"embeddable":true,"href":"https:\/\/www.ufmg.br\/prae\/wp-json\/wp\/v2\/comments?post=3550"}],"version-history":[{"count":6,"href":"https:\/\/www.ufmg.br\/prae\/wp-json\/wp\/v2\/pages\/3550\/revisions"}],"predecessor-version":[{"id":3559,"href":"https:\/\/www.ufmg.br\/prae\/wp-json\/wp\/v2\/pages\/3550\/revisions\/3559"}],"wp:attachment":[{"href":"https:\/\/www.ufmg.br\/prae\/wp-json\/wp\/v2\/media?parent=3550"}],"wp:term":[{"taxonomy":"post_tag","embeddable":true,"href":"https:\/\/www.ufmg.br\/prae\/wp-json\/wp\/v2\/tags?post=3550"}],"curies":[{"name":"wp","href":"https:\/\/api.w.org\/{rel}","templated":true}]}}