{"id":3564,"date":"2025-12-10T13:10:27","date_gmt":"2025-12-10T16:10:27","guid":{"rendered":"https:\/\/www.ufmg.br\/prae\/?page_id=3564"},"modified":"2025-12-11T11:14:36","modified_gmt":"2025-12-11T14:14:36","slug":"esporte-e-lazer","status":"publish","type":"page","link":"https:\/\/www.ufmg.br\/prae\/esporte-e-lazer\/","title":{"rendered":"Esporte e Lazer"},"content":{"rendered":"<p><span style=\"font-family: Verdana, Arial, Helvetica, sans-serif;\">Atividades de esporte e lazer contribuem para a socializa\u00e7\u00e3o dos estudantes, sa\u00fade f\u00edsica e mental, combate ao sedentarismo, rendimento acad\u00eamico, redu\u00e7\u00e3o da evas\u00e3o escolar, entre outros fatores. Por isso, a Pol\u00edtica Nacional de Assist\u00eancia Estudantil (PNAES) reconhece o investimento em atividades de esporte e lazer como uma das \u00e1reas das a\u00e7\u00f5es de assist\u00eancia estudantil (art 5, lei 14.914\/2024).<\/span><\/p>\n<p><span style=\"font-family: Verdana, Arial, Helvetica, sans-serif;\">A PRAE realizou em 2025 um processo de diagn\u00f3stico e mapeamento das atividades de esporte e lazer voltadas para a comunidade discente, as quais ir\u00e3o embasar o planejamento para 2026. Saiba mais:<\/span><\/p>\n<ul>\n<li><a href=\"https:\/\/www.ufmg.br\/prae\/wp-content\/uploads\/2025\/12\/1_A-GESTAO-DO-ESPORTE-NA-UFMG_COLABORACAO-TECNICA-PARA-A-ESTRUTURACAO-DE-UMA-POLITICA-INSTITUCIONAL.pdf\">1_A-GESTAO-DO-ESPORTE-NA-UFMG_COLABORACAO-TECNICA-PARA-A-ESTRUTURACAO-DE-UMA-POLITICA-INSTITUCIONAL<\/a><\/li>\n<li><a href=\"https:\/\/www.ufmg.br\/prae\/wp-content\/uploads\/2025\/12\/2_ANALISE-DA-DELEGACAO-UFMG-JOGOS-UNIVERSITARIOS-MINEIROS-JUMS-2025.pdf\">2_ANALISE-DA-DELEGACAO-UFMG-JOGOS-UNIVERSITARIOS-MINEIROS-JUMS-2025<\/a><\/li>\n<li><a href=\"https:\/\/www.ufmg.br\/prae\/wp-content\/uploads\/2025\/12\/3_ANALISE-DAS-ASSOCIACOES-ATLETICAS-ACADEMICAS-DA-UNIVERSIDADE-FEDERAC-DE-MINAS-GERAIS-UFMG.pdf\">3_ANALISE-DAS-ASSOCIACOES-ATLETICAS-ACADEMICAS-DA-UNIVERSIDADE-FEDERAC-DE-MINAS-GERAIS-UFMG<\/a><\/li>\n<li><a href=\"https:\/\/www.ufmg.br\/prae\/wp-content\/uploads\/2025\/12\/4_ANALISE-DO-EVENTO-ESPORTIVO-INTERUFMG-2025_AVALIACAO-DA-REALIZACAO-E-PROPOSTAS-DE-MELHORIAS-PARA-APOIO-INSTITUCIONAL-1.pdf\">4_ANALISE-DO-EVENTO-ESPORTIVO-INTERUFMG-2025_AVALIACAO-DA-REALIZACAO-E-PROPOSTAS-DE-MELHORIAS-PARA-APOIO-INSTITUCIONAL<\/a><\/li>\n<li><a href=\"https:\/\/www.ufmg.br\/prae\/wp-content\/uploads\/2025\/12\/5_ANALISE-E-DESEMPENHO-DA-DELEGACAO-UFMG-NO-JUBS-2025.pdf\">5_ANALISE-E-DESEMPENHO-DA-DELEGACAO-UFMG-NO-JUBS-2025<\/a><\/li>\n<li><a href=\"https:\/\/www.ufmg.br\/prae\/wp-content\/uploads\/2025\/12\/6_ANALISE-E-DESEMPENHO-DA-DELEGACAO-UFMG-NOS-JOGOS-UNIVERSITARIOS-MINEIROS-JUMS-FUTEBOL-DE-CAMPO-2025-1.pdf\">6_ANALISE-E-DESEMPENHO-DA-DELEGACAO-UFMG-NOS-JOGOS-UNIVERSITARIOS-MINEIROS-JUMS-FUTEBOL-DE-CAMPO-2025-1<\/a><\/li>\n<\/ul>\n<p>Leia tamb\u00e9m:<\/p>\n<div class=\"video-container\">\n<blockquote class=\"wp-embedded-content\" data-secret=\"gvZLC2aK9S\"><p><a href=\"https:\/\/www.ufmg.br\/prae\/noticia\/ufmg-e-campea-geral-dos-jogos-universitarios-mineiros\/\">UFMG \u00e9 campe\u00e3 geral dos Jogos Universit\u00e1rios Mineiros<\/a><\/p><\/blockquote>\n<p><iframe loading=\"lazy\" class=\"wp-embedded-content\" sandbox=\"allow-scripts\" security=\"restricted\" style=\"position: absolute; visibility: hidden;\" title=\"&#8220;UFMG \u00e9 campe\u00e3 geral dos Jogos Universit\u00e1rios Mineiros&#8221; &#8212; Pr\u00f3-Reitoria de Assuntos Estudantis - PRAE\" src=\"https:\/\/www.ufmg.br\/prae\/noticia\/ufmg-e-campea-geral-dos-jogos-universitarios-mineiros\/embed\/#?secret=pcnjV0Mfkv#?secret=gvZLC2aK9S\" data-secret=\"gvZLC2aK9S\" width=\"500\" height=\"282\" frameborder=\"0\" marginwidth=\"0\" marginheight=\"0\" scrolling=\"no\"><\/iframe><\/div>\n<h3><\/h3>\n<h4><a href=\"https:\/\/www.ufmg.br\/prae\/esporte-e-lazer\/revitalizacao-do-centro-esportivo-universitario-ceu\/\">Informe-se sobre a\u00a0 Revitaliza\u00e7\u00e3o do Centro Esportivo Universit\u00e1rio (CEU)<\/a><\/h4>\n","protected":false},"excerpt":{"rendered":"<p>Atividades de esporte e lazer contribuem para a socializa\u00e7\u00e3o dos [&hellip;]<\/p>\n","protected":false},"author":2,"featured_media":0,"parent":0,"menu_order":0,"comment_status":"closed","ping_status":"closed","template":"","meta":{"_acf_changed":false,"footnotes":""},"tags":[],"class_list":["post-3564","page","type-page","status-publish","hentry"],"acf":[],"_links":{"self":[{"href":"https:\/\/www.ufmg.br\/prae\/wp-json\/wp\/v2\/pages\/3564","targetHints":{"allow":["GET"]}}],"collection":[{"href":"https:\/\/www.ufmg.br\/prae\/wp-json\/wp\/v2\/pages"}],"about":[{"href":"https:\/\/www.ufmg.br\/prae\/wp-json\/wp\/v2\/types\/page"}],"author":[{"embeddable":true,"href":"https:\/\/www.ufmg.br\/prae\/wp-json\/wp\/v2\/users\/2"}],"replies":[{"embeddable":true,"href":"https:\/\/www.ufmg.br\/prae\/wp-json\/wp\/v2\/comments?post=3564"}],"version-history":[{"count":8,"href":"https:\/\/www.ufmg.br\/prae\/wp-json\/wp\/v2\/pages\/3564\/revisions"}],"predecessor-version":[{"id":3616,"href":"https:\/\/www.ufmg.br\/prae\/wp-json\/wp\/v2\/pages\/3564\/revisions\/3616"}],"wp:attachment":[{"href":"https:\/\/www.ufmg.br\/prae\/wp-json\/wp\/v2\/media?parent=3564"}],"wp:term":[{"taxonomy":"post_tag","embeddable":true,"href":"https:\/\/www.ufmg.br\/prae\/wp-json\/wp\/v2\/tags?post=3564"}],"curies":[{"name":"wp","href":"https:\/\/api.w.org\/{rel}","templated":true}]}}