{"id":3681,"date":"2026-03-17T09:32:18","date_gmt":"2026-03-17T12:32:18","guid":{"rendered":"https:\/\/www.ufmg.br\/prae\/?page_id=3681"},"modified":"2026-03-18T16:39:12","modified_gmt":"2026-03-18T19:39:12","slug":"afirmasus","status":"publish","type":"page","link":"https:\/\/www.ufmg.br\/prae\/afirmasus\/","title":{"rendered":"AFIRMASUS"},"content":{"rendered":"<h3>Programa AFIRMASUS<\/h3>\n<p>&nbsp;<\/p>\n<p>O\u00a0<strong>Programa Nacional de Apoio \u00e0 Perman\u00eancia, Diversidade e Visibilidade para Discentes na \u00c1rea da Sa\u00fade, <\/strong>(AFIRMASUS) \u00e9 uma iniciativa complementar de apoio \u00e0 perman\u00eancia estudantil de grupos historicamente vulnerabilizados, que promove a\u00e7\u00f5es de ensino, pesquisa, extens\u00e3o e cultura que integram ensino, servi\u00e7o e comunidade.<\/p>\n<p>O programa contempla cinco eixos:<\/p>\n<p>Eixo 1 &#8211; Estrat\u00e9gias de educa\u00e7\u00e3o para promo\u00e7\u00e3o da diversidade e enfrentamento \u00e0s iniquidades e assimetrias com abordagem interseccional no SUS.<\/p>\n<p>Eixo 2 &#8211; Fortalecimento das estrat\u00e9gias para amplia\u00e7\u00e3o do acesso aos servi\u00e7os de sa\u00fade e para promo\u00e7\u00e3o do cuidado.<\/p>\n<p>Eixo 3 &#8211; A\u00e7\u00f5es de cuidado \u00e0 sa\u00fade mental com \u00eanfase em grupos socialmente vulnerabilizados.<\/p>\n<p>Eixo 4 &#8211; Valoriza\u00e7\u00e3o dos territ\u00f3rios tradicionais e origin\u00e1rios no fortalecimento da participa\u00e7\u00e3o social no SUS.<\/p>\n<p>Eixo 5 &#8211; Estrat\u00e9gias de inova\u00e7\u00e3o e comunica\u00e7\u00e3o em sa\u00fade para o cuidado de popula\u00e7\u00f5es vulnerabilizadas socialmente no SUS.<\/p>\n<p>O AFIRMASUS tem como p\u00fablico de interesse os estudantes que ingressaram na universidade por a\u00e7\u00f5es afirmativas, com foco na \u00e1rea da sa\u00fade. Contudo, permite a inclus\u00e3o limitada de estudantes de outras \u00e1reas.<\/p>\n<p>Na UFMG temos dois grupos de trabalho compostos, cada um por 10 discentes bolsistas e at\u00e9 5 discentes n\u00e3o bolsista, al\u00e9m de uma tutora e uma cotutora (composi\u00e7\u00e3o m\u00ednima dos grupos). Tamb\u00e9m \u00e9 previsto a participa\u00e7\u00e3o um (a) orientador (a) de servi\u00e7o e um (a) preceptor (a) por grupo.<\/p>\n<p>&nbsp;<\/p>\n<style>#sp-ea-3714 .spcollapsing { height: 0; overflow: hidden; transition-property: height;transition-duration: 300ms;}#sp-ea-3714.sp-easy-accordion>.sp-ea-single {margin-bottom: 10px; border: 1px solid #e2e2e2; }#sp-ea-3714.sp-easy-accordion>.sp-ea-single>.ea-header a {color: #444;}#sp-ea-3714.sp-easy-accordion>.sp-ea-single>.sp-collapse>.ea-body {background: #fff; color: #444;}#sp-ea-3714.sp-easy-accordion>.sp-ea-single {background: #eee;}#sp-ea-3714.sp-easy-accordion>.sp-ea-single>.ea-header a .ea-expand-icon { float: left; color: #444;font-size: 16px;}<\/style><div id=\"sp_easy_accordion-1773858826\"><div id=\"sp-ea-3714\" class=\"sp-ea-one sp-easy-accordion\" data-ea-active=\"ea-click\" data-ea-mode=\"vertical\" data-preloader=\"\" data-scroll-active-item=\"\" data-offset-to-scroll=\"0\"><div class=\"ea-card ea-expand sp-ea-single\"><h3 class=\"ea-header\"><a class=\"collapsed\" id=\"ea-header-37140\" role=\"button\" data-sptoggle=\"spcollapse\" data-sptarget=\"#collapse37140\" aria-controls=\"collapse37140\" href=\"#\" aria-expanded=\"true\" tabindex=\"0\"><i aria-hidden=\"true\" role=\"presentation\" class=\"ea-expand-icon eap-icon-ea-expand-minus\"><\/i> Processos Seletivos<\/a><\/h3><div class=\"sp-collapse spcollapse collapsed show\" id=\"collapse37140\" data-parent=\"#sp-ea-3714\" role=\"region\" aria-labelledby=\"ea-header-37140\"> <div class=\"ea-body\"><p><span style=\"color: #3366ff\"><a style=\"color: #3366ff\" href=\"https:\/\/www.ufmg.br\/prae\/wp-content\/uploads\/2026\/03\/Edital-orietador-de-servico-AFIRMASUS-ufmg.pdf\">EDITAL N\u00ba 323\/2026 - Sele\u00e7\u00e3o de Orientadores de Servi\u00e7o - AFIRMASUS<\/a><\/span><\/p><p><span style=\"color: #3366ff\"><a style=\"color: #3366ff\" href=\"https:\/\/www.ufmg.br\/prae\/wp-content\/uploads\/2026\/04\/Resultado-Preliminar-EDITAL-No-323-2026-Orient-serv-AFIRMASUS.pdf\">RESULTADO PRELIMINAR \u2013 EDITAL N\u00ba 323\/2026<\/a><\/span><\/p><p><span style=\"color: #3366ff\"><a style=\"color: #3366ff\" href=\"https:\/\/www.ufmg.br\/prae\/wp-content\/uploads\/2026\/04\/Resultado-Final-Orientador-de-servico.pdf\">RESULTADO FINAL - EDITAL N\u00ba 323\/2026<\/a><\/span><\/p><p>&nbsp;<\/p><p>&nbsp;<\/p><\/div><\/div><\/div><div class=\"ea-card sp-ea-single\"><h3 class=\"ea-header\"><a class=\"collapsed\" id=\"ea-header-37141\" role=\"button\" data-sptoggle=\"spcollapse\" data-sptarget=\"#collapse37141\" aria-controls=\"collapse37141\" href=\"#\" aria-expanded=\"false\" tabindex=\"0\"><i aria-hidden=\"true\" role=\"presentation\" class=\"ea-expand-icon eap-icon-ea-expand-plus\"><\/i> Comiss\u00e3o Local de Acompanhamento e Avalia\u00e7\u00e3o do AFIRMASUS (CLAA)<\/a><\/h3><div class=\"sp-collapse spcollapse \" id=\"collapse37141\" data-parent=\"#sp-ea-3714\" role=\"region\" aria-labelledby=\"ea-header-37141\"> <div class=\"ea-body\"><ul><li>Marcos Antonio de Sousa Matuchac \u2013 Psic\u00f3logo (Representante da PRAE)<\/li><li>Lidiane Santos de Oliveira \u2013 Assistente Social (Representante da PRAE)<\/li><li>Fabiane Ribeiro Ferreira \u2013 Docente (Representante da PROGRAD)<\/li><li>Viviane Elis\u00e2ngela Gomes \u2013 Docente (Representante da PROGRAD)<\/li><li>Lilian Cristina Rezende \u2013 Docente (Representante do N\u00facleo Docente Estruturante (NDE) \u2013 Escola de Enfermagem)<\/li><li>Elen Cristiane Gandra \u2013 Docente (Representante do N\u00facleo Docente Estruturante (NDE) \u2013 Escola de Enfermagem)<\/li><li>Ana Clara Carvalho J\u00f3ia \u2013 Discente de Odontologia (Representante Discente)<\/li><li>Sabrina Lorrane Dantas \u2013 Discente de Nutri\u00e7\u00e3o (Representante Discente)<\/li><li>Lauriany Reis Silva \u2013 Discente de Odontologia (Representante Discente)<\/li><li>Pen\u00e9lope Maria Gomes Andrade \u2013 Discente de Nutri\u00e7\u00e3o (Representante Discente)<\/li><\/ul><\/div><\/div><\/div><div class=\"ea-card sp-ea-single\"><h3 class=\"ea-header\"><a class=\"collapsed\" id=\"ea-header-37142\" role=\"button\" data-sptoggle=\"spcollapse\" data-sptarget=\"#collapse37142\" aria-controls=\"collapse37142\" href=\"#\" aria-expanded=\"false\" tabindex=\"0\"><i aria-hidden=\"true\" role=\"presentation\" class=\"ea-expand-icon eap-icon-ea-expand-plus\"><\/i> Normativas e documentos orientadores<\/a><\/h3><div class=\"sp-collapse spcollapse \" id=\"collapse37142\" data-parent=\"#sp-ea-3714\" role=\"region\" aria-labelledby=\"ea-header-37142\"> <div class=\"ea-body\"><div><a href=\"https:\/\/bvsms.saude.gov.br\/bvs\/saudelegis\/gm\/ 2017\/prc0005_03_10_2017.html)\"><span class=\"a_GcMg font-feature-liga-off font-feature-clig-off font-feature-calt-off text-decoration-none text-strikethrough-none\"><span style=\"color: #3366ff\">Portaria de Consolida\u00e7\u00e3o n\u00ba 5, de 28 de setembro de 2017<\/span><br \/><\/span><\/a><\/div><div><a href=\"https:\/\/www.ufmg.br\/prae\/wp-content\/uploads\/2026\/03\/Anexo-CXIIA-da-Portaria-de-Consolidacao-5803-28-11-24.pdf\"><span class=\"a_GcMg font-feature-liga-off font-feature-clig-off font-feature-calt-off text-decoration-none text-strikethrough-none\"><span style=\"color: #3366ff\">Portaria GM\/MS n\u00ba 5.803, de 28 de novembro de 2024<\/span><\/span><\/a><\/div><div><\/div><div><span style=\"color: #3366ff\"><a style=\"color: #3366ff\" href=\"https:\/\/www.ufmg.br\/prae\/wp-content\/uploads\/2026\/03\/Portaria-GM-ms-7.979-de-21-08-2025-Altera-o-ANEXO-CXIIA-1.pdf\"><span class=\"a_GcMg font-feature-liga-off font-feature-clig-off font-feature-calt-off text-decoration-none text-strikethrough-none\">Portaria GM\/MS n\u00ba 7.979, de 21 de agosto de 2025<\/span><\/a><\/span><\/div><div><span class=\"a_GcMg font-feature-liga-off font-feature-clig-off font-feature-calt-off text-decoration-none text-strikethrough-none\" style=\"color: #3366ff\">\u00a0<\/span><\/div><div><span style=\"color: #3366ff\"><a style=\"color: #3366ff\" href=\"https:\/\/www.ufmg.br\/prae\/wp-content\/uploads\/2026\/03\/Cartilha-Perguntas-e-respostas-sobre-o-AFIRMASUS.pdf\"><span class=\"a_GcMg font-feature-liga-off font-feature-clig-off font-feature-calt-off text-decoration-none text-strikethrough-none\">Cartilha Perguntas e Respostas sobre o AFIRMASUS - UFMG<\/span><\/a><\/span><\/div><\/div><\/div><\/div><\/div><\/div>\n<h3>Grupos de Trabalho<\/h3>\n<style>#sp-ea-3720 .spcollapsing { height: 0; overflow: hidden; transition-property: height;transition-duration: 300ms;}#sp-ea-3720.sp-easy-accordion>.sp-ea-single {margin-bottom: 10px; border: 1px solid #e2e2e2; }#sp-ea-3720.sp-easy-accordion>.sp-ea-single>.ea-header a {color: #444;}#sp-ea-3720.sp-easy-accordion>.sp-ea-single>.sp-collapse>.ea-body {background: #fff; color: #444;}#sp-ea-3720.sp-easy-accordion>.sp-ea-single {background: #eee;}#sp-ea-3720.sp-easy-accordion>.sp-ea-single>.ea-header a .ea-expand-icon { float: left; color: #444;font-size: 16px;}<\/style><div id=\"sp_easy_accordion-1773859473\"><div id=\"sp-ea-3720\" class=\"sp-ea-one sp-easy-accordion\" data-ea-active=\"ea-click\" data-ea-mode=\"vertical\" data-preloader=\"\" data-scroll-active-item=\"\" data-offset-to-scroll=\"0\"><div class=\"ea-card ea-expand sp-ea-single\"><h3 class=\"ea-header\"><a class=\"collapsed\" id=\"ea-header-37200\" role=\"button\" data-sptoggle=\"spcollapse\" data-sptarget=\"#collapse37200\" aria-controls=\"collapse37200\" href=\"#\" aria-expanded=\"true\" tabindex=\"0\"><i aria-hidden=\"true\" role=\"presentation\" class=\"ea-expand-icon eap-icon-ea-expand-minus\"><\/i> Projeto 1: Educar nas ruas e na universidade: juntos por acesso, dignidade e perman\u00eancia \u00a0<\/a><\/h3><div class=\"sp-collapse spcollapse collapsed show\" id=\"collapse37200\" data-parent=\"#sp-ea-3720\" role=\"region\" aria-labelledby=\"ea-header-37200\"> <div class=\"ea-body\"><p><strong>Tutora:<\/strong> Prof.\u00aa Najara Barbosa da Rocha (Faculdade de Odontologia)<\/p><p><strong>Cotutor:<\/strong> Prof.\u00aa\u00a0 Sumaya Giarola Cecilio (Escola de Enfermagem)<\/p><p><strong>Discentes Bolsistas:<\/strong><\/p><ul><li>Adriana Maria Augusta de Oliveira - Medicina<\/li><li>Ana L\u00eddia de Morais Menezes - Radiologia<\/li><li>Carlos Lorran Dias Pereira - Medicina<\/li><li>Daniel de Souza Victor - Enfermagem<\/li><li>Diulia Gabriele dos Santos Fernandes - Medicina<\/li><li>Dogllas Huk\u00fakw\u00e1 - Enfermagem<\/li><li>Gabrielly Cristina Soares Santos Ferreira - Gest\u00e3o de Servi\u00e7os de Sa\u00fade<\/li><li>Jo\u00e3o Gabriel Pereira Campos - Medicina<\/li><li>Natiele Larissa Moreira Santos - Gest\u00e3o de Servi\u00e7os de Sa\u00fade<\/li><li>Wilker Lima de Souza Brito - Medicina<\/li><\/ul><p><strong>Discentes N\u00e3o bolsistas:<\/strong><\/p><ul><li>Geovanna Garibalde da Silva Serpa - Medicina<\/li><\/ul><p><strong>Orientadora de servi\u00e7o:<\/strong> ---<\/p><p><strong>Preceptora:<\/strong> ---<\/p><p><strong>Instagram do Projeto<\/strong>: <span style=\"color: #3366ff\"><a style=\"color: #3366ff\" href=\"https:\/\/www.instagram.com\/educarnasruasufmg\/\">@educarnasruasufmg<\/a><\/span><\/p><\/div><\/div><\/div><div class=\"ea-card sp-ea-single\"><h3 class=\"ea-header\"><a class=\"collapsed\" id=\"ea-header-37201\" role=\"button\" data-sptoggle=\"spcollapse\" data-sptarget=\"#collapse37201\" aria-controls=\"collapse37201\" href=\"#\" aria-expanded=\"false\" tabindex=\"0\"><i aria-hidden=\"true\" role=\"presentation\" class=\"ea-expand-icon eap-icon-ea-expand-plus\"><\/i> Projeto 2: Interculturalidade e ecologia de saberes no cuidado em sa\u00fade \u00a0<\/a><\/h3><div class=\"sp-collapse spcollapse \" id=\"collapse37201\" data-parent=\"#sp-ea-3720\" role=\"region\" aria-labelledby=\"ea-header-37201\"> <div class=\"ea-body\"><p><strong>Tutora:<\/strong> Prof.\u00aa Maria Gabrielle De Lima Rocha (Faculdade de Farm\u00e1cia)<\/p><p><strong>Cotutora:<\/strong> Prof.\u00aa Kirla Barbosa Detoni (Faculdade de Farm\u00e1cia)<\/p><p><strong>Discentes Bolsistas:<\/strong><\/p><ul><li>Alice Martins dos Santos Leite - Fisioterapia<\/li><li>Bruno Mateus Pereira Balduino - Odontologia<\/li><li>Clenny Paes Barreto\u00a0\u00a0\u00a0\u00a0\u00a0\u00a0\u00a0\u00a0\u00a0 - Farm\u00e1cia<\/li><li>Erik Vinicius Sousa Saraiva\u00a0\u00a0\u00a0\u00a0\u00a0\u00a0\u00a0\u00a0\u00a0 - Psicologia<\/li><li>Jo\u00e3o Pedro Flor\u00eancio Alves - Farm\u00e1cia<\/li><li>Maria Paula Augusta Silva - Odontologia<\/li><li>Rog\u00e9rio Moraes Brito - Engenharia de Produ\u00e7\u00e3o<\/li><li>Ruan Do Arag\u00e3o Santos - Psicologia<\/li><li>Vin\u00edcius George dos Santos - Antropologia<\/li><li>Vit\u00f3ria Maria Ribeiro Jardim - Odontologia<\/li><\/ul><p><strong>Discentes N\u00e3o bolsistas:<\/strong><\/p><ul><li>B\u00e1rbara Cristina Oliveira Guedes - Odontologia<\/li><li>S\u00e2myla Ferreira de Morais - Odontologia<\/li><\/ul><p><strong>Orientadora de servi\u00e7o: ---<\/strong><\/p><p><strong>Preceptora: ---<\/strong><\/p><\/div><\/div><\/div><\/div><\/div>\n<p>&nbsp;<\/p>\n<p>&nbsp;<\/p>\n<p>&nbsp;<\/p>\n","protected":false},"excerpt":{"rendered":"<p>Programa AFIRMASUS &nbsp; O\u00a0Programa Nacional de Apoio \u00e0 Perman\u00eancia, Diversidade [&hellip;]<\/p>\n","protected":false},"author":2,"featured_media":0,"parent":0,"menu_order":0,"comment_status":"closed","ping_status":"closed","template":"","meta":{"_acf_changed":false,"footnotes":""},"tags":[],"class_list":["post-3681","page","type-page","status-publish","hentry"],"acf":[],"_links":{"self":[{"href":"https:\/\/www.ufmg.br\/prae\/wp-json\/wp\/v2\/pages\/3681","targetHints":{"allow":["GET"]}}],"collection":[{"href":"https:\/\/www.ufmg.br\/prae\/wp-json\/wp\/v2\/pages"}],"about":[{"href":"https:\/\/www.ufmg.br\/prae\/wp-json\/wp\/v2\/types\/page"}],"author":[{"embeddable":true,"href":"https:\/\/www.ufmg.br\/prae\/wp-json\/wp\/v2\/users\/2"}],"replies":[{"embeddable":true,"href":"https:\/\/www.ufmg.br\/prae\/wp-json\/wp\/v2\/comments?post=3681"}],"version-history":[{"count":17,"href":"https:\/\/www.ufmg.br\/prae\/wp-json\/wp\/v2\/pages\/3681\/revisions"}],"predecessor-version":[{"id":3721,"href":"https:\/\/www.ufmg.br\/prae\/wp-json\/wp\/v2\/pages\/3681\/revisions\/3721"}],"wp:attachment":[{"href":"https:\/\/www.ufmg.br\/prae\/wp-json\/wp\/v2\/media?parent=3681"}],"wp:term":[{"taxonomy":"post_tag","embeddable":true,"href":"https:\/\/www.ufmg.br\/prae\/wp-json\/wp\/v2\/tags?post=3681"}],"curies":[{"name":"wp","href":"https:\/\/api.w.org\/{rel}","templated":true}]}}