{"id":371,"date":"2021-06-22T16:33:07","date_gmt":"2021-06-22T19:33:07","guid":{"rendered":"https:\/\/www.ufmg.br\/prae\/?page_id=371"},"modified":"2025-05-29T09:19:05","modified_gmt":"2025-05-29T12:19:05","slug":"forum-nacional-de-pro-reitores-de-assuntos-comunitarios-e-estudantis","status":"publish","type":"page","link":"https:\/\/www.ufmg.br\/prae\/sobre-a-prae\/forum-nacional-de-pro-reitores-de-assuntos-comunitarios-e-estudantis\/","title":{"rendered":"F\u00f3rum Nacional de Pr\u00f3-Reitores de Assuntos Comunit\u00e1rios e Estudantis"},"content":{"rendered":"<p>Criado em outubro de 1987, congrega os pr\u00f3-reitores, sub-reitores, decanos ou respons\u00e1veis pelos assuntos comunit\u00e1rios e estudantis das institui\u00e7\u00f5es de ensino superior (IES) p\u00fablicas do Brasil.<\/p>\n<p>Tem por objetivos:<\/p>\n<p>\u2013 formular pol\u00edticas e diretrizes b\u00e1sicas que permitam a articula\u00e7\u00e3o e o fornecimento das a\u00e7\u00f5es comuns na \u00e1rea de assuntos comunit\u00e1rios e estudantis, em n\u00edvel regional e nacional;<br \/>\n\u2013 assessorar permanentemente a Andifes;<br \/>\n\u2013 participar ativamente na defesa da educa\u00e7\u00e3o p\u00fablica, gratuita, com qualidade acad\u00eamica e cient\u00edfica, e comprometida com a sociedade que a mant\u00e9m;<br \/>\n\u2013 promover e apoiar estudos e pesquisas na \u00e1rea de sua compet\u00eancia, realizar congressos, confer\u00eancias, semin\u00e1rios e eventos assemelhados.<\/p>\n<p>Mais Detalhes em\u00a0<a href=\"http:\/\/www.fonaprace.andifes.org.br\/index.php\/sobre\/\">http:\/\/www.fonaprace.andifes.org.br\/index.php\/sobre\/<\/a><\/p>\n<h4><a href=\"https:\/\/www.ufmg.br\/prae\/sobre-a-prae\/forum-nacional-de-pro-reitores-de-assuntos-comunitarios-e-estudantis\/io-encontro-nacional-do-fonaprace-2025\">Programa\u00e7\u00e3o Fonaprace 2025<\/a><\/h4>\n<p><\/p>\n<h4><a href=\"https:\/\/www.ufmg.br\/prae\/sobre-a-prae\/forum-nacional-de-pro-reitores-de-assuntos-comunitarios-e-estudantis\/galeria-de-fotos-fonaprace\/\">2\u00ba Encontro Regional Sudeste &#8211; 2019\u00a0 &#8211; Galeria de Fotos<\/a><\/h4>\n<p>&nbsp;<\/p>\n","protected":false},"excerpt":{"rendered":"<p>Criado em outubro de 1987, congrega os pr\u00f3-reitores, sub-reitores, decanos [&hellip;]<\/p>\n","protected":false},"author":1,"featured_media":0,"parent":297,"menu_order":0,"comment_status":"closed","ping_status":"closed","template":"","meta":{"_acf_changed":false,"footnotes":""},"tags":[],"class_list":["post-371","page","type-page","status-publish","hentry"],"acf":[],"_links":{"self":[{"href":"https:\/\/www.ufmg.br\/prae\/wp-json\/wp\/v2\/pages\/371","targetHints":{"allow":["GET"]}}],"collection":[{"href":"https:\/\/www.ufmg.br\/prae\/wp-json\/wp\/v2\/pages"}],"about":[{"href":"https:\/\/www.ufmg.br\/prae\/wp-json\/wp\/v2\/types\/page"}],"author":[{"embeddable":true,"href":"https:\/\/www.ufmg.br\/prae\/wp-json\/wp\/v2\/users\/1"}],"replies":[{"embeddable":true,"href":"https:\/\/www.ufmg.br\/prae\/wp-json\/wp\/v2\/comments?post=371"}],"version-history":[{"count":33,"href":"https:\/\/www.ufmg.br\/prae\/wp-json\/wp\/v2\/pages\/371\/revisions"}],"predecessor-version":[{"id":3199,"href":"https:\/\/www.ufmg.br\/prae\/wp-json\/wp\/v2\/pages\/371\/revisions\/3199"}],"up":[{"embeddable":true,"href":"https:\/\/www.ufmg.br\/prae\/wp-json\/wp\/v2\/pages\/297"}],"wp:attachment":[{"href":"https:\/\/www.ufmg.br\/prae\/wp-json\/wp\/v2\/media?parent=371"}],"wp:term":[{"taxonomy":"post_tag","embeddable":true,"href":"https:\/\/www.ufmg.br\/prae\/wp-json\/wp\/v2\/tags?post=371"}],"curies":[{"name":"wp","href":"https:\/\/api.w.org\/{rel}","templated":true}]}}