{"id":396,"date":"2021-06-24T15:53:01","date_gmt":"2021-06-24T18:53:01","guid":{"rendered":"https:\/\/www.ufmg.br\/prae\/?page_id=396"},"modified":"2021-08-09T17:07:11","modified_gmt":"2021-08-09T20:07:11","slug":"contextualizando-as-acoes-afirmativas-no-brasil","status":"publish","type":"page","link":"https:\/\/www.ufmg.br\/prae\/diretoria-de-acoes-afirmativas\/contextualizando-as-acoes-afirmativas-no-brasil\/","title":{"rendered":"Contextualizando as A\u00e7\u00f5es Afirmativas no Brasil"},"content":{"rendered":"<p>No Brasil, as lutas por pol\u00edticas de a\u00e7\u00e3o afirmativa foram trazidas para debate p\u00fablico pelo Movimento Negro Brasileiro, que denunciou a aus\u00eancia de negros(as) nos cursos superiores brasileiros.<\/p>\n<p>A tem\u00e1tica ganhou visibilidade ap\u00f3s a realiza\u00e7\u00e3o da Terceira Confer\u00eancia Mundial contra o Racismo, a Discrimina\u00e7\u00e3o Racial, a Xenofobia e Formas Correlatas de Intoler\u00e2ncia, promovida pela ONU, em 2001, na cidade de Durban, na \u00c1frica do Sul.<\/p>\n<p>A partir de ent\u00e3o, o\u00a0 Estado brasileiro comprometeu-se, oficialmente, em combater o racismo e estabelecer pol\u00edticas concretas para a sua supera\u00e7\u00e3o. Al\u00e9m das cotas, fizeram parte do conjunto de pol\u00edticas de a\u00e7\u00e3o afirmativas do governo: a cria\u00e7\u00e3o da Secretaria Especial de Pol\u00edticas de Promo\u00e7\u00e3o da Igualdade Racial (SEPPIR); a promulga\u00e7\u00e3o da\u00a0 Lei 10.639\/03 que instaura a obrigatoriedade do ensino de Hist\u00f3ria e Cultura Afro-brasileiras e Africanas nas escolas p\u00fablicas e privadas do ensino fundamental e m\u00e9dio; a Lei 11.096\/2005, que institui o Programa Universidade para Todos (PROUNI); e a Lei 12.288\/10, que institui o Estatuto da Igualdade Racial.<\/p>\n","protected":false},"excerpt":{"rendered":"<p>No Brasil, as lutas por pol\u00edticas de a\u00e7\u00e3o afirmativa foram [&hellip;]<\/p>\n","protected":false},"author":1,"featured_media":0,"parent":299,"menu_order":0,"comment_status":"closed","ping_status":"closed","template":"","meta":{"_acf_changed":false,"footnotes":""},"tags":[],"class_list":["post-396","page","type-page","status-publish","hentry"],"acf":[],"_links":{"self":[{"href":"https:\/\/www.ufmg.br\/prae\/wp-json\/wp\/v2\/pages\/396","targetHints":{"allow":["GET"]}}],"collection":[{"href":"https:\/\/www.ufmg.br\/prae\/wp-json\/wp\/v2\/pages"}],"about":[{"href":"https:\/\/www.ufmg.br\/prae\/wp-json\/wp\/v2\/types\/page"}],"author":[{"embeddable":true,"href":"https:\/\/www.ufmg.br\/prae\/wp-json\/wp\/v2\/users\/1"}],"replies":[{"embeddable":true,"href":"https:\/\/www.ufmg.br\/prae\/wp-json\/wp\/v2\/comments?post=396"}],"version-history":[{"count":12,"href":"https:\/\/www.ufmg.br\/prae\/wp-json\/wp\/v2\/pages\/396\/revisions"}],"predecessor-version":[{"id":876,"href":"https:\/\/www.ufmg.br\/prae\/wp-json\/wp\/v2\/pages\/396\/revisions\/876"}],"up":[{"embeddable":true,"href":"https:\/\/www.ufmg.br\/prae\/wp-json\/wp\/v2\/pages\/299"}],"wp:attachment":[{"href":"https:\/\/www.ufmg.br\/prae\/wp-json\/wp\/v2\/media?parent=396"}],"wp:term":[{"taxonomy":"post_tag","embeddable":true,"href":"https:\/\/www.ufmg.br\/prae\/wp-json\/wp\/v2\/tags?post=396"}],"curies":[{"name":"wp","href":"https:\/\/api.w.org\/{rel}","templated":true}]}}