{"id":403,"date":"2021-06-24T16:06:47","date_gmt":"2021-06-24T19:06:47","guid":{"rendered":"https:\/\/www.ufmg.br\/prae\/?page_id=403"},"modified":"2026-03-17T09:51:00","modified_gmt":"2026-03-17T12:51:00","slug":"o-que-sao-acoes-afirmativas","status":"publish","type":"page","link":"https:\/\/www.ufmg.br\/prae\/diretoria-de-acoes-afirmativas\/o-que-sao-acoes-afirmativas\/","title":{"rendered":"O que s\u00e3o A\u00e7\u00f5es Afirmativas?"},"content":{"rendered":"<p><span style=\"font-weight: 400;\">A\u00e7\u00f5es Afirmativas s\u00e3o pol\u00edticas (p\u00fablicas ou privadas) criadas com o objetivo de promover a repara\u00e7\u00e3o e a supera\u00e7\u00e3o das desigualdades sociais que estruturam a nossa sociedade. Essas desigualdades historicamente interditaram o acesso de alguns grupos \u00e0 universidade, grupos que vivenciam constantemente discrimina\u00e7\u00e3o por seu pertencimento de ra\u00e7a, classe, regionalidade, por conviver com alguma defici\u00eancia, por sua orienta\u00e7\u00e3o sexual e identidade de g\u00eanero.\u00a0\u00a0<\/span><\/p>\n<p><span style=\"font-weight: 400;\">No Brasil, as lutas por pol\u00edticas de a\u00e7\u00e3o afirmativa foram trazidas para debate p\u00fablico pelo Movimento Negro Brasileiro, que denunciou a aus\u00eancia de pessoas negras no ensino p\u00fablico superior e suscitou a discuss\u00e3o sobre a necessidade de implementa\u00e7\u00e3o de pol\u00edticas de <\/span><a href=\"http:\/\/www.planalto.gov.br\/ccivil_03\/_ato2011-2014\/2012\/lei\/l12711.htm\"><span style=\"font-weight: 400;\">reservas de vagas<\/span><\/a><span style=\"font-weight: 400;\"> para ingresso nas universidades e demais institui\u00e7\u00f5es federais de ensino. Portanto, as conhecidas cotas destinadas para pessoas negras, ind\u00edgenas e com defici\u00eancia, s\u00e3o exemplos de pol\u00edticas p\u00fablicas de a\u00e7\u00e3o afirmativa, mas n\u00e3o s\u00e3o as \u00fanicas. A\u00e7\u00f5es Afirmativas s\u00e3o um rol bem mais amplo de a\u00e7\u00f5es que visam o acesso \u00e0 universidade, a perman\u00eancia salutar nesta e o fortalecimento de identidades historicamente inferiorizadas.<\/span><\/p>\n<p><span style=\"font-weight: 400;\">A UFMG tem avan\u00e7ado na democratiza\u00e7\u00e3o do acesso ao ensino superior. Uma comunidade acad\u00eamica que seja diversa e respeite a diversidade implica em produ\u00e7\u00e3o cient\u00edfica, iniciativas de extens\u00e3o e ensino, igualmente diversas e respeitosas, nesse sentido, defender as a\u00e7\u00f5es afirmativas \u00e9 um compromisso de todas e todos, em conson\u00e2ncia com os princ\u00edpios \u00e9ticos que regem nossa Universidade.<\/span><\/p>\n","protected":false},"excerpt":{"rendered":"<p>A\u00e7\u00f5es Afirmativas s\u00e3o pol\u00edticas (p\u00fablicas ou privadas) criadas com o [&hellip;]<\/p>\n","protected":false},"author":1,"featured_media":0,"parent":299,"menu_order":0,"comment_status":"closed","ping_status":"closed","template":"","meta":{"_acf_changed":false,"footnotes":""},"tags":[],"class_list":["post-403","page","type-page","status-publish","hentry"],"acf":[],"_links":{"self":[{"href":"https:\/\/www.ufmg.br\/prae\/wp-json\/wp\/v2\/pages\/403","targetHints":{"allow":["GET"]}}],"collection":[{"href":"https:\/\/www.ufmg.br\/prae\/wp-json\/wp\/v2\/pages"}],"about":[{"href":"https:\/\/www.ufmg.br\/prae\/wp-json\/wp\/v2\/types\/page"}],"author":[{"embeddable":true,"href":"https:\/\/www.ufmg.br\/prae\/wp-json\/wp\/v2\/users\/1"}],"replies":[{"embeddable":true,"href":"https:\/\/www.ufmg.br\/prae\/wp-json\/wp\/v2\/comments?post=403"}],"version-history":[{"count":30,"href":"https:\/\/www.ufmg.br\/prae\/wp-json\/wp\/v2\/pages\/403\/revisions"}],"predecessor-version":[{"id":3693,"href":"https:\/\/www.ufmg.br\/prae\/wp-json\/wp\/v2\/pages\/403\/revisions\/3693"}],"up":[{"embeddable":true,"href":"https:\/\/www.ufmg.br\/prae\/wp-json\/wp\/v2\/pages\/299"}],"wp:attachment":[{"href":"https:\/\/www.ufmg.br\/prae\/wp-json\/wp\/v2\/media?parent=403"}],"wp:term":[{"taxonomy":"post_tag","embeddable":true,"href":"https:\/\/www.ufmg.br\/prae\/wp-json\/wp\/v2\/tags?post=403"}],"curies":[{"name":"wp","href":"https:\/\/api.w.org\/{rel}","templated":true}]}}