{"id":409,"date":"2021-06-24T16:24:04","date_gmt":"2021-06-24T19:24:04","guid":{"rendered":"https:\/\/www.ufmg.br\/prae\/?page_id=409"},"modified":"2026-04-06T14:57:00","modified_gmt":"2026-04-06T17:57:00","slug":"a-diretoria-de-acoes-afirmativas","status":"publish","type":"page","link":"https:\/\/www.ufmg.br\/prae\/diretoria-de-acoes-afirmativas\/a-diretoria-de-acoes-afirmativas\/","title":{"rendered":"A Diretoria de A\u00e7\u00f5es Afirmativas"},"content":{"rendered":"<p>A Diretoria de Pol\u00edticas de A\u00e7\u00f5es Afirmativas da PRAE acompanha a experi\u00eancia universit\u00e1ria de estudantes destinat\u00e1rios das pol\u00edticas de a\u00e7\u00f5es afirmativas, elaborando a\u00e7\u00f5es e projetos para perman\u00eancia desses estudantes na Universidade com equidade de condi\u00e7\u00f5es e reconhecimento de suas identidades.<\/p>\n<h3>Equipe<\/h3>\n<p>Diretor: Lu\u00eds Fernando Silva Andrade<br \/>\nAssistente Social: Ligia Mara Sabino<br \/>\nPsic\u00f3logo:\u00a0 Marcos Antonio de Souza Matuchac<br \/>\nSecret\u00e1rio: Frederico Jos\u00e9 de Souza Gerken<\/p>\n<p>Para entrar em contato com a Diretoria de A\u00e7\u00f5es Afirmativas envie um e-mail para<br \/>\n<a href=\"mailto:dir-acoesafirmativas@prae.ufmg.br\">dir-acoesafirmativas@prae.ufmg.br<\/a>.<\/p>\n","protected":false},"excerpt":{"rendered":"<p>A Diretoria de Pol\u00edticas de A\u00e7\u00f5es Afirmativas da PRAE acompanha [&hellip;]<\/p>\n","protected":false},"author":1,"featured_media":0,"parent":299,"menu_order":0,"comment_status":"closed","ping_status":"closed","template":"","meta":{"_acf_changed":false,"footnotes":""},"tags":[],"class_list":["post-409","page","type-page","status-publish","hentry"],"acf":[],"_links":{"self":[{"href":"https:\/\/www.ufmg.br\/prae\/wp-json\/wp\/v2\/pages\/409","targetHints":{"allow":["GET"]}}],"collection":[{"href":"https:\/\/www.ufmg.br\/prae\/wp-json\/wp\/v2\/pages"}],"about":[{"href":"https:\/\/www.ufmg.br\/prae\/wp-json\/wp\/v2\/types\/page"}],"author":[{"embeddable":true,"href":"https:\/\/www.ufmg.br\/prae\/wp-json\/wp\/v2\/users\/1"}],"replies":[{"embeddable":true,"href":"https:\/\/www.ufmg.br\/prae\/wp-json\/wp\/v2\/comments?post=409"}],"version-history":[{"count":43,"href":"https:\/\/www.ufmg.br\/prae\/wp-json\/wp\/v2\/pages\/409\/revisions"}],"predecessor-version":[{"id":3776,"href":"https:\/\/www.ufmg.br\/prae\/wp-json\/wp\/v2\/pages\/409\/revisions\/3776"}],"up":[{"embeddable":true,"href":"https:\/\/www.ufmg.br\/prae\/wp-json\/wp\/v2\/pages\/299"}],"wp:attachment":[{"href":"https:\/\/www.ufmg.br\/prae\/wp-json\/wp\/v2\/media?parent=409"}],"wp:term":[{"taxonomy":"post_tag","embeddable":true,"href":"https:\/\/www.ufmg.br\/prae\/wp-json\/wp\/v2\/tags?post=409"}],"curies":[{"name":"wp","href":"https:\/\/api.w.org\/{rel}","templated":true}]}}