{"id":457,"date":"2021-06-28T16:02:51","date_gmt":"2021-06-28T19:02:51","guid":{"rendered":"https:\/\/www.ufmg.br\/prae\/?page_id=457"},"modified":"2021-08-06T18:19:19","modified_gmt":"2021-08-06T21:19:19","slug":"identidades-de-genero","status":"publish","type":"page","link":"https:\/\/www.ufmg.br\/prae\/diretoria-de-acoes-afirmativas\/identidades-de-genero\/","title":{"rendered":"Identidades de G\u00eanero"},"content":{"rendered":"<h3>Troque o Preconceito por Informa\u00e7\u00e3o: saiba mais sobre sexualidades<\/h3>\n<p>&nbsp;<\/p>\n<h5>O dia 28 de junho \u2013 Dia do Orgulho LGBT\u00b2QI+, data celebrada e lembrada mundialmente, que marca a revolta de Stonewall, ocorrida em Nova Iorque, em 1969, na qual a comunidade LGBT reuniu-se em um movimento de resist\u00eancia contra a trucul\u00eancia da pol\u00edcia, que constantemente espancava os homossexuais que frequentavam o bar de mesmo nome.<\/h5>\n<p>&nbsp;<br \/>\n&nbsp;<br \/>\n<div class=\"epyt-video-wrapper\"><iframe loading=\"lazy\"  id=\"_ytid_37520\"  width=\"800\" height=\"450\"  data-origwidth=\"800\" data-origheight=\"450\"  data-relstop=\"1\" src=\"https:\/\/www.youtube.com\/embed\/XI1xVjb4lM4?enablejsapi=1&autoplay=0&cc_load_policy=0&cc_lang_pref=&iv_load_policy=1&loop=0&rel=0&fs=1&playsinline=0&autohide=2&theme=dark&color=red&controls=1&disablekb=0&\" class=\"__youtube_prefs__  no-lazyload\" title=\"YouTube player\"  allow=\"fullscreen; accelerometer; autoplay; clipboard-write; encrypted-media; gyroscope; picture-in-picture; web-share\" referrerpolicy=\"strict-origin-when-cross-origin\" allowfullscreen data-no-lazy=\"1\" data-skipgform_ajax_framebjll=\"\"><\/iframe><\/div><\/p>\n<p>&nbsp;<\/p>\n<h5 style=\"text-align: center;\">CISG\u00caNERO\/TRANSG\u00caNERO<\/h5>\n<p>&nbsp;<\/p>\n<p>Cisg\u00eaneros s\u00e3o as pessoas que t\u00eam uma identidade de g\u00eanero correspondente ao sexo biol\u00f3gico. Um homem \u00e9 cisg\u00eanero se seu sexo biol\u00f3gico e sua identidade de g\u00eanero forem masculinas, independentemente de sua orienta\u00e7\u00e3o sexual. Portanto, h\u00e1 homens e mulheres cisg\u00eaneros homossexuais, heterossexuais e bissexuais. J\u00e1 transg\u00eanero \u00e9 uma express\u00e3o usada para pessoas que assumem um g\u00eanero n\u00e3o correspondente ao sexo biol\u00f3gico. Dentro do \u201cguarda-chuva\u201d transg\u00eanero, encontram-se as pessoas: transexuais, travestis, por exemplo.<br \/>\n<img loading=\"lazy\" decoding=\"async\" class=\"alignnone size-full wp-image-458 aligncenter\" src=\"https:\/\/www.ufmg.br\/prae\/wp-content\/uploads\/2021\/06\/bandeira-circular-lesbica.jpg\" alt=\"Bandeira Circular L\u00e9sbica\" width=\"159\" height=\"159\" srcset=\"https:\/\/www.ufmg.br\/prae\/wp-content\/uploads\/2021\/06\/bandeira-circular-lesbica.jpg 159w, https:\/\/www.ufmg.br\/prae\/wp-content\/uploads\/2021\/06\/bandeira-circular-lesbica-150x150.jpg 150w\" sizes=\"auto, (max-width: 159px) 100vw, 159px\" \/><\/p>\n<h5 style=\"text-align: center;\">L\u00c9SBICA<\/h5>\n<p>&nbsp;<\/p>\n<p>L\u00e9sbica \u00e9 o termo mais comum para se referir \u00e0s mulheres homossexuais (cis e\/ou trans), ou seja, mulheres que se atraem emocional, afetivo e sexualmente por outras mulheres. A homossexualidade \u00e9 uma das varia\u00e7\u00f5es da sexualidade humana. No entanto, a palavra l\u00e9sbicas n\u00e3o se reduz a identificar as mulheres homossexuais. A orienta\u00e7\u00e3o sexual \u00e9 independente do g\u00eanero. Portanto, existem mulheres l\u00e9sbicas transg\u00eaneros. N\u00e3o existe norma para express\u00e3o da sexualidade. A orienta\u00e7\u00e3o sexual n\u00e3o est\u00e1 diretamente ligada \u00e0 como estas mulheres se expressam. Portanto, existem mulheres l\u00e9sbicas que expressam feminilidade ou n\u00e3o, j\u00e1 que a feminilidade n\u00e3o est\u00e1 de maneira alguma vinculada com as rela\u00e7\u00f5es sexuais dessas mulheres.<br \/>\n\u201cSer l\u00e9sbica, para mim, \u00e9 entender que amar \u00e9 um ato de resist\u00eancia, que andar de m\u00e3os dadas com outra mulher, em p\u00fablico, \u00e9 um ato de coragem. Ser l\u00e9sbica, para mim, \u00e9 entender que vou precisar \u201csair do arm\u00e1rio\u201d v\u00e1rias vezes em um dia, em uma semana, em um m\u00eas e que todas elas ser\u00e3o atos de resist\u00eancia, de coragem e sobretudo de liberdade.\u201d \u2013 Aluna UFMG<br \/>\n<img loading=\"lazy\" decoding=\"async\" class=\"alignnone size-full wp-image-461 aligncenter\" src=\"https:\/\/www.ufmg.br\/prae\/wp-content\/uploads\/2021\/06\/bandeira-circular-gay.jpg\" alt=\"Bandeira Circular Gay\" width=\"159\" height=\"159\" srcset=\"https:\/\/www.ufmg.br\/prae\/wp-content\/uploads\/2021\/06\/bandeira-circular-gay.jpg 159w, https:\/\/www.ufmg.br\/prae\/wp-content\/uploads\/2021\/06\/bandeira-circular-gay-150x150.jpg 150w\" sizes=\"auto, (max-width: 159px) 100vw, 159px\" \/><\/p>\n<h5 style=\"text-align: center;\">GAY<\/h5>\n<p>&nbsp;<\/p>\n<p>Gay \u00e9 o termo mais comum para se referir aos homens homossexuais (cis e\/ou trans), ou seja, homens que se atraem emocional, afetivo e sexualmente por outros homens. A homossexualidade \u00e9 uma das varia\u00e7\u00f5es da sexualidade humana. No entanto, a palavra gay n\u00e3o se reduz a identificar os homens homossexuais. A orienta\u00e7\u00e3o sexual \u00e9 independente do g\u00eanero. Portanto, existem homens gays transg\u00eaneros. N\u00e3o existe norma para express\u00e3o da sexualidade. Homens gays podem performar masculinidade ou n\u00e3o.<br \/>\n\u201cSer gay pra mim \u00e9 ter aprendido desde sempre que o bonito da vida (mesmo que dolorido as vezes) est\u00e1 nas diferen\u00e7as, que o amor nasce da uni\u00e3o e que existem fam\u00edlias que n\u00f3s temos oportunidade de escolher. Ser gay pra mim \u00e9 lutar pra ter o direito de amar.\u201d \u2013 Lu\u00eds Carneiro, curso de Turismo, UFMG.<br \/>\n<img loading=\"lazy\" decoding=\"async\" class=\"alignnone size-full wp-image-464 aligncenter\" src=\"https:\/\/www.ufmg.br\/prae\/wp-content\/uploads\/2021\/06\/bandeira-circular-bissexual.jpg\" alt=\"Bandeira Circular Bissexual\" width=\"159\" height=\"159\" srcset=\"https:\/\/www.ufmg.br\/prae\/wp-content\/uploads\/2021\/06\/bandeira-circular-bissexual.jpg 159w, https:\/\/www.ufmg.br\/prae\/wp-content\/uploads\/2021\/06\/bandeira-circular-bissexual-150x150.jpg 150w\" sizes=\"auto, (max-width: 159px) 100vw, 159px\" \/><\/p>\n<h5 style=\"text-align: center;\">BISSEXUAL<\/h5>\n<p>&nbsp;<\/p>\n<p>Pessoas bissexuais (cisg\u00eaneras ou transg\u00eaneras) s\u00e3o indiv\u00edduos que se atraem emocional, afetivo e sexualmente por mais de um g\u00eanero. A bissexualidade reconhece a dimens\u00e3o do afeto e do desejo, podendo, ou n\u00e3o, haver predomin\u00e2ncia em rela\u00e7\u00e3o a um g\u00eanero espec\u00edfico. Assim, \u00e9 poss\u00edvel, por exemplo, que uma pessoa bissexual se sinta igualmente atra\u00edda por homens e mulheres ou que ela se sinta mais atra\u00edda por uma (um) ou outra (o); que ela prefira se envolver sexualmente com um determinado g\u00eanero e afetivamente com outro g\u00eanero. O comportamento sexual prom\u00edscuo pode ser encontrado tanto nas comunidades bissexuais quanto nas comunidades heterossexuais e homossexuais, devendo ser respeitado como uma escolha individual desde que n\u00e3o envolva abuso de pessoas vulner\u00e1veis, crian\u00e7as e\/ou adolescentes.<br \/>\nMulher bissexual: \u201cA bissexualidade n\u00e3o \u00e9 uma fase, a minha orienta\u00e7\u00e3o n\u00e3o \u00e9 experimenta\u00e7\u00e3o.\u201d \u2013 Aluna da UFMG.<br \/>\nHomem bissexual: \u201cBissexual n\u00e3o \u00e9 bagun\u00e7a! O bissexual pode sim estar em um relacionamento monog\u00e2mico e isso n\u00e3o significa que essa pessoa passa a ser hetero ou homo.\u201d<br \/>\nMatheus D\u2019\u00c1vila, curso de turismo da UFMG<br \/>\n<img loading=\"lazy\" decoding=\"async\" class=\"alignnone size-full wp-image-468 aligncenter\" src=\"https:\/\/www.ufmg.br\/prae\/wp-content\/uploads\/2021\/06\/bandeira-circular-transgenero.jpg\" alt=\"Bandeira Circular Transg\u00eanero ou Transexual\" width=\"159\" height=\"159\" srcset=\"https:\/\/www.ufmg.br\/prae\/wp-content\/uploads\/2021\/06\/bandeira-circular-transgenero.jpg 159w, https:\/\/www.ufmg.br\/prae\/wp-content\/uploads\/2021\/06\/bandeira-circular-transgenero-150x150.jpg 150w\" sizes=\"auto, (max-width: 159px) 100vw, 159px\" \/><\/p>\n<h5 style=\"text-align: center;\">TRANSG\u00caNERO OU TRANSEXUAL<\/h5>\n<p>&nbsp;<\/p>\n<p>Pessoas transg\u00eanero ou transexuais s\u00e3o aquelas cujo g\u00eanero difere do imposto em seu nascimento. Elas podem ser bin\u00e1rias (mulheres e homens transg\u00eaneros ou transexuais) ou n\u00e3o-bin\u00e1rias (pessoas que rejeitam o sistema bin\u00e1rio de g\u00eanero). \u201cTrans\u201d pode ser diminutivo de transg\u00eanero e transexual, por\u00e9m h\u00e1 pessoas que se identificam somente como trans e isto deve ser respeitado.<br \/>\n\u201d Ser trans \u00e9 ter virado a minha vida do avesso e descobrir que o avesso \u00e9 meu lado certo. E a partir da\u00ed passar a ver o mundo pelas maravilhas de avessos poss\u00edveis.\u201d<br \/>\nRaul Capistrano<br \/>\n\u201cSer trans \u00e9 ter o direito mais b\u00e1sico, o de ter o nome, negado. \u00c9 ser taxada como doente, lasciva ou louca, sendo que s\u00f3 se quer ser livre. Mas ser trans \u00e9 lindo, porque em meio a tanta viol\u00eancia e nega\u00e7\u00e3o \u00e9 poss\u00edvel ver sua for\u00e7a, se encontrar como ser humano e ver o verdadeiro significado de amor.\u201d<br \/>\nLaura Narateh \u2013 Engenharia Ambiental da UFMG<br \/>\n<img loading=\"lazy\" decoding=\"async\" class=\"alignnone size-full wp-image-470 aligncenter\" src=\"https:\/\/www.ufmg.br\/prae\/wp-content\/uploads\/2021\/06\/bandeira-circular-travesti.jpg\" alt=\"Bandeira Circular Travesti\" width=\"150\" height=\"150\" \/><\/p>\n<h5 style=\"text-align: center;\">TRAVESTI<\/h5>\n<p>&nbsp;<\/p>\n<p>Travesti \u00e9 uma viv\u00eancia exclusiva do contexto brasileiro, muitas vezes considerada um terceiro g\u00eanero (para al\u00e9m do bin\u00e1rio e n\u00e3o-bin\u00e1rio). S\u00e3o pessoas designadas como homens no nascimento que se identificam com feminilidades\/mulheridades, por isso, sempre devem ser tratadas no feminino.<\/p>\n<p><img loading=\"lazy\" decoding=\"async\" class=\"alignnone size-full wp-image-474 aligncenter\" src=\"https:\/\/www.ufmg.br\/prae\/wp-content\/uploads\/2021\/06\/bandeira-circular-intersexualidade.jpg\" alt=\"Bandeira Circular Intersexualidades\" width=\"150\" height=\"150\" srcset=\"https:\/\/www.ufmg.br\/prae\/wp-content\/uploads\/2021\/06\/bandeira-circular-intersexualidade.jpg 159w, https:\/\/www.ufmg.br\/prae\/wp-content\/uploads\/2021\/06\/bandeira-circular-intersexualidade-150x150.jpg 150w\" sizes=\"auto, (max-width: 150px) 100vw, 150px\" \/><\/p>\n<h5 style=\"text-align: center;\">INTERSEXUALIDADES<\/h5>\n<p>&nbsp;<\/p>\n<p>Uma pessoa intersexo \u00e9 aquela que apresenta uma variedade de condi\u00e7\u00f5es nas quais a anatomia sexual e\/ou reprodutiva n\u00e3o se enquadra nas defini\u00e7\u00f5es tradicionais de f\u00eamea ou macho. Uma pessoa pode nascer com elementos dos dois sexos biol\u00f3gicos, por\u00e9m as caracter\u00edsticas nem sempre estar\u00e3o vis\u00edveis. Em alguns casos, a pessoa nasce com os \u00f3rg\u00e3os sexuais externos de um dos sexos biol\u00f3gicos e internamente possui \u00f3rg\u00e3os do outro. Ou a pessoa pode ter nascido com um mosaico gen\u00e9tico onde parte das c\u00e9lulas possui cromossomo XX e outra parte possui cromossomo XY.<br \/>\n<img loading=\"lazy\" decoding=\"async\" class=\"alignnone size-full wp-image-476 aligncenter\" src=\"https:\/\/www.ufmg.br\/prae\/wp-content\/uploads\/2021\/06\/bandeira-circular-nao-binario.jpg\" alt=\"Bandeira Circular G\u00eanero n\u00e3o-bin\u00e1rio\" width=\"159\" height=\"159\" srcset=\"https:\/\/www.ufmg.br\/prae\/wp-content\/uploads\/2021\/06\/bandeira-circular-nao-binario.jpg 159w, https:\/\/www.ufmg.br\/prae\/wp-content\/uploads\/2021\/06\/bandeira-circular-nao-binario-150x150.jpg 150w\" sizes=\"auto, (max-width: 159px) 100vw, 159px\" \/><\/p>\n<h5 style=\"text-align: center;\">G\u00caNEROS N\u00c3O BIN\u00c1RIOS<\/h5>\n<p>&nbsp;<\/p>\n<p>S\u00e3o todos os g\u00eaneros que n\u00e3o se enquadram parcialmente ou inteiramente no padr\u00e3o bin\u00e1rio, ou seja, n\u00e3o se encaixam totalmente no masculino, nem no feminino. Inclui-se neste espectro de g\u00eanero v\u00e1rias formas: neutro, amb\u00edguo, m\u00faltiplo, parcial, g\u00eanero fluido, ageneridade e outrogeneridade.<\/p>\n<h5 style=\"text-align: center;\">DIVERSIDADE DE G\u00caNERO<\/h5>\n<p>&nbsp;<\/p>\n<p>Segundo a Comiss\u00e3o de Direitos Humanos de Nova York, existem 31 identidades de g\u00eanero, entre elas est\u00e3o: Ag\u00eanero, andr\u00f3gino, g\u00eanero de fronteira, g\u00eanero fluido, g\u00eanero neutro, gender-queer, g\u00eanero em d\u00favida, g\u00eanero variante, hijra, g\u00eanero n\u00e3o conformista, butch, big\u00eanero, n\u00e3o-bin\u00e1rio, male to female (MTF), female to male (FTM), terceiro sexo, nenhum, homem, mulher.<\/p>\n<h5 style=\"text-align: center;\">O QUE \u00c9 LGBTIFOBIA?<\/h5>\n<p>A LGBTIfobia se configura como todo preconceito, viol\u00eancia ou agress\u00f5es verbais, f\u00edsicas, psicol\u00f3gicas e institucionais dirigidas \u00e0s pessoas LGBTIs com o intuito de agredir, desestabilizar, invisibilizar e silenciar. Essas viola\u00e7\u00f5es s\u00e3o exercidas por meio da hostilidade e do \u00f3dio direcionados a quem n\u00e3o se encaixa nos padr\u00f5es cis-hetero-normativos impostos a toda sociedade. Por isso, \u00e9 importante que n\u00e3o se confunda liberdade de express\u00e3o com discurso de \u00f3dio, pois agress\u00e3o n\u00e3o se justifica e a maior estrat\u00e9gia para o enfrentamento da LGBTIfobia \u00e9 garantir a exist\u00eancia, a resist\u00eancia, as pol\u00edticas p\u00fablicas e a visibilidade dessa popula\u00e7\u00e3o. LGBTIs n\u00e3o s\u00e3o doentes, logo n\u00e3o precisam de cura. Terapias de revers\u00e3o sexual produzem efeitos negativos comprovados: depress\u00e3o, tristeza profunda e at\u00e9 autoexterm\u00ednio. O Supremo Tribunal Federal (STF) determinou na quinta-feira, 13 de junho, que a discrimina\u00e7\u00e3o por orienta\u00e7\u00e3o sexual e identidade de g\u00eanero passe a ser considerada um crime.<br \/>\nFonte: Textos adaptados das cartilhas do Conselho Regional de Psicologia de Minas Gerais.<br \/>\n&nbsp;<\/p>\n<h3 style=\"text-align: center;\">\u201cNingu\u00e9m vai poder querer nos dizer como amar.\u201d<\/h3>\n<p>&nbsp;<\/p>\n","protected":false},"excerpt":{"rendered":"<p>Troque o Preconceito por Informa\u00e7\u00e3o: saiba mais sobre sexualidades &nbsp; [&hellip;]<\/p>\n","protected":false},"author":1,"featured_media":0,"parent":299,"menu_order":0,"comment_status":"closed","ping_status":"closed","template":"","meta":{"_acf_changed":false,"footnotes":""},"tags":[],"class_list":["post-457","page","type-page","status-publish","hentry"],"acf":[],"_links":{"self":[{"href":"https:\/\/www.ufmg.br\/prae\/wp-json\/wp\/v2\/pages\/457","targetHints":{"allow":["GET"]}}],"collection":[{"href":"https:\/\/www.ufmg.br\/prae\/wp-json\/wp\/v2\/pages"}],"about":[{"href":"https:\/\/www.ufmg.br\/prae\/wp-json\/wp\/v2\/types\/page"}],"author":[{"embeddable":true,"href":"https:\/\/www.ufmg.br\/prae\/wp-json\/wp\/v2\/users\/1"}],"replies":[{"embeddable":true,"href":"https:\/\/www.ufmg.br\/prae\/wp-json\/wp\/v2\/comments?post=457"}],"version-history":[{"count":23,"href":"https:\/\/www.ufmg.br\/prae\/wp-json\/wp\/v2\/pages\/457\/revisions"}],"predecessor-version":[{"id":863,"href":"https:\/\/www.ufmg.br\/prae\/wp-json\/wp\/v2\/pages\/457\/revisions\/863"}],"up":[{"embeddable":true,"href":"https:\/\/www.ufmg.br\/prae\/wp-json\/wp\/v2\/pages\/299"}],"wp:attachment":[{"href":"https:\/\/www.ufmg.br\/prae\/wp-json\/wp\/v2\/media?parent=457"}],"wp:term":[{"taxonomy":"post_tag","embeddable":true,"href":"https:\/\/www.ufmg.br\/prae\/wp-json\/wp\/v2\/tags?post=457"}],"curies":[{"name":"wp","href":"https:\/\/api.w.org\/{rel}","templated":true}]}}