{"id":491,"date":"2021-06-30T17:09:24","date_gmt":"2021-06-30T20:09:24","guid":{"rendered":"https:\/\/www.ufmg.br\/prae\/?page_id=491"},"modified":"2026-02-02T13:56:30","modified_gmt":"2026-02-02T16:56:30","slug":"como-obter-apoio-para-os-projetos-estudantis","status":"publish","type":"page","link":"https:\/\/www.ufmg.br\/prae\/diretoria-de-apoio-a-projetos-de-estudantes\/como-obter-apoio-para-os-projetos-estudantis\/","title":{"rendered":"Como obter apoio para os projetos estudantis"},"content":{"rendered":"<p>As iniciativas e projetos acad\u00eamicos de estudantes de gradua\u00e7\u00e3o devem ser apresentadas \u00e0 CHAMADA PRAE APOIO INANCEIRO A PROJETOS DE ESTUDANTES: ARTE, CULTURA, CI\u00caNCIA, TECNOLOGIA E<br \/>\nEDUCA\u00c7\u00c3O, publicada no primeiro semestre de cada ano. O financiamento pode ser obtido para produ\u00e7\u00f5es t\u00e9cnicas cient\u00edficas e produ\u00e7\u00f5es art\u00edsticas e culturais, que estejam articuladas a estudos, pesquisas e a\u00e7\u00f5es de ensino e extens\u00e3o realizadas em Unidades da UFMG, recomendadas pelo Colegiado de Curso do discente, com anu\u00eancia da Diretoria da Unidade.<\/p>\n<p>Al\u00e9m disso a PRAE oferece Apoio Financeiro para Participa\u00e7\u00e3o em Eventos, atrav\u00e9s de tr\u00eas chamadas que ocorrem durante o ano.<\/p>\n<p>S\u00e3o oferecidas tamb\u00e9m atrav\u00e9s das Chamadas PRAE ajuda financeira para Projetos que ocorrem durante o Novembro Negro e na Recep\u00e7\u00e3o de Estudantes durante os dois semestres.<\/p>\n<p>Acompanhe o calend\u00e1rio de publica\u00e7\u00f5es de Chamadas\u00a0 atrav\u00e9s desta se\u00e7\u00e3o.<\/p>\n<p>&nbsp;<\/p>\n","protected":false},"excerpt":{"rendered":"<p>As iniciativas e projetos acad\u00eamicos de estudantes de gradua\u00e7\u00e3o devem [&hellip;]<\/p>\n","protected":false},"author":1,"featured_media":0,"parent":485,"menu_order":0,"comment_status":"closed","ping_status":"closed","template":"","meta":{"_acf_changed":false,"footnotes":""},"tags":[],"class_list":["post-491","page","type-page","status-publish","hentry"],"acf":[],"_links":{"self":[{"href":"https:\/\/www.ufmg.br\/prae\/wp-json\/wp\/v2\/pages\/491","targetHints":{"allow":["GET"]}}],"collection":[{"href":"https:\/\/www.ufmg.br\/prae\/wp-json\/wp\/v2\/pages"}],"about":[{"href":"https:\/\/www.ufmg.br\/prae\/wp-json\/wp\/v2\/types\/page"}],"author":[{"embeddable":true,"href":"https:\/\/www.ufmg.br\/prae\/wp-json\/wp\/v2\/users\/1"}],"replies":[{"embeddable":true,"href":"https:\/\/www.ufmg.br\/prae\/wp-json\/wp\/v2\/comments?post=491"}],"version-history":[{"count":19,"href":"https:\/\/www.ufmg.br\/prae\/wp-json\/wp\/v2\/pages\/491\/revisions"}],"predecessor-version":[{"id":3642,"href":"https:\/\/www.ufmg.br\/prae\/wp-json\/wp\/v2\/pages\/491\/revisions\/3642"}],"up":[{"embeddable":true,"href":"https:\/\/www.ufmg.br\/prae\/wp-json\/wp\/v2\/pages\/485"}],"wp:attachment":[{"href":"https:\/\/www.ufmg.br\/prae\/wp-json\/wp\/v2\/media?parent=491"}],"wp:term":[{"taxonomy":"post_tag","embeddable":true,"href":"https:\/\/www.ufmg.br\/prae\/wp-json\/wp\/v2\/tags?post=491"}],"curies":[{"name":"wp","href":"https:\/\/api.w.org\/{rel}","templated":true}]}}