{"id":496,"date":"2021-06-30T17:39:31","date_gmt":"2021-06-30T20:39:31","guid":{"rendered":"https:\/\/www.ufmg.br\/prae\/?page_id=496"},"modified":"2021-06-30T19:40:47","modified_gmt":"2021-06-30T22:40:47","slug":"como-apresentar-sua-proposta","status":"publish","type":"page","link":"https:\/\/www.ufmg.br\/prae\/diretoria-de-apoio-a-projetos-de-estudantes\/como-apresentar-sua-proposta\/","title":{"rendered":"Como apresentar sua proposta"},"content":{"rendered":"<p>A proposta de iniciativa e projeto acad\u00eamico dever\u00e1 ser apresentada \u00e0 Chamada PRAE utilizando, obrigatoriamente, o Formul\u00e1rio de Projetos de Estudantes, dispon\u00edvel abaixo.<br \/>\n<a href=\"https:\/\/www.ufmg.br\/prae\/wp-content\/uploads\/2018\/03\/MODELO-FORMULARIO-PRAE-DE-PROJETOS-DE-ESTUDANTES-2018.doc\">Formul\u00e1rio de Apresenta\u00e7\u00e3o de Propostas<\/a><\/p>\n","protected":false},"excerpt":{"rendered":"<p>A proposta de iniciativa e projeto acad\u00eamico dever\u00e1 ser apresentada [&hellip;]<\/p>\n","protected":false},"author":1,"featured_media":0,"parent":485,"menu_order":0,"comment_status":"closed","ping_status":"closed","template":"","meta":{"_acf_changed":false,"footnotes":""},"tags":[],"class_list":["post-496","page","type-page","status-publish","hentry"],"acf":[],"_links":{"self":[{"href":"https:\/\/www.ufmg.br\/prae\/wp-json\/wp\/v2\/pages\/496","targetHints":{"allow":["GET"]}}],"collection":[{"href":"https:\/\/www.ufmg.br\/prae\/wp-json\/wp\/v2\/pages"}],"about":[{"href":"https:\/\/www.ufmg.br\/prae\/wp-json\/wp\/v2\/types\/page"}],"author":[{"embeddable":true,"href":"https:\/\/www.ufmg.br\/prae\/wp-json\/wp\/v2\/users\/1"}],"replies":[{"embeddable":true,"href":"https:\/\/www.ufmg.br\/prae\/wp-json\/wp\/v2\/comments?post=496"}],"version-history":[{"count":2,"href":"https:\/\/www.ufmg.br\/prae\/wp-json\/wp\/v2\/pages\/496\/revisions"}],"predecessor-version":[{"id":509,"href":"https:\/\/www.ufmg.br\/prae\/wp-json\/wp\/v2\/pages\/496\/revisions\/509"}],"up":[{"embeddable":true,"href":"https:\/\/www.ufmg.br\/prae\/wp-json\/wp\/v2\/pages\/485"}],"wp:attachment":[{"href":"https:\/\/www.ufmg.br\/prae\/wp-json\/wp\/v2\/media?parent=496"}],"wp:term":[{"taxonomy":"post_tag","embeddable":true,"href":"https:\/\/www.ufmg.br\/prae\/wp-json\/wp\/v2\/tags?post=496"}],"curies":[{"name":"wp","href":"https:\/\/api.w.org\/{rel}","templated":true}]}}