{"id":569,"date":"2021-06-30T21:09:15","date_gmt":"2021-07-01T00:09:15","guid":{"rendered":"https:\/\/www.ufmg.br\/prae\/?page_id=569"},"modified":"2023-10-03T15:44:06","modified_gmt":"2023-10-03T18:44:06","slug":"escuta-de-estudantes-nas-unidades","status":"publish","type":"page","link":"https:\/\/www.ufmg.br\/prae\/setor-de-orientacao-e-acolhimento\/escuta-de-estudantes-nas-unidades\/","title":{"rendered":"Escuta de Estudantes nas Unidades"},"content":{"rendered":"<h2>Canais de acolhimento<\/h2>\n<p>&nbsp;<\/p>\n<p>Abaixo, confira a listagem dos canais de acolhimento nas unidades acad\u00eamicas.<\/p>\n<style>#sp-ea-2359 .spcollapsing { height: 0; overflow: hidden; transition-property: height;transition-duration: 500ms;}#sp-ea-2359.sp-easy-accordion>.sp-ea-single {margin-bottom: 10px; border: 1px solid #e2e2e2; }#sp-ea-2359.sp-easy-accordion>.sp-ea-single>.ea-header a {color: #444;}#sp-ea-2359.sp-easy-accordion>.sp-ea-single>.sp-collapse>.ea-body {background: #fff; color: #444;}#sp-ea-2359.sp-easy-accordion>.sp-ea-single {background: #eee;}#sp-ea-2359.sp-easy-accordion>.sp-ea-single>.ea-header a .ea-expand-icon { float: left; color: #444;font-size: 16px;}<\/style><div id=\"sp_easy_accordion-1778967627\"><div id=\"sp-ea-2359\" class=\"sp-ea-one sp-easy-accordion\" data-ea-active=\"ea-click\" data-ea-mode=\"vertical\" data-preloader=\"\" data-scroll-active-item=\"\" data-offset-to-scroll=\"0\"><div class=\"ea-card ea-expand sp-ea-single\"><h3 class=\"ea-header\"><a class=\"collapsed\" id=\"ea-header-23590\" role=\"button\" data-sptoggle=\"spcollapse\" data-sptarget=\"#collapse23590\" aria-controls=\"collapse23590\" href=\"#\" aria-expanded=\"true\" tabindex=\"0\"><i aria-hidden=\"true\" role=\"presentation\" class=\"ea-expand-icon eap-icon-ea-expand-minus\"><\/i> Col\u00e9gio T\u00e9cnico (Coltec-UFMG) \/ Setor de Aten\u00e7\u00e3o Escolar do Coltec \u2013 SAE<\/a><\/h3><div class=\"sp-collapse spcollapse collapsed show\" id=\"collapse23590\" data-parent=\"#sp-ea-2359\" role=\"region\" aria-labelledby=\"ea-header-23590\"> <div class=\"ea-body\"><p><strong><b>Nome:\u00a0<\/b><\/strong>Gisele Duarte Santos<strong><br \/><\/strong><strong>Contato: <\/strong><span style=\"color: #000000\"><em>coltecsae@gmail.com<\/em><\/span><\/p><\/div><\/div><\/div><div class=\"ea-card sp-ea-single\"><h3 class=\"ea-header\"><a class=\"collapsed\" id=\"ea-header-23591\" role=\"button\" data-sptoggle=\"spcollapse\" data-sptarget=\"#collapse23591\" aria-controls=\"collapse23591\" href=\"#\" aria-expanded=\"false\" tabindex=\"0\"><i aria-hidden=\"true\" role=\"presentation\" class=\"ea-expand-icon eap-icon-ea-expand-plus\"><\/i> Escola de Enfermagem<\/a><\/h3><div class=\"sp-collapse spcollapse \" id=\"collapse23591\" data-parent=\"#sp-ea-2359\" role=\"region\" aria-labelledby=\"ea-header-23591\"> <div class=\"ea-body\"><p><a href=\"https:\/\/projetoescutaufmg.wixsite.com\/projetoescuta\" target=\"_blank\" rel=\"noopener\"><span style=\"color: #0000ff\">https:\/\/projetoescutaufmg.wixsite.com\/projetoescuta<\/span><\/a><\/p><p><a href=\"https:\/\/www.instagram.com\/projetoescutaufmg\/\" target=\"_blank\" rel=\"noopener\"><span style=\"color: #0000ff\">https:\/\/www.instagram.com\/projetoescutaufmg\/<\/span><\/a><\/p><\/div><\/div><\/div><div class=\"ea-card sp-ea-single\"><h3 class=\"ea-header\"><a class=\"collapsed\" id=\"ea-header-23592\" role=\"button\" data-sptoggle=\"spcollapse\" data-sptarget=\"#collapse23592\" aria-controls=\"collapse23592\" href=\"#\" aria-expanded=\"false\" tabindex=\"0\"><i aria-hidden=\"true\" role=\"presentation\" class=\"ea-expand-icon eap-icon-ea-expand-plus\"><\/i> Escola de Engenharia \/ N\u00facleo de Acolhimento (NAPEENG)<\/a><\/h3><div class=\"sp-collapse spcollapse \" id=\"collapse23592\" data-parent=\"#sp-ea-2359\" role=\"region\" aria-labelledby=\"ea-header-23592\"> <div class=\"ea-body\"><p><span style=\"font-size: small;color: #000000\"><strong>Nome:\u00a0<\/strong>Maria Aparecida Rodrigues da Rocha<br \/><strong>Contato:<\/strong>\u00a0<em>napeeng@eng.ufmg.br \/\u00a0<\/em><\/span><span style=\"font-size: small;color: #000000\">Tel. (31) 3409.1878<\/span><\/p><p><span style=\"color: #000000;font-size: small\">Bloco 1 - sala 1510<\/span><\/p><\/div><\/div><\/div><div class=\"ea-card sp-ea-single\"><h3 class=\"ea-header\"><a class=\"collapsed\" id=\"ea-header-23593\" role=\"button\" data-sptoggle=\"spcollapse\" data-sptarget=\"#collapse23593\" aria-controls=\"collapse23593\" href=\"#\" aria-expanded=\"false\" tabindex=\"0\"><i aria-hidden=\"true\" role=\"presentation\" class=\"ea-expand-icon eap-icon-ea-expand-plus\"><\/i> Faculdade de Ci\u00eancias Econ\u00f4micas \/ Servi\u00e7o Universit\u00e1rio de Acolhimento da Face - SUAFace<\/a><\/h3><div class=\"sp-collapse spcollapse \" id=\"collapse23593\" data-parent=\"#sp-ea-2359\" role=\"region\" aria-labelledby=\"ea-header-23593\"> <div class=\"ea-body\"><p><strong>Setor:<\/strong> Servi\u00e7o Universit\u00e1rio de Acolhimento da Face - SUAFace (Antiga<br \/>Escuta Integrada Face - EIFace)<\/p><p><strong>Respons\u00e1vel:<\/strong> Abel Passos<\/p><p><strong>Contatos:<\/strong><\/p><p><strong>E-mail:<\/strong> suaface@face.ufmg.br<\/p><p><strong>Tel\/WhatsApp:<\/strong> (31) 3409-7319<\/p><p>Hor\u00e1rios de funcionamento:<\/p><p><strong>Per\u00edodo de f\u00e9rias:<\/strong><\/p><p>09:00 \u00e0s 13:00 - Dias \u00fateis<\/p><p><strong>Per\u00edodo letivo:<\/strong><\/p><p>09:00 \u00e0s 13:00 - segundas, quartas e sextas<\/p><p>16:00 \u00e0s 20:00 - ter\u00e7as e quintas<\/p><p>Entre em contato para agendar seu atendimento.<\/p><\/div><\/div><\/div><div class=\"ea-card sp-ea-single\"><h3 class=\"ea-header\"><a class=\"collapsed\" id=\"ea-header-23594\" role=\"button\" data-sptoggle=\"spcollapse\" data-sptarget=\"#collapse23594\" aria-controls=\"collapse23594\" href=\"#\" aria-expanded=\"false\" tabindex=\"0\"><i aria-hidden=\"true\" role=\"presentation\" class=\"ea-expand-icon eap-icon-ea-expand-plus\"><\/i> Faculdade de Farm\u00e1cia<\/a><\/h3><div class=\"sp-collapse spcollapse \" id=\"collapse23594\" data-parent=\"#sp-ea-2359\" role=\"region\" aria-labelledby=\"ea-header-23594\"> <div class=\"ea-body\"><p><strong><b>Nome:\u00a0<\/b><\/strong>Aid\u00ea Cristina Silva Teixeira\u00a0<strong><br \/><\/strong><strong>Contatos:<\/strong>\u00a03409-6741 \/\u00a0<em>assessoriaeducacional@farmacia.ufmg.br<\/em><\/p><\/div><\/div><\/div><div class=\"ea-card sp-ea-single\"><h3 class=\"ea-header\"><a class=\"collapsed\" id=\"ea-header-23595\" role=\"button\" data-sptoggle=\"spcollapse\" data-sptarget=\"#collapse23595\" aria-controls=\"collapse23595\" href=\"#\" aria-expanded=\"false\" tabindex=\"0\"><i aria-hidden=\"true\" role=\"presentation\" class=\"ea-expand-icon eap-icon-ea-expand-plus\"><\/i> Faculdade de Filosofia e Ci\u00eancias Humanas (Fafich) \/ N\u00facleo de Acolhimento e Di\u00e1logo \u2013 NAD<\/a><\/h3><div class=\"sp-collapse spcollapse \" id=\"collapse23595\" data-parent=\"#sp-ea-2359\" role=\"region\" aria-labelledby=\"ea-header-23595\"> <div class=\"ea-body\"><p><strong><b>Nome:\u00a0<\/b><\/strong>Janaina Mara Soares Ferreira\u00a0<strong><br \/><\/strong><strong>Contatos:\u00a0<\/strong><em>nad@fafich.ufmg.br\u00a0<\/em>\/<em>\u00a0janabrodosqui@hotmail.com<\/em><br \/><strong>Hor\u00e1rio:<\/strong>\u00a0das 9h \u00e0s 11h30 e das 15h \u00e0s 17h<\/p><\/div><\/div><\/div><div class=\"ea-card sp-ea-single\"><h3 class=\"ea-header\"><a class=\"collapsed\" id=\"ea-header-23596\" role=\"button\" data-sptoggle=\"spcollapse\" data-sptarget=\"#collapse23596\" aria-controls=\"collapse23596\" href=\"#\" aria-expanded=\"false\" tabindex=\"0\"><i aria-hidden=\"true\" role=\"presentation\" class=\"ea-expand-icon eap-icon-ea-expand-plus\"><\/i> Faculdade de Letras \/ Servi\u00e7o de Aten\u00e7\u00e3o ao Estudante de Letras (SAEL)<\/a><\/h3><div class=\"sp-collapse spcollapse \" id=\"collapse23596\" data-parent=\"#sp-ea-2359\" role=\"region\" aria-labelledby=\"ea-header-23596\"> <div class=\"ea-body\"><p><strong>Contatos:\u00a0<\/strong><em>3409-6082 \/\u00a0sael@letras.ufmg.br<\/em><\/p><p>Saiba mais em\u00a0<em>www.letras.ufmg.br\/sael<\/em><\/p><\/div><\/div><\/div><div class=\"ea-card sp-ea-single\"><h3 class=\"ea-header\"><a class=\"collapsed\" id=\"ea-header-23597\" role=\"button\" data-sptoggle=\"spcollapse\" data-sptarget=\"#collapse23597\" aria-controls=\"collapse23597\" href=\"#\" aria-expanded=\"false\" tabindex=\"0\"><i aria-hidden=\"true\" role=\"presentation\" class=\"ea-expand-icon eap-icon-ea-expand-plus\"><\/i> Faculdade de Medicina<\/a><\/h3><div class=\"sp-collapse spcollapse \" id=\"collapse23597\" data-parent=\"#sp-ea-2359\" role=\"region\" aria-labelledby=\"ea-header-23597\"> <div class=\"ea-body\"><p><strong><b>Nome:\u00a0<\/b><\/strong>Caroline Stumpf Buaes, Jordan Diego Costa Melo e Maria das Gra\u00e7as Santos Ribeiro\u00a0<strong><br \/><\/strong><strong>Contatos:<\/strong>\u00a03409-9659 \/ 3409-9664\u00a0<strong>\/\u00a0<\/strong><em>escutaacademica@medicina.ufmg.br<\/em><br \/><strong>Hor\u00e1rio:<\/strong>\u00a0das 10h \u00e0s 12h30 e das 13h30 \u00e0s 16h<\/p><\/div><\/div><\/div><div class=\"ea-card sp-ea-single\"><h3 class=\"ea-header\"><a class=\"collapsed\" id=\"ea-header-23598\" role=\"button\" data-sptoggle=\"spcollapse\" data-sptarget=\"#collapse23598\" aria-controls=\"collapse23598\" href=\"#\" aria-expanded=\"false\" tabindex=\"0\"><i aria-hidden=\"true\" role=\"presentation\" class=\"ea-expand-icon eap-icon-ea-expand-plus\"><\/i> Instituto de Ci\u00eancias Agr\u00e1rias (ICA) \/ Comiss\u00e3o de Sa\u00fade Mental do ICA (Montes Claros \u2013 MG) \/ Casa da Sa\u00fade do Instituto de Ci\u00eancias Agr\u00e1rias<\/a><\/h3><div class=\"sp-collapse spcollapse \" id=\"collapse23598\" data-parent=\"#sp-ea-2359\" role=\"region\" aria-labelledby=\"ea-header-23598\"> <div class=\"ea-body\"><p>Os profissionais de sa\u00fade realizam acolhimento em sa\u00fade mental e para outras quest\u00f5es relacionadas \u00e0 sa\u00fade da comunidade UFMG.<\/p><p><strong>Contato:<\/strong> (38) 2101-7926 - <em>icasaudemental@gmail.com<\/em><br \/><strong>Hor\u00e1rio:<\/strong>\u00a0de segunda a sexta, das 8h \u00e0s 12h e das 14h \u00e0s 18h. \u00c0s ter\u00e7as, atendimento noturno at\u00e9 \u00e0s 22h<br \/><strong>Local:<\/strong>\u00a0pr\u00f3ximo \u00e0 Biblioteca<\/p><p>\u00a0<\/p><\/div><\/div><\/div><div class=\"ea-card sp-ea-single\"><h3 class=\"ea-header\"><a class=\"collapsed\" id=\"ea-header-23599\" role=\"button\" data-sptoggle=\"spcollapse\" data-sptarget=\"#collapse23599\" aria-controls=\"collapse23599\" href=\"#\" aria-expanded=\"false\" tabindex=\"0\"><i aria-hidden=\"true\" role=\"presentation\" class=\"ea-expand-icon eap-icon-ea-expand-plus\"><\/i> Instituto de Ci\u00eancias Biol\u00f3gicas \/ Escuta Acad\u00eamica \u2013 ICB Escuta<\/a><\/h3><div class=\"sp-collapse spcollapse \" id=\"collapse23599\" data-parent=\"#sp-ea-2359\" role=\"region\" aria-labelledby=\"ea-header-23599\"> <div class=\"ea-body\"><p><strong>Nome:<\/strong>\u00a0Maria de Lourdes de Brito Melo<br \/><strong>Contatos: <\/strong>3409-2722\u00a0\/\u00a0<em>escuta@icb.ufmg.br<\/em>\u00a0\/\u00a0<em>escutaacademica@icb.ufmg.br<\/em><\/p><\/div><\/div><\/div><div class=\"ea-card sp-ea-single\"><h3 class=\"ea-header\"><a class=\"collapsed\" id=\"ea-header-235910\" role=\"button\" data-sptoggle=\"spcollapse\" data-sptarget=\"#collapse235910\" aria-controls=\"collapse235910\" href=\"#\" aria-expanded=\"false\" tabindex=\"0\"><i aria-hidden=\"true\" role=\"presentation\" class=\"ea-expand-icon eap-icon-ea-expand-plus\"><\/i> Instituto de Ci\u00eancias Exatas<\/a><\/h3><div class=\"sp-collapse spcollapse \" id=\"collapse235910\" data-parent=\"#sp-ea-2359\" role=\"region\" aria-labelledby=\"ea-header-235910\"> <div class=\"ea-body\"><p>Espa\u00e7o de Acolhimento e Promo\u00e7\u00e3o da Sa\u00fade Mental do ICEx - Espa\u00e7AMente<\/p><p>Sala 1035<\/p><p>Hor\u00e1rio de atendimento: de 7:30 \u00e0s 16:30h, \u00e0s quintas-feiras de 10:30 \u00e0s 19:30h.<\/p><p>Contato: <span style=\"color: #000000\"><em>acolhimento@icex.ufmg.br<\/em><\/span><\/p><\/div><\/div><\/div><div class=\"ea-card sp-ea-single\"><h3 class=\"ea-header\"><a class=\"collapsed\" id=\"ea-header-235911\" role=\"button\" data-sptoggle=\"spcollapse\" data-sptarget=\"#collapse235911\" aria-controls=\"collapse235911\" href=\"#\" aria-expanded=\"false\" tabindex=\"0\"><i aria-hidden=\"true\" role=\"presentation\" class=\"ea-expand-icon eap-icon-ea-expand-plus\"><\/i> Plant\u00e3o Psicol\u00f3gico | Centro de Aplica\u00e7\u00e3o de Psicologia<\/a><\/h3><div class=\"sp-collapse spcollapse \" id=\"collapse235911\" data-parent=\"#sp-ea-2359\" role=\"region\" aria-labelledby=\"ea-header-235911\"> <div class=\"ea-body\"><div>Toda quinta-feira, das 11h30m \u00e0s 14h30m, por ordem de chegada<\/div><div>Em frente \u00e0 sala 2066 - FAFICH<\/div><\/div><\/div><\/div><\/div><\/div>\n","protected":false},"excerpt":{"rendered":"<p>Canais de acolhimento &nbsp; Abaixo, confira a listagem dos canais [&hellip;]<\/p>\n","protected":false},"author":1,"featured_media":0,"parent":558,"menu_order":0,"comment_status":"closed","ping_status":"closed","template":"","meta":{"_acf_changed":false,"footnotes":""},"tags":[],"class_list":["post-569","page","type-page","status-publish","hentry"],"acf":[],"_links":{"self":[{"href":"https:\/\/www.ufmg.br\/prae\/wp-json\/wp\/v2\/pages\/569","targetHints":{"allow":["GET"]}}],"collection":[{"href":"https:\/\/www.ufmg.br\/prae\/wp-json\/wp\/v2\/pages"}],"about":[{"href":"https:\/\/www.ufmg.br\/prae\/wp-json\/wp\/v2\/types\/page"}],"author":[{"embeddable":true,"href":"https:\/\/www.ufmg.br\/prae\/wp-json\/wp\/v2\/users\/1"}],"replies":[{"embeddable":true,"href":"https:\/\/www.ufmg.br\/prae\/wp-json\/wp\/v2\/comments?post=569"}],"version-history":[{"count":19,"href":"https:\/\/www.ufmg.br\/prae\/wp-json\/wp\/v2\/pages\/569\/revisions"}],"predecessor-version":[{"id":2407,"href":"https:\/\/www.ufmg.br\/prae\/wp-json\/wp\/v2\/pages\/569\/revisions\/2407"}],"up":[{"embeddable":true,"href":"https:\/\/www.ufmg.br\/prae\/wp-json\/wp\/v2\/pages\/558"}],"wp:attachment":[{"href":"https:\/\/www.ufmg.br\/prae\/wp-json\/wp\/v2\/media?parent=569"}],"wp:term":[{"taxonomy":"post_tag","embeddable":true,"href":"https:\/\/www.ufmg.br\/prae\/wp-json\/wp\/v2\/tags?post=569"}],"curies":[{"name":"wp","href":"https:\/\/api.w.org\/{rel}","templated":true}]}}