{"id":896,"date":"2021-10-06T11:50:25","date_gmt":"2021-10-06T14:50:25","guid":{"rendered":"https:\/\/www.ufmg.br\/prae\/?page_id=896"},"modified":"2026-03-20T09:48:29","modified_gmt":"2026-03-20T12:48:29","slug":"assistencia-estudantil-apresentacao","status":"publish","type":"page","link":"https:\/\/www.ufmg.br\/prae\/assistencia-estudantil\/assistencia-estudantil-apresentacao\/","title":{"rendered":"Assist\u00eancia Estudantil &#8211; Apresenta\u00e7\u00e3o"},"content":{"rendered":"<p>A Diretoria de Pol\u00edticas de Assist\u00eancia Estudantil tem por atribui\u00e7\u00e3o propor e estabelecer diretrizes e princ\u00edpios para a pol\u00edtica de assist\u00eancia estudantil da UFMG, que \u00e9 apreciada pelo Comit\u00ea de Assuntos Estudantis da PRAE. A Diretoria de Pol\u00edticas de Assist\u00eancia Estudantil \u00e9 respons\u00e1vel por elaborar, coordenar e avaliar os projetos e as a\u00e7\u00f5es de assist\u00eancia estudantil que s\u00e3o executadas em parceria com a Funda\u00e7\u00e3o Mendes Pimentel (FUMP).<\/p>\n<p>As pol\u00edticas de assist\u00eancia estudantil da UFMG visam a redu\u00e7\u00e3o das desigualdades de acesso \u00e0s oportunidades acad\u00eamicas por meio da garantia suportes materiais b\u00e1sicos (aux\u00edlios de manuten\u00e7\u00e3o, aux\u00edlio transporte, moradia e alimenta\u00e7\u00e3o) e apoio \u00e0 sa\u00fade necess\u00e1rios \u00e0 perman\u00eancia. O acesso aos programas de assist\u00eancia estudantil \u00e9 um direito de estudantes de gradua\u00e7\u00e3o da UFMG em situa\u00e7\u00e3o de vulnerabilidade econ\u00f4mica e risco pessoal, social e cultural.<\/p>\n<p>Os programas e a\u00e7\u00f5es de assist\u00eancia estudantil s\u00e3o executados com recursos do Plano Nacional de Assist\u00eancia Estudantil, PNAES, e atendem aos crit\u00e9rios estabelecidos no Decreto n. 7.234\/2010.<\/p>\n<p>A diretoria de assist\u00eancia estudantil atua em colabora\u00e7\u00e3o com as inst\u00e2ncias que comp\u00f5em o Comit\u00ea Permanente de Acompanhamento de Estudantes: Funda\u00e7\u00e3o Universit\u00e1ria Mendes Pimentel (FUMP), N\u00facleo de Acessibilidade e Inclus\u00e3o (NAI), Comiss\u00e3o Permanente de A\u00e7\u00f5es Afirmativas e Inclus\u00e3o (CPAAI), Coordenadoria de Assuntos Comunit\u00e1rios (CAC), Diret\u00f3rio Central dos Estudantes (DCE), Associa\u00e7\u00e3o de Moradores das Moradias Universit\u00e1rias da UFMG (AMMU),\u00a0 Movimento Universit\u00e1rio de Inclus\u00e3o (MUDI), Associa\u00e7\u00e3o de P\u00f3s-Graduandos.<\/p>\n<p>Para entrar em contato com a Diretoria de Assist\u00eancia Estudantil envie um e-mail para<br \/>\n<a href=\"mailto:dir-assistenciaestudantil@prae.ufmg.br\">dir-assistenciaestudantil@prae.ufmg.br<\/a>.<\/p>\n<p>Diretor de Pol\u00edticas de Assist\u00eancia Estudantil: Prof. Jo\u00e3o Estev\u00e3o Barbosa Neto<\/p>\n","protected":false},"excerpt":{"rendered":"<p>A Diretoria de Pol\u00edticas de Assist\u00eancia Estudantil tem por atribui\u00e7\u00e3o [&hellip;]<\/p>\n","protected":false},"author":1,"featured_media":0,"parent":523,"menu_order":0,"comment_status":"closed","ping_status":"closed","template":"","meta":{"_acf_changed":false,"footnotes":""},"tags":[],"class_list":["post-896","page","type-page","status-publish","hentry"],"acf":[],"_links":{"self":[{"href":"https:\/\/www.ufmg.br\/prae\/wp-json\/wp\/v2\/pages\/896","targetHints":{"allow":["GET"]}}],"collection":[{"href":"https:\/\/www.ufmg.br\/prae\/wp-json\/wp\/v2\/pages"}],"about":[{"href":"https:\/\/www.ufmg.br\/prae\/wp-json\/wp\/v2\/types\/page"}],"author":[{"embeddable":true,"href":"https:\/\/www.ufmg.br\/prae\/wp-json\/wp\/v2\/users\/1"}],"replies":[{"embeddable":true,"href":"https:\/\/www.ufmg.br\/prae\/wp-json\/wp\/v2\/comments?post=896"}],"version-history":[{"count":16,"href":"https:\/\/www.ufmg.br\/prae\/wp-json\/wp\/v2\/pages\/896\/revisions"}],"predecessor-version":[{"id":3751,"href":"https:\/\/www.ufmg.br\/prae\/wp-json\/wp\/v2\/pages\/896\/revisions\/3751"}],"up":[{"embeddable":true,"href":"https:\/\/www.ufmg.br\/prae\/wp-json\/wp\/v2\/pages\/523"}],"wp:attachment":[{"href":"https:\/\/www.ufmg.br\/prae\/wp-json\/wp\/v2\/media?parent=896"}],"wp:term":[{"taxonomy":"post_tag","embeddable":true,"href":"https:\/\/www.ufmg.br\/prae\/wp-json\/wp\/v2\/tags?post=896"}],"curies":[{"name":"wp","href":"https:\/\/api.w.org\/{rel}","templated":true}]}}