{"id":199,"date":"2021-05-12T13:36:30","date_gmt":"2021-05-12T16:36:30","guid":{"rendered":"https:\/\/www.ufmg.br\/procult\/?page_id=199"},"modified":"2024-09-05T09:55:14","modified_gmt":"2024-09-05T12:55:14","slug":"equipe","status":"publish","type":"page","link":"https:\/\/www.ufmg.br\/procult\/conheca-a-procult\/organizacao\/equipe\/","title":{"rendered":"Equipe"},"content":{"rendered":"<h4><\/h4>\n<p>&nbsp;<\/p>\n<p><a href=\"https:\/\/bsky.app\/intent\/compose?text=https:\/\/www.ufmg.br\/procult\/conheca-a-procult\/organizacao\/equipe\/\" target=\"_blank\" rel=\"noopener\"><img loading=\"lazy\" decoding=\"async\" class=\"alignnone size-full wp-image-2079\" src=\"https:\/\/www.ufmg.br\/procult\/wp-content\/uploads\/2024\/09\/bluesky-butterfly-logo-05.png\" alt=\"\" width=\"24\" height=\"21\" \/><\/a><a href=\"https:\/\/www.facebook.com\/sharer\/sharer.php?u=https:\/\/www.ufmg.br\/procult\/conheca-a-procult\/organizacao\/equipe\/\" target=\"_blank\" rel=\"noopener\"><img loading=\"lazy\" decoding=\"async\" class=\"alignnone size-full wp-image-1892\" src=\"https:\/\/www.ufmg.br\/procult\/wp-content\/uploads\/2024\/08\/facebook-app-round-icon.png\" alt=\"\" width=\"24\" height=\"24\" \/><\/a><a href=\"https:\/\/twitter.com\/intent\/tweet?text=https:\/\/www.ufmg.br\/procult\/conheca-a-procult\/organizacao\/equipe\/\" target=\"_blank\" rel=\"noopener\"><img loading=\"lazy\" decoding=\"async\" class=\"alignnone size-full wp-image-1893\" src=\"https:\/\/www.ufmg.br\/procult\/wp-content\/uploads\/2024\/08\/x-social-media-black-icon-1.png\" alt=\"\" width=\"24\" height=\"24\" \/><\/a><a href=\"https:\/\/www.linkedin.com\/sharing\/share-offsite\/?url=https:\/\/www.ufmg.br\/procult\/conheca-a-procult\/organizacao\/equipe\/\" target=\"_blank\" rel=\"noopener\"><img loading=\"lazy\" decoding=\"async\" class=\"alignnone size-full wp-image-1894\" src=\"https:\/\/www.ufmg.br\/procult\/wp-content\/uploads\/2024\/08\/linkedin-square-icon.png\" alt=\"\" width=\"24\" height=\"24\" \/><\/a><a href=\"https:\/\/api.whatsapp.com\/send?text=https:\/\/www.ufmg.br\/procult\/conheca-a-procult\/organizacao\/equipe\/\" target=\"_blank\" rel=\"noopener\"><img loading=\"lazy\" decoding=\"async\" class=\"alignnone size-full wp-image-1895\" src=\"https:\/\/www.ufmg.br\/procult\/wp-content\/uploads\/2024\/08\/whatsapp-icon.png\" alt=\"\" width=\"24\" height=\"24\" \/><\/a><a href=\"https:\/\/telegram.me\/share\/url?url=https:\/\/www.ufmg.br\/procult\/conheca-a-procult\/organizacao\/equipe\/\" target=\"_blank\" rel=\"noopener\"><img loading=\"lazy\" decoding=\"async\" class=\"alignnone size-full wp-image-1896\" src=\"https:\/\/www.ufmg.br\/procult\/wp-content\/uploads\/2024\/08\/telegram-black-icon.png\" alt=\"\" width=\"24\" height=\"24\" \/><\/a><a href=\"mailto:?subject=https:\/\/www.ufmg.br\/procult\/conheca-a-procult\/organizacao\/equipe\/\"><img loading=\"lazy\" decoding=\"async\" class=\"alignnone size-full wp-image-1891\" src=\"https:\/\/www.ufmg.br\/procult\/wp-content\/uploads\/2024\/08\/envelope-line-icon.png\" alt=\"\" width=\"24\" height=\"24\" \/><\/a><\/p>\n<p>&nbsp;<\/p>\n<h4><span style=\"color: #00ccff;\"><strong>Sede &#8211; Campus Pampulha<\/strong><\/span><\/h4>\n<style>#sp-ea-818 .spcollapsing { height: 0; overflow: hidden; transition-property: height;transition-duration: 500ms;}#sp-ea-818.sp-easy-accordion>.sp-ea-single {margin-bottom: 10px; border: 1px solid #e2e2e2; }#sp-ea-818.sp-easy-accordion>.sp-ea-single>.ea-header a {color: #444;}#sp-ea-818.sp-easy-accordion>.sp-ea-single>.sp-collapse>.ea-body {background: #fff; color: #444;}#sp-ea-818.sp-easy-accordion>.sp-ea-single {background: #eee;}#sp-ea-818.sp-easy-accordion>.sp-ea-single>.ea-header a .ea-expand-icon { float: left; color: #444;font-size: 16px;}<\/style><div id=\"sp_easy_accordion-1749041453\">\n<div id=\"sp-ea-818\" class=\"sp-ea-one sp-easy-accordion\" data-ea-active=\"ea-click\" data-ea-mode=\"vertical\" data-preloader=\"\" data-scroll-active-item=\"\" data-offset-to-scroll=\"0\">\n\n<!-- Start accordion card div. -->\n<div class=\"ea-card  sp-ea-single\">\n\t<!-- Start accordion header. -->\n\t<h3 class=\"ea-header\">\n\t\t<!-- Add anchor tag for header. -->\n\t\t<a class=\"collapsed\" id=\"ea-header-8180\" role=\"button\" data-sptoggle=\"spcollapse\" data-sptarget=\"#collapse8180\" aria-controls=\"collapse8180\" href=\"#\"  aria-expanded=\"false\" tabindex=\"0\">\n\t\t<i aria-hidden=\"true\" role=\"presentation\" class=\"ea-expand-icon eap-icon-ea-expand-plus\"><\/i> Pr\u00f3-reitores\t\t<\/a> <!-- Close anchor tag for header. -->\n\t<\/h3>\t<!-- Close header tag. -->\n\t<!-- Start collapsible content div. -->\n\t<div class=\"sp-collapse spcollapse spcollapse\" id=\"collapse8180\" data-parent=\"#sp-ea-818\" role=\"region\" aria-labelledby=\"ea-header-8180\">  <!-- Content div. -->\n\t\t<div class=\"ea-body\">\n\t\t<h6 style=\"text-align: left\">Pr\u00f3-reitor de Cultura da UFMG<br \/>\n<span style=\"color: #00ccff\"><a style=\"color: #00ccff\" href=\"http:\/\/somos.ufmg.br\/professor\/fernando-antonio-mencarelli\" target=\"_blank\" rel=\"noopener\">Fernando Ant\u00f4nio Mencarelli +<\/a><br \/>\n<\/span>Pr\u00f3-reitora Adjunta de Cultura da UFMG<br \/>\n<span style=\"color: #00ccff\"><a style=\"color: #00ccff\" href=\"http:\/\/somos.ufmg.br\/professor\/monica-medeiros-ribeiro\" target=\"_blank\" rel=\"noopener\">M\u00f4nica Medeiros Ribeiro +<\/a><\/span><\/h6>\n\t\t<\/div> <!-- Close content div. -->\n\t<\/div> <!-- Close collapse div. -->\n<\/div> <!-- Close card div. -->\n<!-- Start accordion card div. -->\n<div class=\"ea-card  sp-ea-single\">\n\t<!-- Start accordion header. -->\n\t<h3 class=\"ea-header\">\n\t\t<!-- Add anchor tag for header. -->\n\t\t<a class=\"collapsed\" id=\"ea-header-8181\" role=\"button\" data-sptoggle=\"spcollapse\" data-sptarget=\"#collapse8181\" aria-controls=\"collapse8181\" href=\"#\"  aria-expanded=\"false\" tabindex=\"0\">\n\t\t<i aria-hidden=\"true\" role=\"presentation\" class=\"ea-expand-icon eap-icon-ea-expand-plus\"><\/i> Gabinete\t\t<\/a> <!-- Close anchor tag for header. -->\n\t<\/h3>\t<!-- Close header tag. -->\n\t<!-- Start collapsible content div. -->\n\t<div class=\"sp-collapse spcollapse spcollapse\" id=\"collapse8181\" data-parent=\"#sp-ea-818\" role=\"region\" aria-labelledby=\"ea-header-8181\">  <!-- Content div. -->\n\t\t<div class=\"ea-body\">\n\t\t<ul>\n<li>Anderson Perdig\u00e3o Faleiro (Secret\u00e1rio-executivo)<\/li>\n<li>Ana Maria Vieira (Jornalista - Cedecom)<\/li>\n<li>B\u00e1rbara Ester Profeta da Luz Siqueira (Rela\u00e7\u00f5es P\u00fablicas)<\/li>\n<li>Elisa Maria Teixeira Silveira (Assistente em Administra\u00e7\u00e3o - Espa\u00e7o do Conhecimento UFMG)<\/li>\n<li>Filipe Sartoreto (Jornalista - Cedecom)<\/li>\n<li>Leocimar Marcos dos Santos (Assistente Administrativo)<\/li>\n<li>Lorena Mello Martins (Muse\u00f3loga - Campus Cultural UFMG em Tiradentes)<\/li>\n<li>Lucas Magrini Pinto (T\u00e9cnico de Tecnologia da Informa\u00e7\u00e3o)<\/li>\n<li>Mateus Corn\u00e9lio de Souza Coelho (Muse\u00f3logo)<\/li>\n<\/ul>\n\t\t<\/div> <!-- Close content div. -->\n\t<\/div> <!-- Close collapse div. -->\n<\/div> <!-- Close card div. -->\n<!-- Start accordion card div. -->\n<div class=\"ea-card  sp-ea-single\">\n\t<!-- Start accordion header. -->\n\t<h3 class=\"ea-header\">\n\t\t<!-- Add anchor tag for header. -->\n\t\t<a class=\"collapsed\" id=\"ea-header-8182\" role=\"button\" data-sptoggle=\"spcollapse\" data-sptarget=\"#collapse8182\" aria-controls=\"collapse8182\" href=\"#\"  aria-expanded=\"false\" tabindex=\"0\">\n\t\t<i aria-hidden=\"true\" role=\"presentation\" class=\"ea-expand-icon eap-icon-ea-expand-plus\"><\/i> Coordenadoria da Administra\u00e7\u00e3o Central\t\t<\/a> <!-- Close anchor tag for header. -->\n\t<\/h3>\t<!-- Close header tag. -->\n\t<!-- Start collapsible content div. -->\n\t<div class=\"sp-collapse spcollapse spcollapse\" id=\"collapse8182\" data-parent=\"#sp-ea-818\" role=\"region\" aria-labelledby=\"ea-header-8182\">  <!-- Content div. -->\n\t\t<div class=\"ea-body\">\n\t\t<ul>\n<li>Vera L\u00facia Magalh\u00e3es Silva (Coordenadora)<\/li>\n<li>Bruno do Carmo Assis Lanna<\/li>\n<li>Cleomar Poletto<\/li>\n<li>Cristina del Papa<\/li>\n<li>Lucas Melo de Siqueira<\/li>\n<li>Mar\u00edlia da Concei\u00e7\u00e3o Fonseca<\/li>\n<li>Wanderley Humberto de Faria (Motorista)<\/li>\n<\/ul>\n\t\t<\/div> <!-- Close content div. -->\n\t<\/div> <!-- Close collapse div. -->\n<\/div> <!-- Close card div. -->\n<!-- Start accordion card div. -->\n<div class=\"ea-card  sp-ea-single\">\n\t<!-- Start accordion header. -->\n\t<h3 class=\"ea-header\">\n\t\t<!-- Add anchor tag for header. -->\n\t\t<a class=\"collapsed\" id=\"ea-header-8183\" role=\"button\" data-sptoggle=\"spcollapse\" data-sptarget=\"#collapse8183\" aria-controls=\"collapse8183\" href=\"#\"  aria-expanded=\"false\" tabindex=\"0\">\n\t\t<i aria-hidden=\"true\" role=\"presentation\" class=\"ea-expand-icon eap-icon-ea-expand-plus\"><\/i> Coordenadoria de Pol\u00edticas Culturais\t\t<\/a> <!-- Close anchor tag for header. -->\n\t<\/h3>\t<!-- Close header tag. -->\n\t<!-- Start collapsible content div. -->\n\t<div class=\"sp-collapse spcollapse spcollapse\" id=\"collapse8183\" data-parent=\"#sp-ea-818\" role=\"region\" aria-labelledby=\"ea-header-8183\">  <!-- Content div. -->\n\t\t<div class=\"ea-body\">\n\t\t<ul>\n<li>Naiara Pinheiro de Castilho (Coordenadora)<\/li>\n<li>Thobila Gabriela de Lima Costa Sousa<\/li>\n<li>Bruna Fernandes de Lima<\/li>\n<li>Maria das Dores Pimentel Nogueira<\/li>\n<\/ul>\n\t\t<\/div> <!-- Close content div. -->\n\t<\/div> <!-- Close collapse div. -->\n<\/div> <!-- Close card div. -->\n<!-- Start accordion card div. -->\n<div class=\"ea-card  sp-ea-single\">\n\t<!-- Start accordion header. -->\n\t<h3 class=\"ea-header\">\n\t\t<!-- Add anchor tag for header. -->\n\t\t<a class=\"collapsed\" id=\"ea-header-8184\" role=\"button\" data-sptoggle=\"spcollapse\" data-sptarget=\"#collapse8184\" aria-controls=\"collapse8184\" href=\"#\"  aria-expanded=\"false\" tabindex=\"0\">\n\t\t<i aria-hidden=\"true\" role=\"presentation\" class=\"ea-expand-icon eap-icon-ea-expand-plus\"><\/i> Coordenadoria de Patrim\u00f4nio Cultural\t\t<\/a> <!-- Close anchor tag for header. -->\n\t<\/h3>\t<!-- Close header tag. -->\n\t<!-- Start collapsible content div. -->\n\t<div class=\"sp-collapse spcollapse spcollapse\" id=\"collapse8184\" data-parent=\"#sp-ea-818\" role=\"region\" aria-labelledby=\"ea-header-8184\">  <!-- Content div. -->\n\t\t<div class=\"ea-body\">\n\t\t<ul>\n<li>Din\u00e1 Marques Pereira (Coordenadora)<\/li>\n<li>Juliana Xavier de Castro<\/li>\n<\/ul>\n\t\t<\/div> <!-- Close content div. -->\n\t<\/div> <!-- Close collapse div. -->\n<\/div> <!-- Close card div. -->\n<!-- Start accordion card div. -->\n<div class=\"ea-card  sp-ea-single\">\n\t<!-- Start accordion header. -->\n\t<h3 class=\"ea-header\">\n\t\t<!-- Add anchor tag for header. -->\n\t\t<a class=\"collapsed\" id=\"ea-header-8185\" role=\"button\" data-sptoggle=\"spcollapse\" data-sptarget=\"#collapse8185\" aria-controls=\"collapse8185\" href=\"#\"  aria-expanded=\"false\" tabindex=\"0\">\n\t\t<i aria-hidden=\"true\" role=\"presentation\" class=\"ea-expand-icon eap-icon-ea-expand-plus\"><\/i> Coordenadoria de Difus\u00e3o e Forma\u00e7\u00e3o Cultural\t\t<\/a> <!-- Close anchor tag for header. -->\n\t<\/h3>\t<!-- Close header tag. -->\n\t<!-- Start collapsible content div. -->\n\t<div class=\"sp-collapse spcollapse spcollapse\" id=\"collapse8185\" data-parent=\"#sp-ea-818\" role=\"region\" aria-labelledby=\"ea-header-8185\">  <!-- Content div. -->\n\t\t<div class=\"ea-body\">\n\t\t<ul>\n<li>Andr\u00e9 Luiz Rezende Cruz<\/li>\n<li>Cristhine Lucena Rolim<\/li>\n<li>Danielle Marcia Hachmann de Lacerda da Gama<\/li>\n<li>Francielle Neves de Souza<\/li>\n<li>Ludmila de Paula Soares<\/li>\n<li>Ros\u00e2ngela da Silva Santos<\/li>\n<li>Sergio Renato Diniz Ara\u00fajo<\/li>\n<\/ul>\n\t\t<\/div> <!-- Close content div. -->\n\t<\/div> <!-- Close collapse div. -->\n<\/div> <!-- Close card div. -->\n<!-- Start accordion card div. -->\n<div class=\"ea-card  sp-ea-single\">\n\t<!-- Start accordion header. -->\n\t<h3 class=\"ea-header\">\n\t\t<!-- Add anchor tag for header. -->\n\t\t<a class=\"collapsed\" id=\"ea-header-8186\" role=\"button\" data-sptoggle=\"spcollapse\" data-sptarget=\"#collapse8186\" aria-controls=\"collapse8186\" href=\"#\"  aria-expanded=\"false\" tabindex=\"0\">\n\t\t<i aria-hidden=\"true\" role=\"presentation\" class=\"ea-expand-icon eap-icon-ea-expand-plus\"><\/i> Bolsistas e estagi\u00e1rios\t\t<\/a> <!-- Close anchor tag for header. -->\n\t<\/h3>\t<!-- Close header tag. -->\n\t<!-- Start collapsible content div. -->\n\t<div class=\"sp-collapse spcollapse spcollapse\" id=\"collapse8186\" data-parent=\"#sp-ea-818\" role=\"region\" aria-labelledby=\"ea-header-8186\">  <!-- Content div. -->\n\t\t<div class=\"ea-body\">\n\t\t<ul>\n<li>Andressa Tuany Rosa Reis<\/li>\n<li>Carine Luiza Freitas Magalh\u00e3es<\/li>\n<li>Higor Henrique Felix Santos<\/li>\n<li>Isabel da Cruz Gon\u00e7alves<\/li>\n<li>Isabella Leonardo Saibert Batista<\/li>\n<li>Jessica Mendes Baumgartner<\/li>\n<li>Karine Rodrigues dos Santos<\/li>\n<li>Karoline Viana Fernandes dos Santos<\/li>\n<li>Let\u00edcia de Almeida Alvarenga<\/li>\n<\/ul>\n\t\t<\/div> <!-- Close content div. -->\n\t<\/div> <!-- Close collapse div. -->\n<\/div> <!-- Close card div. -->\n<\/div>\n<\/div>\n\n<p>&nbsp;<\/p>\n<h4><span style=\"color: #00ccff;\">Espa\u00e7os culturais<\/span><\/h4>\n<style>#sp-ea-821 .spcollapsing { height: 0; overflow: hidden; transition-property: height;transition-duration: 500ms;}#sp-ea-821.sp-easy-accordion>.sp-ea-single {margin-bottom: 10px; border: 1px solid #e2e2e2; }#sp-ea-821.sp-easy-accordion>.sp-ea-single>.ea-header a {color: #444;}#sp-ea-821.sp-easy-accordion>.sp-ea-single>.sp-collapse>.ea-body {background: #fff; color: #444;}#sp-ea-821.sp-easy-accordion>.sp-ea-single {background: #eee;}#sp-ea-821.sp-easy-accordion>.sp-ea-single>.ea-header a .ea-expand-icon { float: left; color: #444;font-size: 16px;}<\/style><div id=\"sp_easy_accordion-1776413546\">\n<div id=\"sp-ea-821\" class=\"sp-ea-one sp-easy-accordion\" data-ea-active=\"ea-click\" data-ea-mode=\"vertical\" data-preloader=\"\" data-scroll-active-item=\"\" data-offset-to-scroll=\"0\">\n\n<!-- Start accordion card div. -->\n<div class=\"ea-card  sp-ea-single\">\n\t<!-- Start accordion header. -->\n\t<h3 class=\"ea-header\">\n\t\t<!-- Add anchor tag for header. -->\n\t\t<a class=\"collapsed\" id=\"ea-header-8210\" role=\"button\" data-sptoggle=\"spcollapse\" data-sptarget=\"#collapse8210\" aria-controls=\"collapse8210\" href=\"#\"  aria-expanded=\"false\" tabindex=\"0\">\n\t\t<i aria-hidden=\"true\" role=\"presentation\" class=\"ea-expand-icon eap-icon-ea-expand-plus\"><\/i> Campus Cultural UFMG em Tiradentes\t\t<\/a> <!-- Close anchor tag for header. -->\n\t<\/h3>\t<!-- Close header tag. -->\n\t<!-- Start collapsible content div. -->\n\t<div class=\"sp-collapse spcollapse spcollapse\" id=\"collapse8210\" data-parent=\"#sp-ea-821\" role=\"region\" aria-labelledby=\"ea-header-8210\">  <!-- Content div. -->\n\t\t<div class=\"ea-body\">\n\t\t<h6><span style=\"color: #00ccff\"><a style=\"color: #00ccff\" href=\"https:\/\/www.ufmg.br\/campustiradentes\/equipe\/\" target=\"_blank\" rel=\"noopener\">Acesse a informa\u00e7\u00e3o neste link +<\/a><\/span><\/h6>\n\t\t<\/div> <!-- Close content div. -->\n\t<\/div> <!-- Close collapse div. -->\n<\/div> <!-- Close card div. -->\n<!-- Start accordion card div. -->\n<div class=\"ea-card  sp-ea-single\">\n\t<!-- Start accordion header. -->\n\t<h3 class=\"ea-header\">\n\t\t<!-- Add anchor tag for header. -->\n\t\t<a class=\"collapsed\" id=\"ea-header-8211\" role=\"button\" data-sptoggle=\"spcollapse\" data-sptarget=\"#collapse8211\" aria-controls=\"collapse8211\" href=\"#\"  aria-expanded=\"false\" tabindex=\"0\">\n\t\t<i aria-hidden=\"true\" role=\"presentation\" class=\"ea-expand-icon eap-icon-ea-expand-plus\"><\/i> Centro Cultural UFMG\t\t<\/a> <!-- Close anchor tag for header. -->\n\t<\/h3>\t<!-- Close header tag. -->\n\t<!-- Start collapsible content div. -->\n\t<div class=\"sp-collapse spcollapse spcollapse\" id=\"collapse8211\" data-parent=\"#sp-ea-821\" role=\"region\" aria-labelledby=\"ea-header-8211\">  <!-- Content div. -->\n\t\t<div class=\"ea-body\">\n\t\t<h6><span style=\"color: #00ccff\"><a style=\"color: #00ccff\" href=\"https:\/\/www.ufmg.br\/centrocultural\/contato\/\" target=\"_blank\" rel=\"noopener\">Consulte neste link +<\/a><\/span><\/h6>\n\t\t<\/div> <!-- Close content div. -->\n\t<\/div> <!-- Close collapse div. -->\n<\/div> <!-- Close card div. -->\n<!-- Start accordion card div. -->\n<div class=\"ea-card  sp-ea-single\">\n\t<!-- Start accordion header. -->\n\t<h3 class=\"ea-header\">\n\t\t<!-- Add anchor tag for header. -->\n\t\t<a class=\"collapsed\" id=\"ea-header-8212\" role=\"button\" data-sptoggle=\"spcollapse\" data-sptarget=\"#collapse8212\" aria-controls=\"collapse8212\" href=\"#\"  aria-expanded=\"false\" tabindex=\"0\">\n\t\t<i aria-hidden=\"true\" role=\"presentation\" class=\"ea-expand-icon eap-icon-ea-expand-plus\"><\/i> Conservat\u00f3rio UFMG\t\t<\/a> <!-- Close anchor tag for header. -->\n\t<\/h3>\t<!-- Close header tag. -->\n\t<!-- Start collapsible content div. -->\n\t<div class=\"sp-collapse spcollapse spcollapse\" id=\"collapse8212\" data-parent=\"#sp-ea-821\" role=\"region\" aria-labelledby=\"ea-header-8212\">  <!-- Content div. -->\n\t\t<div class=\"ea-body\">\n\t\t<h6><span style=\"color: #00ccff\"><a style=\"color: #00ccff\" href=\"https:\/\/www.ufmg.br\/conservatorio\/paginas\/quem_somos_equipe.html\" target=\"_blank\" rel=\"noopener\">Consulte neste link +<\/a><\/span><\/h6>\n\t\t<\/div> <!-- Close content div. -->\n\t<\/div> <!-- Close collapse div. -->\n<\/div> <!-- Close card div. -->\n<!-- Start accordion card div. -->\n<div class=\"ea-card  sp-ea-single\">\n\t<!-- Start accordion header. -->\n\t<h3 class=\"ea-header\">\n\t\t<!-- Add anchor tag for header. -->\n\t\t<a class=\"collapsed\" id=\"ea-header-8213\" role=\"button\" data-sptoggle=\"spcollapse\" data-sptarget=\"#collapse8213\" aria-controls=\"collapse8213\" href=\"#\"  aria-expanded=\"false\" tabindex=\"0\">\n\t\t<i aria-hidden=\"true\" role=\"presentation\" class=\"ea-expand-icon eap-icon-ea-expand-plus\"><\/i> Espa\u00e7o Acervo Art\u00edstico UFMG\t\t<\/a> <!-- Close anchor tag for header. -->\n\t<\/h3>\t<!-- Close header tag. -->\n\t<!-- Start collapsible content div. -->\n\t<div class=\"sp-collapse spcollapse spcollapse\" id=\"collapse8213\" data-parent=\"#sp-ea-821\" role=\"region\" aria-labelledby=\"ea-header-8213\">  <!-- Content div. -->\n\t\t<div class=\"ea-body\">\n\t\t<p><span style=\"color: #999999\"><strong>Diretora<\/strong><\/span><br \/>\nGiulia Giovani<\/p>\n<p><span style=\"color: #999999\"><strong>Estagi\u00e1rias(os) e bolsistas<\/strong><\/span><br \/>\nJ\u00falia Le\u00e3o Ferigato<br \/>\nMiguel de Ara\u00fajo Costa Miranda<br \/>\nNath\u00e1lia Pereira<br \/>\nTha\u00eds de Souza Costa<\/p>\n\t\t<\/div> <!-- Close content div. -->\n\t<\/div> <!-- Close collapse div. -->\n<\/div> <!-- Close card div. -->\n<!-- Start accordion card div. -->\n<div class=\"ea-card  sp-ea-single\">\n\t<!-- Start accordion header. -->\n\t<h3 class=\"ea-header\">\n\t\t<!-- Add anchor tag for header. -->\n\t\t<a class=\"collapsed\" id=\"ea-header-8214\" role=\"button\" data-sptoggle=\"spcollapse\" data-sptarget=\"#collapse8214\" aria-controls=\"collapse8214\" href=\"#\"  aria-expanded=\"false\" tabindex=\"0\">\n\t\t<i aria-hidden=\"true\" role=\"presentation\" class=\"ea-expand-icon eap-icon-ea-expand-plus\"><\/i> Espa\u00e7o do Conhecimento UFMG\t\t<\/a> <!-- Close anchor tag for header. -->\n\t<\/h3>\t<!-- Close header tag. -->\n\t<!-- Start collapsible content div. -->\n\t<div class=\"sp-collapse spcollapse spcollapse\" id=\"collapse8214\" data-parent=\"#sp-ea-821\" role=\"region\" aria-labelledby=\"ea-header-8214\">  <!-- Content div. -->\n\t\t<div class=\"ea-body\">\n\t\t<h6><span style=\"color: #00ccff\"><a style=\"color: #00ccff\" href=\"https:\/\/www.ufmg.br\/espacodoconhecimento\/descubra\/equipe\/\" target=\"_blank\" rel=\"noopener\">Consulte a lista nesta p\u00e1gina do Espa\u00e7o +<\/a><\/span><\/h6>\n\t\t<\/div> <!-- Close content div. -->\n\t<\/div> <!-- Close collapse div. -->\n<\/div> <!-- Close card div. -->\n<\/div>\n<\/div>\n\n<p>&nbsp;<\/p>\n<p>&nbsp;<\/p>\n","protected":false},"excerpt":{"rendered":"<p>&nbsp; &nbsp; Sede &#8211; Campus Pampulha &nbsp; Espa\u00e7os culturais &nbsp; [&hellip;]<\/p>\n","protected":false},"author":1,"featured_media":0,"parent":493,"menu_order":0,"comment_status":"closed","ping_status":"closed","template":"","meta":{"_acf_changed":false,"footnotes":""},"tags":[158,43,39,33],"class_list":["post-199","page","type-page","status-publish","hentry","tag-apresentacao","tag-equipe","tag-organizacao","tag-pro-reitoria-de-cultura"],"acf":[],"_links":{"self":[{"href":"https:\/\/www.ufmg.br\/procult\/wp-json\/wp\/v2\/pages\/199","targetHints":{"allow":["GET"]}}],"collection":[{"href":"https:\/\/www.ufmg.br\/procult\/wp-json\/wp\/v2\/pages"}],"about":[{"href":"https:\/\/www.ufmg.br\/procult\/wp-json\/wp\/v2\/types\/page"}],"author":[{"embeddable":true,"href":"https:\/\/www.ufmg.br\/procult\/wp-json\/wp\/v2\/users\/1"}],"replies":[{"embeddable":true,"href":"https:\/\/www.ufmg.br\/procult\/wp-json\/wp\/v2\/comments?post=199"}],"version-history":[{"count":20,"href":"https:\/\/www.ufmg.br\/procult\/wp-json\/wp\/v2\/pages\/199\/revisions"}],"predecessor-version":[{"id":2128,"href":"https:\/\/www.ufmg.br\/procult\/wp-json\/wp\/v2\/pages\/199\/revisions\/2128"}],"up":[{"embeddable":true,"href":"https:\/\/www.ufmg.br\/procult\/wp-json\/wp\/v2\/pages\/493"}],"wp:attachment":[{"href":"https:\/\/www.ufmg.br\/procult\/wp-json\/wp\/v2\/media?parent=199"}],"wp:term":[{"taxonomy":"post_tag","embeddable":true,"href":"https:\/\/www.ufmg.br\/procult\/wp-json\/wp\/v2\/tags?post=199"}],"curies":[{"name":"wp","href":"https:\/\/api.w.org\/{rel}","templated":true}]}}