{"id":211,"date":"2021-05-14T14:41:35","date_gmt":"2021-05-14T17:41:35","guid":{"rendered":"https:\/\/www.ufmg.br\/procult\/?page_id=211"},"modified":"2024-12-12T10:33:40","modified_gmt":"2024-12-12T13:33:40","slug":"contato","status":"publish","type":"page","link":"https:\/\/www.ufmg.br\/procult\/comunicacao\/contato\/","title":{"rendered":"Contato"},"content":{"rendered":"<p>&nbsp;<\/p>\n<p><a href=\"https:\/\/bsky.app\/intent\/compose?text=https:\/\/www.ufmg.br\/procult\/contato\/\" target=\"_blank\" rel=\"noopener\"><img loading=\"lazy\" decoding=\"async\" class=\"alignnone size-full wp-image-2079\" src=\"https:\/\/www.ufmg.br\/procult\/wp-content\/uploads\/2024\/09\/bluesky-butterfly-logo-05.png\" alt=\"\" width=\"24\" height=\"21\" \/><\/a><a href=\"https:\/\/www.facebook.com\/sharer\/sharer.php?u=https:\/\/www.ufmg.br\/procult\/contato\/\" target=\"_blank\" rel=\"noopener\"><img loading=\"lazy\" decoding=\"async\" class=\"alignnone size-full wp-image-1892\" src=\"https:\/\/www.ufmg.br\/procult\/wp-content\/uploads\/2024\/08\/facebook-app-round-icon.png\" alt=\"\" width=\"24\" height=\"24\" \/><\/a><a href=\"https:\/\/twitter.com\/intent\/tweet?text=https:\/\/www.ufmg.br\/procult\/contato\/\" target=\"_blank\" rel=\"noopener\"><img loading=\"lazy\" decoding=\"async\" class=\"alignnone size-full wp-image-1893\" src=\"https:\/\/www.ufmg.br\/procult\/wp-content\/uploads\/2024\/08\/x-social-media-black-icon-1.png\" alt=\"\" width=\"24\" height=\"24\" \/><\/a><a href=\"https:\/\/www.linkedin.com\/sharing\/share-offsite\/?url=https:\/\/bsky.app\/intent\/compose?text=https:\/\/www.ufmg.br\/procult\/contato\/\" target=\"_blank\" rel=\"noopener\"><img loading=\"lazy\" decoding=\"async\" class=\"alignnone size-full wp-image-1894\" src=\"https:\/\/www.ufmg.br\/procult\/wp-content\/uploads\/2024\/08\/linkedin-square-icon.png\" alt=\"\" width=\"24\" height=\"24\" \/><\/a><a href=\"https:\/\/api.whatsapp.com\/send?text=https:\/\/www.ufmg.br\/procult\/contato\/\" target=\"_blank\" rel=\"noopener\"><img loading=\"lazy\" decoding=\"async\" class=\"alignnone size-full wp-image-1895\" src=\"https:\/\/www.ufmg.br\/procult\/wp-content\/uploads\/2024\/08\/whatsapp-icon.png\" alt=\"\" width=\"24\" height=\"24\" \/><\/a><a href=\"https:\/\/telegram.me\/share\/url?url=https:\/\/www.ufmg.br\/procult\/contato\/\" target=\"_blank\" rel=\"noopener\"><img loading=\"lazy\" decoding=\"async\" class=\"alignnone size-full wp-image-1896\" src=\"https:\/\/www.ufmg.br\/procult\/wp-content\/uploads\/2024\/08\/telegram-black-icon.png\" alt=\"\" width=\"24\" height=\"24\" \/><\/a><a href=\"mailto:?subject=https:\/\/www.ufmg.br\/procult\/contato\/\"><img loading=\"lazy\" decoding=\"async\" class=\"alignnone size-full wp-image-1891\" src=\"https:\/\/www.ufmg.br\/procult\/wp-content\/uploads\/2024\/08\/envelope-line-icon.png\" alt=\"\" width=\"24\" height=\"24\" \/><\/a><\/p>\n<p>Para interagir com a Pr\u00f3-reitoria de Cultura da UFMG, basta enviar uma mensagem pelo formul\u00e1rio. Voc\u00ea pode tamb\u00e9m conferir todos os dados de contato do \u00f3rg\u00e3o na p\u00e1gina <a href=\"https:\/\/www.ufmg.br\/procult\/conheca-a-procult\/enderecos-e-horarios-de-funcionamento\/\">Endere\u00e7os e hor\u00e1rios<\/a> deste site.<\/p>\n<p>&nbsp;<\/p>\n<div class=\"frm_forms  with_frm_style frm_style_formidable-style\" id=\"frm_form_2_container\" >\n<form enctype=\"multipart\/form-data\" method=\"post\" class=\"frm-show-form \" id=\"form_contact-formcb178d9a66\" >\n<div class=\"frm_form_fields \">\n<fieldset>\n<legend class=\"frm_screen_reader\">Contato<\/legend>\r\n\r\n<div class=\"frm_fields_container\">\n<input type=\"hidden\" name=\"frm_action\" value=\"create\" \/>\n<input type=\"hidden\" name=\"form_id\" value=\"2\" \/>\n<input type=\"hidden\" name=\"frm_hide_fields_2\" id=\"frm_hide_fields_2\" value=\"\" \/>\n<input type=\"hidden\" name=\"form_key\" value=\"contact-formcb178d9a66\" \/>\n<input type=\"hidden\" name=\"item_meta[0]\" value=\"\" \/>\n<input type=\"hidden\" id=\"frm_submit_entry_2\" name=\"frm_submit_entry_2\" value=\"b732f9040b\" \/><input type=\"hidden\" name=\"_wp_http_referer\" value=\"\/procult\/wp-json\/wp\/v2\/pages\/211\" \/><div id=\"frm_field_6_container\" class=\"frm_form_field form-field  frm_required_field frm_top_container frm_first frm_half\">\r\n    <label for=\"field_qh4icy9d9d3e99ec\" id=\"field_qh4icy9d9d3e99ec_label\" class=\"frm_primary_label\">Nome\r\n        <span class=\"frm_required\">*<\/span>\r\n    <\/label>\r\n    <input type=\"text\" id=\"field_qh4icy9d9d3e99ec\" name=\"item_meta[6]\" value=\"\"  data-reqmsg=\"Nome cannot be blank.\" aria-required=\"true\" data-invmsg=\"Name is invalid\" aria-invalid=\"false\"   aria-describedby=\"frm_desc_field_qh4icy9d9d3e99ec\"\/>\r\n    <div class=\"frm_description\" id=\"frm_desc_field_qh4icy9d9d3e99ec\">\r\n<\/div>\r\n    \r\n<\/div>\n<div id=\"frm_field_8_container\" class=\"frm_form_field form-field  frm_required_field frm_top_container frm_full\">\r\n    <label for=\"field_29yf4dd65627f78d\" id=\"field_29yf4dd65627f78d_label\" class=\"frm_primary_label\">Email\r\n        <span class=\"frm_required\">*<\/span>\r\n    <\/label>\r\n    <input type=\"email\" id=\"field_29yf4dd65627f78d\" name=\"item_meta[8]\" value=\"\"  data-reqmsg=\"Email cannot be blank.\" aria-required=\"true\" data-invmsg=\"Please enter a valid email address\" aria-invalid=\"false\"  \/>\r\n    \r\n    \r\n<\/div>\n<div id=\"frm_field_9_container\" class=\"frm_form_field form-field  frm_required_field frm_top_container frm_full\">\r\n    <label for=\"field_e6lis66464d1e6e4\" id=\"field_e6lis66464d1e6e4_label\" class=\"frm_primary_label\">Assunto\r\n        <span class=\"frm_required\">*<\/span>\r\n    <\/label>\r\n    <input type=\"text\" id=\"field_e6lis66464d1e6e4\" name=\"item_meta[9]\" value=\"\"  data-reqmsg=\"Assunto cannot be blank.\" aria-required=\"true\" data-invmsg=\"Subject is invalid\" aria-invalid=\"false\"  \/>\r\n    \r\n    \r\n<\/div>\n<div id=\"frm_field_10_container\" class=\"frm_form_field form-field  frm_required_field frm_top_container frm_full\">\r\n    <label for=\"field_9jv0r1f53f486cad\" id=\"field_9jv0r1f53f486cad_label\" class=\"frm_primary_label\">Mensagem\r\n        <span class=\"frm_required\">*<\/span>\r\n    <\/label>\r\n    <textarea name=\"item_meta[10]\" id=\"field_9jv0r1f53f486cad\" rows=\"5\"  data-reqmsg=\"Mensagem cannot be blank.\" aria-required=\"true\" data-invmsg=\"Mensagem \u00e9 inv\u00e1lido\" aria-invalid=\"false\"  ><\/textarea>\r\n    \r\n    \r\n<\/div>\n<div id=\"frm_field_11_container\" class=\"frm_form_field form-field  frm_none_container\">\r\n    <label for=\"g-recaptcha-response\" id=\"field_v7iic_label\" class=\"frm_primary_label\">reCAPTCHA\r\n        <span class=\"frm_required\" aria-hidden=\"true\"><\/span>\r\n    <\/label>\r\n    \r\n    \r\n    \r\n<\/div>\n\t<input type=\"hidden\" name=\"item_key\" value=\"\" \/>\n\t<div class=\"frm_submit\">\r\n\r\n<button class=\"frm_button_submit\" type=\"submit\"  >Enviar<\/button>\r\n\r\n<\/div><\/div>\n<\/fieldset>\n<\/div>\n\n<\/form>\n<\/div>\n\n","protected":false},"excerpt":{"rendered":"<p>&nbsp; Para interagir com a Pr\u00f3-reitoria de Cultura da UFMG, [&hellip;]<\/p>\n","protected":false},"author":1,"featured_media":0,"parent":562,"menu_order":0,"comment_status":"closed","ping_status":"closed","template":"page-contact.php","meta":{"_acf_changed":false,"footnotes":""},"tags":[],"class_list":["post-211","page","type-page","status-publish","hentry"],"acf":[],"_links":{"self":[{"href":"https:\/\/www.ufmg.br\/procult\/wp-json\/wp\/v2\/pages\/211","targetHints":{"allow":["GET"]}}],"collection":[{"href":"https:\/\/www.ufmg.br\/procult\/wp-json\/wp\/v2\/pages"}],"about":[{"href":"https:\/\/www.ufmg.br\/procult\/wp-json\/wp\/v2\/types\/page"}],"author":[{"embeddable":true,"href":"https:\/\/www.ufmg.br\/procult\/wp-json\/wp\/v2\/users\/1"}],"replies":[{"embeddable":true,"href":"https:\/\/www.ufmg.br\/procult\/wp-json\/wp\/v2\/comments?post=211"}],"version-history":[{"count":11,"href":"https:\/\/www.ufmg.br\/procult\/wp-json\/wp\/v2\/pages\/211\/revisions"}],"predecessor-version":[{"id":2159,"href":"https:\/\/www.ufmg.br\/procult\/wp-json\/wp\/v2\/pages\/211\/revisions\/2159"}],"up":[{"embeddable":true,"href":"https:\/\/www.ufmg.br\/procult\/wp-json\/wp\/v2\/pages\/562"}],"wp:attachment":[{"href":"https:\/\/www.ufmg.br\/procult\/wp-json\/wp\/v2\/media?parent=211"}],"wp:term":[{"taxonomy":"post_tag","embeddable":true,"href":"https:\/\/www.ufmg.br\/procult\/wp-json\/wp\/v2\/tags?post=211"}],"curies":[{"name":"wp","href":"https:\/\/api.w.org\/{rel}","templated":true}]}}