{"id":2652,"date":"2024-12-12T17:13:18","date_gmt":"2024-12-12T20:13:18","guid":{"rendered":"https:\/\/www.ufmg.br\/procult\/?page_id=2652"},"modified":"2025-08-06T14:37:46","modified_gmt":"2025-08-06T17:37:46","slug":"ciclo-de-seminarios-cultura-democracia-e-cidadania","status":"publish","type":"page","link":"https:\/\/www.ufmg.br\/procult\/projetos\/ciclo-de-seminarios-cultura-democracia-e-cidadania\/","title":{"rendered":"Ciclo de semin\u00e1rios &#8211; Cultura, democracia e cidadania"},"content":{"rendered":"<p><img loading=\"lazy\" decoding=\"async\" class=\"alignnone wp-image-2656 size-large\" src=\"https:\/\/www.ufmg.br\/procult\/wp-content\/uploads\/2024\/12\/banner-web-1-1024x212.png\" alt=\"\" width=\"1024\" height=\"212\" srcset=\"https:\/\/www.ufmg.br\/procult\/wp-content\/uploads\/2024\/12\/banner-web-1-1024x212.png 1024w, https:\/\/www.ufmg.br\/procult\/wp-content\/uploads\/2024\/12\/banner-web-1-300x62.png 300w, https:\/\/www.ufmg.br\/procult\/wp-content\/uploads\/2024\/12\/banner-web-1-768x159.png 768w, https:\/\/www.ufmg.br\/procult\/wp-content\/uploads\/2024\/12\/banner-web-1-1536x318.png 1536w, https:\/\/www.ufmg.br\/procult\/wp-content\/uploads\/2024\/12\/banner-web-1.png 1920w\" sizes=\"auto, (max-width: 1024px) 100vw, 1024px\" \/><\/p>\n<p>Em 2024, a Procult realizou o ciclo de semin\u00e1rios <a href=\"https:\/\/www.ufmg.br\/seminarioprocult2024\/\" target=\"_blank\" rel=\"noopener\">Cultura, democracia e cidadania<\/a>, cujo objetivo foi estreitar o di\u00e1logo entre pesquisadores e agentes de cultura, gerando subs\u00eddios te\u00f3ricos para o setor cultural nos contextos brasileiro e latino-americano. O ciclo foi viabilizado por meio de parceria com a Secretaria de Forma\u00e7\u00e3o Art\u00edstica e Cultural Livro e Leitura (Minist\u00e9rio da Cultura) e resultou numa s\u00e9rie de <em><strong>videoaulas<\/strong><\/em>, al\u00e9m de dois <em><strong>eBooks<\/strong>.<\/em><\/p>\n<p>&nbsp;<\/p>\n<p><i class=\"wp-svg-link link\"><\/i> Baixe os eBooks e a<em>ssista os v\u00eddeos nos links abaixo:<\/em><\/p>\n<p><a href=\"https:\/\/www.ufmg.br\/procult\/seminario-1-formacao-para-gestores-e-agentes-culturais-em-minas-gerais\/\" target=\"_blank\" rel=\"noopener\">Semin\u00e1rio 1 &#8211; Forma\u00e7\u00e3o para gestores e agentes culturais em Minas Gerais<\/a><\/p>\n<p><a href=\"https:\/\/www.ufmg.br\/procult\/cultura-democracia-e-cidadania-na-america-latina\/\" target=\"_blank\" rel=\"noopener\">Semin\u00e1rio 2 &#8211; Cultura, democracia e cidadania na Am\u00e9rica Latina<\/a><\/p>\n<p>&nbsp;<\/p>\n<h4><span style=\"color: #00ccff;\">Desdobramentos<\/span><\/h4>\n<p>&nbsp;<\/p>\n<blockquote><p>&#8220;Os tr\u00eas temas principais, cultura, cidadania e democracia, desdobram-se em tem\u00e1ticas centrais para a Am\u00e9rica Latina, em especial nos pa\u00edses envolvidos, Argentina, Brasil, Chile, Paraguai e Uruguai\u201d.<\/p>\n<p>&nbsp;<\/p><\/blockquote>\n<p>Em carta assinada no dia 1\u00ba de novembro de 2024, os(as) gestores(as) e pesquisadores(as) de artes e culturas presentes no <em>Semin\u00e1rio Cultura, democracia e cidadania na Am\u00e9rica Latina<\/em> deliberaram sobre uma s\u00e9rie de encaminhamentos para o enfrentamento dos desafios regionais e avan\u00e7o na articula\u00e7\u00e3o de um projeto cooperativo para o estudo e difus\u00e3o de Pol\u00edticas de Artes e Culturas nas universidades que fortale\u00e7am a democracia e a cidadania cultural.<\/p>\n<p>Leia o documento na \u00edntegra:<\/p>\n<p><b class=\"wp-svg-file-pdf file-pdf\"><\/b>\u00a0 \u00a0 <span style=\"color: #000000;\"><a style=\"color: #000000;\" href=\"https:\/\/www.ufmg.br\/procult\/wp-content\/uploads\/2024\/12\/Carta-do-Seminario-Cultura-Democracia-e-Cidadania.pdf\" target=\"_blank\" rel=\"noopener\">Carta do Semina\u0301rio Cultura, Democracia e Cidadania<\/a><\/span><\/p>\n<p>&nbsp;<\/p>\n<p><img loading=\"lazy\" decoding=\"async\" class=\"alignleft wp-image-2654 size-full\" src=\"https:\/\/www.ufmg.br\/procult\/wp-content\/uploads\/2024\/12\/Seminario-Cultura-democracia-e-cidadania.png\" alt=\"\" width=\"1024\" height=\"427\" srcset=\"https:\/\/www.ufmg.br\/procult\/wp-content\/uploads\/2024\/12\/Seminario-Cultura-democracia-e-cidadania.png 1024w, https:\/\/www.ufmg.br\/procult\/wp-content\/uploads\/2024\/12\/Seminario-Cultura-democracia-e-cidadania-300x125.png 300w, https:\/\/www.ufmg.br\/procult\/wp-content\/uploads\/2024\/12\/Seminario-Cultura-democracia-e-cidadania-768x320.png 768w\" sizes=\"auto, (max-width: 1024px) 100vw, 1024px\" \/><\/p>\n","protected":false},"excerpt":{"rendered":"<p>Em 2024, a Procult realizou o ciclo de semin\u00e1rios Cultura, [&hellip;]<\/p>\n","protected":false},"author":2,"featured_media":0,"parent":544,"menu_order":0,"comment_status":"closed","ping_status":"closed","template":"","meta":{"_acf_changed":false,"footnotes":""},"tags":[],"class_list":["post-2652","page","type-page","status-publish","hentry"],"acf":[],"_links":{"self":[{"href":"https:\/\/www.ufmg.br\/procult\/wp-json\/wp\/v2\/pages\/2652","targetHints":{"allow":["GET"]}}],"collection":[{"href":"https:\/\/www.ufmg.br\/procult\/wp-json\/wp\/v2\/pages"}],"about":[{"href":"https:\/\/www.ufmg.br\/procult\/wp-json\/wp\/v2\/types\/page"}],"author":[{"embeddable":true,"href":"https:\/\/www.ufmg.br\/procult\/wp-json\/wp\/v2\/users\/2"}],"replies":[{"embeddable":true,"href":"https:\/\/www.ufmg.br\/procult\/wp-json\/wp\/v2\/comments?post=2652"}],"version-history":[{"count":86,"href":"https:\/\/www.ufmg.br\/procult\/wp-json\/wp\/v2\/pages\/2652\/revisions"}],"predecessor-version":[{"id":3217,"href":"https:\/\/www.ufmg.br\/procult\/wp-json\/wp\/v2\/pages\/2652\/revisions\/3217"}],"up":[{"embeddable":true,"href":"https:\/\/www.ufmg.br\/procult\/wp-json\/wp\/v2\/pages\/544"}],"wp:attachment":[{"href":"https:\/\/www.ufmg.br\/procult\/wp-json\/wp\/v2\/media?parent=2652"}],"wp:term":[{"taxonomy":"post_tag","embeddable":true,"href":"https:\/\/www.ufmg.br\/procult\/wp-json\/wp\/v2\/tags?post=2652"}],"curies":[{"name":"wp","href":"https:\/\/api.w.org\/{rel}","templated":true}]}}