{"id":2847,"date":"2025-05-08T14:02:36","date_gmt":"2025-05-08T17:02:36","guid":{"rendered":"https:\/\/www.ufmg.br\/procult\/?page_id=2847"},"modified":"2025-06-12T17:25:06","modified_gmt":"2025-06-12T20:25:06","slug":"consultas-publicas","status":"publish","type":"page","link":"https:\/\/www.ufmg.br\/procult\/conheca-a-procult\/consultas-publicas\/","title":{"rendered":"Consultas p\u00fablicas"},"content":{"rendered":"<div class=\"wp-block-buttons\">\r\n<div class=\"wp-block-button\">A Pr\u00f3-reitoria de Cultura (Procult) convida a comunidade a conhecer e enviar contribui\u00e7\u00f5es para os documentos que ir\u00e3o orientar as as a\u00e7\u00f5es e os processos culturais da UFMG e dos espa\u00e7os de cultura da Procult.<\/div>\r\n<div>\u00a0<\/div>\r\n<div class=\"wp-block-button\">Atualmente, est\u00e3o abertas as seguintes consultas p\u00fablicas:<br \/><br \/><br \/><a class=\"wp-block-button__link has-background\" style=\"background-color: #d0645e;\" href=\"https:\/\/www.ufmg.br\/procult\/conheca-a-procult\/consultas-publicas\/consulta-publica-sobre-a-politica-de-cultura-da-ufmg\/\" target=\"_blank\" rel=\"noreferrer noopener\">Pol\u00edtica de Cultura da UFMG<\/a><\/div>\r\n<div>\u00a0<\/div>\r\n<div>\u00a0<\/div>\r\n\r\n<div class=\"wp-block-buttons\">\r\n<div class=\"wp-block-button\"><a class=\"wp-block-button__link has-background\" style=\"background-color: #d0645e;\" href=\"https:\/\/www.ufmg.br\/procult\/conheca-a-procult\/consultas-publicas\/politica-de-gestao-de-acervo-do-espaco-acervo-artistico-ufmg\/\" target=\"_blank\" rel=\"noreferrer noopener\">Pol\u00edtica de Gest\u00e3o de Acervo Art\u00edstico da UFMG<\/a><\/div>\r\n<div>\u00a0<\/div>\r\n<\/div>\r\n<\/div>\r\n<p>&nbsp;<\/p>","protected":false},"excerpt":{"rendered":"<p>&nbsp;<\/p>\n","protected":false},"author":3,"featured_media":0,"parent":487,"menu_order":0,"comment_status":"closed","ping_status":"closed","template":"","meta":{"_acf_changed":false,"footnotes":""},"tags":[194,192,168,190],"class_list":["post-2847","page","type-page","status-publish","hentry","tag-consultas-publicas","tag-documentos","tag-politica-cultural","tag-resolucoes"],"acf":[],"_links":{"self":[{"href":"https:\/\/www.ufmg.br\/procult\/wp-json\/wp\/v2\/pages\/2847","targetHints":{"allow":["GET"]}}],"collection":[{"href":"https:\/\/www.ufmg.br\/procult\/wp-json\/wp\/v2\/pages"}],"about":[{"href":"https:\/\/www.ufmg.br\/procult\/wp-json\/wp\/v2\/types\/page"}],"author":[{"embeddable":true,"href":"https:\/\/www.ufmg.br\/procult\/wp-json\/wp\/v2\/users\/3"}],"replies":[{"embeddable":true,"href":"https:\/\/www.ufmg.br\/procult\/wp-json\/wp\/v2\/comments?post=2847"}],"version-history":[{"count":90,"href":"https:\/\/www.ufmg.br\/procult\/wp-json\/wp\/v2\/pages\/2847\/revisions"}],"predecessor-version":[{"id":3092,"href":"https:\/\/www.ufmg.br\/procult\/wp-json\/wp\/v2\/pages\/2847\/revisions\/3092"}],"up":[{"embeddable":true,"href":"https:\/\/www.ufmg.br\/procult\/wp-json\/wp\/v2\/pages\/487"}],"wp:attachment":[{"href":"https:\/\/www.ufmg.br\/procult\/wp-json\/wp\/v2\/media?parent=2847"}],"wp:term":[{"taxonomy":"post_tag","embeddable":true,"href":"https:\/\/www.ufmg.br\/procult\/wp-json\/wp\/v2\/tags?post=2847"}],"curies":[{"name":"wp","href":"https:\/\/api.w.org\/{rel}","templated":true}]}}