{"id":3141,"date":"2025-07-11T16:41:12","date_gmt":"2025-07-11T19:41:12","guid":{"rendered":"https:\/\/www.ufmg.br\/procult\/?page_id=3141"},"modified":"2025-09-16T14:00:33","modified_gmt":"2025-09-16T17:00:33","slug":"cultura-democracia-e-cidadania-na-america-latina","status":"publish","type":"page","link":"https:\/\/www.ufmg.br\/procult\/cultura-democracia-e-cidadania-na-america-latina\/","title":{"rendered":"Semin\u00e1rio 2"},"content":{"rendered":"<p><strong>Semin\u00e1rio <em>Cultura, democracia e cidadania na Am\u00e9rica Latina<\/em><\/strong><\/p>\n<p>O segundo semin\u00e1rio do ciclo reuniu 56 pesquisadores e docentes de v\u00e1rias universidades p\u00fablicas pertencentes \u00e0 Associa\u00e7\u00e3o de Universidades do Grupo Montevid\u00e9u (AUGM) e de 22 universidades e institui\u00e7\u00f5es brasileiras.<\/p>\n<p>Juntos, convidados e p\u00fablico debateram sobre temas emergentes que afetam a regi\u00e3o (cultura digital; fortalecimento da democracia e combate ao autoritarismo; saberes tradicionais; entre outros) e discutiram qual \u00e9 o papel das universidades neste contexto. O evento foi realizado no edif\u00edcio hist\u00f3rico do Conservat\u00f3rio UFMG entre os dias 29 de outubro e 1\u00ba de novembro.<\/p>\n<p>O ciclo foi viabilizado por meio de parceria entre a Pr\u00f3-reitoria de Cultura da UFMG e a Secretaria de Forma\u00e7\u00e3o Art\u00edstica e Cultural Livro e Leitura (Minist\u00e9rio da Cultura)<em>.<\/em><\/p>\n<p><img loading=\"lazy\" decoding=\"async\" class=\"alignleft size-medium wp-image-3201\" src=\"https:\/\/www.ufmg.br\/procult\/wp-content\/uploads\/2025\/08\/ebook_1-300x300.png\" alt=\"\" width=\"300\" height=\"300\" srcset=\"https:\/\/www.ufmg.br\/procult\/wp-content\/uploads\/2025\/08\/ebook_1-300x300.png 300w, https:\/\/www.ufmg.br\/procult\/wp-content\/uploads\/2025\/08\/ebook_1.png 1081w\" sizes=\"auto, (max-width: 300px) 100vw, 300px\" \/><\/p>\n<p>&nbsp;<\/p>\n<p>&nbsp;<\/p>\n<p><strong>EBook <em>Cultura, democracia e cidadania na Am\u00e9rica Latina<\/em><\/strong><\/p>\n<p><a href=\"https:\/\/www.ufmg.br\/procult\/wp-content\/uploads\/2025\/09\/Cultura-democracia-e-cidadania-II.pdf\" target=\"_blank\" rel=\"noopener\"><strong><span style=\"color: #00ccff;\">Fa\u00e7a o download aqui<\/span><\/strong><\/a><\/p>\n<p>&nbsp;<\/p>\n<p>&nbsp;<\/p>\n<p>&nbsp;<\/p>\n<p>&nbsp;<\/p>\n<p><i class=\"wp-svg-link link\"><\/i>\u00a0 <strong><span style=\"color: #00ccff;\">Assista \u00e0s videoaulas do 2\u00ba semin\u00e1rio:\u00a0<\/span><\/strong><\/p>\n<style>#sp-ea-3136 .spcollapsing { height: 0; overflow: hidden; transition-property: height;transition-duration: 300ms;}#sp-ea-3136.sp-easy-accordion>.sp-ea-single {margin-bottom: 10px; border: 1px solid #e2e2e2; }#sp-ea-3136.sp-easy-accordion>.sp-ea-single>.ea-header a {color: #444;}#sp-ea-3136.sp-easy-accordion>.sp-ea-single>.sp-collapse>.ea-body {background: #fff; color: #444;}#sp-ea-3136.sp-easy-accordion>.sp-ea-single {background: #eee;}#sp-ea-3136.sp-easy-accordion>.sp-ea-single>.ea-header a .ea-expand-icon { float: left; color: #444;font-size: 16px;}<\/style><div id=\"sp_easy_accordion-1752175429\">\n<div id=\"sp-ea-3136\" class=\"sp-ea-one sp-easy-accordion\" data-ea-active=\"ea-click\" data-ea-mode=\"vertical\" data-preloader=\"\" data-scroll-active-item=\"\" data-offset-to-scroll=\"0\">\n\n<!-- Start accordion card div. -->\n<div class=\"ea-card ea-expand sp-ea-single\">\n\t<!-- Start accordion header. -->\n\t<h3 class=\"ea-header\">\n\t\t<!-- Add anchor tag for header. -->\n\t\t<a class=\"collapsed\" id=\"ea-header-31360\" role=\"button\" data-sptoggle=\"spcollapse\" data-sptarget=\"#collapse31360\" aria-controls=\"collapse31360\" href=\"#\"  aria-expanded=\"true\" tabindex=\"0\">\n\t\t<i aria-hidden=\"true\" role=\"presentation\" class=\"ea-expand-icon eap-icon-ea-expand-minus\"><\/i> ABERTURA | Cultura, arte, democracia e cidadania na Am\u00e9rica Latina: articula\u00e7\u00e3o regional\t\t<\/a> <!-- Close anchor tag for header. -->\n\t<\/h3>\t<!-- Close header tag. -->\n\t<!-- Start collapsible content div. -->\n\t<div class=\"sp-collapse spcollapse collapsed show\" id=\"collapse31360\" data-parent=\"#sp-ea-3136\" role=\"region\" aria-labelledby=\"ea-header-31360\">  <!-- Content div. -->\n\t\t<div class=\"ea-body\">\n\t\t<p><iframe loading=\"lazy\" title=\"YouTube video player\" src=\"https:\/\/www.youtube.com\/embed\/JbArXDtRSA0?si=smaMkwgiKDvvvhA-\" width=\"560\" height=\"315\" frameborder=\"0\" allowfullscreen=\"allowfullscreen\"><\/iframe><\/p>\n<p><strong>Participantes<\/strong>:<\/p>\n<p>Fabiano Pi\u00faba\u00a0\u2013 Secret\u00e1rio de Forma\u00e7\u00e3o, Livro e Leitura do Minist\u00e9rio da Cultura<\/p>\n<p>Fernando Sosa\u00a0\u2013 Secretaria Executiva da Associa\u00e7\u00e3o de Universidades do Grupo de Montevid\u00e9u (AUGM)<\/p>\n<p>Fernando Mencarelli\u00a0\u2013 Pr\u00f3-reitor de Cultura da UFMG<\/p>\n\t\t<\/div> <!-- Close content div. -->\n\t<\/div> <!-- Close collapse div. -->\n<\/div> <!-- Close card div. -->\n<!-- Start accordion card div. -->\n<div class=\"ea-card  sp-ea-single\">\n\t<!-- Start accordion header. -->\n\t<h3 class=\"ea-header\">\n\t\t<!-- Add anchor tag for header. -->\n\t\t<a class=\"collapsed\" id=\"ea-header-31361\" role=\"button\" data-sptoggle=\"spcollapse\" data-sptarget=\"#collapse31361\" aria-controls=\"collapse31361\" href=\"#\"  aria-expanded=\"false\" tabindex=\"0\">\n\t\t<i aria-hidden=\"true\" role=\"presentation\" class=\"ea-expand-icon eap-icon-ea-expand-plus\"><\/i> AULA 1 | Cultura, fortalecimento da democracia e combate aos autoritarismos\t\t<\/a> <!-- Close anchor tag for header. -->\n\t<\/h3>\t<!-- Close header tag. -->\n\t<!-- Start collapsible content div. -->\n\t<div class=\"sp-collapse spcollapse \" id=\"collapse31361\" data-parent=\"#sp-ea-3136\" role=\"region\" aria-labelledby=\"ea-header-31361\">  <!-- Content div. -->\n\t\t<div class=\"ea-body\">\n\t\t<p><iframe loading=\"lazy\" title=\"YouTube video player\" src=\"https:\/\/www.youtube.com\/embed\/AqfiUmVaz80?si=nZzeI3j1Gog6CGV4\" width=\"560\" height=\"315\" frameborder=\"0\" allowfullscreen=\"allowfullscreen\"><\/iframe><\/p>\n<p><strong>Participantes:<\/strong><\/p>\n<p>Albino Rubim\u00a0(UFBA)<\/p>\n<p>Nilma Lino Gomes\u00a0(UFMG)<\/p>\n<p><strong>Media\u00e7\u00e3o<\/strong>: Fernando Mencarelli\u00a0\u2013 Pr\u00f3-reitor de Cultura da UFMG<\/p>\n\t\t<\/div> <!-- Close content div. -->\n\t<\/div> <!-- Close collapse div. -->\n<\/div> <!-- Close card div. -->\n<!-- Start accordion card div. -->\n<div class=\"ea-card  sp-ea-single\">\n\t<!-- Start accordion header. -->\n\t<h3 class=\"ea-header\">\n\t\t<!-- Add anchor tag for header. -->\n\t\t<a class=\"collapsed\" id=\"ea-header-31362\" role=\"button\" data-sptoggle=\"spcollapse\" data-sptarget=\"#collapse31362\" aria-controls=\"collapse31362\" href=\"#\"  aria-expanded=\"false\" tabindex=\"0\">\n\t\t<i aria-hidden=\"true\" role=\"presentation\" class=\"ea-expand-icon eap-icon-ea-expand-plus\"><\/i> AULA 2 | Cultura, democracia e universidade na Am\u00e9rica Latina\t\t<\/a> <!-- Close anchor tag for header. -->\n\t<\/h3>\t<!-- Close header tag. -->\n\t<!-- Start collapsible content div. -->\n\t<div class=\"sp-collapse spcollapse \" id=\"collapse31362\" data-parent=\"#sp-ea-3136\" role=\"region\" aria-labelledby=\"ea-header-31362\">  <!-- Content div. -->\n\t\t<div class=\"ea-body\">\n\t\t<p><iframe loading=\"lazy\" title=\"YouTube video player\" src=\"https:\/\/www.youtube.com\/embed\/32G0Le3qFgU?si=XnBmqsUYbTeOztO9\" width=\"560\" height=\"315\" frameborder=\"0\" allowfullscreen=\"allowfullscreen\"><\/iframe><\/p>\n<p><strong>Participantes:<\/strong><\/p>\n<p>Manuel Antonio Garret\u00f3n\u00a0(UChile)<\/p>\n<p>Hugo Achugar\u00a0(Udelar)<\/p>\n<p><strong>Media\u00e7\u00e3o<\/strong>:\u00a0Sara Rojo\u00a0(UFMG)<\/p>\n\t\t<\/div> <!-- Close content div. -->\n\t<\/div> <!-- Close collapse div. -->\n<\/div> <!-- Close card div. -->\n<!-- Start accordion card div. -->\n<div class=\"ea-card  sp-ea-single\">\n\t<!-- Start accordion header. -->\n\t<h3 class=\"ea-header\">\n\t\t<!-- Add anchor tag for header. -->\n\t\t<a class=\"collapsed\" id=\"ea-header-31363\" role=\"button\" data-sptoggle=\"spcollapse\" data-sptarget=\"#collapse31363\" aria-controls=\"collapse31363\" href=\"#\"  aria-expanded=\"false\" tabindex=\"0\">\n\t\t<i aria-hidden=\"true\" role=\"presentation\" class=\"ea-expand-icon eap-icon-ea-expand-plus\"><\/i> AULA 3 | Pol\u00edticas nacionais para a cultura e pol\u00edticas culturais nas universidades I\t\t<\/a> <!-- Close anchor tag for header. -->\n\t<\/h3>\t<!-- Close header tag. -->\n\t<!-- Start collapsible content div. -->\n\t<div class=\"sp-collapse spcollapse \" id=\"collapse31363\" data-parent=\"#sp-ea-3136\" role=\"region\" aria-labelledby=\"ea-header-31363\">  <!-- Content div. -->\n\t\t<div class=\"ea-body\">\n\t\t<p><iframe loading=\"lazy\" title=\"YouTube video player\" src=\"https:\/\/www.youtube.com\/embed\/oyqeUpLHIsI?si=2FaS2NUx1Ep5gdfd\" width=\"560\" height=\"315\" frameborder=\"0\" allowfullscreen=\"allowfullscreen\"><\/iframe><br \/>\n<strong>Participantes:<\/strong><\/p>\n<p>Rui Moreira\u00a0(Funarte)<\/p>\n<p>Lia Calabre\u00a0(FCRB)<\/p>\n<p>Rubens Bayardo\u00a0(UBA)<\/p>\n<p><strong>Media\u00e7\u00e3o<\/strong>:\u00a0Maria Helena Cunha\u00a0(Inspire Gest\u00e3o Cultural\/UFMG)<\/p>\n\t\t<\/div> <!-- Close content div. -->\n\t<\/div> <!-- Close collapse div. -->\n<\/div> <!-- Close card div. -->\n<!-- Start accordion card div. -->\n<div class=\"ea-card  sp-ea-single\">\n\t<!-- Start accordion header. -->\n\t<h3 class=\"ea-header\">\n\t\t<!-- Add anchor tag for header. -->\n\t\t<a class=\"collapsed\" id=\"ea-header-31364\" role=\"button\" data-sptoggle=\"spcollapse\" data-sptarget=\"#collapse31364\" aria-controls=\"collapse31364\" href=\"#\"  aria-expanded=\"false\" tabindex=\"0\">\n\t\t<i aria-hidden=\"true\" role=\"presentation\" class=\"ea-expand-icon eap-icon-ea-expand-plus\"><\/i> AULA 4 | Universidade e guerra cultural: coloniza\u00e7\u00e3o da pol\u00edtica pela economia da aten\u00e7\u00e3o\t\t<\/a> <!-- Close anchor tag for header. -->\n\t<\/h3>\t<!-- Close header tag. -->\n\t<!-- Start collapsible content div. -->\n\t<div class=\"sp-collapse spcollapse \" id=\"collapse31364\" data-parent=\"#sp-ea-3136\" role=\"region\" aria-labelledby=\"ea-header-31364\">  <!-- Content div. -->\n\t\t<div class=\"ea-body\">\n\t\t<p><iframe loading=\"lazy\" title=\"YouTube video player\" src=\"https:\/\/www.youtube.com\/embed\/xduZ2dvUvB4?si=QLbONeyl7eX1EKmx\" width=\"560\" height=\"315\" frameborder=\"0\" allowfullscreen=\"allowfullscreen\"><\/iframe><\/p>\n<p><strong>Participantes:<\/strong><\/p>\n<p>Jo\u00e3o Cezar de Castro Rocha\u00a0(UERJ)<\/p>\n<p><strong>Media\u00e7\u00e3o<\/strong>:\u00a0Alexandre Barbalho\u00a0(UECE)<\/p>\n\t\t<\/div> <!-- Close content div. -->\n\t<\/div> <!-- Close collapse div. -->\n<\/div> <!-- Close card div. -->\n<!-- Start accordion card div. -->\n<div class=\"ea-card  sp-ea-single\">\n\t<!-- Start accordion header. -->\n\t<h3 class=\"ea-header\">\n\t\t<!-- Add anchor tag for header. -->\n\t\t<a class=\"collapsed\" id=\"ea-header-31365\" role=\"button\" data-sptoggle=\"spcollapse\" data-sptarget=\"#collapse31365\" aria-controls=\"collapse31365\" href=\"#\"  aria-expanded=\"false\" tabindex=\"0\">\n\t\t<i aria-hidden=\"true\" role=\"presentation\" class=\"ea-expand-icon eap-icon-ea-expand-plus\"><\/i> AULA 5 | Culturas e territ\u00f3rios\t\t<\/a> <!-- Close anchor tag for header. -->\n\t<\/h3>\t<!-- Close header tag. -->\n\t<!-- Start collapsible content div. -->\n\t<div class=\"sp-collapse spcollapse \" id=\"collapse31365\" data-parent=\"#sp-ea-3136\" role=\"region\" aria-labelledby=\"ea-header-31365\">  <!-- Content div. -->\n\t\t<div class=\"ea-body\">\n\t\t<p><iframe loading=\"lazy\" title=\"YouTube video player\" src=\"https:\/\/www.youtube.com\/embed\/7Ig0I90pwVo?si=lIJOZXoBStmXBh-H\" width=\"560\" height=\"315\" frameborder=\"0\" allowfullscreen=\"allowfullscreen\"><\/iframe><\/p>\n<p><strong>Participantes:<\/strong><\/p>\n<p>Gil Am\u00e2ncio\u00a0(UFMG)<\/p>\n<p>Mariana Percovich\u00a0(Udelar)<\/p>\n<p>Shirley Miranda\u00a0(UFMG)<\/p>\n<p>Ahn\u00e3 Patax\u00f3\u00a0(UFMG)<\/p>\n\t\t<\/div> <!-- Close content div. -->\n\t<\/div> <!-- Close collapse div. -->\n<\/div> <!-- Close card div. -->\n<!-- Start accordion card div. -->\n<div class=\"ea-card  sp-ea-single\">\n\t<!-- Start accordion header. -->\n\t<h3 class=\"ea-header\">\n\t\t<!-- Add anchor tag for header. -->\n\t\t<a class=\"collapsed\" id=\"ea-header-31366\" role=\"button\" data-sptoggle=\"spcollapse\" data-sptarget=\"#collapse31366\" aria-controls=\"collapse31366\" href=\"#\"  aria-expanded=\"false\" tabindex=\"0\">\n\t\t<i aria-hidden=\"true\" role=\"presentation\" class=\"ea-expand-icon eap-icon-ea-expand-plus\"><\/i> AULA 6 | Universidade e cultura digital\t\t<\/a> <!-- Close anchor tag for header. -->\n\t<\/h3>\t<!-- Close header tag. -->\n\t<!-- Start collapsible content div. -->\n\t<div class=\"sp-collapse spcollapse \" id=\"collapse31366\" data-parent=\"#sp-ea-3136\" role=\"region\" aria-labelledby=\"ea-header-31366\">  <!-- Content div. -->\n\t\t<div class=\"ea-body\">\n\t\t<p><iframe loading=\"lazy\" title=\"YouTube video player\" src=\"https:\/\/www.youtube.com\/embed\/xZKItbMnNEk?si=yRXAwYFXW0A05Afi\" width=\"560\" height=\"315\" frameborder=\"0\" allowfullscreen=\"allowfullscreen\"><\/iframe><\/p>\n<p><strong>Participantes:<\/strong><\/p>\n<p>F\u00e1bia Pereira Lima\u00a0(UFMG\/AUGM)<\/p>\n<p>Ricardo Fabrino\u00a0(UFMG)<\/p>\n<p>Cida Moura\u00a0(UFMG)<\/p>\n<p>Carlos Mendon\u00e7a\u00a0(UFMG)<\/p>\n<p>Chico Brinati\u00a0(UFSJ)<\/p>\n\t\t<\/div> <!-- Close content div. -->\n\t<\/div> <!-- Close collapse div. -->\n<\/div> <!-- Close card div. -->\n<!-- Start accordion card div. -->\n<div class=\"ea-card  sp-ea-single\">\n\t<!-- Start accordion header. -->\n\t<h3 class=\"ea-header\">\n\t\t<!-- Add anchor tag for header. -->\n\t\t<a class=\"collapsed\" id=\"ea-header-31367\" role=\"button\" data-sptoggle=\"spcollapse\" data-sptarget=\"#collapse31367\" aria-controls=\"collapse31367\" href=\"#\"  aria-expanded=\"false\" tabindex=\"0\">\n\t\t<i aria-hidden=\"true\" role=\"presentation\" class=\"ea-expand-icon eap-icon-ea-expand-plus\"><\/i> AULA 7 | O campo cultural: racismos, sexismos e lgbtfobias\t\t<\/a> <!-- Close anchor tag for header. -->\n\t<\/h3>\t<!-- Close header tag. -->\n\t<!-- Start collapsible content div. -->\n\t<div class=\"sp-collapse spcollapse \" id=\"collapse31367\" data-parent=\"#sp-ea-3136\" role=\"region\" aria-labelledby=\"ea-header-31367\">  <!-- Content div. -->\n\t\t<div class=\"ea-body\">\n\t\t<p><iframe loading=\"lazy\" title=\"YouTube video player\" src=\"https:\/\/www.youtube.com\/embed\/aJXFnQbizcE?si=HeeHrFdVUH0Xzuhv\" width=\"560\" height=\"315\" frameborder=\"0\" allowfullscreen=\"allowfullscreen\"><\/iframe><\/p>\n<p><strong>Participantes:<\/strong><\/p>\n<p>Joana Ziller\u00a0(UFMG)<\/p>\n<p>Rog\u00e9rio Lopes\u00a0(UFMG)<\/p>\n<p>Altemar Di Monteiro\u00a0(UFMG)<\/p>\n<p><strong>Media\u00e7\u00e3o: <\/strong>Lic\u00ednia Correa\u00a0(UFMG)<\/p>\n\t\t<\/div> <!-- Close content div. -->\n\t<\/div> <!-- Close collapse div. -->\n<\/div> <!-- Close card div. -->\n<!-- Start accordion card div. -->\n<div class=\"ea-card  sp-ea-single\">\n\t<!-- Start accordion header. -->\n\t<h3 class=\"ea-header\">\n\t\t<!-- Add anchor tag for header. -->\n\t\t<a class=\"collapsed\" id=\"ea-header-31368\" role=\"button\" data-sptoggle=\"spcollapse\" data-sptarget=\"#collapse31368\" aria-controls=\"collapse31368\" href=\"#\"  aria-expanded=\"false\" tabindex=\"0\">\n\t\t<i aria-hidden=\"true\" role=\"presentation\" class=\"ea-expand-icon eap-icon-ea-expand-plus\"><\/i> AULA 8 | O lugar da cultura na universidade e o lugar da universidade no campo cultural\t\t<\/a> <!-- Close anchor tag for header. -->\n\t<\/h3>\t<!-- Close header tag. -->\n\t<!-- Start collapsible content div. -->\n\t<div class=\"sp-collapse spcollapse \" id=\"collapse31368\" data-parent=\"#sp-ea-3136\" role=\"region\" aria-labelledby=\"ea-header-31368\">  <!-- Content div. -->\n\t\t<div class=\"ea-body\">\n\t\t<p><iframe loading=\"lazy\" title=\"YouTube video player\" src=\"https:\/\/www.youtube.com\/embed\/lNRdkBHt3Ig?si=p4T73OveBlxBMVyW\" width=\"560\" height=\"315\" frameborder=\"0\" allowfullscreen=\"allowfullscreen\"><\/iframe><\/p>\n<p><strong>Participantes:<\/strong><\/p>\n<p>Jos\u00e9 Marcio Barros\u00a0(PUC Minas\/UEMG)<\/p>\n<p>Guilherme Bertissolo\u00a0(UFBA)<\/p>\n<p>Christine Ruta\u00a0(UFRJ)<\/p>\n<p>Luiz Augusto Fernandes Rodrigues\u00a0(UFF)<\/p>\n\t\t<\/div> <!-- Close content div. -->\n\t<\/div> <!-- Close collapse div. -->\n<\/div> <!-- Close card div. -->\n<!-- Start accordion card div. -->\n<div class=\"ea-card  sp-ea-single\">\n\t<!-- Start accordion header. -->\n\t<h3 class=\"ea-header\">\n\t\t<!-- Add anchor tag for header. -->\n\t\t<a class=\"collapsed\" id=\"ea-header-31369\" role=\"button\" data-sptoggle=\"spcollapse\" data-sptarget=\"#collapse31369\" aria-controls=\"collapse31369\" href=\"#\"  aria-expanded=\"false\" tabindex=\"0\">\n\t\t<i aria-hidden=\"true\" role=\"presentation\" class=\"ea-expand-icon eap-icon-ea-expand-plus\"><\/i> AULA 9 | As artes e as pol\u00edticas culturais nas universidades\t\t<\/a> <!-- Close anchor tag for header. -->\n\t<\/h3>\t<!-- Close header tag. -->\n\t<!-- Start collapsible content div. -->\n\t<div class=\"sp-collapse spcollapse \" id=\"collapse31369\" data-parent=\"#sp-ea-3136\" role=\"region\" aria-labelledby=\"ea-header-31369\">  <!-- Content div. -->\n\t\t<div class=\"ea-body\">\n\t\t<p><iframe loading=\"lazy\" title=\"YouTube video player\" src=\"https:\/\/www.youtube.com\/embed\/qBZPMwDgWCQ?si=dxpkDNdo_RfI_-wv\" width=\"560\" height=\"315\" frameborder=\"0\" allowfullscreen=\"allowfullscreen\"><\/iframe><\/p>\n<p><strong>Participantes<\/strong>:<\/p>\n<p>Maria Ivone dos Santos\u00a0(UFRGS)<\/p>\n<p>Gonzalo Vicci\u00a0(Udelar)<\/p>\n<p>Fernando Gaspar\u00a0(UChile)<\/p>\n<p>Graciela Jara\u00a0(UNE)<\/p>\n<p><strong>Media\u00e7\u00e3o<\/strong>:\u00a0M\u00f4nica Ribeiro\u00a0(UFMG)<\/p>\n\t\t<\/div> <!-- Close content div. -->\n\t<\/div> <!-- Close collapse div. -->\n<\/div> <!-- Close card div. -->\n<!-- Start accordion card div. -->\n<div class=\"ea-card  sp-ea-single\">\n\t<!-- Start accordion header. -->\n\t<h3 class=\"ea-header\">\n\t\t<!-- Add anchor tag for header. -->\n\t\t<a class=\"collapsed\" id=\"ea-header-313610\" role=\"button\" data-sptoggle=\"spcollapse\" data-sptarget=\"#collapse313610\" aria-controls=\"collapse313610\" href=\"#\"  aria-expanded=\"false\" tabindex=\"0\">\n\t\t<i aria-hidden=\"true\" role=\"presentation\" class=\"ea-expand-icon eap-icon-ea-expand-plus\"><\/i> AULA 10 | Pol\u00edticas nacionais para a cultura e pol\u00edticas culturais nas universidades II\t\t<\/a> <!-- Close anchor tag for header. -->\n\t<\/h3>\t<!-- Close header tag. -->\n\t<!-- Start collapsible content div. -->\n\t<div class=\"sp-collapse spcollapse \" id=\"collapse313610\" data-parent=\"#sp-ea-3136\" role=\"region\" aria-labelledby=\"ea-header-313610\">  <!-- Content div. -->\n\t\t<div class=\"ea-body\">\n\t\t<p><iframe loading=\"lazy\" title=\"YouTube video player\" src=\"https:\/\/www.youtube.com\/embed\/RMEnfSOSOD0?si=Z-Zm39ahAVe8-sjB\" width=\"560\" height=\"315\" frameborder=\"0\" allowfullscreen=\"allowfullscreen\"><\/iframe><\/p>\n<p><strong>Participantes:<\/strong><\/p>\n<p>Fernando Mencarelli\u00a0(UFMG)<\/p>\n<p>Sandro Gouveia\u00a0(UFC)<\/p>\n<p>Agla\u00edze Damasceno\u00a0(UFCA)<\/p>\n<p>Marcus Medeiros\u00a0(UFJF)<\/p>\n<p>Eliane Debus\u00a0(UFSC)<\/p>\n<p>Rogerio Borges\u00a0(UFES)<\/p>\n\t\t<\/div> <!-- Close content div. -->\n\t<\/div> <!-- Close collapse div. -->\n<\/div> <!-- Close card div. -->\n<!-- Start accordion card div. -->\n<div class=\"ea-card  sp-ea-single\">\n\t<!-- Start accordion header. -->\n\t<h3 class=\"ea-header\">\n\t\t<!-- Add anchor tag for header. -->\n\t\t<a class=\"collapsed\" id=\"ea-header-313611\" role=\"button\" data-sptoggle=\"spcollapse\" data-sptarget=\"#collapse313611\" aria-controls=\"collapse313611\" href=\"#\"  aria-expanded=\"false\" tabindex=\"0\">\n\t\t<i aria-hidden=\"true\" role=\"presentation\" class=\"ea-expand-icon eap-icon-ea-expand-plus\"><\/i> AULA 11 | Pol\u00edticas nacionais para a cultura e pol\u00edticas culturais nas universidades III\t\t<\/a> <!-- Close anchor tag for header. -->\n\t<\/h3>\t<!-- Close header tag. -->\n\t<!-- Start collapsible content div. -->\n\t<div class=\"sp-collapse spcollapse \" id=\"collapse313611\" data-parent=\"#sp-ea-3136\" role=\"region\" aria-labelledby=\"ea-header-313611\">  <!-- Content div. -->\n\t\t<div class=\"ea-body\">\n\t\t<p><iframe loading=\"lazy\" title=\"YouTube video player\" src=\"https:\/\/www.youtube.com\/embed\/e-vswWia7fg?si=oYr9ShRmpL914u8_\" width=\"560\" height=\"315\" frameborder=\"0\" allowfullscreen=\"allowfullscreen\"><\/iframe><\/p>\n<p><strong>Participantes<\/strong>:<\/p>\n<p>Alexandre Molina\u00a0(UFU)<\/p>\n<p>Patricia Dorneles\u00a0(UFRJ)<\/p>\n<p>Rosiane Bechler\u00a0(Universidade Federal do Vale do Jequitinhonha e Mucuri \u2013 UFVJM)<\/p>\n<p>Ligia Petrucci\u00a0(UFRGS)<\/p>\n<p>Laura Dur\u00e1n\u00a0(UNNOBA)<\/p>\n<p><strong>Media\u00e7\u00e3o<\/strong>:\u00a0Raquel Leite\u00a0(UFOP)<\/p>\n\t\t<\/div> <!-- Close content div. -->\n\t<\/div> <!-- Close collapse div. -->\n<\/div> <!-- Close card div. -->\n<!-- Start accordion card div. -->\n<div class=\"ea-card  sp-ea-single\">\n\t<!-- Start accordion header. -->\n\t<h3 class=\"ea-header\">\n\t\t<!-- Add anchor tag for header. -->\n\t\t<a class=\"collapsed\" id=\"ea-header-313612\" role=\"button\" data-sptoggle=\"spcollapse\" data-sptarget=\"#collapse313612\" aria-controls=\"collapse313612\" href=\"#\"  aria-expanded=\"false\" tabindex=\"0\">\n\t\t<i aria-hidden=\"true\" role=\"presentation\" class=\"ea-expand-icon eap-icon-ea-expand-plus\"><\/i> AULA 12 | Coopera\u00e7\u00e3o para o estudo e difus\u00e3o de Pol\u00edticas de Artes e Cultura nas universidades latino-americanas que fortale\u00e7am a democracia na regi\u00e3o e a cidadania cultural\t\t<\/a> <!-- Close anchor tag for header. -->\n\t<\/h3>\t<!-- Close header tag. -->\n\t<!-- Start collapsible content div. -->\n\t<div class=\"sp-collapse spcollapse \" id=\"collapse313612\" data-parent=\"#sp-ea-3136\" role=\"region\" aria-labelledby=\"ea-header-313612\">  <!-- Content div. -->\n\t\t<div class=\"ea-body\">\n\t\t<p><iframe loading=\"lazy\" title=\"YouTube video player\" src=\"https:\/\/www.youtube.com\/embed\/luQOjtVTOzg?si=9XSigCkVACZ4dTax\" width=\"560\" height=\"315\" frameborder=\"0\" allowfullscreen=\"allowfullscreen\"><\/iframe><\/p>\n<p><strong>Participantes:<\/strong><\/p>\n<p>Sandra Regina Goulart Almeida\u00a0(Reitora da UFMG)<\/p>\n<p>Fernando Mencarelli\u00a0(UFMG)<\/p>\n<p>Flavia Cruvinel\u00a0(UFG)<\/p>\n<p>Dami\u00e1n Kees\u00a0(UNL)<\/p>\n<p>Natalia Fuster\u00a0(UNA)<\/p>\n<p>Lukas Kuhne\u00a0(Udelar)<\/p>\n\t\t<\/div> <!-- Close content div. -->\n\t<\/div> <!-- Close collapse div. -->\n<\/div> <!-- Close card div. -->\n<\/div>\n<\/div>\n\n<p>&nbsp;<\/p>\n<p>&nbsp;<\/p>\n<p>&nbsp;<\/p>\n","protected":false},"excerpt":{"rendered":"<p>Semin\u00e1rio Cultura, democracia e cidadania na Am\u00e9rica Latina O segundo [&hellip;]<\/p>\n","protected":false},"author":2,"featured_media":0,"parent":0,"menu_order":0,"comment_status":"closed","ping_status":"closed","template":"","meta":{"_acf_changed":false,"footnotes":""},"tags":[],"class_list":["post-3141","page","type-page","status-publish","hentry"],"acf":[],"_links":{"self":[{"href":"https:\/\/www.ufmg.br\/procult\/wp-json\/wp\/v2\/pages\/3141","targetHints":{"allow":["GET"]}}],"collection":[{"href":"https:\/\/www.ufmg.br\/procult\/wp-json\/wp\/v2\/pages"}],"about":[{"href":"https:\/\/www.ufmg.br\/procult\/wp-json\/wp\/v2\/types\/page"}],"author":[{"embeddable":true,"href":"https:\/\/www.ufmg.br\/procult\/wp-json\/wp\/v2\/users\/2"}],"replies":[{"embeddable":true,"href":"https:\/\/www.ufmg.br\/procult\/wp-json\/wp\/v2\/comments?post=3141"}],"version-history":[{"count":13,"href":"https:\/\/www.ufmg.br\/procult\/wp-json\/wp\/v2\/pages\/3141\/revisions"}],"predecessor-version":[{"id":3312,"href":"https:\/\/www.ufmg.br\/procult\/wp-json\/wp\/v2\/pages\/3141\/revisions\/3312"}],"wp:attachment":[{"href":"https:\/\/www.ufmg.br\/procult\/wp-json\/wp\/v2\/media?parent=3141"}],"wp:term":[{"taxonomy":"post_tag","embeddable":true,"href":"https:\/\/www.ufmg.br\/procult\/wp-json\/wp\/v2\/tags?post=3141"}],"curies":[{"name":"wp","href":"https:\/\/api.w.org\/{rel}","templated":true}]}}