{"id":33,"date":"2021-03-16T17:05:21","date_gmt":"2021-03-16T20:05:21","guid":{"rendered":"https:\/\/www.ufmg.br\/procult\/?page_id=33"},"modified":"2024-09-04T09:56:57","modified_gmt":"2024-09-04T12:56:57","slug":"redes-sociais","status":"publish","type":"page","link":"https:\/\/www.ufmg.br\/procult\/comunicacao\/redes-sociais\/","title":{"rendered":"Redes Sociais"},"content":{"rendered":"<p>&nbsp;<\/p>\n<p><a href=\"https:\/\/bsky.app\/intent\/compose?text=https:\/\/www.ufmg.br\/procult\/comunicacao\/redes-sociais\/\" target=\"_blank\" rel=\"noopener\"><img loading=\"lazy\" decoding=\"async\" class=\"alignnone size-full wp-image-2079\" src=\"https:\/\/www.ufmg.br\/procult\/wp-content\/uploads\/2024\/09\/bluesky-butterfly-logo-05.png\" alt=\"\" width=\"24\" height=\"21\" \/><\/a>\u00a0<a href=\"https:\/\/www.facebook.com\/sharer\/sharer.php?u=https:\/\/www.ufmg.br\/procult\/comunicacao\/redes-sociais\/\" target=\"_blank\" rel=\"noopener\"><img loading=\"lazy\" decoding=\"async\" class=\"alignnone size-full wp-image-1892\" src=\"https:\/\/www.ufmg.br\/procult\/wp-content\/uploads\/2024\/08\/facebook-app-round-icon.png\" alt=\"\" width=\"24\" height=\"24\" \/><\/a> <a href=\"https:\/\/twitter.com\/intent\/tweet?text=https:\/\/www.ufmg.br\/procult\/comunicacao\/redes-sociais\/\" target=\"_blank\" rel=\"noopener\"><img loading=\"lazy\" decoding=\"async\" class=\"alignnone size-full wp-image-1893\" src=\"https:\/\/www.ufmg.br\/procult\/wp-content\/uploads\/2024\/08\/x-social-media-black-icon-1.png\" alt=\"\" width=\"24\" height=\"24\" \/><\/a> <a href=\"https:\/\/www.linkedin.com\/sharing\/share-offsite\/?url=https:\/\/www.ufmg.br\/procult\/comunicacao\/redes-sociais\/\" target=\"_blank\" rel=\"noopener\"><img loading=\"lazy\" decoding=\"async\" class=\"alignnone size-full wp-image-1894\" src=\"https:\/\/www.ufmg.br\/procult\/wp-content\/uploads\/2024\/08\/linkedin-square-icon.png\" alt=\"\" width=\"24\" height=\"24\" \/><\/a> <a href=\"https:\/\/api.whatsapp.com\/send?text=https:\/\/www.ufmg.br\/procult\/comunicacao\/redes-sociais\/\" target=\"_blank\" rel=\"noopener\"><img loading=\"lazy\" decoding=\"async\" class=\"alignnone size-full wp-image-1895\" src=\"https:\/\/www.ufmg.br\/procult\/wp-content\/uploads\/2024\/08\/whatsapp-icon.png\" alt=\"\" width=\"24\" height=\"24\" \/><\/a> <a href=\"https:\/\/telegram.me\/share\/url?url=https:\/\/www.ufmg.br\/procult\/comunicacao\/redes-sociais\/\" target=\"_blank\" rel=\"noopener\"><img loading=\"lazy\" decoding=\"async\" class=\"alignnone size-full wp-image-1896\" src=\"https:\/\/www.ufmg.br\/procult\/wp-content\/uploads\/2024\/08\/telegram-black-icon.png\" alt=\"\" width=\"24\" height=\"24\" \/><\/a> <a href=\"mailto:?subject=https:\/\/www.ufmg.br\/procult\/comunicacao\/redes-sociais\/\"><img loading=\"lazy\" decoding=\"async\" class=\"alignnone size-full wp-image-1891\" src=\"https:\/\/www.ufmg.br\/procult\/wp-content\/uploads\/2024\/08\/envelope-line-icon.png\" alt=\"\" width=\"24\" height=\"24\" \/><\/a><\/p>\n<div id=\"attachment_1990\" style=\"width: 760px\" class=\"wp-caption alignnone\"><img loading=\"lazy\" decoding=\"async\" aria-describedby=\"caption-attachment-1990\" class=\" wp-image-1990\" src=\"https:\/\/www.ufmg.br\/procult\/wp-content\/uploads\/2024\/08\/espaco-conhecimento-lucas-braga-ufmg.jpg\" alt=\"\" width=\"750\" height=\"500\" srcset=\"https:\/\/www.ufmg.br\/procult\/wp-content\/uploads\/2024\/08\/espaco-conhecimento-lucas-braga-ufmg.jpg 2048w, https:\/\/www.ufmg.br\/procult\/wp-content\/uploads\/2024\/08\/espaco-conhecimento-lucas-braga-ufmg-300x200.jpg 300w, https:\/\/www.ufmg.br\/procult\/wp-content\/uploads\/2024\/08\/espaco-conhecimento-lucas-braga-ufmg-1024x683.jpg 1024w, https:\/\/www.ufmg.br\/procult\/wp-content\/uploads\/2024\/08\/espaco-conhecimento-lucas-braga-ufmg-768x512.jpg 768w, https:\/\/www.ufmg.br\/procult\/wp-content\/uploads\/2024\/08\/espaco-conhecimento-lucas-braga-ufmg-1536x1024.jpg 1536w\" sizes=\"auto, (max-width: 750px) 100vw, 750px\" \/><p id=\"caption-attachment-1990\" class=\"wp-caption-text\">Fachada digital do Espa\u00e7o do Conhecimento UFMG. Foto: Lucas Braga\/UFMG<\/p><\/div>\n<p>Acompanhe e compartilhe as informa\u00e7\u00f5es sobre a cultura na UFMG pelas plataformas digitais da Procult e de seus espa\u00e7os de cultura:<\/p>\n<p>&nbsp;<\/p>\n<h4><strong>Pr\u00f3-reitoria de Cultura<\/strong><\/h4>\n<p>&nbsp;<\/p>\n<p><i class=\"wp-svg-globe globe\"><\/i>\u00a0<span style=\"color: #000000;\"> \u00a0 <a style=\"color: #000000;\" href=\"https:\/\/www.ufmg.br\/cultura\">www.ufmg.br\/cultura<\/a><\/span><br \/>\n<i class=\"wp-svg-facebook facebook\"><\/i>\u00a0 \u00a0 <span style=\"color: #000000;\"><a style=\"color: #000000;\" href=\"https:\/\/www.facebook.com\/cultura.ufmg\" target=\"_blank\" rel=\"noopener\">www.facebook.com\/culturaufmg<\/a><\/span><br \/>\n<i class=\"wp-svg-twitter twitter\"><\/i>\u00a0 \u00a0 <span style=\"color: #000000;\"><a style=\"color: #000000;\" href=\"https:\/\/twitter.com\/CulturaUFMG\" target=\"_blank\" rel=\"noopener\">twitter.com\/CulturaUFMG<\/a><\/span><br \/>\n<i class=\"wp-svg-instagram instagram\"><\/i>\u00a0 \u00a0 <span style=\"color: #000000;\"><a style=\"color: #000000;\" href=\"https:\/\/www.instagram.com\/culturaufmg\" target=\"_blank\" rel=\"noopener\">www.instagram.com\/culturaufmg<\/a><\/span><br \/>\n<i class=\"wp-svg-youtube youtube\"><\/i>\u00a0 \u00a0<span style=\"color: #000000;\"> <a style=\"color: #000000;\" href=\"https:\/\/www.youtube.com\/culturaufmg\" target=\"_blank\" rel=\"noopener\">www.youtube.com\/culturaufmg<\/a><\/span><\/p>\n<p>&nbsp;<\/p>\n<h5><span style=\"color: #808080;\"><strong>Campus Cultural UFMG em Tiradentes<\/strong><\/span><\/h5>\n<p>&nbsp;<\/p>\n<p><i class=\"wp-svg-globe globe\"><\/i>\u00a0 \u00a0 <span style=\"color: #000000;\"><a style=\"color: #000000;\" href=\"https:\/\/www.ufmg.br\/campustiradentes\" target=\"_blank\" rel=\"noopener\">www.ufmg.br\/campustiradentes<\/a><\/span><br \/>\n<i class=\"wp-svg-facebook facebook\"><\/i>\u00a0 \u00a0 <span style=\"color: #000000;\"><a style=\"color: #000000;\" href=\"https:\/\/www.facebook.com\/campustiradentes\/\" target=\"_blank\" rel=\"noopener\">www.facebook.com\/campustiradentes<\/a><\/span><br \/>\n<i class=\"wp-svg-instagram instagram\"><\/i>\u00a0 \u00a0<span style=\"color: #000000;\"><a style=\"color: #000000;\" href=\"https:\/\/www.instagram.com\/campustiradentes\" target=\"_blank\" rel=\"noopener\"> www.instagram.com\/campustiradentes<\/a><\/span><br \/>\n<i class=\"wp-svg-youtube youtube\"><\/i> \u00a0<span style=\"color: #000000;\"> <a style=\"color: #000000;\" href=\"https:\/\/www.youtube.com\/CampusCulturalUFMGTiradentes\" target=\"_blank\" rel=\"noopener\">www.youtube.com\/CampusCulturalUFMGTiradentes<\/a><\/span><\/p>\n<p>&nbsp;<\/p>\n<h5><span style=\"color: #808080;\"><strong>Centro Cultural UFMG<\/strong><\/span><\/h5>\n<p>&nbsp;<\/p>\n<p><i class=\"wp-svg-globe globe\"><\/i>\u00a0 \u00a0 <span style=\"color: #000000;\"><a style=\"color: #000000;\" href=\"https:\/\/www.ufmg.br\/centrocultural\/\" target=\"_blank\" rel=\"noopener\">www.centrocultural.ufmg.br<\/a><\/span><br \/>\n<i class=\"wp-svg-facebook facebook\"><\/i>\u00a0 \u00a0 <span style=\"color: #000000;\"><a style=\"color: #000000;\" href=\"https:\/\/www.facebook.com\/centroculturalufmg\/\" target=\"_blank\" rel=\"noopener\">www.facebook.com\/ccntroculturalufmg<\/a><\/span><br \/>\n<i class=\"wp-svg-twitter twitter\"><\/i>\u00a0 \u00a0<span style=\"color: #000000;\"><a style=\"color: #000000;\" href=\"https:\/\/www.twitter.com\/ccultufmg\" target=\"_blank\" rel=\"noopener\"> twitter.com\/ccultufmg<\/a><\/span><br \/>\n<i class=\"wp-svg-instagram instagram\"><\/i>\u00a0 \u00a0 <span style=\"color: #000000;\"><a style=\"color: #000000;\" href=\"https:\/\/www.instagram.com\/centroculturalufmg\/\" target=\"_blank\" rel=\"noopener\">www.instagram.com\/centroculturalufmg<\/a><\/span><br \/>\n<i class=\"wp-svg-youtube youtube\"><\/i>\u00a0 \u00a0 <span style=\"color: #000000;\"><a style=\"color: #000000;\" href=\"https:\/\/www.youtube.com\/centroculturalufmg\" target=\"_blank\" rel=\"noopener\">www.youtube.com\/centroculturalufm<\/a><\/span>g<br \/>\n<img loading=\"lazy\" decoding=\"async\" class=\"size-full wp-image-1994 alignleft\" src=\"https:\/\/www.ufmg.br\/procult\/wp-content\/uploads\/2024\/08\/spotify-round-black-icon.png\" alt=\"\" width=\"16\" height=\"16\" \/><span style=\"color: #000000;\"><a style=\"color: #000000;\" href=\"https:\/\/open.spotify.com\/user\/925aubqrhn8hp7vwgwkeor68z?si=7075471ee1d74210\" target=\"_blank\" rel=\"noopener\">Spotify do Centro Cultural UFMG<\/a><\/span><\/p>\n<p>&nbsp;<\/p>\n<h5><span style=\"color: #808080;\"><strong>Conservat\u00f3rio UFMG<\/strong><\/span><\/h5>\n<p>&nbsp;<\/p>\n<p><i class=\"wp-svg-globe globe\"><\/i>\u00a0 \u00a0 <span style=\"color: #000000;\"><a style=\"color: #000000;\" href=\"https:\/\/www.ufmg.br\/conservatorio\/\" target=\"_blank\" rel=\"noopener\">www.conservatorio.ufmg.br<\/a><\/span><br \/>\n<i class=\"wp-svg-facebook facebook\"><\/i>\u00a0 \u00a0 <span style=\"color: #000000;\"><a style=\"color: #000000;\" href=\"https:\/\/www.facebook.com\/conservatorioufmg\" target=\"_blank\" rel=\"noopener\">www.facebook.com\/conservatorioufmg<\/a><\/span><br \/>\n<i class=\"wp-svg-instagram instagram\"><\/i>\u00a0 \u00a0 <span style=\"color: #000000;\"><a style=\"color: #000000;\" href=\"https:\/\/www.instagram.com\/conservatorioufmg\/\" target=\"_blank\" rel=\"noopener\">www.instagram.com\/conservatorioufmg<\/a><\/span><br \/>\n<i class=\"wp-svg-youtube youtube\"><\/i>\u00a0 \u00a0 \u00a0<span style=\"color: #000000;\"><a style=\"color: #000000;\" href=\"https:\/\/www.youtube.com\/c\/conservatorioufmg\" target=\"_blank\" rel=\"noopener\">www.youtube.com\/c\/Conservat\u00f3rioUFMG<\/a><\/span><\/p>\n<p>&nbsp;<\/p>\n<h5><span style=\"color: #808080;\"><strong>Espa\u00e7o do Conhecimento UFMG<\/strong><\/span><\/h5>\n<p>&nbsp;<\/p>\n<p><i class=\"wp-svg-globe globe\"><\/i>\u00a0 \u00a0 <span style=\"color: #000000;\"><a style=\"color: #000000;\" href=\"https:\/\/www.ufmg.br\/espacodoconhecimento\/\" target=\"_blank\" rel=\"noopener\">ufmg.br\/espacodoconhecimento<\/a><\/span><br \/>\n<i class=\"wp-svg-facebook facebook\"><\/i>\u00a0 \u00a0 <span style=\"color: #000000;\"><a style=\"color: #000000;\" href=\"https:\/\/www.facebook.com\/espacodoconhecimentoufmg\" target=\"_blank\" rel=\"noopener\">www.facebook.com\/espacodoconhecimentoufmg<\/a><\/span><br \/>\n<i class=\"wp-svg-twitter twitter\"><\/i>\u00a0 \u00a0 <span style=\"color: #000000;\"><a style=\"color: #000000;\" href=\"https:\/\/www.twitter.com\/espacoufmg\" target=\"_blank\" rel=\"noopener\">twitter.com\/espacoufmg<\/a><\/span><br \/>\n<i class=\"wp-svg-instagram instagram\"><\/i>\u00a0 \u00a0 <span style=\"color: #000000;\"><a style=\"color: #000000;\" href=\"https:\/\/www.instagram.com\/espacoufmg\/\" target=\"_blank\" rel=\"noopener\">www.instagram.com\/espacoufmg<\/a><\/span><br \/>\n<i class=\"wp-svg-youtube youtube\"><\/i>\u00a0 \u00a0 <span style=\"color: #000000;\"><a style=\"color: #000000;\" href=\"https:\/\/www.youtube.com\/espacoufmg\" target=\"_blank\" rel=\"noopener\">www.youtube.com\/espacoufmg<\/a><\/span><br \/>\n<img loading=\"lazy\" decoding=\"async\" class=\"size-full wp-image-1994 alignleft\" src=\"https:\/\/www.ufmg.br\/procult\/wp-content\/uploads\/2024\/08\/spotify-round-black-icon.png\" alt=\"\" width=\"16\" height=\"16\" \/> <span style=\"color: #000000;\"><a style=\"color: #000000;\" href=\"https:\/\/open.spotify.com\/user\/espacoufmg\" target=\"_blank\" rel=\"noopener\">open.spotify.com\/user\/espacoufmg<\/a><\/span><\/p>\n<p>&nbsp;<\/p>\n<p>&nbsp;<\/p>\n","protected":false},"excerpt":{"rendered":"<p>&nbsp; \u00a0 Acompanhe e compartilhe as informa\u00e7\u00f5es sobre a cultura [&hellip;]<\/p>\n","protected":false},"author":1,"featured_media":0,"parent":562,"menu_order":0,"comment_status":"closed","ping_status":"closed","template":"","meta":{"_acf_changed":false,"footnotes":""},"tags":[124,128],"class_list":["post-33","page","type-page","status-publish","hentry","tag-comunicacao","tag-redes-sociais"],"acf":[],"_links":{"self":[{"href":"https:\/\/www.ufmg.br\/procult\/wp-json\/wp\/v2\/pages\/33","targetHints":{"allow":["GET"]}}],"collection":[{"href":"https:\/\/www.ufmg.br\/procult\/wp-json\/wp\/v2\/pages"}],"about":[{"href":"https:\/\/www.ufmg.br\/procult\/wp-json\/wp\/v2\/types\/page"}],"author":[{"embeddable":true,"href":"https:\/\/www.ufmg.br\/procult\/wp-json\/wp\/v2\/users\/1"}],"replies":[{"embeddable":true,"href":"https:\/\/www.ufmg.br\/procult\/wp-json\/wp\/v2\/comments?post=33"}],"version-history":[{"count":51,"href":"https:\/\/www.ufmg.br\/procult\/wp-json\/wp\/v2\/pages\/33\/revisions"}],"predecessor-version":[{"id":2087,"href":"https:\/\/www.ufmg.br\/procult\/wp-json\/wp\/v2\/pages\/33\/revisions\/2087"}],"up":[{"embeddable":true,"href":"https:\/\/www.ufmg.br\/procult\/wp-json\/wp\/v2\/pages\/562"}],"wp:attachment":[{"href":"https:\/\/www.ufmg.br\/procult\/wp-json\/wp\/v2\/media?parent=33"}],"wp:term":[{"taxonomy":"post_tag","embeddable":true,"href":"https:\/\/www.ufmg.br\/procult\/wp-json\/wp\/v2\/tags?post=33"}],"curies":[{"name":"wp","href":"https:\/\/api.w.org\/{rel}","templated":true}]}}