{"id":3465,"date":"2025-12-10T15:18:15","date_gmt":"2025-12-10T18:18:15","guid":{"rendered":"https:\/\/www.ufmg.br\/procult\/?page_id=3465"},"modified":"2025-12-15T13:25:19","modified_gmt":"2025-12-15T16:25:19","slug":"culturas-ebook","status":"publish","type":"page","link":"https:\/\/www.ufmg.br\/procult\/culturas-ebook\/","title":{"rendered":"Culturas: Di\u00e1logos por uma democracia plural"},"content":{"rendered":"<p><img loading=\"lazy\" decoding=\"async\" class=\"wp-image-3467 size-large alignnone\" src=\"https:\/\/www.ufmg.br\/procult\/wp-content\/uploads\/2025\/12\/banner-1024x539.jpg\" alt=\"\" width=\"1024\" height=\"539\" srcset=\"https:\/\/www.ufmg.br\/procult\/wp-content\/uploads\/2025\/12\/banner-1024x539.jpg 1024w, https:\/\/www.ufmg.br\/procult\/wp-content\/uploads\/2025\/12\/banner-300x158.jpg 300w, https:\/\/www.ufmg.br\/procult\/wp-content\/uploads\/2025\/12\/banner-768x404.jpg 768w, https:\/\/www.ufmg.br\/procult\/wp-content\/uploads\/2025\/12\/banner-1536x809.jpg 1536w, https:\/\/www.ufmg.br\/procult\/wp-content\/uploads\/2025\/12\/banner-2048x1078.jpg 2048w\" sizes=\"auto, (max-width: 1024px) 100vw, 1024px\" \/><\/p>\n<p>A <a href=\"https:\/\/culturas.cc\/congresso2023\/\" target=\"_blank\" rel=\"noopener\">nona edi\u00e7\u00e3o do Congresso Internacional Sobre Culturas<\/a> foi a primeira realizada pela ent\u00e3o rec\u00e9m-criada Associa\u00e7\u00e3o Internacional de Pesquisadores das Culturas (InterCult), que re\u00fane universidades de l\u00edngua portuguesa para compartilhar saberes, informa\u00e7\u00f5es, experi\u00eancias, e ampliar os debates sobre culturas em pa\u00edses lus\u00f3fonos. A InterCult foi oficializada em dezembro de 2022 com o objetivo de formalizar a articula\u00e7\u00e3o iniciada pela Universidade da Beira Interior e pela Universidade Federal da Bahia em 2013 e, ampliada, desde ent\u00e3o, por universidades integrantes da Rede Culturas. Al\u00e9m das 18 universidades parceiras em 2023, esta edi\u00e7\u00e3o do congresso abriu espa\u00e7o, tamb\u00e9m, para participantes de outros pa\u00edses da Am\u00e9rica Latina, independentemente do idioma.<\/p>\n<p>O Congresso Internacional sobre Culturas de 2023 foi realizado na UFMG, ap\u00f3s o ingresso da Universidade Federal de Minas Gerais na InterCult. Com o tema \u201cCulturas: di\u00e1logos por uma democracia plural\u201d, a 9\u00aa edi\u00e7\u00e3o ocorreu no m\u00eas de novembro, em formato h\u00edbrido, reunindo pesquisadores de 154 institui\u00e7\u00f5es de 10 pa\u00edses da Am\u00e9rica Latina, Europa e \u00c1frica. Ao longo de cinco dias, cerca de 350 trabalhos foram apresentados, e oito mesas redondas discutiram o papel da cultura na constru\u00e7\u00e3o e consolida\u00e7\u00e3o de pr\u00e1ticas democr\u00e1ticas em diversas \u00e1reas do conhecimento. O congresso contou com a participa\u00e7\u00e3o de aproximadamente 400 pessoas nos eventos presenciais, chegando a um p\u00fablico de 2 mil pessoas nas transmiss\u00f5es e eventos online.<\/p>\n<p>As apresenta\u00e7\u00f5es foram distribu\u00eddas em seis Grupos de Trabalho (GT): Culturas e Democracias; Diversidade Cultural; Culturas, Comunica\u00e7\u00e3o, Redes e Tecnologias; Culturas e Modos de Vida; Culturas, Artes e Saberes Populares e Culturas e Universidades.<\/p>\n<p>O e-book <em>Culturas: Di\u00e1logos por uma democracia plural<\/em> re\u00fane textos produzidos a partir das participa\u00e7\u00f5es em mesas-redondas e comunica\u00e7\u00f5es realizadas durante o IX Congresso Internacional sobre Culturas, de 2023, na UFMG. Consideramos que as reflex\u00f5es a seguir exploram as tem\u00e1ticas do Congresso de modo a contribuir para a amplia\u00e7\u00e3o do conhecimento acad\u00eamico no campo das culturas, especialmente, em sua rela\u00e7\u00e3o com os desafios enfrentados pelas democracias na contemporaneidade.<\/p>\n<p><a href=\"https:\/\/www.ufmg.br\/procult\/wp-content\/uploads\/2025\/12\/IX-Congresso-Internacional-sobre-Culturas-ebook.pdf\" target=\"_blank\" rel=\"noopener\">Baixe aqui o Ebook<\/a><\/p>\n","protected":false},"excerpt":{"rendered":"<p>A nona edi\u00e7\u00e3o do Congresso Internacional Sobre Culturas foi a [&hellip;]<\/p>\n","protected":false},"author":2,"featured_media":0,"parent":0,"menu_order":0,"comment_status":"closed","ping_status":"closed","template":"","meta":{"_acf_changed":false,"footnotes":""},"tags":[],"class_list":["post-3465","page","type-page","status-publish","hentry"],"acf":[],"_links":{"self":[{"href":"https:\/\/www.ufmg.br\/procult\/wp-json\/wp\/v2\/pages\/3465","targetHints":{"allow":["GET"]}}],"collection":[{"href":"https:\/\/www.ufmg.br\/procult\/wp-json\/wp\/v2\/pages"}],"about":[{"href":"https:\/\/www.ufmg.br\/procult\/wp-json\/wp\/v2\/types\/page"}],"author":[{"embeddable":true,"href":"https:\/\/www.ufmg.br\/procult\/wp-json\/wp\/v2\/users\/2"}],"replies":[{"embeddable":true,"href":"https:\/\/www.ufmg.br\/procult\/wp-json\/wp\/v2\/comments?post=3465"}],"version-history":[{"count":8,"href":"https:\/\/www.ufmg.br\/procult\/wp-json\/wp\/v2\/pages\/3465\/revisions"}],"predecessor-version":[{"id":3477,"href":"https:\/\/www.ufmg.br\/procult\/wp-json\/wp\/v2\/pages\/3465\/revisions\/3477"}],"wp:attachment":[{"href":"https:\/\/www.ufmg.br\/procult\/wp-json\/wp\/v2\/media?parent=3465"}],"wp:term":[{"taxonomy":"post_tag","embeddable":true,"href":"https:\/\/www.ufmg.br\/procult\/wp-json\/wp\/v2\/tags?post=3465"}],"curies":[{"name":"wp","href":"https:\/\/api.w.org\/{rel}","templated":true}]}}