{"id":491,"date":"2024-01-15T09:30:20","date_gmt":"2024-01-15T12:30:20","guid":{"rendered":"https:\/\/www.ufmg.br\/procult\/?page_id=491"},"modified":"2024-11-08T14:13:52","modified_gmt":"2024-11-08T17:13:52","slug":"apresentacao","status":"publish","type":"page","link":"https:\/\/www.ufmg.br\/procult\/conheca-a-procult\/apresentacao\/","title":{"rendered":"Apresenta\u00e7\u00e3o"},"content":{"rendered":"<p>&nbsp;<\/p>\n<p><a href=\"https:\/\/bsky.app\/intent\/compose?text=https:\/\/www.ufmg.br\/procult\/conheca-a-procult\/apresentacao\/\" target=\"_blank\" rel=\"noopener\"><img loading=\"lazy\" decoding=\"async\" class=\"alignnone size-full wp-image-2079\" src=\"https:\/\/www.ufmg.br\/procult\/wp-content\/uploads\/2024\/09\/bluesky-butterfly-logo-05.png\" alt=\"\" width=\"24\" height=\"21\" \/><\/a><a href=\"https:\/\/www.facebook.com\/sharer\/sharer.php?u=https:\/\/www.ufmg.br\/procult\/conheca-a-procult\/apresentacao\/\" target=\"_blank\" rel=\"noopener\"><img loading=\"lazy\" decoding=\"async\" class=\"alignnone size-full wp-image-1892\" src=\"https:\/\/www.ufmg.br\/procult\/wp-content\/uploads\/2024\/08\/facebook-app-round-icon.png\" alt=\"\" width=\"24\" height=\"24\" \/><\/a><a href=\"https:\/\/twitter.com\/intent\/tweet?text=https:\/\/www.ufmg.br\/procult\/conheca-a-procult\/apresentacao\/\" target=\"_blank\" rel=\"noopener\"><img loading=\"lazy\" decoding=\"async\" class=\"alignnone size-full wp-image-1893\" src=\"https:\/\/www.ufmg.br\/procult\/wp-content\/uploads\/2024\/08\/x-social-media-black-icon-1.png\" alt=\"\" width=\"24\" height=\"24\" \/><\/a><a href=\"https:\/\/www.linkedin.com\/sharing\/share-offsite\/?url=https:\/\/www.ufmg.br\/procult\/conheca-a-procult\/apresentacao\/\" target=\"_blank\" rel=\"noopener\"><img loading=\"lazy\" decoding=\"async\" class=\"alignnone size-full wp-image-1894\" src=\"https:\/\/www.ufmg.br\/procult\/wp-content\/uploads\/2024\/08\/linkedin-square-icon.png\" alt=\"\" width=\"24\" height=\"24\" \/><\/a><a href=\"https:\/\/api.whatsapp.com\/send?text=https:\/\/www.ufmg.br\/procult\/conheca-a-procult\/apresentacao\/\" target=\"_blank\" rel=\"noopener\"><img loading=\"lazy\" decoding=\"async\" class=\"alignnone size-full wp-image-1895\" src=\"https:\/\/www.ufmg.br\/procult\/wp-content\/uploads\/2024\/08\/whatsapp-icon.png\" alt=\"\" width=\"24\" height=\"24\" \/><\/a><a href=\"https:\/\/telegram.me\/share\/url?url=https:\/\/www.ufmg.br\/procult\/conheca-a-procult\/apresentacao\/\" target=\"_blank\" rel=\"noopener\"><img loading=\"lazy\" decoding=\"async\" class=\"alignnone size-full wp-image-1896\" src=\"https:\/\/www.ufmg.br\/procult\/wp-content\/uploads\/2024\/08\/telegram-black-icon.png\" alt=\"\" width=\"24\" height=\"24\" \/><\/a><a href=\"mailto:?subject=https:\/\/www.ufmg.br\/procult\/conheca-a-procult\/apresentacao\/\"><img loading=\"lazy\" decoding=\"async\" class=\"alignnone size-full wp-image-1891\" src=\"https:\/\/www.ufmg.br\/procult\/wp-content\/uploads\/2024\/08\/envelope-line-icon.png\" alt=\"\" width=\"24\" height=\"24\" \/><\/a><\/p>\n<p><iframe loading=\"lazy\" title=\"YouTube video player\" src=\"https:\/\/www.youtube.com\/embed\/WBdQT2RbHDs?si=W4gBaUKzdo8cwyrA\" width=\"760\" height=\"515\" frameborder=\"0\" allowfullscreen=\"allowfullscreen\"><\/iframe><\/p>\n<p>&nbsp;<\/p>\n<p>A Pr\u00f3-reitoria de Cultura (Procult) \u00e9 o \u00f3rg\u00e3o respons\u00e1vel pela gest\u00e3o, coordena\u00e7\u00e3o, promo\u00e7\u00e3o, desenvolvimento e difus\u00e3o da produ\u00e7\u00e3o e da pol\u00edtica cultural da UFMG.<\/p>\n<p>Tamb\u00e9m \u00e9 respons\u00e1vel pela gest\u00e3o dos espa\u00e7os culturais da Reitoria: o Centro Cultural UFMG, o Conservat\u00f3rio UFMG, o Espa\u00e7o do Conhecimento UFMG, o Campus Cultural UFMG em Tiradentes e o Espa\u00e7o Acervo Art\u00edstico UFMG.<\/p>\n<p>Sua cria\u00e7\u00e3o data de 2022, conforme <a href=\"https:\/\/www.ufmg.br\/procult\/conheca-a-procult\/transparencia\/\">resolu\u00e7\u00f5es aprovadas<\/a> pelo Conselho Universit\u00e1rio.<\/p>\n<style>#sp-ea-757 .spcollapsing { height: 0; overflow: hidden; transition-property: height;transition-duration: 500ms;}#sp-ea-757.sp-easy-accordion>.sp-ea-single {margin-bottom: 10px; border: 1px solid #e2e2e2; }#sp-ea-757.sp-easy-accordion>.sp-ea-single>.ea-header a {color: #444;}#sp-ea-757.sp-easy-accordion>.sp-ea-single>.sp-collapse>.ea-body {background: #fff; color: #444;}#sp-ea-757.sp-easy-accordion>.sp-ea-single {background: #eee;}#sp-ea-757.sp-easy-accordion>.sp-ea-single>.ea-header a .ea-expand-icon { float: left; color: #444;font-size: 16px;}<\/style><div id=\"sp_easy_accordion-1776372876\">\n<div id=\"sp-ea-757\" class=\"sp-ea-one sp-easy-accordion\" data-ea-active=\"ea-click\" data-ea-mode=\"vertical\" data-preloader=\"\" data-scroll-active-item=\"\" data-offset-to-scroll=\"0\">\n\n<!-- Start accordion card div. -->\n<div class=\"ea-card  sp-ea-single\">\n\t<!-- Start accordion header. -->\n\t<h3 class=\"ea-header\">\n\t\t<!-- Add anchor tag for header. -->\n\t\t<a class=\"collapsed\" id=\"ea-header-7570\" role=\"button\" data-sptoggle=\"spcollapse\" data-sptarget=\"#collapse7570\" aria-controls=\"collapse7570\" href=\"#\"  aria-expanded=\"false\" tabindex=\"0\">\n\t\t<i aria-hidden=\"true\" role=\"presentation\" class=\"ea-expand-icon eap-icon-ea-expand-plus\"><\/i> Origens\t\t<\/a> <!-- Close anchor tag for header. -->\n\t<\/h3>\t<!-- Close header tag. -->\n\t<!-- Start collapsible content div. -->\n\t<div class=\"sp-collapse spcollapse spcollapse\" id=\"collapse7570\" data-parent=\"#sp-ea-757\" role=\"region\" aria-labelledby=\"ea-header-7570\">  <!-- Content div. -->\n\t\t<div class=\"ea-body\">\n\t\t<p>Duas d\u00e9cadas depois de sua cria\u00e7\u00e3o, em 2002, a Diretoria de A\u00e7\u00e3o Cultural (DAC) mudou de status, transformando-se na Pr\u00f3-reitoria de Cultura (Procult), conforme resolu\u00e7\u00f5es aprovadas pelo Conselho Universit\u00e1rio no dia 2 de junho de 2022 e publicadas na edi\u00e7\u00e3o 2.016 do Boletim UFMG.<\/p>\n<p>A transforma\u00e7\u00e3o da DAC \u2012 at\u00e9 ent\u00e3o \u00f3rg\u00e3o assessor da Reitoria \u2012 em uma pr\u00f3-reitoria estava prevista no Plano de Desenvolvimento Institucional da UFMG (PDI) desde 2013.<\/p>\n<p>O processo de estrutura\u00e7\u00e3o da mudan\u00e7a foi iniciado em 2016, o que incluiu uma reforma administrativa e a incorpora\u00e7\u00e3o da gest\u00e3o dos espa\u00e7os culturais vinculados \u00e0 Reitoria.<\/p>\n<p>Saiba mais acessando os documentos mencionados:<\/p>\n<h6><span style=\"color: #00ccff\"><a style=\"color: #00ccff\" href=\"https:\/\/www.ufmg.br\/procult\/wp-content\/uploads\/2024\/01\/boletim-ufmg-2022-resolucao-procult.pdf\">Resolu\u00e7\u00f5es de cria\u00e7\u00e3o da Procult\u00a0<\/a><\/span><\/h6>\n<h6><span style=\"color: #00ccff\"><a style=\"color: #00ccff\" href=\"https:\/\/www.ufmg.br\/procult\/wp-content\/uploads\/2024\/01\/pdi-ufmg-2013-2017.pdf\">PDI 2013<\/a><\/span><\/h6>\n\t\t<\/div> <!-- Close content div. -->\n\t<\/div> <!-- Close collapse div. -->\n<\/div> <!-- Close card div. -->\n<!-- Start accordion card div. -->\n<div class=\"ea-card  sp-ea-single\">\n\t<!-- Start accordion header. -->\n\t<h3 class=\"ea-header\">\n\t\t<!-- Add anchor tag for header. -->\n\t\t<a class=\"collapsed\" id=\"ea-header-7571\" role=\"button\" data-sptoggle=\"spcollapse\" data-sptarget=\"#collapse7571\" aria-controls=\"collapse7571\" href=\"#\"  aria-expanded=\"false\" tabindex=\"0\">\n\t\t<i aria-hidden=\"true\" role=\"presentation\" class=\"ea-expand-icon eap-icon-ea-expand-plus\"><\/i> Compet\u00eancias\t\t<\/a> <!-- Close anchor tag for header. -->\n\t<\/h3>\t<!-- Close header tag. -->\n\t<!-- Start collapsible content div. -->\n\t<div class=\"sp-collapse spcollapse spcollapse\" id=\"collapse7571\" data-parent=\"#sp-ea-757\" role=\"region\" aria-labelledby=\"ea-header-7571\">  <!-- Content div. -->\n\t\t<div class=\"ea-body\">\n\t\t<p>\u00c0 Pr\u00f3-reitoria de Cultura compete:<\/p>\n<ul>\n<li>executar a Pol\u00edtica de Cultura da UFMG, que estabelece as diretrizes que orientam as linhas de atua\u00e7\u00e3o da Procult;<\/li>\n<li>promover a compreens\u00e3o de cultura como conhecimento transversal a diversas \u00e1reas de conhecimento e saberes da sociedade;<\/li>\n<li>estimular a valoriza\u00e7\u00e3o e a difus\u00e3o da cultura;<\/li>\n<li>promover a cultura como dimens\u00e3o inerente \u00e0 forma\u00e7\u00e3o cidad\u00e3;<\/li>\n<li>estimular a articula\u00e7\u00e3o entre cultura, ensino, pesquisa e extens\u00e3o;<\/li>\n<li>manter articula\u00e7\u00e3o com as demais pr\u00f3-reitorias da UFMG;<\/li>\n<li>incentivar iniciativas e fomentar a produ\u00e7\u00e3o e a cria\u00e7\u00e3o art\u00edstica e as manifesta\u00e7\u00f5es culturais de servidores docentes, t\u00e9cnico-administrativos em educa\u00e7\u00e3o e discentes da UFMG, de forma compartilhada com outros setores criativos da sociedade;<\/li>\n<li>zelar pela liberdade de express\u00e3o, pelo respeito e pela valoriza\u00e7\u00e3o da diversidade cultural na UFMG;<\/li>\n<li>criar e incentivar meios para que as atividades culturais se desenvolvam e proporcionar o acesso democr\u00e1tico aos bens culturais da UFMG por toda a sociedade;<\/li>\n<li>orientar e supervisionar as atividades das estruturas vinculadas \u00e0 Procult;<\/li>\n<li>promover a articula\u00e7\u00e3o entre programas e projetos culturais no \u00e2mbito da UFMG;<\/li>\n<li>promover eventos voltados \u00e0 escuta e \u00e0 reflex\u00e3o de temas relacionados \u00e0 cultura, para subsidiar a elabora\u00e7\u00e3o de projetos e programas;<\/li>\n<li>elaborar, coordenar e acompanhar a\u00e7\u00f5es e projetos culturais;<\/li>\n<li>fomentar a conserva\u00e7\u00e3o, a amplia\u00e7\u00e3o e a disponibiliza\u00e7\u00e3o do patrim\u00f4nio art\u00edstico e cultural da Universidade;<\/li>\n<li>articular redes de coopera\u00e7\u00e3o entre a Universidade e os \u00f3rg\u00e3os culturais locais, regionais, nacionais e internacionais.<\/li>\n<\/ul>\n\t\t<\/div> <!-- Close content div. -->\n\t<\/div> <!-- Close collapse div. -->\n<\/div> <!-- Close card div. -->\n<!-- Start accordion card div. -->\n<div class=\"ea-card  sp-ea-single\">\n\t<!-- Start accordion header. -->\n\t<h3 class=\"ea-header\">\n\t\t<!-- Add anchor tag for header. -->\n\t\t<a class=\"collapsed\" id=\"ea-header-7572\" role=\"button\" data-sptoggle=\"spcollapse\" data-sptarget=\"#collapse7572\" aria-controls=\"collapse7572\" href=\"#\"  aria-expanded=\"false\" tabindex=\"0\">\n\t\t<i aria-hidden=\"true\" role=\"presentation\" class=\"ea-expand-icon eap-icon-ea-expand-plus\"><\/i> Pol\u00edtica cultural\t\t<\/a> <!-- Close anchor tag for header. -->\n\t<\/h3>\t<!-- Close header tag. -->\n\t<!-- Start collapsible content div. -->\n\t<div class=\"sp-collapse spcollapse spcollapse\" id=\"collapse7572\" data-parent=\"#sp-ea-757\" role=\"region\" aria-labelledby=\"ea-header-7572\">  <!-- Content div. -->\n\t\t<div class=\"ea-body\">\n\t\t<p>A UFMG \u00e9 reconhecida por sua ampla atua\u00e7\u00e3o cultural, coordenada pela Pr\u00f3-reitoria de Cultura, composta por um conjunto de espa\u00e7os, com programas e projetos art\u00edstico-culturais.<\/p>\n<p>Tal reconhecimento est\u00e1 expresso no Estatuto da Universidade, que estabelece, entre os seus objetivos essenciais, \"a gera\u00e7\u00e3o, o desenvolvimento, a transmiss\u00e3o e a aplica\u00e7\u00e3o de conhecimentos por meio do ensino, da pesquisa e da extens\u00e3o, de forma indissociada entre si e integrados na educa\u00e7\u00e3o do cidad\u00e3o, na forma\u00e7\u00e3o t\u00e9cnico-profissional, na difus\u00e3o da cultura e na cria\u00e7\u00e3o filos\u00f3fica, art\u00edstica e tecnol\u00f3gica.\"<\/p>\n<p>Junto a esse importante eixo, a atua\u00e7\u00e3o da UFMG na \u00e1rea tamb\u00e9m se orienta por sua abertura como espa\u00e7o para o compartilhamento de saberes e conhecimentos, a frui\u00e7\u00e3o e forma\u00e7\u00e3o art\u00edstico-cultural e a reflex\u00e3o cr\u00edtica sobre artes e culturas, observando os direitos humanos e sociais, a inclus\u00e3o e a cidadania.<\/p>\n<p><strong>Diretrizes da pol\u00edtica cultural da UFMG:<\/strong><\/p>\n<ul>\n<li>Promo\u00e7\u00e3o do direito \u00e0 cultura;<\/li>\n<li>Participa\u00e7\u00e3o democr\u00e1tica;<\/li>\n<li>Descentraliza\u00e7\u00e3o da gest\u00e3o da pol\u00edtica cultural;<\/li>\n<li>Respeito e valoriza\u00e7\u00e3o da diversidade;<\/li>\n<li>Inser\u00e7\u00e3o plena da Cultura no Projeto Acad\u00eamico;<\/li>\n<li>Reconhecimento da transversalidade da cultura.<\/li>\n<\/ul>\n\t\t<\/div> <!-- Close content div. -->\n\t<\/div> <!-- Close collapse div. -->\n<\/div> <!-- Close card div. -->\n<!-- Start accordion card div. -->\n<div class=\"ea-card  sp-ea-single\">\n\t<!-- Start accordion header. -->\n\t<h3 class=\"ea-header\">\n\t\t<!-- Add anchor tag for header. -->\n\t\t<a class=\"collapsed\" id=\"ea-header-7573\" role=\"button\" data-sptoggle=\"spcollapse\" data-sptarget=\"#collapse7573\" aria-controls=\"collapse7573\" href=\"#\"  aria-expanded=\"false\" tabindex=\"0\">\n\t\t<i aria-hidden=\"true\" role=\"presentation\" class=\"ea-expand-icon eap-icon-ea-expand-plus\"><\/i> Projetos em andamento\t\t<\/a> <!-- Close anchor tag for header. -->\n\t<\/h3>\t<!-- Close header tag. -->\n\t<!-- Start collapsible content div. -->\n\t<div class=\"sp-collapse spcollapse spcollapse\" id=\"collapse7573\" data-parent=\"#sp-ea-757\" role=\"region\" aria-labelledby=\"ea-header-7573\">  <!-- Content div. -->\n\t\t<div class=\"ea-body\">\n\t\t<p>As iniciativas da Procult abrangem a\u00e7\u00f5es formativas, como a Forma\u00e7\u00e3o Transversal em Culturas em Movimento e Processos Criativos; projetos como o Mapa da Cultura UFMG, Polo do Jequitinhonha na UFMG e f\u00f3runs de cultura; bem como parcerias com equipamentos e institui\u00e7\u00f5es locais, nacionais e internacionais - com destaque para a rede que acolhe artistas refugiados por meio das Casas Brasileiras de Ref\u00fagio, bra\u00e7o brasileiro da International Cities of Refuge Network (Icorn).<\/p>\n<p>Al\u00e9m da programa\u00e7\u00e3o cont\u00ednua de seus espa\u00e7os culturais - Centro Cultural, Conservat\u00f3rio, Espa\u00e7o do Conhecimento e Campus Cultural UFMG em Tiradentes - o \u00f3rg\u00e3o realiza programas art\u00edstico-culturais, como o Festival de Inverno, o Festival de Ver\u00e3o, a Feira do Jequitinhonha e o Circuito Cultural UFMG.<\/p>\n\t\t<\/div> <!-- Close content div. -->\n\t<\/div> <!-- Close collapse div. -->\n<\/div> <!-- Close card div. -->\n<!-- Start accordion card div. -->\n<div class=\"ea-card  sp-ea-single\">\n\t<!-- Start accordion header. -->\n\t<h3 class=\"ea-header\">\n\t\t<!-- Add anchor tag for header. -->\n\t\t<a class=\"collapsed\" id=\"ea-header-7574\" role=\"button\" data-sptoggle=\"spcollapse\" data-sptarget=\"#collapse7574\" aria-controls=\"collapse7574\" href=\"#\"  aria-expanded=\"false\" tabindex=\"0\">\n\t\t<i aria-hidden=\"true\" role=\"presentation\" class=\"ea-expand-icon eap-icon-ea-expand-plus\"><\/i> Procult em n\u00fameros\t\t<\/a> <!-- Close anchor tag for header. -->\n\t<\/h3>\t<!-- Close header tag. -->\n\t<!-- Start collapsible content div. -->\n\t<div class=\"sp-collapse spcollapse spcollapse\" id=\"collapse7574\" data-parent=\"#sp-ea-757\" role=\"region\" aria-labelledby=\"ea-header-7574\">  <!-- Content div. -->\n\t\t<div class=\"ea-body\">\n\t\t<p><strong>A\u00e7\u00f5es culturais<\/strong><br \/>\n<span style=\"color: #000000\">Modalidade presencial \u2013 1.720<\/span><br \/>\n<span style=\"color: #000000\">Modalidade virtual \u2013 214<br \/>\nTotal - 1.934<\/span><\/p>\n<p><strong>P\u00fablico<\/strong><br \/>\n<span style=\"color: #000000\">Visita\u00e7\u00f5es virtuais \u2013 2.474.854<\/span><br \/>\n<span style=\"color: #000000\">P\u00fablico presencial \u2013 159.814<\/span><br \/>\n<span style=\"color: #000000\">Total \u2013 2.634.668<\/span><\/p>\n<p>[Fonte: Relat\u00f3rio de Gest\u00e3o UFMG 2023]<\/p>\n\t\t<\/div> <!-- Close content div. -->\n\t<\/div> <!-- Close collapse div. -->\n<\/div> <!-- Close card div. -->\n<!-- Start accordion card div. -->\n<div class=\"ea-card  sp-ea-single\">\n\t<!-- Start accordion header. -->\n\t<h3 class=\"ea-header\">\n\t\t<!-- Add anchor tag for header. -->\n\t\t<a class=\"collapsed\" id=\"ea-header-7575\" role=\"button\" data-sptoggle=\"spcollapse\" data-sptarget=\"#collapse7575\" aria-controls=\"collapse7575\" href=\"#\"  aria-expanded=\"false\" tabindex=\"0\">\n\t\t<i aria-hidden=\"true\" role=\"presentation\" class=\"ea-expand-icon eap-icon-ea-expand-plus\"><\/i> Parcerias e conv\u00eanios\t\t<\/a> <!-- Close anchor tag for header. -->\n\t<\/h3>\t<!-- Close header tag. -->\n\t<!-- Start collapsible content div. -->\n\t<div class=\"sp-collapse spcollapse spcollapse\" id=\"collapse7575\" data-parent=\"#sp-ea-757\" role=\"region\" aria-labelledby=\"ea-header-7575\">  <!-- Content div. -->\n\t\t<div class=\"ea-body\">\n\t\t<p>[Aguarde!]<\/p>\n\t\t<\/div> <!-- Close content div. -->\n\t<\/div> <!-- Close collapse div. -->\n<\/div> <!-- Close card div. -->\n<!-- Start accordion card div. -->\n<div class=\"ea-card  sp-ea-single\">\n\t<!-- Start accordion header. -->\n\t<h3 class=\"ea-header\">\n\t\t<!-- Add anchor tag for header. -->\n\t\t<a class=\"collapsed\" id=\"ea-header-7576\" role=\"button\" data-sptoggle=\"spcollapse\" data-sptarget=\"#collapse7576\" aria-controls=\"collapse7576\" href=\"#\"  aria-expanded=\"false\" tabindex=\"0\">\n\t\t<i aria-hidden=\"true\" role=\"presentation\" class=\"ea-expand-icon eap-icon-ea-expand-plus\"><\/i> Funda\u00e7\u00e3o de Apoio\t\t<\/a> <!-- Close anchor tag for header. -->\n\t<\/h3>\t<!-- Close header tag. -->\n\t<!-- Start collapsible content div. -->\n\t<div class=\"sp-collapse spcollapse spcollapse\" id=\"collapse7576\" data-parent=\"#sp-ea-757\" role=\"region\" aria-labelledby=\"ea-header-7576\">  <!-- Content div. -->\n\t\t<div class=\"ea-body\">\n\t\t<p>Em 2022, a Funda\u00e7\u00e3o Rodrigo Mello Franco de Andrade foi credenciada pelo Minist\u00e9rio da Educa\u00e7\u00e3o e pelo Minist\u00e9rio da Ci\u00eancia, Tecnologia e Inova\u00e7\u00e3o como funda\u00e7\u00e3o de apoio \u00e0 cultura da UFMG, tornando-se apta a gerir projetos, cursos, eventos e iniciativas das mais diversas \u00e1reas do conhecimento, considerando sua transversalidade no ensino, na pesquisa e na extens\u00e3o.<\/p>\n<p>Sua cria\u00e7\u00e3o aconteceu em 1970 com o objetivo de colaborar com os \u00f3rg\u00e3os p\u00fablicos envolvidos na preserva\u00e7\u00e3o do patrim\u00f4nio hist\u00f3rico, art\u00edstico e cultural na cidade de Tiradentes. Desde ent\u00e3o, desenvolve projetos para este fim, atuando desde 2010 em parceria com o Campus Cultural UFMG em Tiradentes no Museu Casa Padre Toledo, no Centro de Estudos e Biblioteca e no Quatro Cantos Espa\u00e7o Cultural.<\/p>\n<p>Saiba mais clicando no link:<\/p>\n<h6><span style=\"color: #00ccff\"><a style=\"color: #00ccff\" href=\"https:\/\/frmfa.com.br\" target=\"_blank\" rel=\"noopener\">https:\/\/frmfa.com.br<\/a><\/span><\/h6>\n\t\t<\/div> <!-- Close content div. -->\n\t<\/div> <!-- Close collapse div. -->\n<\/div> <!-- Close card div. -->\n<!-- Start accordion card div. -->\n<div class=\"ea-card  sp-ea-single\">\n\t<!-- Start accordion header. -->\n\t<h3 class=\"ea-header\">\n\t\t<!-- Add anchor tag for header. -->\n\t\t<a class=\"collapsed\" id=\"ea-header-7577\" role=\"button\" data-sptoggle=\"spcollapse\" data-sptarget=\"#collapse7577\" aria-controls=\"collapse7577\" href=\"#\"  aria-expanded=\"false\" tabindex=\"0\">\n\t\t<i aria-hidden=\"true\" role=\"presentation\" class=\"ea-expand-icon eap-icon-ea-expand-plus\"><\/i> Todos os dirigentes\t\t<\/a> <!-- Close anchor tag for header. -->\n\t<\/h3>\t<!-- Close header tag. -->\n\t<!-- Start collapsible content div. -->\n\t<div class=\"sp-collapse spcollapse spcollapse\" id=\"collapse7577\" data-parent=\"#sp-ea-757\" role=\"region\" aria-labelledby=\"ea-header-7577\">  <!-- Content div. -->\n\t\t<div class=\"ea-body\">\n\t\t<p><strong>2022 - 2026<\/strong><\/p>\n<p>Fernando Ant\u00f4nio Mencarelli<br \/>\n<span style=\"color: #999999\"><em>Pr\u00f3-reitor de Cultura<\/em><\/span><\/p>\n<p>M\u00f4nica Medeiros Ribeiro<br \/>\n<span style=\"color: #999999\"><em>Pr\u00f3-reitora Adjunta de Cultura<\/em><\/span><\/p>\n<p><strong>2019 - 2022<\/strong><\/p>\n<p>Fernando Ant\u00f4nio Mencarelli<br \/>\n<span style=\"color: #999999\"><em>Diretor de A\u00e7\u00e3o Cultural<\/em><\/span><\/p>\n<p>M\u00f4nica Medeiros Ribeiro<br \/>\n<span style=\"color: #999999\"><em>Diretora Adjunta de A\u00e7\u00e3o Cultural<\/em><\/span><\/p>\n<p><strong>2018 - 2019<\/strong><\/p>\n<p>Rodrigo Vivas Andrade<br \/>\n<em><span style=\"color: #999999\">Diretor de A\u00e7\u00e3o Cultural<\/span><\/em><\/p>\n<p>Carla Andr\u00e9a Silva Lima<br \/>\n<em><span style=\"color: #999999\">Diretora Adjunta de A\u00e7\u00e3o Cultural (2018)<\/span><\/em><\/p>\n<p><strong>2014 - 2018<\/strong><\/p>\n<p>Leda Maria Martins<br \/>\n<span style=\"color: #999999\"><em>Diretora de A\u00e7\u00e3o Cultural<\/em><\/span><\/p>\n<p>Denise Ara\u00fajo Pedron<br \/>\n<span style=\"color: #999999\"><em>Diretora Adjunta de A\u00e7\u00e3o cultural (2015 a 2017)<\/em><\/span><\/p>\n<p>Fernando Mencarelli<br \/>\n<span style=\"color: #999999\"><em>Diretor Adjunto de A\u00e7\u00e3o Cultural (2014 - 2015)<\/em><\/span><\/p>\n<p><strong>2011 - 2014<\/strong><\/p>\n<p>S\u00f4nia Maria de Melo Queiroz<br \/>\n<span style=\"color: #999999\"><em>Diretora de A\u00e7\u00e3o Cultural<\/em><\/span><\/p>\n<p><strong>2006 - 2011 <\/strong><span style=\"color: #999999\">(julho)<\/span><\/p>\n<p>Maur\u00edcio Jos\u00e9 Laguardia Campomori<br \/>\n<span style=\"color: #999999\"><em>Diretor de A\u00e7\u00e3o Cultural<\/em><\/span><\/p>\n<p><strong>2002 - 2006<\/strong><\/p>\n<p><span style=\"color: #333333\">Fabr\u00edcio Jos\u00e9 Fernandino<\/span><br \/>\n<em><span style=\"color: #999999\">Diretor de A\u00e7\u00e3o Cultural<\/span><\/em><\/p>\n\t\t<\/div> <!-- Close content div. -->\n\t<\/div> <!-- Close collapse div. -->\n<\/div> <!-- Close card div. -->\n<\/div>\n<\/div>\n\n<p>&nbsp;<\/p>\n","protected":false},"excerpt":{"rendered":"<p>&nbsp; &nbsp; A Pr\u00f3-reitoria de Cultura (Procult) \u00e9 o \u00f3rg\u00e3o [&hellip;]<\/p>\n","protected":false},"author":1,"featured_media":0,"parent":487,"menu_order":0,"comment_status":"closed","ping_status":"closed","template":"","meta":{"_acf_changed":false,"footnotes":""},"tags":[158,162,164,168,33,37],"class_list":["post-491","page","type-page","status-publish","hentry","tag-apresentacao","tag-competencias","tag-historia","tag-politica-cultural","tag-pro-reitoria-de-cultura","tag-quem-somos"],"acf":[],"_links":{"self":[{"href":"https:\/\/www.ufmg.br\/procult\/wp-json\/wp\/v2\/pages\/491","targetHints":{"allow":["GET"]}}],"collection":[{"href":"https:\/\/www.ufmg.br\/procult\/wp-json\/wp\/v2\/pages"}],"about":[{"href":"https:\/\/www.ufmg.br\/procult\/wp-json\/wp\/v2\/types\/page"}],"author":[{"embeddable":true,"href":"https:\/\/www.ufmg.br\/procult\/wp-json\/wp\/v2\/users\/1"}],"replies":[{"embeddable":true,"href":"https:\/\/www.ufmg.br\/procult\/wp-json\/wp\/v2\/comments?post=491"}],"version-history":[{"count":23,"href":"https:\/\/www.ufmg.br\/procult\/wp-json\/wp\/v2\/pages\/491\/revisions"}],"predecessor-version":[{"id":2538,"href":"https:\/\/www.ufmg.br\/procult\/wp-json\/wp\/v2\/pages\/491\/revisions\/2538"}],"up":[{"embeddable":true,"href":"https:\/\/www.ufmg.br\/procult\/wp-json\/wp\/v2\/pages\/487"}],"wp:attachment":[{"href":"https:\/\/www.ufmg.br\/procult\/wp-json\/wp\/v2\/media?parent=491"}],"wp:term":[{"taxonomy":"post_tag","embeddable":true,"href":"https:\/\/www.ufmg.br\/procult\/wp-json\/wp\/v2\/tags?post=491"}],"curies":[{"name":"wp","href":"https:\/\/api.w.org\/{rel}","templated":true}]}}