{"id":493,"date":"2024-01-15T09:32:20","date_gmt":"2024-01-15T12:32:20","guid":{"rendered":"https:\/\/www.ufmg.br\/procult\/?page_id=493"},"modified":"2024-09-05T09:52:01","modified_gmt":"2024-09-05T12:52:01","slug":"organizacao","status":"publish","type":"page","link":"https:\/\/www.ufmg.br\/procult\/conheca-a-procult\/organizacao\/","title":{"rendered":"Organiza\u00e7\u00e3o"},"content":{"rendered":"<p>&nbsp;<\/p>\n<p><a href=\"https:\/\/bsky.app\/intent\/compose?text=https:\/\/www.ufmg.br\/procult\/conheca-a-procult\/organizacao\/\" target=\"_blank\" rel=\"noopener\"><img loading=\"lazy\" decoding=\"async\" class=\"alignnone size-full wp-image-2079\" src=\"https:\/\/www.ufmg.br\/procult\/wp-content\/uploads\/2024\/09\/bluesky-butterfly-logo-05.png\" alt=\"\" width=\"24\" height=\"21\" \/><\/a><a href=\"https:\/\/www.facebook.com\/sharer\/sharer.php?u=https:\/\/www.ufmg.br\/procult\/conheca-a-procult\/organizacao\/\" target=\"_blank\" rel=\"noopener\"><img loading=\"lazy\" decoding=\"async\" class=\"alignnone size-full wp-image-1892\" src=\"https:\/\/www.ufmg.br\/procult\/wp-content\/uploads\/2024\/08\/facebook-app-round-icon.png\" alt=\"\" width=\"24\" height=\"24\" \/><\/a><a href=\"https:\/\/twitter.com\/intent\/tweet?text=https:\/\/www.ufmg.br\/procult\/conheca-a-procult\/organizacao\/\" target=\"_blank\" rel=\"noopener\"><img loading=\"lazy\" decoding=\"async\" class=\"alignnone size-full wp-image-1893\" src=\"https:\/\/www.ufmg.br\/procult\/wp-content\/uploads\/2024\/08\/x-social-media-black-icon-1.png\" alt=\"\" width=\"24\" height=\"24\" \/><\/a><a href=\"https:\/\/www.linkedin.com\/sharing\/share-offsite\/?url=https:\/\/www.ufmg.br\/procult\/conheca-a-procult\/organizacao\/\" target=\"_blank\" rel=\"noopener\"><img loading=\"lazy\" decoding=\"async\" class=\"alignnone size-full wp-image-1894\" src=\"https:\/\/www.ufmg.br\/procult\/wp-content\/uploads\/2024\/08\/linkedin-square-icon.png\" alt=\"\" width=\"24\" height=\"24\" \/><\/a><a href=\"https:\/\/api.whatsapp.com\/send?text=https:\/\/www.ufmg.br\/procult\/conheca-a-procult\/organizacao\/\" target=\"_blank\" rel=\"noopener\"><img loading=\"lazy\" decoding=\"async\" class=\"alignnone size-full wp-image-1895\" src=\"https:\/\/www.ufmg.br\/procult\/wp-content\/uploads\/2024\/08\/whatsapp-icon.png\" alt=\"\" width=\"24\" height=\"24\" \/><\/a><a href=\"https:\/\/telegram.me\/share\/url?url=https:\/\/www.ufmg.br\/procult\/conheca-a-procult\/organizacao\/\" target=\"_blank\" rel=\"noopener\"><img loading=\"lazy\" decoding=\"async\" class=\"alignnone size-full wp-image-1896\" src=\"https:\/\/www.ufmg.br\/procult\/wp-content\/uploads\/2024\/08\/telegram-black-icon.png\" alt=\"\" width=\"24\" height=\"24\" \/><\/a><a href=\"mailto:?subject=https:\/\/www.ufmg.br\/procult\/conheca-a-procult\/organizacao\/\"><img loading=\"lazy\" decoding=\"async\" class=\"alignnone size-full wp-image-1891\" src=\"https:\/\/www.ufmg.br\/procult\/wp-content\/uploads\/2024\/08\/envelope-line-icon.png\" alt=\"\" width=\"24\" height=\"24\" \/><\/a><\/p>\n<p>Em sess\u00e3o realizada no dia 2 de junho de 2022, o Conselho Universit\u00e1rio da UFMG aprovou a cria\u00e7\u00e3o da Pr\u00f3-reitoria de Cultura, unidade administrativa vinculada \u00e0 Reitoria respons\u00e1vel pela gest\u00e3o, coordena\u00e7\u00e3o, promo\u00e7\u00e3o, desenvolvimento e difus\u00e3o da produ\u00e7\u00e3o e da pol\u00edtica cultural da UFMG. Conhe\u00e7a os documentos sobre o \u00f3rg\u00e3o e sua organiza\u00e7\u00e3o:<\/p>\n<p>&nbsp;<\/p>\n<h4><span style=\"color: #00ccff;\">Regulamenta\u00e7\u00e3o<\/span><\/h4>\n<style>#sp-ea-920 .spcollapsing { height: 0; overflow: hidden; transition-property: height;transition-duration: 500ms;}#sp-ea-920.sp-easy-accordion>.sp-ea-single {margin-bottom: 10px; border: 1px solid #e2e2e2; }#sp-ea-920.sp-easy-accordion>.sp-ea-single>.ea-header a {color: #444;}#sp-ea-920.sp-easy-accordion>.sp-ea-single>.sp-collapse>.ea-body {background: #fff; color: #444;}#sp-ea-920.sp-easy-accordion>.sp-ea-single {background: #eee;}#sp-ea-920.sp-easy-accordion>.sp-ea-single>.ea-header a .ea-expand-icon { float: left; color: #444;font-size: 16px;}<\/style><div id=\"sp_easy_accordion-1776413616\">\n<div id=\"sp-ea-920\" class=\"sp-ea-one sp-easy-accordion\" data-ea-active=\"ea-click\" data-ea-mode=\"vertical\" data-preloader=\"\" data-scroll-active-item=\"\" data-offset-to-scroll=\"0\">\n\n<!-- Start accordion card div. -->\n<div class=\"ea-card  sp-ea-single\">\n\t<!-- Start accordion header. -->\n\t<h3 class=\"ea-header\">\n\t\t<!-- Add anchor tag for header. -->\n\t\t<a class=\"collapsed\" id=\"ea-header-9200\" role=\"button\" data-sptoggle=\"spcollapse\" data-sptarget=\"#collapse9200\" aria-controls=\"collapse9200\" href=\"#\"  aria-expanded=\"false\" tabindex=\"0\">\n\t\t<i aria-hidden=\"true\" role=\"presentation\" class=\"ea-expand-icon eap-icon-ea-expand-plus\"><\/i> Resolu\u00e7\u00f5es e regimentos\t\t<\/a> <!-- Close anchor tag for header. -->\n\t<\/h3>\t<!-- Close header tag. -->\n\t<!-- Start collapsible content div. -->\n\t<div class=\"sp-collapse spcollapse spcollapse\" id=\"collapse9200\" data-parent=\"#sp-ea-920\" role=\"region\" aria-labelledby=\"ea-header-9200\">  <!-- Content div. -->\n\t\t<div class=\"ea-body\">\n\t\t<h6><a href=\"https:\/\/www.ufmg.br\/procult\/wp-content\/uploads\/2024\/01\/Resolucoes-criacao-procult-boletim-ufmg-2.116-edicao-especial.pdf\"><span style=\"color: #00ccff\">Resolu\u00e7\u00f5es de cria\u00e7\u00e3o da Procult<\/span><\/a><br \/>\n<span style=\"color: #00ccff\"><a style=\"color: #00ccff\" href=\"https:\/\/www.ufmg.br\/procult\/wp-content\/uploads\/2024\/01\/Regimento-Centro-Cultural.pdf\" target=\"_blank\" rel=\"noopener\">Regimento do Centro Cultural UFMG<\/a><\/span><br \/>\n<span style=\"color: #00ccff\"><a style=\"color: #00ccff\" href=\"https:\/\/www.ufmg.br\/procult\/wp-content\/uploads\/2024\/01\/Regimento_Conservatorio.pdf\" target=\"_blank\" rel=\"noopener\">Regimento do Conservat\u00f3rio UFMG<\/a><\/span><br \/>\n<span style=\"color: #00ccff\"><a style=\"color: #00ccff\" href=\"https:\/\/www.ufmg.br\/procult\/wp-content\/uploads\/2024\/01\/Regimento_-Espaco-Acervo-Artistico.pdf\" target=\"_blank\" rel=\"noopener\">Regimento do Espa\u00e7o Acervo Art\u00edstico UFMG<\/a><\/span><br \/>\n<span style=\"color: #00ccff\"><a style=\"color: #00ccff\" href=\"https:\/\/www.ufmg.br\/procult\/wp-content\/uploads\/2024\/01\/Regimento_Espaco-do-Conhecimento.pdf\" target=\"_blank\" rel=\"noopener\">Regimento do Espa\u00e7o do Conhecimento<\/a><\/span><\/h6>\n\t\t<\/div> <!-- Close content div. -->\n\t<\/div> <!-- Close collapse div. -->\n<\/div> <!-- Close card div. -->\n<\/div>\n<\/div>\n\n<p>&nbsp;<\/p>\n<h4><span style=\"color: #00ccff;\">Organograma<\/span><\/h4>\n<style>#sp-ea-909 .spcollapsing { height: 0; overflow: hidden; transition-property: height;transition-duration: 500ms;}#sp-ea-909.sp-easy-accordion>.sp-ea-single {margin-bottom: 10px; border: 1px solid #e2e2e2; }#sp-ea-909.sp-easy-accordion>.sp-ea-single>.ea-header a {color: #444;}#sp-ea-909.sp-easy-accordion>.sp-ea-single>.sp-collapse>.ea-body {background: #fff; color: #444;}#sp-ea-909.sp-easy-accordion>.sp-ea-single {background: #eee;}#sp-ea-909.sp-easy-accordion>.sp-ea-single>.ea-header a .ea-expand-icon { float: left; color: #444;font-size: 16px;}<\/style><div id=\"sp_easy_accordion-1776413616\">\n<div id=\"sp-ea-909\" class=\"sp-ea-one sp-easy-accordion\" data-ea-active=\"ea-click\" data-ea-mode=\"vertical\" data-preloader=\"\" data-scroll-active-item=\"\" data-offset-to-scroll=\"0\">\n\n<!-- Start accordion card div. -->\n<div class=\"ea-card  sp-ea-single\">\n\t<!-- Start accordion header. -->\n\t<h3 class=\"ea-header\">\n\t\t<!-- Add anchor tag for header. -->\n\t\t<a class=\"collapsed\" id=\"ea-header-9090\" role=\"button\" data-sptoggle=\"spcollapse\" data-sptarget=\"#collapse9090\" aria-controls=\"collapse9090\" href=\"#\"  aria-expanded=\"false\" tabindex=\"0\">\n\t\t<i aria-hidden=\"true\" role=\"presentation\" class=\"ea-expand-icon eap-icon-ea-expand-plus\"><\/i> Acesse arquivo\t\t<\/a> <!-- Close anchor tag for header. -->\n\t<\/h3>\t<!-- Close header tag. -->\n\t<!-- Start collapsible content div. -->\n\t<div class=\"sp-collapse spcollapse spcollapse\" id=\"collapse9090\" data-parent=\"#sp-ea-909\" role=\"region\" aria-labelledby=\"ea-header-9090\">  <!-- Content div. -->\n\t\t<div class=\"ea-body\">\n\t\t<h6><a href=\"https:\/\/www.ufmg.br\/procult\/wp-content\/uploads\/2024\/01\/Organograma-Procult.pdf\"><span style=\"color: #00ccff\">Organograma da Procult<\/span><\/a><\/h6>\n\t\t<\/div> <!-- Close content div. -->\n\t<\/div> <!-- Close collapse div. -->\n<\/div> <!-- Close card div. -->\n<\/div>\n<\/div>\n\n<p>&nbsp;<\/p>\n<h4><span style=\"color: #00ccff;\">Estrutura organizacional: compet\u00eancias<\/span><\/h4>\n<style>#sp-ea-915 .spcollapsing { height: 0; overflow: hidden; transition-property: height;transition-duration: 500ms;}#sp-ea-915.sp-easy-accordion>.sp-ea-single {margin-bottom: 10px; border: 1px solid #e2e2e2; }#sp-ea-915.sp-easy-accordion>.sp-ea-single>.ea-header a {color: #444;}#sp-ea-915.sp-easy-accordion>.sp-ea-single>.sp-collapse>.ea-body {background: #fff; color: #444;}#sp-ea-915.sp-easy-accordion>.sp-ea-single {background: #eee;}#sp-ea-915.sp-easy-accordion>.sp-ea-single>.ea-header a .ea-expand-icon { float: left; color: #444;font-size: 16px;}<\/style><div id=\"sp_easy_accordion-1746814756\">\n<div id=\"sp-ea-915\" class=\"sp-ea-one sp-easy-accordion\" data-ea-active=\"ea-click\" data-ea-mode=\"vertical\" data-preloader=\"\" data-scroll-active-item=\"\" data-offset-to-scroll=\"0\">\n\n<!-- Start accordion card div. -->\n<div class=\"ea-card  sp-ea-single\">\n\t<!-- Start accordion header. -->\n\t<h3 class=\"ea-header\">\n\t\t<!-- Add anchor tag for header. -->\n\t\t<a class=\"collapsed\" id=\"ea-header-9150\" role=\"button\" data-sptoggle=\"spcollapse\" data-sptarget=\"#collapse9150\" aria-controls=\"collapse9150\" href=\"#\"  aria-expanded=\"false\" tabindex=\"0\">\n\t\t<i aria-hidden=\"true\" role=\"presentation\" class=\"ea-expand-icon eap-icon-ea-expand-plus\"><\/i> Pr\u00f3-reitores\t\t<\/a> <!-- Close anchor tag for header. -->\n\t<\/h3>\t<!-- Close header tag. -->\n\t<!-- Start collapsible content div. -->\n\t<div class=\"sp-collapse spcollapse spcollapse\" id=\"collapse9150\" data-parent=\"#sp-ea-915\" role=\"region\" aria-labelledby=\"ea-header-9150\">  <!-- Content div. -->\n\t\t<div class=\"ea-body\">\n\t\t<p>A Pr\u00f3-reitoria de Cultura \u00e9 coordenada por um(a) pr\u00f3-reitor(a) e um(a) pr\u00f3-reitor(a) adjunto(a), indicados pelo(a) reitor(a) da Universidade.<\/p>\n\t\t<\/div> <!-- Close content div. -->\n\t<\/div> <!-- Close collapse div. -->\n<\/div> <!-- Close card div. -->\n<!-- Start accordion card div. -->\n<div class=\"ea-card  sp-ea-single\">\n\t<!-- Start accordion header. -->\n\t<h3 class=\"ea-header\">\n\t\t<!-- Add anchor tag for header. -->\n\t\t<a class=\"collapsed\" id=\"ea-header-9151\" role=\"button\" data-sptoggle=\"spcollapse\" data-sptarget=\"#collapse9151\" aria-controls=\"collapse9151\" href=\"#\"  aria-expanded=\"false\" tabindex=\"0\">\n\t\t<i aria-hidden=\"true\" role=\"presentation\" class=\"ea-expand-icon eap-icon-ea-expand-plus\"><\/i> Conselho de Pol\u00edtica Cultural\t\t<\/a> <!-- Close anchor tag for header. -->\n\t<\/h3>\t<!-- Close header tag. -->\n\t<!-- Start collapsible content div. -->\n\t<div class=\"sp-collapse spcollapse spcollapse\" id=\"collapse9151\" data-parent=\"#sp-ea-915\" role=\"region\" aria-labelledby=\"ea-header-9151\">  <!-- Content div. -->\n\t\t<div class=\"ea-body\">\n\t\t<p>O Conselho de Pol\u00edtica Cultural \u00e9 inst\u00e2ncia colegiada, de car\u00e1ter consultivo da Pr\u00f3-reitoria de Cultura, competindo-lhe assessor\u00e1-la na execu\u00e7\u00e3o da Pol\u00edtica Cultural da UFMG.<\/p>\n<p>A Pol\u00edtica Cultural da UFMG estabelecer\u00e1 os princ\u00edpios e as diretrizes gerais que orientar\u00e3o as linhas de atua\u00e7\u00e3o da Procult.<\/p>\n<p><a href=\"https:\/\/www.ufmg.br\/procult\/wp-content\/uploads\/2025\/05\/SEI_3836592_Portaria_11591.pdf\" target=\"_blank\" rel=\"noopener\">Portaria de nomea\u00e7\u00e3o do Conselho de Pol\u00edticas Culturais<\/a><\/p>\n\t\t<\/div> <!-- Close content div. -->\n\t<\/div> <!-- Close collapse div. -->\n<\/div> <!-- Close card div. -->\n<!-- Start accordion card div. -->\n<div class=\"ea-card  sp-ea-single\">\n\t<!-- Start accordion header. -->\n\t<h3 class=\"ea-header\">\n\t\t<!-- Add anchor tag for header. -->\n\t\t<a class=\"collapsed\" id=\"ea-header-9152\" role=\"button\" data-sptoggle=\"spcollapse\" data-sptarget=\"#collapse9152\" aria-controls=\"collapse9152\" href=\"#\"  aria-expanded=\"false\" tabindex=\"0\">\n\t\t<i aria-hidden=\"true\" role=\"presentation\" class=\"ea-expand-icon eap-icon-ea-expand-plus\"><\/i> Secretaria Administrativa\t\t<\/a> <!-- Close anchor tag for header. -->\n\t<\/h3>\t<!-- Close header tag. -->\n\t<!-- Start collapsible content div. -->\n\t<div class=\"sp-collapse spcollapse spcollapse\" id=\"collapse9152\" data-parent=\"#sp-ea-915\" role=\"region\" aria-labelledby=\"ea-header-9152\">  <!-- Content div. -->\n\t\t<div class=\"ea-body\">\n\t\t<p>Compete \u00e0 Secretaria Administrativa executar os servi\u00e7os administrativos da Pr\u00f3-reitoria de Cultura.<\/p>\n\t\t<\/div> <!-- Close content div. -->\n\t<\/div> <!-- Close collapse div. -->\n<\/div> <!-- Close card div. -->\n<!-- Start accordion card div. -->\n<div class=\"ea-card  sp-ea-single\">\n\t<!-- Start accordion header. -->\n\t<h3 class=\"ea-header\">\n\t\t<!-- Add anchor tag for header. -->\n\t\t<a class=\"collapsed\" id=\"ea-header-9153\" role=\"button\" data-sptoggle=\"spcollapse\" data-sptarget=\"#collapse9153\" aria-controls=\"collapse9153\" href=\"#\"  aria-expanded=\"false\" tabindex=\"0\">\n\t\t<i aria-hidden=\"true\" role=\"presentation\" class=\"ea-expand-icon eap-icon-ea-expand-plus\"><\/i> Coordenadorias Administrativas\t\t<\/a> <!-- Close anchor tag for header. -->\n\t<\/h3>\t<!-- Close header tag. -->\n\t<!-- Start collapsible content div. -->\n\t<div class=\"sp-collapse spcollapse spcollapse\" id=\"collapse9153\" data-parent=\"#sp-ea-915\" role=\"region\" aria-labelledby=\"ea-header-9153\">  <!-- Content div. -->\n\t\t<div class=\"ea-body\">\n\t\t<p><strong>Coordenadoria da Administra\u00e7\u00e3o Central<\/strong><\/p>\n<p style=\"padding-left: 40px\">Inst\u00e2ncia t\u00e9cnica encarregada de executar e avaliar as a\u00e7\u00f5es, os programas e os projetos nas seguintes \u00e1reas de atua\u00e7\u00e3o da Pr\u00f3-reitoria de Cultura: financeiro, compras, patrim\u00f4nio, infraestrutura, pessoal e afins.<\/p>\n<p><strong>Coordenadoria de Pol\u00edticas Culturais<\/strong><\/p>\n<p style=\"padding-left: 40px\">Inst\u00e2ncia t\u00e9cnica diretamente encarregada de executar e avaliar as a\u00e7\u00f5es, programas e projetos nas seguintes \u00e1reas de atua\u00e7\u00e3o da Pr\u00f3-reitoria de Cultura: projetos, conv\u00eanios, coopera\u00e7\u00e3o institucional e interinstitucional, mapeamento cultural, interioriza\u00e7\u00e3o de a\u00e7\u00f5es culturais, apoio e fomento da cultura, avalia\u00e7\u00e3o da Pol\u00edtica Cultural e afins.<\/p>\n<p><strong>Coordenadoria de Difus\u00e3o e Forma\u00e7\u00e3o Cultural<\/strong><\/p>\n<p style=\"padding-left: 40px\">Inst\u00e2ncia t\u00e9cnica encarregada de executar e avaliar as a\u00e7\u00f5es, os programas e os projetos nas seguintes \u00e1reas de atua\u00e7\u00e3o da Pr\u00f3-reitoria de Cultura: a\u00e7\u00f5es formativas, realiza\u00e7\u00e3o de eventos, produ\u00e7\u00e3o cultural, produ\u00e7\u00e3o-executiva e afins.<\/p>\n<p><strong>Coordenadoria de Patrim\u00f4nio Cultural<\/strong><\/p>\n<p style=\"padding-left: 40px\">Inst\u00e2ncia t\u00e9cnica encarregada de executar e avaliar as a\u00e7\u00f5es, os programas e os projetos nas seguintes \u00e1reas de atua\u00e7\u00e3o: pol\u00edticas para o patrim\u00f4nio material e imaterial, gest\u00e3o de acervos e bens tombados da Pr\u00f3-reitoria de Cultura, gest\u00e3o do Sistema de Informa\u00e7\u00e3o e Gest\u00e3o de Acervos Art\u00edsticos, documenta\u00e7\u00e3o, mem\u00f3ria e afins.<\/p>\n\t\t<\/div> <!-- Close content div. -->\n\t<\/div> <!-- Close collapse div. -->\n<\/div> <!-- Close card div. -->\n<!-- Start accordion card div. -->\n<div class=\"ea-card  sp-ea-single\">\n\t<!-- Start accordion header. -->\n\t<h3 class=\"ea-header\">\n\t\t<!-- Add anchor tag for header. -->\n\t\t<a class=\"collapsed\" id=\"ea-header-9154\" role=\"button\" data-sptoggle=\"spcollapse\" data-sptarget=\"#collapse9154\" aria-controls=\"collapse9154\" href=\"#\"  aria-expanded=\"false\" tabindex=\"0\">\n\t\t<i aria-hidden=\"true\" role=\"presentation\" class=\"ea-expand-icon eap-icon-ea-expand-plus\"><\/i> Espa\u00e7os Culturais\t\t<\/a> <!-- Close anchor tag for header. -->\n\t<\/h3>\t<!-- Close header tag. -->\n\t<!-- Start collapsible content div. -->\n\t<div class=\"sp-collapse spcollapse spcollapse\" id=\"collapse9154\" data-parent=\"#sp-ea-915\" role=\"region\" aria-labelledby=\"ea-header-9154\">  <!-- Content div. -->\n\t\t<div class=\"ea-body\">\n\t\t<p>Os Espa\u00e7os Culturais da Pr\u00f3-reitoria de Cultura s\u00e3o espa\u00e7os que oferecem condi\u00e7\u00f5es para a pr\u00e1tica cultural e que contribuem, em articula\u00e7\u00e3o uns com os outros, para a execu\u00e7\u00e3o da Pol\u00edtica Cultural da Universidade. S\u00e3o eles:<\/p>\n<ul>\n<li>Campus Cultural UFMG em Tiradentes;<\/li>\n<li>Centro Cultural UFMG;<\/li>\n<li>Conservat\u00f3rio UFMG;<\/li>\n<li>Espa\u00e7o Acervo Art\u00edstico UFMG;<\/li>\n<li>Espa\u00e7o do Conhecimento UFMG.<\/li>\n<\/ul>\n\t\t<\/div> <!-- Close content div. -->\n\t<\/div> <!-- Close collapse div. -->\n<\/div> <!-- Close card div. -->\n<!-- Start accordion card div. -->\n<div class=\"ea-card  sp-ea-single\">\n\t<!-- Start accordion header. -->\n\t<h3 class=\"ea-header\">\n\t\t<!-- Add anchor tag for header. -->\n\t\t<a class=\"collapsed\" id=\"ea-header-9155\" role=\"button\" data-sptoggle=\"spcollapse\" data-sptarget=\"#collapse9155\" aria-controls=\"collapse9155\" href=\"#\"  aria-expanded=\"false\" tabindex=\"0\">\n\t\t<i aria-hidden=\"true\" role=\"presentation\" class=\"ea-expand-icon eap-icon-ea-expand-plus\"><\/i> Comit\u00ea Gestor dos Espa\u00e7os Culturais da Procult\t\t<\/a> <!-- Close anchor tag for header. -->\n\t<\/h3>\t<!-- Close header tag. -->\n\t<!-- Start collapsible content div. -->\n\t<div class=\"sp-collapse spcollapse spcollapse\" id=\"collapse9155\" data-parent=\"#sp-ea-915\" role=\"region\" aria-labelledby=\"ea-header-9155\">  <!-- Content div. -->\n\t\t<div class=\"ea-body\">\n\t\t<p>O Comit\u00ea Gestor de Espa\u00e7os Culturais da Procult \u00e9 inst\u00e2ncia de articula\u00e7\u00e3o das a\u00e7\u00f5es, dos projetos e dos programas dos espa\u00e7os culturais. Ele \u00e9 integrado pelo(a) pr\u00f3-reitor(a) de Cultura (que o preside), pelo(a) pr\u00f3-reitor(a) adjunto(a) de Cultura e pelos(as) diretores(as) dos espa\u00e7os culturais.<\/p>\n<p>Compete ao Comit\u00ea :<\/p>\n<ul>\n<li>articular a\u00e7\u00f5es, projetos e programas dos Espa\u00e7os Culturais;<\/li>\n<li>encaminhar quest\u00f5es administrativas e t\u00e9cnicas comuns;<\/li>\n<li>planejar a\u00e7\u00f5es visando a implementa\u00e7\u00e3o da Pol\u00edtica Cultural da UFMG;<\/li>\n<li>elaborar propostas de aperfei\u00e7oamento e desenvolvimento da Pol\u00edtica Cultural da UFMG a serem encaminhadas para aprecia\u00e7\u00e3o do Conselho de Pol\u00edtica Cultural.<\/li>\n<\/ul>\n\t\t<\/div> <!-- Close content div. -->\n\t<\/div> <!-- Close collapse div. -->\n<\/div> <!-- Close card div. -->\n<\/div>\n<\/div>\n\n<p>&nbsp;<\/p>\n<h4><span style=\"color: #00ccff;\">Equipe:<\/span><\/h4>\n<style>#sp-ea-924 .spcollapsing { height: 0; overflow: hidden; transition-property: height;transition-duration: 500ms;}#sp-ea-924.sp-easy-accordion>.sp-ea-single {margin-bottom: 10px; border: 1px solid #e2e2e2; }#sp-ea-924.sp-easy-accordion>.sp-ea-single>.ea-header a {color: #444;}#sp-ea-924.sp-easy-accordion>.sp-ea-single>.sp-collapse>.ea-body {background: #fff; color: #444;}#sp-ea-924.sp-easy-accordion>.sp-ea-single {background: #eee;}#sp-ea-924.sp-easy-accordion>.sp-ea-single>.ea-header a .ea-expand-icon { float: left; color: #444;font-size: 16px;}<\/style><div id=\"sp_easy_accordion-1776413616\">\n<div id=\"sp-ea-924\" class=\"sp-ea-one sp-easy-accordion\" data-ea-active=\"ea-click\" data-ea-mode=\"vertical\" data-preloader=\"\" data-scroll-active-item=\"\" data-offset-to-scroll=\"0\">\n\n<!-- Start accordion card div. -->\n<div class=\"ea-card  sp-ea-single\">\n\t<!-- Start accordion header. -->\n\t<h3 class=\"ea-header\">\n\t\t<!-- Add anchor tag for header. -->\n\t\t<a class=\"collapsed\" id=\"ea-header-9240\" role=\"button\" data-sptoggle=\"spcollapse\" data-sptarget=\"#collapse9240\" aria-controls=\"collapse9240\" href=\"#\"  aria-expanded=\"false\" tabindex=\"0\">\n\t\t<i aria-hidden=\"true\" role=\"presentation\" class=\"ea-expand-icon eap-icon-ea-expand-plus\"><\/i> Todos os integrantes\t\t<\/a> <!-- Close anchor tag for header. -->\n\t<\/h3>\t<!-- Close header tag. -->\n\t<!-- Start collapsible content div. -->\n\t<div class=\"sp-collapse spcollapse spcollapse\" id=\"collapse9240\" data-parent=\"#sp-ea-924\" role=\"region\" aria-labelledby=\"ea-header-9240\">  <!-- Content div. -->\n\t\t<div class=\"ea-body\">\n\t\t<h6><span style=\"color: #00ccff\"><a style=\"color: #00ccff\" href=\"https:\/\/www.ufmg.br\/procult\/conheca-a-procult\/organizacao\/equipe\/\">Acesse a rela\u00e7\u00e3o de todos os integrantes por setores e \u00f3rg\u00e3os<\/a><\/span><\/h6>\n\t\t<\/div> <!-- Close content div. -->\n\t<\/div> <!-- Close collapse div. -->\n<\/div> <!-- Close card div. -->\n<\/div>\n<\/div>\n\n<p>&nbsp;<\/p>\n<p>&nbsp;<\/p>\n","protected":false},"excerpt":{"rendered":"<p>&nbsp; Em sess\u00e3o realizada no dia 2 de junho de [&hellip;]<\/p>\n","protected":false},"author":1,"featured_media":0,"parent":487,"menu_order":0,"comment_status":"closed","ping_status":"closed","template":"","meta":{"_acf_changed":false,"footnotes":""},"tags":[45,43,47,39,41,33],"class_list":["post-493","page","type-page","status-publish","hentry","tag-coordenadorias","tag-equipe","tag-estrutura-administrativa","tag-organizacao","tag-organograma","tag-pro-reitoria-de-cultura"],"acf":[],"_links":{"self":[{"href":"https:\/\/www.ufmg.br\/procult\/wp-json\/wp\/v2\/pages\/493","targetHints":{"allow":["GET"]}}],"collection":[{"href":"https:\/\/www.ufmg.br\/procult\/wp-json\/wp\/v2\/pages"}],"about":[{"href":"https:\/\/www.ufmg.br\/procult\/wp-json\/wp\/v2\/types\/page"}],"author":[{"embeddable":true,"href":"https:\/\/www.ufmg.br\/procult\/wp-json\/wp\/v2\/users\/1"}],"replies":[{"embeddable":true,"href":"https:\/\/www.ufmg.br\/procult\/wp-json\/wp\/v2\/comments?post=493"}],"version-history":[{"count":28,"href":"https:\/\/www.ufmg.br\/procult\/wp-json\/wp\/v2\/pages\/493\/revisions"}],"predecessor-version":[{"id":2126,"href":"https:\/\/www.ufmg.br\/procult\/wp-json\/wp\/v2\/pages\/493\/revisions\/2126"}],"up":[{"embeddable":true,"href":"https:\/\/www.ufmg.br\/procult\/wp-json\/wp\/v2\/pages\/487"}],"wp:attachment":[{"href":"https:\/\/www.ufmg.br\/procult\/wp-json\/wp\/v2\/media?parent=493"}],"wp:term":[{"taxonomy":"post_tag","embeddable":true,"href":"https:\/\/www.ufmg.br\/procult\/wp-json\/wp\/v2\/tags?post=493"}],"curies":[{"name":"wp","href":"https:\/\/api.w.org\/{rel}","templated":true}]}}