{"id":495,"date":"2024-01-15T09:33:31","date_gmt":"2024-01-15T12:33:31","guid":{"rendered":"https:\/\/www.ufmg.br\/procult\/?page_id=495"},"modified":"2024-11-08T14:22:38","modified_gmt":"2024-11-08T17:22:38","slug":"documentos","status":"publish","type":"page","link":"https:\/\/www.ufmg.br\/procult\/conheca-a-procult\/documentos\/","title":{"rendered":"Documentos"},"content":{"rendered":"<p>&nbsp;<\/p>\n<p><a href=\"https:\/\/bsky.app\/intent\/compose?text=https:\/\/www.ufmg.br\/procult\/conheca-a-procult\/planejamento\/\" target=\"_blank\" rel=\"noopener\"><img loading=\"lazy\" decoding=\"async\" class=\"alignnone size-full wp-image-2079\" src=\"https:\/\/www.ufmg.br\/procult\/wp-content\/uploads\/2024\/09\/bluesky-butterfly-logo-05.png\" alt=\"\" width=\"24\" height=\"21\" \/><\/a><a href=\"https:\/\/www.facebook.com\/sharer\/sharer.php?u=https:\/\/www.ufmg.br\/procult\/conheca-a-procult\/planejamento\/\" target=\"_blank\" rel=\"noopener\"><img loading=\"lazy\" decoding=\"async\" class=\"alignnone size-full wp-image-1892\" src=\"https:\/\/www.ufmg.br\/procult\/wp-content\/uploads\/2024\/08\/facebook-app-round-icon.png\" alt=\"\" width=\"24\" height=\"24\" \/><\/a><a href=\"https:\/\/twitter.com\/intent\/tweet?text=https:\/\/www.ufmg.br\/procult\/conheca-a-procult\/planejamento\/\" target=\"_blank\" rel=\"noopener\"><img loading=\"lazy\" decoding=\"async\" class=\"alignnone size-full wp-image-1893\" src=\"https:\/\/www.ufmg.br\/procult\/wp-content\/uploads\/2024\/08\/x-social-media-black-icon-1.png\" alt=\"\" width=\"24\" height=\"24\" \/><\/a><a href=\"https:\/\/www.linkedin.com\/sharing\/share-offsite\/?url=https:\/\/www.ufmg.br\/procult\/conheca-a-procult\/planejamento\/\" target=\"_blank\" rel=\"noopener\"><img loading=\"lazy\" decoding=\"async\" class=\"alignnone size-full wp-image-1894\" src=\"https:\/\/www.ufmg.br\/procult\/wp-content\/uploads\/2024\/08\/linkedin-square-icon.png\" alt=\"\" width=\"24\" height=\"24\" \/><\/a><a href=\"https:\/\/api.whatsapp.com\/send?text=https:\/\/www.ufmg.br\/procult\/conheca-a-procult\/planejamento\/\" target=\"_blank\" rel=\"noopener\"><img loading=\"lazy\" decoding=\"async\" class=\"alignnone size-full wp-image-1895\" src=\"https:\/\/www.ufmg.br\/procult\/wp-content\/uploads\/2024\/08\/whatsapp-icon.png\" alt=\"\" width=\"24\" height=\"24\" \/><\/a><a href=\"https:\/\/telegram.me\/share\/url?url=https:\/\/www.ufmg.br\/procult\/conheca-a-procult\/planejamento\/\" target=\"_blank\" rel=\"noopener\"><img loading=\"lazy\" decoding=\"async\" class=\"alignnone size-full wp-image-1896\" src=\"https:\/\/www.ufmg.br\/procult\/wp-content\/uploads\/2024\/08\/telegram-black-icon.png\" alt=\"\" width=\"24\" height=\"24\" \/><\/a><a href=\"mailto:?subject=https:\/\/www.ufmg.br\/procult\/conheca-a-procult\/planejamento\/\"><img loading=\"lazy\" decoding=\"async\" class=\"alignnone size-full wp-image-1891\" src=\"https:\/\/www.ufmg.br\/procult\/wp-content\/uploads\/2024\/08\/envelope-line-icon.png\" alt=\"\" width=\"24\" height=\"24\" \/><\/a><\/p>\n<h4><\/h4>\n<h4><span style=\"color: #00ccff;\">Plano de Desenvolvimento Institucional<\/span><\/h4>\n<p>&nbsp;<\/p>\n<p>O Plano de Desenvolvimento Institucional (PDI) \u00e9 um documento que re\u00fane os fundamentos orientadores do planejamento e da gest\u00e3o interna da Universidade, visando \u00e0 transpar\u00eancia em seu relacionamento com a comunidade interna, com outras institui\u00e7\u00f5es e com a sociedade em geral.<\/p>\n<p>Sua produ\u00e7\u00e3o e divulga\u00e7\u00e3o foram estabelecidas pelo Decreto n\u00ba 5.773 de maio de 2006 do governo federal.<\/p>\n<p><strong>Edi\u00e7\u00f5es<\/strong><\/p>\n<p>Acesse os documentos e explore as se\u00e7\u00f5es do planejamento sobre a Cultura na UFMG:<\/p>\n<p><b class=\"wp-svg-file-pdf file-pdf\"><\/b>\u00a0 \u00a0<span style=\"color: #000000;\"> <a style=\"color: #000000;\" href=\"https:\/\/ufmg.br\/storage\/3\/f\/4\/3\/3f4306093ba5f66b7633a5167a49f047_15347223650757_335331363.pdf\" target=\"_blank\" rel=\"noopener\">PDI 2008-2012<\/a><\/span><\/p>\n<p><b class=\"wp-svg-file-pdf file-pdf\"><\/b> \u00a0\u00a0 <span style=\"color: #000000;\"><a style=\"color: #000000;\" href=\"https:\/\/ufmg.br\/storage\/7\/e\/f\/d\/7efdc27d6d46eaf954bca25fc423931e_153472246341_1967195189.pdf\" target=\"_blank\" rel=\"noopener\">PDI 2013-2017<\/a><\/span><\/p>\n<p><b class=\"wp-svg-file-pdf file-pdf\"><\/b> \u00a0\u00a0 <span style=\"color: #000000;\"><a style=\"color: #000000;\" href=\"https:\/\/ufmg.br\/storage\/c\/e\/c\/9\/cec964e64ae9ba1b073e4c169c50165f_15525812888029_1368629454.pdf\" target=\"_blank\" rel=\"noopener\">PDI 2018-2023<\/a><\/span><\/p>\n<p><b class=\"wp-svg-file-pdf file-pdf\"><\/b>\u00a0 \u00a0 <span style=\"color: #000000;\"><a style=\"color: #000000;\" href=\"https:\/\/ufmg.br\/storage\/e\/6\/f\/d\/e6fd7ed46a75335165c94ede1e85b067_17216646719366_732696286.pdf\" target=\"_blank\" rel=\"noopener\">PDI 2024-2029<\/a><\/span><\/p>\n<p>&nbsp;<\/p>\n<h4><span style=\"color: #00ccff;\">Relat\u00f3rios de Gest\u00e3o<\/span><\/h4>\n<p>&nbsp;<\/p>\n<p>A Pr\u00f3-reitoria de Planejamento da UFMG disponibiliza em seu site relat\u00f3rios de gest\u00e3o da Universidade, nos quais se encontram informa\u00e7\u00f5es e dados sobre o \u00f3rg\u00e3o de Cultura. Acesse:<\/p>\n<p><i class=\"wp-svg-folder-open folder-open\"><\/i>\u00a0 <span style=\"color: #000000;\">\u00a0 <a style=\"color: #000000;\" href=\"https:\/\/www.ufmg.br\/proplan\/relatorios-de-gestao\/\" target=\"_blank\" rel=\"noopener\">Relat\u00f3rios<\/a><\/span><\/p>\n<p>&nbsp;<\/p>\n<h4><span style=\"color: #00ccff;\">Demonstra\u00e7\u00f5es cont\u00e1beis<\/span><\/h4>\n<p>&nbsp;<\/p>\n<p>Os documentos sobre demonstra\u00e7\u00f5es cont\u00e1beis da Universidade podem ser acessados no site da Pr\u00f3-reitoria de Planejamento da UFMG:<\/p>\n<p><i class=\"wp-svg-folder-open folder-open\"><\/i>\u00a0 \u00a0 <span style=\"color: #000000;\"><a style=\"color: #000000;\" href=\"https:\/\/www.ufmg.br\/proplan\/prestacao-de-contas-da-ufmg\/demonstracoes-contabeis\/\" target=\"_blank\" rel=\"noopener\">Demonstra\u00e7\u00f5es cont\u00e1beis UFMG<\/a><\/span><\/p>\n<p>&nbsp;<\/p>\n<p>&nbsp;<\/p>\n","protected":false},"excerpt":{"rendered":"<p>&nbsp; Plano de Desenvolvimento Institucional &nbsp; O Plano de Desenvolvimento [&hellip;]<\/p>\n","protected":false},"author":1,"featured_media":0,"parent":487,"menu_order":0,"comment_status":"closed","ping_status":"closed","template":"","meta":{"_acf_changed":false,"footnotes":""},"tags":[49,172,33],"class_list":["post-495","page","type-page","status-publish","hentry","tag-planejamento","tag-plano-de-desenvolvimento-institucional-pdi","tag-pro-reitoria-de-cultura"],"acf":[],"_links":{"self":[{"href":"https:\/\/www.ufmg.br\/procult\/wp-json\/wp\/v2\/pages\/495","targetHints":{"allow":["GET"]}}],"collection":[{"href":"https:\/\/www.ufmg.br\/procult\/wp-json\/wp\/v2\/pages"}],"about":[{"href":"https:\/\/www.ufmg.br\/procult\/wp-json\/wp\/v2\/types\/page"}],"author":[{"embeddable":true,"href":"https:\/\/www.ufmg.br\/procult\/wp-json\/wp\/v2\/users\/1"}],"replies":[{"embeddable":true,"href":"https:\/\/www.ufmg.br\/procult\/wp-json\/wp\/v2\/comments?post=495"}],"version-history":[{"count":22,"href":"https:\/\/www.ufmg.br\/procult\/wp-json\/wp\/v2\/pages\/495\/revisions"}],"predecessor-version":[{"id":2539,"href":"https:\/\/www.ufmg.br\/procult\/wp-json\/wp\/v2\/pages\/495\/revisions\/2539"}],"up":[{"embeddable":true,"href":"https:\/\/www.ufmg.br\/procult\/wp-json\/wp\/v2\/pages\/487"}],"wp:attachment":[{"href":"https:\/\/www.ufmg.br\/procult\/wp-json\/wp\/v2\/media?parent=495"}],"wp:term":[{"taxonomy":"post_tag","embeddable":true,"href":"https:\/\/www.ufmg.br\/procult\/wp-json\/wp\/v2\/tags?post=495"}],"curies":[{"name":"wp","href":"https:\/\/api.w.org\/{rel}","templated":true}]}}