{"id":520,"date":"2024-01-15T09:58:00","date_gmt":"2024-01-15T12:58:00","guid":{"rendered":"https:\/\/www.ufmg.br\/procult\/?page_id=520"},"modified":"2024-09-04T11:25:07","modified_gmt":"2024-09-04T14:25:07","slug":"outros-espacos-da-ufmg","status":"publish","type":"page","link":"https:\/\/www.ufmg.br\/procult\/espacos-de-cultura\/outros-espacos-da-ufmg\/","title":{"rendered":"Outros espa\u00e7os da UFMG"},"content":{"rendered":"<p>&nbsp;<\/p>\n<p><a href=\"https:\/\/bsky.app\/intent\/compose?text=https:\/\/www.ufmg.br\/procult\/espacos-de-cultura\/outros-espacos-da-ufmg\/\" target=\"_blank\" rel=\"noopener\"><img loading=\"lazy\" decoding=\"async\" class=\"alignnone size-full wp-image-2079\" src=\"https:\/\/www.ufmg.br\/procult\/wp-content\/uploads\/2024\/09\/bluesky-butterfly-logo-05.png\" alt=\"\" width=\"24\" height=\"21\" \/><\/a><a href=\"https:\/\/www.facebook.com\/sharer\/sharer.php?u=https:\/\/www.ufmg.br\/procult\/espacos-de-cultura\/outros-espacos-da-ufmg\/\" target=\"_blank\" rel=\"noopener\"><img loading=\"lazy\" decoding=\"async\" class=\"alignnone size-full wp-image-1892\" src=\"https:\/\/www.ufmg.br\/procult\/wp-content\/uploads\/2024\/08\/facebook-app-round-icon.png\" alt=\"\" width=\"24\" height=\"24\" \/><\/a><a href=\"https:\/\/twitter.com\/intent\/tweet?text=https:\/\/www.ufmg.br\/procult\/espacos-de-cultura\/outros-espacos-da-ufmg\/\" target=\"_blank\" rel=\"noopener\"><img loading=\"lazy\" decoding=\"async\" class=\"alignnone size-full wp-image-1893\" src=\"https:\/\/www.ufmg.br\/procult\/wp-content\/uploads\/2024\/08\/x-social-media-black-icon-1.png\" alt=\"\" width=\"24\" height=\"24\" \/><\/a><a href=\"https:\/\/www.linkedin.com\/sharing\/share-offsite\/?url=https:\/\/www.ufmg.br\/procult\/espacos-de-cultura\/outros-espacos-da-ufmg\/\" target=\"_blank\" rel=\"noopener\"><img loading=\"lazy\" decoding=\"async\" class=\"alignnone size-full wp-image-1894\" src=\"https:\/\/www.ufmg.br\/procult\/wp-content\/uploads\/2024\/08\/linkedin-square-icon.png\" alt=\"\" width=\"24\" height=\"24\" \/><\/a><a href=\"https:\/\/api.whatsapp.com\/send?text=https:\/\/www.ufmg.br\/procult\/espacos-de-cultura\/outros-espacos-da-ufmg\/\" target=\"_blank\" rel=\"noopener\"><img loading=\"lazy\" decoding=\"async\" class=\"alignnone size-full wp-image-1895\" src=\"https:\/\/www.ufmg.br\/procult\/wp-content\/uploads\/2024\/08\/whatsapp-icon.png\" alt=\"\" width=\"24\" height=\"24\" \/><\/a><a href=\"https:\/\/telegram.me\/share\/url?url=https:\/\/www.ufmg.br\/procult\/espacos-de-cultura\/outros-espacos-da-ufmg\/\" target=\"_blank\" rel=\"noopener\"><img loading=\"lazy\" decoding=\"async\" class=\"alignnone size-full wp-image-1896\" src=\"https:\/\/www.ufmg.br\/procult\/wp-content\/uploads\/2024\/08\/telegram-black-icon.png\" alt=\"\" width=\"24\" height=\"24\" \/><\/a><a href=\"mailto:?subject=https:\/\/www.ufmg.br\/procult\/espacos-de-cultura\/outros-espacos-da-ufmg\/\"><img loading=\"lazy\" decoding=\"async\" class=\"alignnone size-full wp-image-1891\" src=\"https:\/\/www.ufmg.br\/procult\/wp-content\/uploads\/2024\/08\/envelope-line-icon.png\" alt=\"\" width=\"24\" height=\"24\" \/><\/a><\/p>\n<div id=\"attachment_1510\" style=\"width: 760px\" class=\"wp-caption alignnone\"><img loading=\"lazy\" decoding=\"async\" aria-describedby=\"caption-attachment-1510\" class=\"wp-image-1510\" src=\"https:\/\/www.ufmg.br\/procult\/wp-content\/uploads\/2024\/03\/maquete-praca-de-servicos-cred-lucas-braga-ufmg-300x200.jpg\" alt=\"\" width=\"750\" height=\"500\" srcset=\"https:\/\/www.ufmg.br\/procult\/wp-content\/uploads\/2024\/03\/maquete-praca-de-servicos-cred-lucas-braga-ufmg-300x200.jpg 300w, https:\/\/www.ufmg.br\/procult\/wp-content\/uploads\/2024\/03\/maquete-praca-de-servicos-cred-lucas-braga-ufmg-768x512.jpg 768w, https:\/\/www.ufmg.br\/procult\/wp-content\/uploads\/2024\/03\/maquete-praca-de-servicos-cred-lucas-braga-ufmg.jpg 799w\" sizes=\"auto, (max-width: 750px) 100vw, 750px\" \/><p id=\"caption-attachment-1510\" class=\"wp-caption-text\">Maquete da Pra\u00e7a de Servi\u00e7os. Foto: Lucas Braga\/UFMG<\/p><\/div>\n<p>A UFMG disp\u00f5e de diversos espa\u00e7os f\u00edsicos gerenciados por outros \u00f3rg\u00e3os acad\u00eamicos e administrativos, que recebem eventos acad\u00eamicos e art\u00edsticos organizados pelas comunidades interna e externa. Esses locais n\u00e3o s\u00e3o vinculados administrativamente \u00e0 Pr\u00f3-reitoria de Cultura. Fique a par, caso necessite de informa\u00e7\u00f5es sobre agenda e cess\u00e3o desses espa\u00e7os:<\/p>\n<p>&nbsp;<\/p>\n<h4><span style=\"color: #00ccff;\">Espa\u00e7os das unidades acad\u00eamicas<\/span><\/h4>\n<p>&nbsp;<\/p>\n<p>O uso de audit\u00f3rios e demais espa\u00e7os destinados a eventos nas unidades acad\u00eamicas \u00e9 gerenciado pelas pr\u00f3prias escolas. <a href=\"https:\/\/ufmg.br\/cursos\/unidades-academicas\">Acesse aqui<\/a> a lista das unidades com informa\u00e7\u00f5es de contato geral.<\/p>\n<p>&nbsp;<\/p>\n<h4><span style=\"color: #00ccff;\">Espa\u00e7os da Administra\u00e7\u00e3o Central<\/span><\/h4>\n<p>&nbsp;<\/p>\n<p>A solicita\u00e7\u00e3o para o seu uso e para demais informa\u00e7\u00f5es deve ser direcionada \u00e0 <a href=\"http:\/\/150.164.76.86:8080\/cac\/agenda\/++add++sistema.agenda.evento\" target=\"_blank\" rel=\"noopener\">Coordenadoria de Assuntos Comunit\u00e1rios da UFMG<\/a>.<\/p>\n<p>Parte da programa\u00e7\u00e3o desses locais est\u00e1 dispon\u00edvel <a href=\"http:\/\/150.164.76.86:8080\/cac\/locais\" target=\"_blank\" rel=\"noopener\">neste link<\/a>.<\/p>\n<p>&nbsp;<\/p>\n\t                <ul class=\"easy-image-gallery thumbnails-4 linked\">\r\n                    <li><a data-fancybox=\"gallery335\" href=\"https:\/\/www.ufmg.br\/procult\/wp-content\/uploads\/2024\/03\/auditorio-reitoria-lucas-braga-ufmg.jpg\" class=\"eig-popup\" title=\"Audit\u00f3rio da Reitoria, campus Pampulha. Foto: Lucas Braga\/UFMG\" data-caption=\"Audit\u00f3rio da Reitoria, campus Pampulha. Foto: Lucas Braga\/UFMG\" target=\"_blank\"><i class=\"icon-view\"><\/i><span class=\"overlay\"><\/span><img loading=\"lazy\" decoding=\"async\" width=\"150\" height=\"150\" src=\"https:\/\/www.ufmg.br\/procult\/wp-content\/uploads\/2024\/03\/auditorio-reitoria-lucas-braga-ufmg-150x150.jpg\" class=\"attachment-thumbnail size-thumbnail\" alt=\"\" srcset=\"https:\/\/www.ufmg.br\/procult\/wp-content\/uploads\/2024\/03\/auditorio-reitoria-lucas-braga-ufmg-150x150.jpg 150w, https:\/\/www.ufmg.br\/procult\/wp-content\/uploads\/2024\/03\/auditorio-reitoria-lucas-braga-ufmg-340x340.jpg 340w\" sizes=\"auto, (max-width: 150px) 100vw, 150px\" \/><\/a><\/li><li><a data-fancybox=\"gallery335\" href=\"https:\/\/www.ufmg.br\/procult\/wp-content\/uploads\/2024\/03\/praca-servicos-2014-cred-lucas-braga-ufmg-1024x768.jpg\" class=\"eig-popup\" title=\"Show da s\u00e9rie Quarta Doze e Trinta, na Pra\u00e7a de Servi\u00e7os do campus Pampulha\nAugusto Lacerda | UFMG\" data-caption=\"Show da s\u00e9rie Quarta Doze e Trinta, na Pra\u00e7a de Servi\u00e7os do campus Pampulha\nAugusto Lacerda | UFMG\" target=\"_blank\"><i class=\"icon-view\"><\/i><span class=\"overlay\"><\/span><img loading=\"lazy\" decoding=\"async\" width=\"150\" height=\"150\" src=\"https:\/\/www.ufmg.br\/procult\/wp-content\/uploads\/2024\/03\/praca-servicos-2014-cred-lucas-braga-ufmg-150x150.jpg\" class=\"attachment-thumbnail size-thumbnail\" alt=\"\" srcset=\"https:\/\/www.ufmg.br\/procult\/wp-content\/uploads\/2024\/03\/praca-servicos-2014-cred-lucas-braga-ufmg-150x150.jpg 150w, https:\/\/www.ufmg.br\/procult\/wp-content\/uploads\/2024\/03\/praca-servicos-2014-cred-lucas-braga-ufmg-340x340.jpg 340w\" sizes=\"auto, (max-width: 150px) 100vw, 150px\" \/><\/a><\/li><li><a data-fancybox=\"gallery335\" href=\"https:\/\/www.ufmg.br\/procult\/wp-content\/uploads\/2024\/03\/cad1-lucas-braga-ufmg.jpg\" class=\"eig-popup\" title=\"Centro de Atividades Did\u00e1ticas 1 (CAD1), campus Pampulha. Foto: Lucas Braga\/UFMG\" data-caption=\"Centro de Atividades Did\u00e1ticas 1 (CAD1), campus Pampulha. Foto: Lucas Braga\/UFMG\" target=\"_blank\"><i class=\"icon-view\"><\/i><span class=\"overlay\"><\/span><img loading=\"lazy\" decoding=\"async\" width=\"150\" height=\"150\" src=\"https:\/\/www.ufmg.br\/procult\/wp-content\/uploads\/2024\/03\/cad1-lucas-braga-ufmg-150x150.jpg\" class=\"attachment-thumbnail size-thumbnail\" alt=\"\" srcset=\"https:\/\/www.ufmg.br\/procult\/wp-content\/uploads\/2024\/03\/cad1-lucas-braga-ufmg-150x150.jpg 150w, https:\/\/www.ufmg.br\/procult\/wp-content\/uploads\/2024\/03\/cad1-lucas-braga-ufmg-340x340.jpg 340w\" sizes=\"auto, (max-width: 150px) 100vw, 150px\" \/><\/a><\/li><li><a data-fancybox=\"gallery335\" href=\"https:\/\/www.ufmg.br\/procult\/wp-content\/uploads\/2024\/03\/show-clube-da-esquina-milton-nscimento-campus-ufmg-2013-foto-bruna-branda0-ufmg-1024x682.jpg\" class=\"eig-popup\" title=\"Gramado da Reitoria, campus Pampulha UFMG. Milton Nascimento no show Clube da Esquina, 2012. Foto: Bruna Brand\u00e3o\/UFMG\" data-caption=\"Gramado da Reitoria, campus Pampulha UFMG. Milton Nascimento no show Clube da Esquina, 2012. Foto: Bruna Brand\u00e3o\/UFMG\" target=\"_blank\"><i class=\"icon-view\"><\/i><span class=\"overlay\"><\/span><img loading=\"lazy\" decoding=\"async\" width=\"150\" height=\"150\" src=\"https:\/\/www.ufmg.br\/procult\/wp-content\/uploads\/2024\/03\/show-clube-da-esquina-milton-nscimento-campus-ufmg-2013-foto-bruna-branda0-ufmg-150x150.jpg\" class=\"attachment-thumbnail size-thumbnail\" alt=\"\" srcset=\"https:\/\/www.ufmg.br\/procult\/wp-content\/uploads\/2024\/03\/show-clube-da-esquina-milton-nscimento-campus-ufmg-2013-foto-bruna-branda0-ufmg-150x150.jpg 150w, https:\/\/www.ufmg.br\/procult\/wp-content\/uploads\/2024\/03\/show-clube-da-esquina-milton-nscimento-campus-ufmg-2013-foto-bruna-branda0-ufmg-340x340.jpg 340w\" sizes=\"auto, (max-width: 150px) 100vw, 150px\" \/><\/a><\/li><\/ul>\n<p>&nbsp;<\/p>\n","protected":false},"excerpt":{"rendered":"<p>&nbsp; A UFMG disp\u00f5e de diversos espa\u00e7os f\u00edsicos gerenciados por [&hellip;]<\/p>\n","protected":false},"author":1,"featured_media":0,"parent":502,"menu_order":0,"comment_status":"closed","ping_status":"closed","template":"","meta":{"_acf_changed":false,"footnotes":""},"tags":[59],"class_list":["post-520","page","type-page","status-publish","hentry","tag-espacos-de-cultura"],"acf":[],"_links":{"self":[{"href":"https:\/\/www.ufmg.br\/procult\/wp-json\/wp\/v2\/pages\/520","targetHints":{"allow":["GET"]}}],"collection":[{"href":"https:\/\/www.ufmg.br\/procult\/wp-json\/wp\/v2\/pages"}],"about":[{"href":"https:\/\/www.ufmg.br\/procult\/wp-json\/wp\/v2\/types\/page"}],"author":[{"embeddable":true,"href":"https:\/\/www.ufmg.br\/procult\/wp-json\/wp\/v2\/users\/1"}],"replies":[{"embeddable":true,"href":"https:\/\/www.ufmg.br\/procult\/wp-json\/wp\/v2\/comments?post=520"}],"version-history":[{"count":21,"href":"https:\/\/www.ufmg.br\/procult\/wp-json\/wp\/v2\/pages\/520\/revisions"}],"predecessor-version":[{"id":2124,"href":"https:\/\/www.ufmg.br\/procult\/wp-json\/wp\/v2\/pages\/520\/revisions\/2124"}],"up":[{"embeddable":true,"href":"https:\/\/www.ufmg.br\/procult\/wp-json\/wp\/v2\/pages\/502"}],"wp:attachment":[{"href":"https:\/\/www.ufmg.br\/procult\/wp-json\/wp\/v2\/media?parent=520"}],"wp:term":[{"taxonomy":"post_tag","embeddable":true,"href":"https:\/\/www.ufmg.br\/procult\/wp-json\/wp\/v2\/tags?post=520"}],"curies":[{"name":"wp","href":"https:\/\/api.w.org\/{rel}","templated":true}]}}