{"id":536,"date":"2024-01-15T10:17:22","date_gmt":"2024-01-15T13:17:22","guid":{"rendered":"https:\/\/www.ufmg.br\/procult\/?page_id=536"},"modified":"2026-02-26T11:19:53","modified_gmt":"2026-02-26T14:19:53","slug":"festival-de-verao-ufmg","status":"publish","type":"page","link":"https:\/\/www.ufmg.br\/procult\/festivais-culturais\/festival-de-verao-ufmg\/","title":{"rendered":"Festival de Ver\u00e3o UFMG"},"content":{"rendered":"<p>&nbsp;<\/p>\n<p><a href=\"https:\/\/bsky.app\/intent\/compose?text=https:\/\/www.ufmg.br\/procult\/festivais-culturais\/festival-de-verao-ufmg\/\" target=\"_blank\" rel=\"noopener\"><img loading=\"lazy\" decoding=\"async\" class=\"alignnone size-full wp-image-2079\" src=\"https:\/\/www.ufmg.br\/procult\/wp-content\/uploads\/2024\/09\/bluesky-butterfly-logo-05.png\" alt=\"\" width=\"24\" height=\"21\" \/><\/a><a href=\"https:\/\/www.facebook.com\/sharer\/sharer.php?u=https:\/\/www.ufmg.br\/procult\/festivais-culturais\/festival-de-verao-ufmg\/\" target=\"_blank\" rel=\"noopener\"><img loading=\"lazy\" decoding=\"async\" class=\"alignnone size-full wp-image-1892\" src=\"https:\/\/www.ufmg.br\/procult\/wp-content\/uploads\/2024\/08\/facebook-app-round-icon.png\" alt=\"\" width=\"24\" height=\"24\" \/><\/a><a href=\"https:\/\/twitter.com\/intent\/tweet?text=https:\/\/www.ufmg.br\/procult\/festivais-culturais\/festival-de-verao-ufmg\/\" target=\"_blank\" rel=\"noopener\"><img loading=\"lazy\" decoding=\"async\" class=\"alignnone size-full wp-image-1893\" src=\"https:\/\/www.ufmg.br\/procult\/wp-content\/uploads\/2024\/08\/x-social-media-black-icon-1.png\" alt=\"\" width=\"24\" height=\"24\" \/><\/a><a href=\"https:\/\/www.linkedin.com\/sharing\/share-offsite\/?url=https:\/\/www.ufmg.br\/procult\/festivais-culturais\/festival-de-verao-ufmg\/\" target=\"_blank\" rel=\"noopener\"><img loading=\"lazy\" decoding=\"async\" class=\"alignnone size-full wp-image-1894\" src=\"https:\/\/www.ufmg.br\/procult\/wp-content\/uploads\/2024\/08\/linkedin-square-icon.png\" alt=\"\" width=\"24\" height=\"24\" \/><\/a><a href=\"https:\/\/api.whatsapp.com\/send?text=https:\/\/www.ufmg.br\/procult\/festivais-culturais\/festival-de-verao-ufmg\/\" target=\"_blank\" rel=\"noopener\"><img loading=\"lazy\" decoding=\"async\" class=\"alignnone size-full wp-image-1895\" src=\"https:\/\/www.ufmg.br\/procult\/wp-content\/uploads\/2024\/08\/whatsapp-icon.png\" alt=\"\" width=\"24\" height=\"24\" \/><\/a><a href=\"https:\/\/telegram.me\/share\/url?url=https:\/\/www.ufmg.br\/procult\/festivais-culturais\/festival-de-verao-ufmg\/\" target=\"_blank\" rel=\"noopener\"><img loading=\"lazy\" decoding=\"async\" class=\"alignnone size-full wp-image-1896\" src=\"https:\/\/www.ufmg.br\/procult\/wp-content\/uploads\/2024\/08\/telegram-black-icon.png\" alt=\"\" width=\"24\" height=\"24\" \/><\/a><a href=\"mailto:?subject=https:\/\/www.ufmg.br\/procult\/festivais-culturais\/festival-de-verao-ufmg\/\"><img loading=\"lazy\" decoding=\"async\" class=\"alignnone size-full wp-image-1891\" src=\"https:\/\/www.ufmg.br\/procult\/wp-content\/uploads\/2024\/08\/envelope-line-icon.png\" alt=\"\" width=\"24\" height=\"24\" \/><\/a><\/p>\n<div id=\"attachment_980\" style=\"width: 760px\" class=\"wp-caption alignnone\"><img loading=\"lazy\" decoding=\"async\" aria-describedby=\"caption-attachment-980\" class=\" wp-image-980\" src=\"https:\/\/www.ufmg.br\/procult\/wp-content\/uploads\/2024\/02\/festival-verao-2016-bloco-magnolia-300x200.jpg\" alt=\"\" width=\"750\" height=\"500\" srcset=\"https:\/\/www.ufmg.br\/procult\/wp-content\/uploads\/2024\/02\/festival-verao-2016-bloco-magnolia-300x200.jpg 300w, https:\/\/www.ufmg.br\/procult\/wp-content\/uploads\/2024\/02\/festival-verao-2016-bloco-magnolia-1024x683.jpg 1024w, https:\/\/www.ufmg.br\/procult\/wp-content\/uploads\/2024\/02\/festival-verao-2016-bloco-magnolia-768x512.jpg 768w, https:\/\/www.ufmg.br\/procult\/wp-content\/uploads\/2024\/02\/festival-verao-2016-bloco-magnolia-1536x1024.jpg 1536w, https:\/\/www.ufmg.br\/procult\/wp-content\/uploads\/2024\/02\/festival-verao-2016-bloco-magnolia.jpg 2048w\" sizes=\"auto, (max-width: 750px) 100vw, 750px\" \/><p id=\"caption-attachment-980\" class=\"wp-caption-text\">Bloco Magn\u00f3lia no Festival 2016. Daniel Protzner\/UFMG<\/p><\/div>\n<p>Em 2007, a Universidade Federal de Minas Gerais decidiu oferecer a Belo Horizonte uma alternativa cultural para as f\u00e9rias de ver\u00e3o, especificamente no per\u00edodo do carnaval. Tratava-se do Festival de Ver\u00e3o UFMG, lan\u00e7ado em car\u00e1ter experimental e composto por oficinas, palestras e debates interdisciplinares.<\/p>\n<p>Desde ent\u00e3o, o Festival tem sido realizado todos os anos, pela Pr\u00f3-reitoria de Cultura, no per\u00edodo pr\u00e9-carnavalesco, tornando-se um evento permanente do calend\u00e1rio cultural da UFMG.<\/p>\n<p>O festival busca, por meio da amplia\u00e7\u00e3o do leque de atividades tradicionalmente oferecidas pelos festivais culturais, atender todas as \u00e1reas de conhecimento atendidas pela Universidade, promovendo a intera\u00e7\u00e3o entre cultura, educa\u00e7\u00e3o e sociedade.<\/p>\n<p>&nbsp;<\/p>\n<h4><span style=\"color: #00ccff;\"><strong>Edi\u00e7\u00e3o 2026<\/strong><\/span><\/h4>\n<p>&nbsp;<\/p>\n<p>A 20\u00aa edi\u00e7\u00e3o do Festival de Ver\u00e3o UFMG acontece entre 10 e 20 de mar\u00e7o de 2026, sob o tema <em>Pluriversidade: arte, cultura e ci\u00eancias em tr\u00e2nsito<\/em>.<\/p>\n<p>Confira a programa\u00e7\u00e3o em <a href=\"https:\/\/www.ufmg.br\/festivaldeverao\" target=\"_blank\" rel=\"noopener\">www.ufmg.br\/festivaldeverao<\/a>.<\/p>\n<p>&nbsp;<\/p>\n<h4><span style=\"color: #00ccff;\"><strong>Car\u00e1ter formativo<\/strong><\/span><\/h4>\n<p>&nbsp;<\/p>\n<p>O evento contempla a ideia de que a cultura \u00e9 feita de teias de significa\u00e7\u00e3o que nos permitem a constru\u00e7\u00e3o do entendimento, garantindo a livre express\u00e3o da diversidade cultural no seio da comunidade e enfatizando o seu car\u00e1ter formativo, na dire\u00e7\u00e3o da inclus\u00e3o social, da supera\u00e7\u00e3o da pobreza, da defesa do meio ambiente e das condi\u00e7\u00f5es para a justi\u00e7a e a paz. Sendo assim, oferece \u00e0 cidade de Belo Horizonte uma programa\u00e7\u00e3o variada de atra\u00e7\u00f5es culturais!<\/p>\n<p>Em 2024, ele chega \u00e0 maioridade, com a realiza\u00e7\u00e3o de sua 18\u00aa edi\u00e7\u00e3o, no per\u00edodo de 12 a 18 de mar\u00e7o.<\/p>\n<p>&nbsp;<\/p>\n<h4><span style=\"color: #00ccff;\">Plataformas digitais<\/span><\/h4>\n<p>&nbsp;<\/p>\n<p><i class=\"wp-svg-globe globe\"><\/i>\u00a0 <span style=\"color: #333333;\"><a style=\"color: #333333;\" href=\"https:\/\/www.ufmg.br\/festivaldeverao\" target=\"_blank\" rel=\"noopener\">www.ufmg.br\/festivaldeverao<\/a><\/span><br \/>\n<i class=\"wp-svg-twitter twitter\"><\/i>\u00a0 <span style=\"color: #333333;\"><a style=\"color: #333333;\" href=\"https:\/\/twitter.com\/festivalufmg\" target=\"_blank\" rel=\"noopener\">twitter.com\/festivalufmg<\/a><\/span><br \/>\n<i class=\"wp-svg-facebook facebook\"><\/i>\u00a0 <span style=\"color: #333333;\"><a style=\"color: #333333;\" href=\"https:\/\/www.facebook.com\/festivaldeverao\" target=\"_blank\" rel=\"noopener\">www.facebook.com\/festivaldeverao<\/a><\/span><br \/>\n<i class=\"wp-svg-instagram instagram\"><\/i>\u00a0 <span style=\"color: #333333;\"><a style=\"color: #333333;\" href=\"https:\/\/www.facebook.com\/festivaldeverao\" target=\"_blank\" rel=\"noopener\">www.instagram.com\/festival_ufmg<\/a><br \/>\n<i class=\"wp-svg-youtube youtube\"><\/i>\u00a0<span style=\"color: #000000;\"> <a style=\"color: #000000;\" href=\"https:\/\/www.youtube.com\/playlist?list=PLzobgdsA2xI2me6e9AUc7HhNOuzryVGO-\" target=\"_blank\" rel=\"noopener\">YouTube: Festival de Ver\u00e3o<\/a><br \/>\n<b class=\"wp-svg-google google\"><\/b>\u00a0 <a style=\"color: #000000;\" href=\"https:\/\/www.google.com\/search?q=festival+de+ver%C3%A3o+ufmg&amp;sca_esv=861bfe30a48f43f8&amp;sca_upv=1&amp;rlz=1C1GCEU_pt-BRBR1083BR1083&amp;biw=1920&amp;bih=953&amp;tbm=nws&amp;ei=qorMZtzdMqnc1sQPhtnJcA&amp;oq=festival+de+inverno+ufmg&amp;gs_lp=Egxnd3Mtd2l6LW5ld3MiGGZlc3RpdmFsIGRlIGludmVybm8gdWZtZyoCCAQyChAAGIAEGEMYigUyBRAAGIAEMgUQABiABDIGEAAYBxgeMggQABiABBiiBEjVElAAWABwAHgAkAEAmAFmoAG7AaoBAzEuMbgBAcgBAJgCAqACygHCAgQQABgemAMAiAYBkgcDMS4xoAeXBw&amp;sclient=gws-wiz-news\" target=\"_blank\" rel=\"noopener\">Google News<\/a><\/span><\/span><\/p>\n<p>&nbsp;<\/p>\n<h4><span style=\"color: #00ccff;\">Saiba mais<\/span><\/h4>\n<style>#sp-ea-976 .spcollapsing { height: 0; overflow: hidden; transition-property: height;transition-duration: 500ms;}#sp-ea-976.sp-easy-accordion>.sp-ea-single {margin-bottom: 10px; border: 1px solid #e2e2e2; }#sp-ea-976.sp-easy-accordion>.sp-ea-single>.ea-header a {color: #444;}#sp-ea-976.sp-easy-accordion>.sp-ea-single>.sp-collapse>.ea-body {background: #fff; color: #444;}#sp-ea-976.sp-easy-accordion>.sp-ea-single {background: #eee;}#sp-ea-976.sp-easy-accordion>.sp-ea-single>.ea-header a .ea-expand-icon { float: left; color: #444;font-size: 16px;}<\/style><div id=\"sp_easy_accordion-1778948910\">\n<div id=\"sp-ea-976\" class=\"sp-ea-one sp-easy-accordion\" data-ea-active=\"ea-click\" data-ea-mode=\"vertical\" data-preloader=\"\" data-scroll-active-item=\"\" data-offset-to-scroll=\"0\">\n\n<!-- Start accordion card div. -->\n<div class=\"ea-card  sp-ea-single\">\n\t<!-- Start accordion header. -->\n\t<h3 class=\"ea-header\">\n\t\t<!-- Add anchor tag for header. -->\n\t\t<a class=\"collapsed\" id=\"ea-header-9760\" role=\"button\" data-sptoggle=\"spcollapse\" data-sptarget=\"#collapse9760\" aria-controls=\"collapse9760\" href=\"#\"  aria-expanded=\"false\" tabindex=\"0\">\n\t\t<i aria-hidden=\"true\" role=\"presentation\" class=\"ea-expand-icon eap-icon-ea-expand-plus\"><\/i> Hist\u00f3ria\t\t<\/a> <!-- Close anchor tag for header. -->\n\t<\/h3>\t<!-- Close header tag. -->\n\t<!-- Start collapsible content div. -->\n\t<div class=\"sp-collapse spcollapse spcollapse\" id=\"collapse9760\" data-parent=\"#sp-ea-976\" role=\"region\" aria-labelledby=\"ea-header-9760\">  <!-- Content div. -->\n\t\t<div class=\"ea-body\">\n\t\t<p>Em 2007, a Universidade Federal de Minas Gerais decidiu oferecer a Belo Horizonte uma alternativa cultural para as f\u00e9rias de ver\u00e3o, especificamente no per\u00edodo do carnaval. Tratava-se do Festival de Ver\u00e3o da UFMG, lan\u00e7ado em car\u00e1ter experimental e composto por oficinas, palestras e debates interdisciplinares. Verificou-se que existia espa\u00e7o para a realiza\u00e7\u00e3o desse tipo de evento na cidade, uma vez que a popula\u00e7\u00e3o que permanecia em BH, durante os festejos de carnaval, ansiava por uma programa\u00e7\u00e3o cultural de qualidade.<\/p>\n<p>Desde ent\u00e3o, o Festival tem sido realizado todos os anos, pela ent\u00e3o Diretoria de A\u00e7\u00e3o Cultural, hoje Procult, tornando-se um evento permanente do calend\u00e1rio cultural da UFMG.<\/p>\n<p>A partir de sua nona edi\u00e7\u00e3o, em 2015, o Festival de Ver\u00e3o da UFMG passou a ser realizado no per\u00edodo pr\u00e9-carnavalesco, conservando sua caracter\u00edstica festiva, uma vez que o carnaval de Belo Horizonte j\u00e1 havia renascido nos bloquinhos de rua e tomado conta de toda a cidade.<\/p>\n<p><strong>Perfil<\/strong><\/p>\n<p>O Festival de Ver\u00e3o da UFMG oferece sempre uma programa\u00e7\u00e3o diversificada, que conta com oficinas, palestras, exposi\u00e7\u00f5es e eventos art\u00edsticos. A ideia \u00e9 que os participantes possam vivenciar o Festival e produzir conhecimento a partir de suas experi\u00eancias.<\/p>\n<p>Leia um pouco mais dessa hist\u00f3ria no artigo \u201cLonga vida ao Festival\u201c, de Maur\u00edcio Campomori, professor da UFMG e ex-diretor da DAC. O artigo foi publicado em edi\u00e7\u00e3o especial do Boletim UFMG:<\/p>\n<h6><span style=\"color: #00ccff\"><a style=\"color: #00ccff\" href=\"https:\/\/ufmg.br\/comunicacao\/publicacoes\/boletim\/edicao\/1926\" target=\"_blank\" rel=\"noopener\">Acesse aqui o artigo e demais reportagens sobre o Festival<\/a><\/span><\/h6>\n\t\t<\/div> <!-- Close content div. -->\n\t<\/div> <!-- Close collapse div. -->\n<\/div> <!-- Close card div. -->\n<!-- Start accordion card div. -->\n<div class=\"ea-card  sp-ea-single\">\n\t<!-- Start accordion header. -->\n\t<h3 class=\"ea-header\">\n\t\t<!-- Add anchor tag for header. -->\n\t\t<a class=\"collapsed\" id=\"ea-header-9761\" role=\"button\" data-sptoggle=\"spcollapse\" data-sptarget=\"#collapse9761\" aria-controls=\"collapse9761\" href=\"#\"  aria-expanded=\"false\" tabindex=\"0\">\n\t\t<i aria-hidden=\"true\" role=\"presentation\" class=\"ea-expand-icon eap-icon-ea-expand-plus\"><\/i> Temas das edi\u00e7\u00f5es\t\t<\/a> <!-- Close anchor tag for header. -->\n\t<\/h3>\t<!-- Close header tag. -->\n\t<!-- Start collapsible content div. -->\n\t<div class=\"sp-collapse spcollapse spcollapse\" id=\"collapse9761\" data-parent=\"#sp-ea-976\" role=\"region\" aria-labelledby=\"ea-header-9761\">  <!-- Content div. -->\n\t\t<div class=\"ea-body\">\n\t\t<p>[Aguarde!]<\/p>\n\t\t<\/div> <!-- Close content div. -->\n\t<\/div> <!-- Close collapse div. -->\n<\/div> <!-- Close card div. -->\n<!-- Start accordion card div. -->\n<div class=\"ea-card  sp-ea-single\">\n\t<!-- Start accordion header. -->\n\t<h3 class=\"ea-header\">\n\t\t<!-- Add anchor tag for header. -->\n\t\t<a class=\"collapsed\" id=\"ea-header-9762\" role=\"button\" data-sptoggle=\"spcollapse\" data-sptarget=\"#collapse9762\" aria-controls=\"collapse9762\" href=\"#\"  aria-expanded=\"false\" tabindex=\"0\">\n\t\t<i aria-hidden=\"true\" role=\"presentation\" class=\"ea-expand-icon eap-icon-ea-expand-plus\"><\/i> Cartazes\t\t<\/a> <!-- Close anchor tag for header. -->\n\t<\/h3>\t<!-- Close header tag. -->\n\t<!-- Start collapsible content div. -->\n\t<div class=\"sp-collapse spcollapse spcollapse\" id=\"collapse9762\" data-parent=\"#sp-ea-976\" role=\"region\" aria-labelledby=\"ea-header-9762\">  <!-- Content div. -->\n\t\t<div class=\"ea-body\">\n\t\t<p>[Aguarde!]<\/p>\n\t\t<\/div> <!-- Close content div. -->\n\t<\/div> <!-- Close collapse div. -->\n<\/div> <!-- Close card div. -->\n<!-- Start accordion card div. -->\n<div class=\"ea-card  sp-ea-single\">\n\t<!-- Start accordion header. -->\n\t<h3 class=\"ea-header\">\n\t\t<!-- Add anchor tag for header. -->\n\t\t<a class=\"collapsed\" id=\"ea-header-9763\" role=\"button\" data-sptoggle=\"spcollapse\" data-sptarget=\"#collapse9763\" aria-controls=\"collapse9763\" href=\"#\"  aria-expanded=\"false\" tabindex=\"0\">\n\t\t<i aria-hidden=\"true\" role=\"presentation\" class=\"ea-expand-icon eap-icon-ea-expand-plus\"><\/i> Contato\t\t<\/a> <!-- Close anchor tag for header. -->\n\t<\/h3>\t<!-- Close header tag. -->\n\t<!-- Start collapsible content div. -->\n\t<div class=\"sp-collapse spcollapse spcollapse\" id=\"collapse9763\" data-parent=\"#sp-ea-976\" role=\"region\" aria-labelledby=\"ea-header-9763\">  <!-- Content div. -->\n\t\t<div class=\"ea-body\">\n\t\t<p>Av. Presidente Ant\u00f4nio Carlos, 6.627, S\u00e3o Jos\u00e9<br \/>\nCampus Pampulha UFMG - Pr\u00e9dio da Biblioteca Central da UFMG - 4\u00b0andar - sala 413 -<br \/>\nBelo Horizonte - MG - CEP: 31270-901<\/p>\n<p><i class=\"wp-svg-phone phone\"><\/i>\u00a0 \u00a0(31) 3409-6411<br \/>\n<i class=\"wp-svg-mail-2 mail-2\"><\/i>\u00a0 \u00a0info@dac.ufmg.br<\/p>\n\t\t<\/div> <!-- Close content div. -->\n\t<\/div> <!-- Close collapse div. -->\n<\/div> <!-- Close card div. -->\n<\/div>\n<\/div>\n\n<h4><span style=\"color: #00ccff;\">Festival em imagens<\/span><\/h4>\n<p>&nbsp;<\/p>\n<div id=\"attachment_987\" style=\"width: 920px\" class=\"wp-caption alignnone\"><img loading=\"lazy\" decoding=\"async\" aria-describedby=\"caption-attachment-987\" class=\" wp-image-987\" src=\"https:\/\/www.ufmg.br\/procult\/wp-content\/uploads\/2024\/02\/festival-verao-2020-oficina-danca-300x200.jpg\" alt=\"\" width=\"910\" height=\"607\" srcset=\"https:\/\/www.ufmg.br\/procult\/wp-content\/uploads\/2024\/02\/festival-verao-2020-oficina-danca-300x200.jpg 300w, https:\/\/www.ufmg.br\/procult\/wp-content\/uploads\/2024\/02\/festival-verao-2020-oficina-danca-1024x683.jpg 1024w, https:\/\/www.ufmg.br\/procult\/wp-content\/uploads\/2024\/02\/festival-verao-2020-oficina-danca-768x512.jpg 768w, https:\/\/www.ufmg.br\/procult\/wp-content\/uploads\/2024\/02\/festival-verao-2020-oficina-danca-1536x1024.jpg 1536w, https:\/\/www.ufmg.br\/procult\/wp-content\/uploads\/2024\/02\/festival-verao-2020-oficina-danca.jpg 1944w\" sizes=\"auto, (max-width: 910px) 100vw, 910px\" \/><p id=\"caption-attachment-987\" class=\"wp-caption-text\">Festival 2020. Daniel Protzner\/UFMG<\/p><\/div>\n\t                <ul class=\"easy-image-gallery thumbnails-8 linked\">\r\n                    <li><a data-fancybox=\"gallery597\" href=\"https:\/\/www.ufmg.br\/procult\/wp-content\/uploads\/2024\/02\/festival-verao-2016-oficina-mascara-1024x683.jpg\" class=\"eig-popup\" title=\"Festival 2016. Acervo Procult\" data-caption=\"Festival 2016. Acervo Procult\" target=\"_blank\"><i class=\"icon-view\"><\/i><span class=\"overlay\"><\/span><img loading=\"lazy\" decoding=\"async\" width=\"150\" height=\"150\" src=\"https:\/\/www.ufmg.br\/procult\/wp-content\/uploads\/2024\/02\/festival-verao-2016-oficina-mascara-150x150.jpg\" class=\"attachment-thumbnail size-thumbnail\" alt=\"\" srcset=\"https:\/\/www.ufmg.br\/procult\/wp-content\/uploads\/2024\/02\/festival-verao-2016-oficina-mascara-150x150.jpg 150w, https:\/\/www.ufmg.br\/procult\/wp-content\/uploads\/2024\/02\/festival-verao-2016-oficina-mascara-340x340.jpg 340w\" sizes=\"auto, (max-width: 150px) 100vw, 150px\" \/><\/a><\/li><li><a data-fancybox=\"gallery597\" href=\"https:\/\/www.ufmg.br\/procult\/wp-content\/uploads\/2024\/02\/festival-verao-2019-show-1024x683.jpg\" class=\"eig-popup\" title=\"Festival 2019. Acervo Procult\" data-caption=\"Festival 2019. Acervo Procult\" target=\"_blank\"><i class=\"icon-view\"><\/i><span class=\"overlay\"><\/span><img loading=\"lazy\" decoding=\"async\" width=\"150\" height=\"150\" src=\"https:\/\/www.ufmg.br\/procult\/wp-content\/uploads\/2024\/02\/festival-verao-2019-show-150x150.jpg\" class=\"attachment-thumbnail size-thumbnail\" alt=\"\" srcset=\"https:\/\/www.ufmg.br\/procult\/wp-content\/uploads\/2024\/02\/festival-verao-2019-show-150x150.jpg 150w, https:\/\/www.ufmg.br\/procult\/wp-content\/uploads\/2024\/02\/festival-verao-2019-show-340x340.jpg 340w\" sizes=\"auto, (max-width: 150px) 100vw, 150px\" \/><\/a><\/li><li><a data-fancybox=\"gallery597\" href=\"https:\/\/www.ufmg.br\/procult\/wp-content\/uploads\/2024\/02\/festival-verao-meninas-de-sinha.jpg\" class=\"eig-popup\" title=\"Festival UFMG. Acervo Procult\" data-caption=\"Festival UFMG. Acervo Procult\" target=\"_blank\"><i class=\"icon-view\"><\/i><span class=\"overlay\"><\/span><img loading=\"lazy\" decoding=\"async\" width=\"150\" height=\"150\" src=\"https:\/\/www.ufmg.br\/procult\/wp-content\/uploads\/2024\/02\/festival-verao-meninas-de-sinha-150x150.jpg\" class=\"attachment-thumbnail size-thumbnail\" alt=\"\" srcset=\"https:\/\/www.ufmg.br\/procult\/wp-content\/uploads\/2024\/02\/festival-verao-meninas-de-sinha-150x150.jpg 150w, https:\/\/www.ufmg.br\/procult\/wp-content\/uploads\/2024\/02\/festival-verao-meninas-de-sinha-340x340.jpg 340w\" sizes=\"auto, (max-width: 150px) 100vw, 150px\" \/><\/a><\/li><li><a data-fancybox=\"gallery597\" href=\"https:\/\/www.ufmg.br\/procult\/wp-content\/uploads\/2024\/02\/festival-verao-2017-conceicao-evaristo-1024x682.jpg\" class=\"eig-popup\" title=\"Festival 2017. Daniel Protzner\/UFMG\" data-caption=\"Festival 2017. Daniel Protzner\/UFMG\" target=\"_blank\"><i class=\"icon-view\"><\/i><span class=\"overlay\"><\/span><img loading=\"lazy\" decoding=\"async\" width=\"150\" height=\"150\" src=\"https:\/\/www.ufmg.br\/procult\/wp-content\/uploads\/2024\/02\/festival-verao-2017-conceicao-evaristo-150x150.jpg\" class=\"attachment-thumbnail size-thumbnail\" alt=\"\" srcset=\"https:\/\/www.ufmg.br\/procult\/wp-content\/uploads\/2024\/02\/festival-verao-2017-conceicao-evaristo-150x150.jpg 150w, https:\/\/www.ufmg.br\/procult\/wp-content\/uploads\/2024\/02\/festival-verao-2017-conceicao-evaristo-340x340.jpg 340w\" sizes=\"auto, (max-width: 150px) 100vw, 150px\" \/><\/a><\/li><li><a data-fancybox=\"gallery597\" href=\"https:\/\/www.ufmg.br\/procult\/wp-content\/uploads\/2024\/02\/festival-verao-2016-oficina-1024x683.jpg\" class=\"eig-popup\" title=\"Festival 2016. Acervo Procult\" data-caption=\"Festival 2016. Acervo Procult\" target=\"_blank\"><i class=\"icon-view\"><\/i><span class=\"overlay\"><\/span><img loading=\"lazy\" decoding=\"async\" width=\"150\" height=\"150\" src=\"https:\/\/www.ufmg.br\/procult\/wp-content\/uploads\/2024\/02\/festival-verao-2016-oficina-150x150.jpg\" class=\"attachment-thumbnail size-thumbnail\" alt=\"\" srcset=\"https:\/\/www.ufmg.br\/procult\/wp-content\/uploads\/2024\/02\/festival-verao-2016-oficina-150x150.jpg 150w, https:\/\/www.ufmg.br\/procult\/wp-content\/uploads\/2024\/02\/festival-verao-2016-oficina-340x340.jpg 340w\" sizes=\"auto, (max-width: 150px) 100vw, 150px\" \/><\/a><\/li><li><a data-fancybox=\"gallery597\" href=\"https:\/\/www.ufmg.br\/procult\/wp-content\/uploads\/2024\/02\/festival-verao-2020-teatro-1024x683.jpg\" class=\"eig-popup\" title=\"Festival 2020. Acervo Procult\" data-caption=\"Festival 2020. Acervo Procult\" target=\"_blank\"><i class=\"icon-view\"><\/i><span class=\"overlay\"><\/span><img loading=\"lazy\" decoding=\"async\" width=\"150\" height=\"150\" src=\"https:\/\/www.ufmg.br\/procult\/wp-content\/uploads\/2024\/02\/festival-verao-2020-teatro-150x150.jpg\" class=\"attachment-thumbnail size-thumbnail\" alt=\"\" srcset=\"https:\/\/www.ufmg.br\/procult\/wp-content\/uploads\/2024\/02\/festival-verao-2020-teatro-150x150.jpg 150w, https:\/\/www.ufmg.br\/procult\/wp-content\/uploads\/2024\/02\/festival-verao-2020-teatro-340x340.jpg 340w\" sizes=\"auto, (max-width: 150px) 100vw, 150px\" \/><\/a><\/li><li><a data-fancybox=\"gallery597\" href=\"https:\/\/www.ufmg.br\/procult\/wp-content\/uploads\/2024\/02\/festival-de-verao-2022-1024x682.jpg\" class=\"eig-popup\" title=\"Festival 2022. Acervo Procult\" data-caption=\"Festival 2022. Acervo Procult\" target=\"_blank\"><i class=\"icon-view\"><\/i><span class=\"overlay\"><\/span><img loading=\"lazy\" decoding=\"async\" width=\"150\" height=\"150\" src=\"https:\/\/www.ufmg.br\/procult\/wp-content\/uploads\/2024\/02\/festival-de-verao-2022-150x150.jpg\" class=\"attachment-thumbnail size-thumbnail\" alt=\"\" srcset=\"https:\/\/www.ufmg.br\/procult\/wp-content\/uploads\/2024\/02\/festival-de-verao-2022-150x150.jpg 150w, https:\/\/www.ufmg.br\/procult\/wp-content\/uploads\/2024\/02\/festival-de-verao-2022-340x340.jpg 340w\" sizes=\"auto, (max-width: 150px) 100vw, 150px\" \/><\/a><\/li><li><a data-fancybox=\"gallery597\" href=\"https:\/\/www.ufmg.br\/procult\/wp-content\/uploads\/2024\/02\/festival-verao-2019-musica-1024x683.jpg\" class=\"eig-popup\" title=\"Festival 2019. Acervo Procult\" data-caption=\"Festival 2019. Acervo Procult\" target=\"_blank\"><i class=\"icon-view\"><\/i><span class=\"overlay\"><\/span><img loading=\"lazy\" decoding=\"async\" width=\"150\" height=\"150\" src=\"https:\/\/www.ufmg.br\/procult\/wp-content\/uploads\/2024\/02\/festival-verao-2019-musica-150x150.jpg\" class=\"attachment-thumbnail size-thumbnail\" alt=\"\" srcset=\"https:\/\/www.ufmg.br\/procult\/wp-content\/uploads\/2024\/02\/festival-verao-2019-musica-150x150.jpg 150w, https:\/\/www.ufmg.br\/procult\/wp-content\/uploads\/2024\/02\/festival-verao-2019-musica-340x340.jpg 340w\" sizes=\"auto, (max-width: 150px) 100vw, 150px\" \/><\/a><\/li><\/ul>\n","protected":false},"excerpt":{"rendered":"<p>&nbsp; Em 2007, a Universidade Federal de Minas Gerais decidiu [&hellip;]<\/p>\n","protected":false},"author":1,"featured_media":0,"parent":532,"menu_order":0,"comment_status":"closed","ping_status":"closed","template":"","meta":{"_acf_changed":false,"footnotes":""},"tags":[86,90],"class_list":["post-536","page","type-page","status-publish","hentry","tag-festivais-culturais","tag-festival-de-verao-ufmg"],"acf":[],"_links":{"self":[{"href":"https:\/\/www.ufmg.br\/procult\/wp-json\/wp\/v2\/pages\/536","targetHints":{"allow":["GET"]}}],"collection":[{"href":"https:\/\/www.ufmg.br\/procult\/wp-json\/wp\/v2\/pages"}],"about":[{"href":"https:\/\/www.ufmg.br\/procult\/wp-json\/wp\/v2\/types\/page"}],"author":[{"embeddable":true,"href":"https:\/\/www.ufmg.br\/procult\/wp-json\/wp\/v2\/users\/1"}],"replies":[{"embeddable":true,"href":"https:\/\/www.ufmg.br\/procult\/wp-json\/wp\/v2\/comments?post=536"}],"version-history":[{"count":31,"href":"https:\/\/www.ufmg.br\/procult\/wp-json\/wp\/v2\/pages\/536\/revisions"}],"predecessor-version":[{"id":3514,"href":"https:\/\/www.ufmg.br\/procult\/wp-json\/wp\/v2\/pages\/536\/revisions\/3514"}],"up":[{"embeddable":true,"href":"https:\/\/www.ufmg.br\/procult\/wp-json\/wp\/v2\/pages\/532"}],"wp:attachment":[{"href":"https:\/\/www.ufmg.br\/procult\/wp-json\/wp\/v2\/media?parent=536"}],"wp:term":[{"taxonomy":"post_tag","embeddable":true,"href":"https:\/\/www.ufmg.br\/procult\/wp-json\/wp\/v2\/tags?post=536"}],"curies":[{"name":"wp","href":"https:\/\/api.w.org\/{rel}","templated":true}]}}