{"id":540,"date":"2024-01-15T10:22:58","date_gmt":"2024-01-15T13:22:58","guid":{"rendered":"https:\/\/www.ufmg.br\/procult\/?page_id=540"},"modified":"2026-03-03T14:26:36","modified_gmt":"2026-03-03T17:26:36","slug":"passaporte-cultural","status":"publish","type":"page","link":"https:\/\/www.ufmg.br\/procult\/formacao-transversal\/passaporte-cultural\/","title":{"rendered":"Passaporte cultural"},"content":{"rendered":"<p>&nbsp;<\/p>\n<p><a href=\"https:\/\/bsky.app\/intent\/compose?text=https:\/\/www.ufmg.br\/procult\/formacao-transversal\/passaporte-cultural\/\" target=\"_blank\" rel=\"noopener\"><img loading=\"lazy\" decoding=\"async\" class=\"alignnone size-full wp-image-2079\" src=\"https:\/\/www.ufmg.br\/procult\/wp-content\/uploads\/2024\/09\/bluesky-butterfly-logo-05.png\" alt=\"\" width=\"24\" height=\"21\" \/><\/a><a href=\"https:\/\/www.facebook.com\/sharer\/sharer.php?u=https:\/\/www.ufmg.br\/procult\/formacao-transversal\/passaporte-cultural\/\" target=\"_blank\" rel=\"noopener\"><img loading=\"lazy\" decoding=\"async\" class=\"alignnone size-full wp-image-1892\" src=\"https:\/\/www.ufmg.br\/procult\/wp-content\/uploads\/2024\/08\/facebook-app-round-icon.png\" alt=\"\" width=\"24\" height=\"24\" \/><\/a> <a href=\"https:\/\/twitter.com\/intent\/tweet?text=https:\/\/www.ufmg.br\/procult\/formacao-transversal\/passaporte-cultural\/\" target=\"_blank\" rel=\"noopener\"><img loading=\"lazy\" decoding=\"async\" class=\"alignnone size-full wp-image-1893\" src=\"https:\/\/www.ufmg.br\/procult\/wp-content\/uploads\/2024\/08\/x-social-media-black-icon-1.png\" alt=\"\" width=\"24\" height=\"24\" \/><\/a> <a href=\"https:\/\/www.linkedin.com\/sharing\/share-offsite\/?url=https:\/\/www.ufmg.br\/procult\/formacao-transversal\/passaporte-cultural\/\" target=\"_blank\" rel=\"noopener\"><img loading=\"lazy\" decoding=\"async\" class=\"alignnone size-full wp-image-1894\" src=\"https:\/\/www.ufmg.br\/procult\/wp-content\/uploads\/2024\/08\/linkedin-square-icon.png\" alt=\"\" width=\"24\" height=\"24\" \/><\/a> <a href=\"https:\/\/api.whatsapp.com\/send?text=https:\/\/www.ufmg.br\/procult\/formacao-transversal\/passaporte-cultural\/\" target=\"_blank\" rel=\"noopener\"><img loading=\"lazy\" decoding=\"async\" class=\"alignnone size-full wp-image-1895\" src=\"https:\/\/www.ufmg.br\/procult\/wp-content\/uploads\/2024\/08\/whatsapp-icon.png\" alt=\"\" width=\"24\" height=\"24\" \/><\/a> <a href=\"https:\/\/telegram.me\/share\/url?url=https:\/\/www.ufmg.br\/procult\/formacao-transversal\/passaporte-cultural\/\" target=\"_blank\" rel=\"noopener\"><img loading=\"lazy\" decoding=\"async\" class=\"alignnone size-full wp-image-1896\" src=\"https:\/\/www.ufmg.br\/procult\/wp-content\/uploads\/2024\/08\/telegram-black-icon.png\" alt=\"\" width=\"24\" height=\"24\" \/><\/a> <a href=\"mailto:?subject=https:\/\/www.ufmg.br\/procult\/formacao-transversal\/passaporte-cultural\/\"><img loading=\"lazy\" decoding=\"async\" class=\"alignnone size-full wp-image-1891\" src=\"https:\/\/www.ufmg.br\/procult\/wp-content\/uploads\/2024\/08\/envelope-line-icon.png\" alt=\"\" width=\"24\" height=\"24\" \/><\/a><\/p>\n<p><img loading=\"lazy\" decoding=\"async\" class=\"alignnone wp-image-1738\" src=\"https:\/\/www.ufmg.br\/procult\/wp-content\/uploads\/2024\/08\/passaporte-cultural-folha-interna-1.jpg\" alt=\"\" width=\"750\" height=\"598\" srcset=\"https:\/\/www.ufmg.br\/procult\/wp-content\/uploads\/2024\/08\/passaporte-cultural-folha-interna-1.jpg 799w, https:\/\/www.ufmg.br\/procult\/wp-content\/uploads\/2024\/08\/passaporte-cultural-folha-interna-1-300x239.jpg 300w, https:\/\/www.ufmg.br\/procult\/wp-content\/uploads\/2024\/08\/passaporte-cultural-folha-interna-1-768x612.jpg 768w\" sizes=\"auto, (max-width: 750px) 100vw, 750px\" \/><\/p>\n<p>Passaporte Cultural em Culturas e Artes \u00e9 uma disciplina da <span style=\"color: #000000;\"><a style=\"color: #000000;\" href=\"https:\/\/www.ufmg.br\/procult\/formacao-transversal\/formacao-transversal-cultura-em-movimento-e-processos-criativos\/\">Forma\u00e7\u00e3o Transversal em Culturas em Movimento e Processos Criativos<\/a><\/span> ofertada semestralmente pela Pr\u00f3-reitoria de Cultura da UFMG.<\/p>\n<p>A atividade permite a integraliza\u00e7\u00e3o de cr\u00e9ditos para estudantes por meio de sua participa\u00e7\u00e3o em um circuito de atividades culturais, realizadas por determinados espa\u00e7os e institui\u00e7\u00f5es de Belo Horizonte, de sua regi\u00e3o metropolitana e da UFMG.<\/p>\n<p>O objetivo \u00e9 estimular os alunos a vivenciar a arte e a cultura em suas m\u00faltiplas formas, enriquecendo sua experi\u00eancia e forma\u00e7\u00e3o cultural durante a trajet\u00f3ria universit\u00e1ria.<\/p>\n<p>&nbsp;<\/p>\n<h4><span style=\"color: #00ccff;\">Frequ\u00eancia<\/span><\/h4>\n<p>&nbsp;<\/p>\n<p>A cada evento que comparece, o estudante preenche as informa\u00e7\u00f5es em livreto de &#8216;passaporte&#8217; fornecido pela Procult, devendo anexar o ingresso (ou receber\u00e1 o carimbo da Forma\u00e7\u00e3o Transversal, que foi entregue aos espa\u00e7os parceiros), para o registro da frequ\u00eancia em atividades culturais.<\/p>\n<p>Ap\u00f3s a apura\u00e7\u00e3o da frequ\u00eancia e atendidos os crit\u00e9rios estabelecidos pela Forma\u00e7\u00e3o, o estudante poder\u00e1 ser creditado por suas participa\u00e7\u00f5es.<\/p>\n<p>&nbsp;<\/p>\n<h4><span style=\"color: #00ccff;\">Onde obter o passaporte<\/span><\/h4>\n<p>&nbsp;<\/p>\n<p>Alunos inscritos na modalidade podem obter o livreto do passaporte na Pr\u00f3-reitoria de Cultura:<\/p>\n<p>Rua Professor Edmundo Linz, 250 (pr\u00f3ximo ao Restaurante Setorial I) \u2013 Campus Pampulha<br \/>\n[Procurar por Juliana Xavier]<\/p>\n<p>&nbsp;<\/p>\n<h4><span style=\"color: #00ccff;\">Para saber mais<\/span><\/h4>\n<p>&nbsp;<\/p>\n<p>Conhe\u00e7a as regras da atividade na Resolu\u00e7\u00e3o da UFMG:<\/p>\n<p><b class=\"wp-svg-file-pdf file-pdf\"><\/b>\u00a0<span style=\"color: #000000;\"> <a style=\"color: #000000;\" href=\"https:\/\/www.ufmg.br\/procult\/wp-content\/uploads\/2024\/08\/Resolucao-FTCMPC-ref-Passaporte-Cultural-em-Culturas-e-Artes.pdf\" target=\"_blank\" rel=\"noopener\">Passaporte Cultural em Cultura e Artes<\/a><\/span><\/p>\n<p>&nbsp;<\/p>\n<h4><span style=\"color: #00ccff;\">Onde participar<\/span><\/h4>\n<p>&nbsp;<\/p>\n<p>Fique atento:\u00a0 apenas institui\u00e7\u00f5es convidadas pela Pr\u00f3-reitoria de Cultura comp\u00f5em a lista de espa\u00e7os culturais parceiros da Forma\u00e7\u00e3o Transversal em Culturas em Movimento e Processos Criativos. Conhe\u00e7a:<\/p>\n<p>&nbsp;<\/p>\n\n<table id=\"tablepress-2\" class=\"tablepress tablepress-id-2\">\n<thead>\n<tr class=\"row-1\">\n\t<th class=\"column-1\">Espa\u00e7os e eventos<\/th><th class=\"column-2\">Endere\u00e7o<\/th><th class=\"column-3\">Site<\/th>\n<\/tr>\n<\/thead>\n<tbody class=\"row-striping row-hover\">\n<tr class=\"row-2\">\n\t<td class=\"column-1\">Campus Cultural UFMG em Tiradentes<\/td><td class=\"column-2\">R. Padre Toledo, 158 - Centro - Tiradentes -MG<\/td><td class=\"column-3\"><a href=\"https:\/\/www.ufmg.br\/campustiradentes\" rel=\"noopener\" target=\"_blank\">Campus Tiradentes<\/a><\/td>\n<\/tr>\n<tr class=\"row-3\">\n\t<td class=\"column-1\">Casa do Baile - Centro de Refer\u00eancia em Arquitetura, Urbanismo e Design<\/td><td class=\"column-2\">Av. Otac\u00edlio Negr\u00e3o de Lima, 751 - Pampulha<\/td><td class=\"column-3\"><a href=\"https:\/\/prefeitura.pbh.gov.br\/fundacao-municipal-de-cultura\/museus\/casadobaile\" rel=\"noopener\" target=\"_blank\">Casa do Baile<\/a><br \/>\n<\/td>\n<\/tr>\n<tr class=\"row-4\">\n\t<td class=\"column-1\">Casa do Beco<\/td><td class=\"column-2\">Av. Artur Bernardes, 3876 - Barragem Santa L\u00facia<\/td><td class=\"column-3\"><a href=\"https:\/\/www.casadobeco.org.br\/\" rel=\"noopener\" target=\"_blank\">Casa do Beco<\/a><br \/>\n<\/td>\n<\/tr>\n<tr class=\"row-5\">\n\t<td class=\"column-1\">Casa Kubitschek<\/td><td class=\"column-2\">Av. Otac\u00edlio Negr\u00e3o de Lima, 4188 - Pampulha<\/td><td class=\"column-3\"><a href=\"https:\/\/prefeitura.pbh.gov.br\/fundacao-municipal-de-cultura\/museus\/casakubitschekrel=\"noopener\" target=\"_blank\">Casa Kubitschek<\/a><br \/>\n<\/td>\n<\/tr>\n<tr class=\"row-6\">\n\t<td class=\"column-1\">Centro Cultural Banco do Brasil - CCBB<\/td><td class=\"column-2\">Pra\u00e7a da Liberdade, 450 - Funcion\u00e1rios<\/td><td class=\"column-3\"><a href=\"https:\/\/ccbb.com.br\/belo-horizonte\/rel=\"noopener\" target=\"_blank\">CCBB<\/a><\/td>\n<\/tr>\n<tr class=\"row-7\">\n\t<td class=\"column-1\">Centro Cultural Minas T\u00eanis<\/td><td class=\"column-2\">R. da Bahia, 2244 - Centro<\/td><td class=\"column-3\"><a href=\"https:\/\/www.minastenisclube.com.br\/cultura\/rel=\"noopener\" target=\"_blank\">Minas T\u00eanis<\/a><br \/>\n<\/td>\n<\/tr>\n<tr class=\"row-8\">\n\t<td class=\"column-1\">Centro Cultural UFMG<\/td><td class=\"column-2\">Av. Santos Dumont, 174 - Centro<\/td><td class=\"column-3\"><a href=\"https:\/\/www.ufmg.br\/centrocultural\/\" rel=\"noopener\" target=\"_blank\">Centro Cultural<\/a><\/td>\n<\/tr>\n<tr class=\"row-9\">\n\t<td class=\"column-1\">Centro de Arte Popular Cemig<\/td><td class=\"column-2\">R. Gon\u00e7alves Dias, 1608 - Lourdes<\/td><td class=\"column-3\"><a href=\"https:\/\/www.secult.mg.gov.br\/instituicoes\/museus\/cape\" rel=\"noopener\" target=\"_blank\">CAP<\/a><\/td>\n<\/tr>\n<tr class=\"row-10\">\n\t<td class=\"column-1\">Centro de Refer\u00eancia da Cultura Popular e Tradicional Lagoa do Nado<\/td><td class=\"column-2\">R. Ministro Hermenegildo de Barros, 904 - Itapo\u00e3<\/td><td class=\"column-3\"><a href=\"https:\/\/prefeitura.pbh.gov.br\/index.php\/fundacao-municipal-de-cultura\/centros-culturais\/lagoa-do-nado\" rel=\"noopener\" target=\"_blank\">Lagoa do Nado<\/a><\/td>\n<\/tr>\n<tr class=\"row-11\">\n\t<td class=\"column-1\">Centro de Refer\u00eancia da Moda\/Museu da Moda<\/td><td class=\"column-2\">R. da Bahia, 1149 - Centro<\/td><td class=\"column-3\"><a href=\"https:\/\/portalbelohorizonte.com.br\/o-que-fazer\/arte-e-cultura\/museus\/museu-da-moda-mumo\" rel=\"noopener\" target=\"_blank\">Museu da Moda<\/a><\/td>\n<\/tr>\n<tr class=\"row-12\">\n\t<td class=\"column-1\">Cine 104 - Cento e Quatro Espa\u00e7o Cultural<\/td><td class=\"column-2\">Pra\u00e7a Ruy Barbosa, 104 - Centro<\/td><td class=\"column-3\"><a href=\"https:\/\/www.centoequatro.org\/\" rel=\"noopener\" target=\"_blank\">Museu da Moda<\/a><\/td>\n<\/tr>\n<tr class=\"row-13\">\n\t<td class=\"column-1\">Cine Belas Artes Liberdade<\/td><td class=\"column-2\">R. Gon\u00e7alves Dias, 1581 - Lourdes<\/td><td class=\"column-3\"><a href=\"https:\/\/www.belasartescine.com.br\/\" rel=\"noopener\" target=\"_blank\">Cine Belas Artes<\/a><\/td>\n<\/tr>\n<tr class=\"row-14\">\n\t<td class=\"column-1\">Cine Theatro Brasil Vallourec<\/td><td class=\"column-2\">Pra\u00e7a Sete \u2013 Rua dos Carij\u00f3s, 258 \u2013 Centro<\/td><td class=\"column-3\"><a href=\"https:\/\/www.cinetheatrobrasil.com.br\/\" rel=\"noopener\" target=\"_blank\">Cine Theatro Brasil<\/a><\/td>\n<\/tr>\n<tr class=\"row-15\">\n\t<td class=\"column-1\">Cineclube Olaria UFMG<\/td><td class=\"column-2\">Esta\u00e7\u00e3o Ecol\u00f3gica da UFMG - Campus Pampulha<\/td><td class=\"column-3\"><a href=\"https:\/\/www.ufmg.br\/estacaoecologica\/\" rel=\"noopener\" target=\"_blank\">Cine Olaria<\/a><\/td>\n<\/tr>\n<tr class=\"row-16\">\n\t<td class=\"column-1\">Conservat\u00f3rio UFMG<\/td><td class=\"column-2\">Av. Afonso Pena, 1534 - Centro<\/td><td class=\"column-3\"><a href=\"https:\/\/www.ufmg.br\/conservatorio\/\" rel=\"noopener\" target=\"_blank\">Conservat\u00f3rio UFMG<\/a><\/td>\n<\/tr>\n<tr class=\"row-17\">\n\t<td class=\"column-1\">Espa\u00e7o do Conhecimento UFMG<\/td><td class=\"column-2\">Pra\u00e7a da Liberdade, s\/n\u00ba - Funcion\u00e1rios<\/td><td class=\"column-3\"><a href=\"https:\/\/www.ufmg.br\/espacodoconhecimento\/\" rel=\"noopener\" target=\"_blank\">Espa\u00e7o do Conhecimento<\/a><\/td>\n<\/tr>\n<tr class=\"row-18\">\n\t<td class=\"column-1\">Festa da Liberta\u00e7\u00e3o dos Escravos - Maio<\/td><td class=\"column-2\">Comunidade dos Arturos - Rua Capelinha, 50, Jardim Vera Cruz II, Contagem - MG<\/td><td class=\"column-3\"><a href=\"https:\/\/www.instagram.com\/quilombo.dos.arturos\/\" rel=\"noopener\" target=\"_blank\">Quilombo dos Arturos<\/a><\/td>\n<\/tr>\n<tr class=\"row-19\">\n\t<td class=\"column-1\">Festa de Folia de Reis - Dezembro<\/td><td class=\"column-2\">Comunidade dos Arturos - Rua Capelinha, 50, Jardim Vera Cruz II, Contagem - MG<\/td><td class=\"column-3\"><a href=\"https:\/\/www.instagram.com\/quilombo.dos.arturos\/\" rel=\"noopener\" target=\"_blank\">Quilombo dos Arturos<\/a><\/td>\n<\/tr>\n<tr class=\"row-20\">\n\t<td class=\"column-1\">Festa de Nossa Senhora do Ros\u00e1rio - Maio<\/td><td class=\"column-2\">Guarda de Mo\u00e7ambique Treze de Maio - R. Jata\u00ed, 1309 - Conc\u00f3rdia<\/td><td class=\"column-3\"><a href=\"https:\/\/www.facebook.com\/reinadotrezedemaio\" rel=\"noopener\" target=\"_blank\">Guarda de Mo\u00e7ambique<\/a><\/td>\n<\/tr>\n<tr class=\"row-21\">\n\t<td class=\"column-1\">Festa de Nossa Senhora do Ros\u00e1rio do Jatob\u00e1 - Agosto<\/td><td class=\"column-2\">Irmandade de Nossa Senhora do Ros\u00e1rio do Jatob\u00e1 - R. Paul\u00ednia, 21 - Itaipu<\/td><td class=\"column-3\"><a href=\"https:\/\/www.facebook.com\/AsconMG\/\" rel=\"noopener\" target=\"_blank\">Ascon<\/a><\/td>\n<\/tr>\n<tr class=\"row-22\">\n\t<td class=\"column-1\">Festa de Nossa Senhora do Ros\u00e1rio - Outubro<\/td><td class=\"column-2\">Comunidade dos Arturos - Rua Capelinha, 50, Jardim Vera Cruz II, Contagem - MG<\/td><td class=\"column-3\"><a href=\"https:\/\/www.instagram.com\/quilombo.dos.arturos\/\" rel=\"noopener\" target=\"_blank\">Quilombo dos Arturos<\/a><\/td>\n<\/tr>\n<tr class=\"row-23\">\n\t<td class=\"column-1\">Festa Jo\u00e3o do Mato - Dezembro<\/td><td class=\"column-2\">Comunidade dos Arturos - Rua Capelinha, 50, Jardim Vera Cruz II, Contagem - MG<\/td><td class=\"column-3\"><a href=\"https:\/\/www.instagram.com\/quilombo.dos.arturos\/\" rel=\"noopener\" target=\"_blank\">Quilombo dos Arturos<\/a><\/td>\n<\/tr>\n<tr class=\"row-24\">\n\t<td class=\"column-1\">Festival de Inverno da UFMG - Julho<\/td><td class=\"column-2\">Belo Horizonte - MG<\/td><td class=\"column-3\"><a href=\"https:\/\/www.ufmg.br\/festivaldeinverno\/\" rel=\"noopener\" target=\"_blank\">Festival de Inverno<\/a><\/td>\n<\/tr>\n<tr class=\"row-25\">\n\t<td class=\"column-1\">Festival de Ver\u00e3o UFMG - Fevereiro<\/td><td class=\"column-2\">Belo Horizonte - MG<\/td><td class=\"column-3\"><a href=\"https:\/\/www.ufmg.br\/festivaldeverao\/\" rel=\"noopener\" target=\"_blank\">Festival de Ver\u00e3o<\/a><\/td>\n<\/tr>\n<tr class=\"row-26\">\n\t<td class=\"column-1\">Festival Estudantil de Teatro - FETO<\/td><td class=\"column-2\">Associa\u00e7\u00e3o No Ato - R. Monte Carmelo, 20 - Floresta<\/td><td class=\"column-3\"><a href=\"https:\/\/www.facebook.com\/FETOteatro\/\" rel=\"noopener\" target=\"_blank\">Festival de Teatro<\/a><\/td>\n<\/tr>\n<tr class=\"row-27\">\n\t<td class=\"column-1\">Funda\u00e7\u00e3o de Educa\u00e7\u00e3o Art\u00edstica - FEA<\/td><td class=\"column-2\">R. Gon\u00e7alves Dias, 320 - Funcion\u00e1rios<\/td><td class=\"column-3\"><a href=\"https:\/\/feabh.org.br\/\" rel=\"noopener\" target=\"_blank\">FEA<\/a><\/td>\n<\/tr>\n<tr class=\"row-28\">\n\t<td class=\"column-1\">Galp\u00e3o Cine Horto<\/td><td class=\"column-2\">R. Pitangui, 3613 - Horto<\/td><td class=\"column-3\"><a href=\"https:\/\/galpaocinehorto.com.br\/\" rel=\"noopener\" target=\"_blank\">Galp\u00e3o<\/a><\/td>\n<\/tr>\n<tr class=\"row-29\">\n\t<td class=\"column-1\">Idea - Espa\u00e7o Cultural<\/td><td class=\"column-2\">R. Bernardo Guimar\u00e3es, 1200 - Funcion\u00e1rios<\/td><td class=\"column-3\"><a href=\"https:\/\/www.ideacultura.com.br\/programacao\/\" rel=\"noopener\" target=\"_blank\">Idea<\/a><\/td>\n<\/tr>\n<tr class=\"row-30\">\n\t<td class=\"column-1\">Memorial Minas Gerais Vale<\/td><td class=\"column-2\">Pra\u00e7a da Liberdade, s\/n\u00ba - Funcion\u00e1rios<\/td><td class=\"column-3\"><a href=\"https:\/\/memorialvale.com.br\/\" rel=\"noopener\" target=\"_blank\">Memorial Vale<\/a><\/td>\n<\/tr>\n<tr class=\"row-31\">\n\t<td class=\"column-1\">MM Gerdau - Museu das Minas e do Metal<\/td><td class=\"column-2\">Pra\u00e7a da Liberdade, s\/n\u00ba - Pr\u00e9dio Rosa - Funcion\u00e1rios<\/td><td class=\"column-3\"><a href=\"https:\/\/mmgerdau.org.br\/\" rel=\"noopener\" target=\"_blank\">MMGerdau<\/a><\/td>\n<\/tr>\n<tr class=\"row-32\">\n\t<td class=\"column-1\">Museu da Imagem e do Som - MIS<\/td><td class=\"column-2\">Av. \u00c1lvares Cabral, 560 \u2013 Centro<\/td><td class=\"column-3\"><a href=\"https:\/\/prefeitura.pbh.gov.br\/fundacao-municipal-de-cultura\/museus\/imagemesom\/\" rel=\"noopener\" target=\"_blank\">MIS BH<\/a><\/td>\n<\/tr>\n<tr class=\"row-33\">\n\t<td class=\"column-1\">Museu de Ci\u00eancias Naturais - PUC Minas<\/td><td class=\"column-2\">Av. Dom Jos\u00e9 Gaspar, 290 - Cora\u00e7\u00e3o Eucar\u00edstico<\/td><td class=\"column-3\"><a href=\"https:\/\/museu.pucminas.br\/\" rel=\"noopener\" target=\"_blank\">Museu PUC-MG<\/a><\/td>\n<\/tr>\n<tr class=\"row-34\">\n\t<td class=\"column-1\">Museu de Hist\u00f3ria Natural e Jardim Bot\u00e2nico da UFMG - MHNJB<\/td><td class=\"column-2\">R. Gustavo da Silveira, 1035 - Santa In\u00eas<\/td><td class=\"column-3\"><a href=\"https:\/\/www.ufmg.br\/mhnjb\/\" rel=\"noopener\" target=\"_blank\">MHNJB<\/a><\/td>\n<\/tr>\n<tr class=\"row-35\">\n\t<td class=\"column-1\">Museu Mineiro<\/td><td class=\"column-2\">Av. Jo\u00e3o Pinheiro, 342 - Funcion\u00e1rios<\/td><td class=\"column-3\"><a href=\"http:\/\/circuitoliberdade.mg.gov.br\/pt-br\/espacos-br\/museu-mineiro\/\" rel=\"noopener\" target=\"_blank\">Museu Mineiro<\/a><\/td>\n<\/tr>\n<tr class=\"row-36\">\n\t<td class=\"column-1\">Sala Minas Gerais (Orquestra Filarm\u00f4nica)<\/td><td class=\"column-2\">R. Ten. Brito Melo, 1090 - Barro Preto<\/td><td class=\"column-3\"><a href=\"https:\/\/filarmonica.art.br\/sala-minas-gerais\/\" rel=\"noopener\" target=\"_blank\">Sala Minas Gerais<\/a><\/td>\n<\/tr>\n<tr class=\"row-37\">\n\t<td class=\"column-1\">Teatro Bradesco<\/td><td class=\"column-2\">R. da Bahia, 2244 - Savassi<\/td><td class=\"column-3\"><\/td>\n<\/tr>\n<tr class=\"row-38\">\n\t<td class=\"column-1\">Teatro Espanca!<\/td><td class=\"column-2\">R. Aar\u00e3o Reis, 542 - Centro<\/td><td class=\"column-3\"><a href=\"http:\/\/espanca.com\/c\/teatro-espanca\/\" rel=\"noopener\" target=\"_blank\">Teatro Espanca<\/a><\/td>\n<\/tr>\n<tr class=\"row-39\">\n\t<td class=\"column-1\">Teatro Francisco Nunes<\/td><td class=\"column-2\">Av. Afonso Pena, s\/n\u00ba, Parque Municipal - Centro<\/td><td class=\"column-3\"><a href=\"https:\/\/prefeitura.pbh.gov.br\/fundacao-municipal-de-cultura\/teatros\/francisconunes\/\" rel=\"noopener\" target=\"_blank\">Teatro Francisco Nunes<\/a><\/td>\n<\/tr>\n<\/tbody>\n<\/table>\n<!-- #tablepress-2 from cache -->\n<p>&nbsp;<\/p>\n<p>&nbsp;<\/p>\n","protected":false},"excerpt":{"rendered":"<p>&nbsp; Passaporte Cultural em Culturas e Artes \u00e9 uma disciplina [&hellip;]<\/p>\n","protected":false},"author":1,"featured_media":0,"parent":538,"menu_order":0,"comment_status":"closed","ping_status":"closed","template":"","meta":{"_acf_changed":false,"footnotes":""},"tags":[92,94,98],"class_list":["post-540","page","type-page","status-publish","hentry","tag-formacao-transversal","tag-formacao-transversal-cultura-em-movimento-e-processos-criativos","tag-passaporte-cultural"],"acf":[],"_links":{"self":[{"href":"https:\/\/www.ufmg.br\/procult\/wp-json\/wp\/v2\/pages\/540","targetHints":{"allow":["GET"]}}],"collection":[{"href":"https:\/\/www.ufmg.br\/procult\/wp-json\/wp\/v2\/pages"}],"about":[{"href":"https:\/\/www.ufmg.br\/procult\/wp-json\/wp\/v2\/types\/page"}],"author":[{"embeddable":true,"href":"https:\/\/www.ufmg.br\/procult\/wp-json\/wp\/v2\/users\/1"}],"replies":[{"embeddable":true,"href":"https:\/\/www.ufmg.br\/procult\/wp-json\/wp\/v2\/comments?post=540"}],"version-history":[{"count":37,"href":"https:\/\/www.ufmg.br\/procult\/wp-json\/wp\/v2\/pages\/540\/revisions"}],"predecessor-version":[{"id":3524,"href":"https:\/\/www.ufmg.br\/procult\/wp-json\/wp\/v2\/pages\/540\/revisions\/3524"}],"up":[{"embeddable":true,"href":"https:\/\/www.ufmg.br\/procult\/wp-json\/wp\/v2\/pages\/538"}],"wp:attachment":[{"href":"https:\/\/www.ufmg.br\/procult\/wp-json\/wp\/v2\/media?parent=540"}],"wp:term":[{"taxonomy":"post_tag","embeddable":true,"href":"https:\/\/www.ufmg.br\/procult\/wp-json\/wp\/v2\/tags?post=540"}],"curies":[{"name":"wp","href":"https:\/\/api.w.org\/{rel}","templated":true}]}}