{"id":546,"date":"2024-01-15T10:26:31","date_gmt":"2024-01-15T13:26:31","guid":{"rendered":"https:\/\/www.ufmg.br\/procult\/?page_id=546"},"modified":"2024-09-25T10:35:16","modified_gmt":"2024-09-25T13:35:16","slug":"forum-ufmg-de-cultura","status":"publish","type":"page","link":"https:\/\/www.ufmg.br\/procult\/projetos\/forum-ufmg-de-cultura\/","title":{"rendered":"F\u00f3rum UFMG de Cultura"},"content":{"rendered":"<p>&nbsp;<\/p>\n<p><a href=\"https:\/\/bsky.app\/intent\/compose?text=https:\/\/www.ufmg.br\/procult\/projetos\/forum-ufmg-de-cultura\/\" target=\"_blank\" rel=\"noopener\"><img loading=\"lazy\" decoding=\"async\" class=\"alignnone size-full wp-image-2079\" src=\"https:\/\/www.ufmg.br\/procult\/wp-content\/uploads\/2024\/09\/bluesky-butterfly-logo-05.png\" alt=\"\" width=\"24\" height=\"21\" \/><\/a><a href=\"https:\/\/www.facebook.com\/sharer\/sharer.php?u=https:\/\/www.ufmg.br\/procult\/projetos\/forum-ufmg-de-cultura\/\" target=\"_blank\" rel=\"noopener\"><img loading=\"lazy\" decoding=\"async\" class=\"alignnone size-full wp-image-1892\" src=\"https:\/\/www.ufmg.br\/procult\/wp-content\/uploads\/2024\/08\/facebook-app-round-icon.png\" alt=\"\" width=\"24\" height=\"24\" \/><\/a><a href=\"https:\/\/twitter.com\/intent\/tweet?text=https:\/\/www.ufmg.br\/procult\/projetos\/forum-ufmg-de-cultura\/\" target=\"_blank\" rel=\"noopener\"><img loading=\"lazy\" decoding=\"async\" class=\"alignnone size-full wp-image-1893\" src=\"https:\/\/www.ufmg.br\/procult\/wp-content\/uploads\/2024\/08\/x-social-media-black-icon-1.png\" alt=\"\" width=\"24\" height=\"24\" \/><\/a><a href=\"https:\/\/www.linkedin.com\/sharing\/share-offsite\/?url=https:\/\/www.ufmg.br\/procult\/projetos\/forum-ufmg-de-cultura\/\" target=\"_blank\" rel=\"noopener\"><img loading=\"lazy\" decoding=\"async\" class=\"alignnone size-full wp-image-1894\" src=\"https:\/\/www.ufmg.br\/procult\/wp-content\/uploads\/2024\/08\/linkedin-square-icon.png\" alt=\"\" width=\"24\" height=\"24\" \/><\/a><a href=\"https:\/\/api.whatsapp.com\/send?text=https:\/\/www.ufmg.br\/procult\/projetos\/forum-ufmg-de-cultura\/\" target=\"_blank\" rel=\"noopener\"><img loading=\"lazy\" decoding=\"async\" class=\"alignnone size-full wp-image-1895\" src=\"https:\/\/www.ufmg.br\/procult\/wp-content\/uploads\/2024\/08\/whatsapp-icon.png\" alt=\"\" width=\"24\" height=\"24\" \/><\/a><a href=\"https:\/\/telegram.me\/share\/url?url=https:\/\/www.ufmg.br\/procult\/projetos\/forum-ufmg-de-cultura\/\" target=\"_blank\" rel=\"noopener\"><img loading=\"lazy\" decoding=\"async\" class=\"alignnone size-full wp-image-1896\" src=\"https:\/\/www.ufmg.br\/procult\/wp-content\/uploads\/2024\/08\/telegram-black-icon.png\" alt=\"\" width=\"24\" height=\"24\" \/><\/a><a href=\"mailto:?subject=https:\/\/www.ufmg.br\/procult\/projetos\/forum-ufmg-de-cultura\/\"><img loading=\"lazy\" decoding=\"async\" class=\"alignnone size-full wp-image-1891\" src=\"https:\/\/www.ufmg.br\/procult\/wp-content\/uploads\/2024\/08\/envelope-line-icon.png\" alt=\"\" width=\"24\" height=\"24\" \/><\/a><\/p>\n<p><img loading=\"lazy\" decoding=\"async\" class=\"alignnone wp-image-1959\" src=\"https:\/\/www.ufmg.br\/procult\/wp-content\/uploads\/2024\/08\/logo-forum-cuturas.png\" alt=\"\" width=\"749\" height=\"343\" srcset=\"https:\/\/www.ufmg.br\/procult\/wp-content\/uploads\/2024\/08\/logo-forum-cuturas.png 860w, https:\/\/www.ufmg.br\/procult\/wp-content\/uploads\/2024\/08\/logo-forum-cuturas-300x137.png 300w, https:\/\/www.ufmg.br\/procult\/wp-content\/uploads\/2024\/08\/logo-forum-cuturas-768x352.png 768w\" sizes=\"auto, (max-width: 749px) 100vw, 749px\" \/><\/p>\n<p>O <a href=\"https:\/\/www.ufmg.br\/mapadacultura\" target=\"_blank\" rel=\"noopener\">F\u00f3rum UFMG de Cultura<\/a> \u00e9 um projeto iniciado em 2014 e que j\u00e1 realizou diversos encontros, entre palestras, rodas de debate e conversa.<\/p>\n<p>Pensado como uma s\u00e9rie, o F\u00f3rum \u00e9 um dos canais pelos quais a universidade busca estimular, ampliar, dinamizar e potencializar as reflex\u00f5es para a formula\u00e7\u00e3o de suas pol\u00edticas institucionais de cultura, envolvendo a comunidade universit\u00e1ria.<\/p>\n<p>&nbsp;<\/p>\n<h4><span style=\"color: #00ccff;\"> Princ\u00edpio geral<\/span><\/h4>\n<p>&nbsp;<\/p>\n<p>O projeto tem como princ\u00edpio geral o entendimento da cultura como um direito b\u00e1sico do cidad\u00e3o.<\/p>\n<p>Para isso, pauta-se pela promo\u00e7\u00e3o da diversidade cultural, democratiza\u00e7\u00e3o da produ\u00e7\u00e3o e do acesso \u00e0 cultura, responsabilidade socioambiental, promo\u00e7\u00e3o da interlocu\u00e7\u00e3o entre m\u00faltiplos territ\u00f3rios e cartografias culturais, assim como pela discuss\u00e3o de pol\u00edticas de fomento.<\/p>\n<p>&nbsp;<\/p>\n<h4><span style=\"color: #00ccff;\">Plano de Cultura: origens<\/span><\/h4>\n<p>&nbsp;<\/p>\n<p>Foi a partir dos debates e di\u00e1logos realizados durante o F\u00f3rum, que, em 2014, elaborou-se o Plano UFMG de Cultura.<\/p>\n<p>O plano fundamentou e orientou uma s\u00e9rie de avan\u00e7os na UFMG, como: o processo de institucionaliza\u00e7\u00e3o da gest\u00e3o cultural por meio da amplia\u00e7\u00e3o e consolida\u00e7\u00e3o da ent\u00e3o Diretoria de A\u00e7\u00e3o Cultural da UFMG (DAC); a integra\u00e7\u00e3o de seu sistema de cultura; a aprova\u00e7\u00e3o do not\u00f3rio saber para mestres de tradi\u00e7\u00f5es; a Forma\u00e7\u00e3o Transversal em Culturas em Movimento e Processos Criativos ofertada para toda a comunidade de estudantes; entre outros.<\/p>\n<p>Em agosto de 2019, uma nova vers\u00e3o do F\u00f3rum aconteceu, sob o tema &#8216;Pol\u00edticas e Gest\u00e3o Cultural nas Institui\u00e7\u00f5es de Ensino Superior&#8217;.<\/p>\n<p>O objetivo foi impulsionar a elabora\u00e7\u00e3o de uma nova vers\u00e3o do plano de cultura da UFMG para os anos 2020\/2023. Convidados internacionais e nacionais com larga experi\u00eancia na \u00e1rea contribu\u00edram para as reflex\u00f5es fundamentais que antecedem essa nova etapa, integrando a UFMG a um trabalho compartilhado de discuss\u00e3o e formula\u00e7\u00e3o de pol\u00edticas de cultura nos \u00e2mbitos nacional, estadual e municipal. Saiba mais sobre essa edi\u00e7\u00e3o no link:<\/p>\n<p><i class=\"wp-svg-link link\"><\/i>\u00a0 \u00a0 <span style=\"color: #000000;\"><a style=\"color: #000000;\" href=\"https:\/\/www.ufmg.br\/mapadacultura\/o-que-e-2\/\" target=\"_blank\" rel=\"noopener\">F\u00f3rum de Cultura<\/a><\/span><\/p>\n<p>&nbsp;<\/p>\n<h4><span style=\"color: #00ccff;\">Ciclo de F\u00f3runs UFMG de Cultura<\/span><\/h4>\n<p>&nbsp;<\/p>\n<div id=\"attachment_1017\" style=\"width: 760px\" class=\"wp-caption alignnone\"><img loading=\"lazy\" decoding=\"async\" aria-describedby=\"caption-attachment-1017\" class=\" wp-image-1017\" src=\"https:\/\/www.ufmg.br\/procult\/wp-content\/uploads\/2024\/02\/forum-de-cultura-ufmg_photo_renata-leite-dac-7-300x200.jpg\" alt=\"\" width=\"750\" height=\"500\" srcset=\"https:\/\/www.ufmg.br\/procult\/wp-content\/uploads\/2024\/02\/forum-de-cultura-ufmg_photo_renata-leite-dac-7-300x200.jpg 300w, https:\/\/www.ufmg.br\/procult\/wp-content\/uploads\/2024\/02\/forum-de-cultura-ufmg_photo_renata-leite-dac-7-1024x683.jpg 1024w, https:\/\/www.ufmg.br\/procult\/wp-content\/uploads\/2024\/02\/forum-de-cultura-ufmg_photo_renata-leite-dac-7-768x512.jpg 768w, https:\/\/www.ufmg.br\/procult\/wp-content\/uploads\/2024\/02\/forum-de-cultura-ufmg_photo_renata-leite-dac-7-1536x1024.jpg 1536w, https:\/\/www.ufmg.br\/procult\/wp-content\/uploads\/2024\/02\/forum-de-cultura-ufmg_photo_renata-leite-dac-7-2048x1365.jpg 2048w\" sizes=\"auto, (max-width: 750px) 100vw, 750px\" \/><p id=\"caption-attachment-1017\" class=\"wp-caption-text\">F\u00f3rum UFMG de Cultura. Renata Leite\/Procult UFMG<\/p><\/div>\n<p>Nos anos de 2021 e 2022, o F\u00f3rum ganhou um novo formato: o Ciclo de F\u00f3runs UFMG de Cultura configurou-se como uma sequ\u00eancia de encontros tem\u00e1ticos, por meio dos quais a comunidade universit\u00e1ria recebeu dados e informa\u00e7\u00f5es relevantes acerca dos impactos da pol\u00edtica de cultura da UFMG e debateu as a\u00e7\u00f5es estrat\u00e9gicas para o setor a curto e m\u00e9dio prazo.<\/p>\n<p>Os temas discutidos e as contribui\u00e7\u00f5es recebidas durante as duas edi\u00e7\u00f5es do Ciclo podem ser vistas no <a href=\"https:\/\/www.ufmg.br\/mapadacultura\/\" target=\"_blank\" rel=\"noopener\">hotsite do evento<\/a>. L\u00e1 tamb\u00e9m \u00e9 poss\u00edvel consultar o documento final que re\u00fane as a\u00e7\u00f5es consideradas priorit\u00e1rias pela comunidade para a atua\u00e7\u00e3o da UFMG na \u00e1rea de cultura, e que servem como orienta\u00e7\u00e3o para a elabora\u00e7\u00e3o do Plano de Desenvolvimento Institucional da UFMG 2024-2029.<\/p>\n<p>&nbsp;<\/p>\n<h4><span style=\"color: #00ccff;\">Institucionaliza\u00e7\u00e3o da cultura<\/span><\/h4>\n<p>&nbsp;<\/p>\n<p>Em curso h\u00e1 mais de uma d\u00e9cada, a estrutura\u00e7\u00e3o do sistema nacional de cultura, envolvendo o Plano Nacional de Cultura, busca cumprir o que estabelece a <a href=\"https:\/\/www.planalto.gov.br\/ccivil_03\/constituicao\/constituicao.htm\" target=\"_blank\" rel=\"noopener\">Constitui\u00e7\u00e3o do pa\u00eds<\/a> em seu artigo 215: \u201co Estado garantir\u00e1 a todos o pleno exerc\u00edcio dos direitos culturais e acesso \u00e0s fontes da cultura nacional, e apoiar\u00e1 e incentivar\u00e1 a valoriza\u00e7\u00e3o e a difus\u00e3o das manifesta\u00e7\u00f5es culturais\u201d.<\/p>\n<p>O Plano de Desenvolvimento Institucional da UFMG <a href=\"https:\/\/www.ufmg.br\/procult\/wp-content\/uploads\/2024\/02\/PDI-2018-2023-revisado06032019.pdf\" target=\"_blank\" rel=\"noopener\">2018\/2023<\/a> estabelece que<\/p>\n<blockquote><p>&#8220;a cultura deve ser compreendida como espa\u00e7o de intera\u00e7\u00e3o com todos os segmentos da Comunidade Universit\u00e1ria, com a comunidade externa e com a cidade na qual habitamos e com a qual interagimos. Nesse sentido, a cultura potencializa a intera\u00e7\u00e3o entre os saberes produzidos na Universidade e os saberes tradicionais e plurais, abrindo espa\u00e7o para os saberes compartilhados, a reflex\u00e3o cr\u00edtica e a constru\u00e7\u00e3o coletiva em campos como os direitos humanos e sociais, a inclus\u00e3o, a cidadania\u201d.<\/p><\/blockquote>\n<p>Sobre a pol\u00edtica cultural da UFMG, o PDI afirma que<\/p>\n<blockquote><p>\u201cesta parte do entendimento de que \u00e9 necess\u00e1rio fortalecer as iniciativas j\u00e1 implementadas, dando prosseguimento a uma reflex\u00e3o conceitual aprofundada sobre as muitas formas de produ\u00e7\u00e3o cultural, articulando os v\u00e1rios espa\u00e7os e equipamentos culturais da Institui\u00e7\u00e3o. As a\u00e7\u00f5es institucionais visam \u00e0 valoriza\u00e7\u00e3o da cultura como espa\u00e7o privilegiado de produ\u00e7\u00e3o de conhecimento, articulada com as atividades de ensino, pesquisa e extens\u00e3o, e n\u00e3o simplesmente como um conjunto de atividades e eventos desvinculados das pr\u00e1ticas acad\u00eamicas. Assim, a cultura abre novo caminho para a integra\u00e7\u00e3o da Universidade com a sociedade, permitindo a produ\u00e7\u00e3o de um espa\u00e7o comum de saberes compartilhados&#8221;.<\/p><\/blockquote>\n<p>&nbsp;<\/p>\n<h4><span style=\"color: #00ccff;\">Pr\u00f3-reitoria<\/span><\/h4>\n<p>&nbsp;<\/p>\n<p>A cria\u00e7\u00e3o da Pr\u00f3-reitoria de Cultura da UFMG consta dos objetivos dos planos de Desenvolvimento Institucional da universidade em suas \u00faltimas vers\u00f5es. A Pr\u00f3-reitoria \u00e9 o pr\u00f3ximo passo no processo de institucionaliza\u00e7\u00e3o da Cultura na universidade.<\/p>\n<p>Estruturada hoje sob a forma de uma Diretoria, a \u00e1rea de cultura da universidade ter\u00e1 assim consolidadas as necess\u00e1rias estruturas democr\u00e1ticas de sua gest\u00e3o e o reconhecimento de sua dimens\u00e3o acad\u00eamica, em estreita articula\u00e7\u00e3o com o Ensino, a Pesquisa e a Extens\u00e3o.<\/p>\n<p>&nbsp;<\/p>\n<h4><span style=\"color: #00ccff;\">Contribui\u00e7\u00f5es para o PDI UFMG 2024-2029<\/span><\/h4>\n<p>&nbsp;<\/p>\n<p>Entre junho e agosto de 2021, a ent\u00e3o Diretoria de A\u00e7\u00e3o Cultural da UFMG realizou o Ciclo de F\u00f3runs UFMG de Cultura 2021 com o intuito de propor uma s\u00e9rie de temas para que a comunidade universit\u00e1ria pudesse dialogar e subsidiar as pol\u00edticas culturais da universidade, visando a futura constru\u00e7\u00e3o do novo Plano de Cultura da UFMG e do PDI 2024-2029.<\/p>\n<p>Cada F\u00f3rum deste Ciclo foi composto por uma mesa de convidados que contribu\u00edram com reflex\u00f5es sobre o tema em discuss\u00e3o e a elabora\u00e7\u00e3o de propostas de a\u00e7\u00f5es para um plano de cultura. Ap\u00f3s a mesa, a cada dia, foi realizado um Grupo de Trabalho para consolidar um relat\u00f3rio contendo as propostas de a\u00e7\u00f5es relacionadas ao tema em discuss\u00e3o.<\/p>\n<p>O relat\u00f3rio, em seguida, foi apresentado, discutido e aprovado em sess\u00e3o plen\u00e1ria virtual.<\/p>\n<p>&nbsp;<\/p>\n<h4><span style=\"color: #00ccff;\">Novo ciclo<\/span><\/h4>\n<p>&nbsp;<\/p>\n<p>A fim de contribuir para o planejamento da \u00e1rea cultural no PDI 2024-2029, em processo de elabora\u00e7\u00e3o, a Pr\u00f3-reitoria de Cultura realizou, em dezembro de 2022, um novo Ciclo com dez f\u00f3runs abertos a toda comunidade universit\u00e1ria.<\/p>\n<p>A partir do documento compilado no Ciclo de F\u00f3runs UFMG de Cultura 2021, o objetivo do Ciclo de F\u00f3runs UFMG de Cultura 2022 foi elencar cinco a\u00e7\u00f5es priorit\u00e1rias referentes a cada um dos 12 temas propostos. No documento em anexo, est\u00e3o disponibilizadas a \u00edntegra das contribui\u00e7\u00f5es para o PDI UFMG 2024-2029:<\/p>\n<p><b class=\"wp-svg-file-pdf file-pdf\"><\/b>\u00a0 \u00a0\u00a0<span style=\"color: #000000;\"><a style=\"color: #000000;\" href=\"https:\/\/www.ufmg.br\/procult\/wp-content\/uploads\/2024\/02\/contribuicoes-dos-ciclos-de-foruns-ufmg-de-cultura-para-o-pdi-ufmg-2024-2029.pdf\" target=\"_blank\" rel=\"noopener\">Contribui\u00e7\u00f5es dos Ciclos De F\u00f3runs UFMG de Cultura para o PDI UFMG 2024-2029<\/a><\/span><\/p>\n<p>&nbsp;<\/p>\n<p>&nbsp;<\/p>\n","protected":false},"excerpt":{"rendered":"<p>&nbsp; O F\u00f3rum UFMG de Cultura \u00e9 um projeto iniciado [&hellip;]<\/p>\n","protected":false},"author":1,"featured_media":0,"parent":544,"menu_order":0,"comment_status":"closed","ping_status":"closed","template":"","meta":{"_acf_changed":false,"footnotes":""},"tags":[104,106,102],"class_list":["post-546","page","type-page","status-publish","hentry","tag-forum-ufmg-de-cultura","tag-mapa-da-cultura-ufmg","tag-projetos"],"acf":[],"_links":{"self":[{"href":"https:\/\/www.ufmg.br\/procult\/wp-json\/wp\/v2\/pages\/546","targetHints":{"allow":["GET"]}}],"collection":[{"href":"https:\/\/www.ufmg.br\/procult\/wp-json\/wp\/v2\/pages"}],"about":[{"href":"https:\/\/www.ufmg.br\/procult\/wp-json\/wp\/v2\/types\/page"}],"author":[{"embeddable":true,"href":"https:\/\/www.ufmg.br\/procult\/wp-json\/wp\/v2\/users\/1"}],"replies":[{"embeddable":true,"href":"https:\/\/www.ufmg.br\/procult\/wp-json\/wp\/v2\/comments?post=546"}],"version-history":[{"count":25,"href":"https:\/\/www.ufmg.br\/procult\/wp-json\/wp\/v2\/pages\/546\/revisions"}],"predecessor-version":[{"id":2384,"href":"https:\/\/www.ufmg.br\/procult\/wp-json\/wp\/v2\/pages\/546\/revisions\/2384"}],"up":[{"embeddable":true,"href":"https:\/\/www.ufmg.br\/procult\/wp-json\/wp\/v2\/pages\/544"}],"wp:attachment":[{"href":"https:\/\/www.ufmg.br\/procult\/wp-json\/wp\/v2\/media?parent=546"}],"wp:term":[{"taxonomy":"post_tag","embeddable":true,"href":"https:\/\/www.ufmg.br\/procult\/wp-json\/wp\/v2\/tags?post=546"}],"curies":[{"name":"wp","href":"https:\/\/api.w.org\/{rel}","templated":true}]}}