{"id":548,"date":"2024-01-15T10:27:29","date_gmt":"2024-01-15T13:27:29","guid":{"rendered":"https:\/\/www.ufmg.br\/procult\/?page_id=548"},"modified":"2024-09-10T13:04:34","modified_gmt":"2024-09-10T16:04:34","slug":"mapa-da-cultura-ufmg","status":"publish","type":"page","link":"https:\/\/www.ufmg.br\/procult\/projetos\/mapa-da-cultura-ufmg\/","title":{"rendered":"Mapa da Cultura UFMG"},"content":{"rendered":"<p>&nbsp;<\/p>\n<p><a href=\"https:\/\/bsky.app\/intent\/compose?text=https:\/\/www.ufmg.br\/procult\/projetos\/mapa-da-cultura-ufmg\/\" target=\"_blank\" rel=\"noopener\"><img loading=\"lazy\" decoding=\"async\" class=\"alignnone size-full wp-image-2079\" src=\"https:\/\/www.ufmg.br\/procult\/wp-content\/uploads\/2024\/09\/bluesky-butterfly-logo-05.png\" alt=\"\" width=\"24\" height=\"21\" \/><\/a><a href=\"https:\/\/www.facebook.com\/sharer\/sharer.php?u=https:\/\/www.ufmg.br\/procult\/projetos\/mapa-da-cultura-ufmg\/\" target=\"_blank\" rel=\"noopener\"><img loading=\"lazy\" decoding=\"async\" class=\"alignnone size-full wp-image-1892\" src=\"https:\/\/www.ufmg.br\/procult\/wp-content\/uploads\/2024\/08\/facebook-app-round-icon.png\" alt=\"\" width=\"24\" height=\"24\" \/><\/a><a href=\"https:\/\/twitter.com\/intent\/tweet?text=https:\/\/www.ufmg.br\/procult\/projetos\/mapa-da-cultura-ufmg\/\" target=\"_blank\" rel=\"noopener\"><img loading=\"lazy\" decoding=\"async\" class=\"alignnone size-full wp-image-1893\" src=\"https:\/\/www.ufmg.br\/procult\/wp-content\/uploads\/2024\/08\/x-social-media-black-icon-1.png\" alt=\"\" width=\"24\" height=\"24\" \/><\/a><a href=\"https:\/\/www.linkedin.com\/sharing\/share-offsite\/?url=https:\/\/www.ufmg.br\/procult\/projetos\/mapa-da-cultura-ufmg\/\" target=\"_blank\" rel=\"noopener\"><img loading=\"lazy\" decoding=\"async\" class=\"alignnone size-full wp-image-1894\" src=\"https:\/\/www.ufmg.br\/procult\/wp-content\/uploads\/2024\/08\/linkedin-square-icon.png\" alt=\"\" width=\"24\" height=\"24\" \/><\/a><a href=\"https:\/\/api.whatsapp.com\/send?text=https:\/\/www.ufmg.br\/procult\/projetos\/mapa-da-cultura-ufmg\/\" target=\"_blank\" rel=\"noopener\"><img loading=\"lazy\" decoding=\"async\" class=\"alignnone size-full wp-image-1895\" src=\"https:\/\/www.ufmg.br\/procult\/wp-content\/uploads\/2024\/08\/whatsapp-icon.png\" alt=\"\" width=\"24\" height=\"24\" \/><\/a><a href=\"https:\/\/telegram.me\/share\/url?url=https:\/\/www.ufmg.br\/procult\/projetos\/mapa-da-cultura-ufmg\/\" target=\"_blank\" rel=\"noopener\"><img loading=\"lazy\" decoding=\"async\" class=\"alignnone size-full wp-image-1896\" src=\"https:\/\/www.ufmg.br\/procult\/wp-content\/uploads\/2024\/08\/telegram-black-icon.png\" alt=\"\" width=\"24\" height=\"24\" \/><\/a><a href=\"mailto:?subject=https:\/\/www.ufmg.br\/procult\/projetos\/mapa-da-cultura-ufmg\/\"><img loading=\"lazy\" decoding=\"async\" class=\"alignnone size-full wp-image-1891\" src=\"https:\/\/www.ufmg.br\/procult\/wp-content\/uploads\/2024\/08\/envelope-line-icon.png\" alt=\"\" width=\"24\" height=\"24\" \/><\/a><\/p>\n<p><img loading=\"lazy\" decoding=\"async\" class=\"alignnone wp-image-1033\" src=\"https:\/\/www.ufmg.br\/procult\/wp-content\/uploads\/2024\/02\/festival-ufmg-detalhe-de-foto-de-lucas-braga-ufmg-300x110.jpg\" alt=\"\" width=\"750\" height=\"275\" srcset=\"https:\/\/www.ufmg.br\/procult\/wp-content\/uploads\/2024\/02\/festival-ufmg-detalhe-de-foto-de-lucas-braga-ufmg-300x110.jpg 300w, https:\/\/www.ufmg.br\/procult\/wp-content\/uploads\/2024\/02\/festival-ufmg-detalhe-de-foto-de-lucas-braga-ufmg-768x281.jpg 768w, https:\/\/www.ufmg.br\/procult\/wp-content\/uploads\/2024\/02\/festival-ufmg-detalhe-de-foto-de-lucas-braga-ufmg.jpg 786w\" sizes=\"auto, (max-width: 750px) 100vw, 750px\" \/><\/p>\n<p>O Mapeamento Cultural \u00e9 um projeto que prop\u00f5e a constru\u00e7\u00e3o de mapas culturais na UFMG.<\/p>\n<p>O objetivo geral \u00e9 realizar um diagn\u00f3stico da cultura na universidade, identificando, registrando e analisando agentes, espa\u00e7os e a\u00e7\u00f5es culturais.<\/p>\n<p>A realiza\u00e7\u00e3o das edi\u00e7\u00f5es s\u00e3o coordenadas pela Pr\u00f3-reitoria de Cultura\u00a0 da UFMG, junto com pesquisadores convidados.\u00a0 J\u00e1 foram realizados mapeamentos dos per\u00edodos 2019 a 2021 e 2022 a 2023.<\/p>\n<p>&nbsp;<\/p>\n<h4><span style=\"color: #00ccff;\">Etapas<\/span><\/h4>\n<p>&nbsp;<\/p>\n<p>A primeira etapa do mapeamento consiste na coleta de informa\u00e7\u00f5es junto \u00e0 comunidade da UFMG, por meio de um question\u00e1rio on-line composto de perguntas fechadas e abertas.<\/p>\n<p>Pela an\u00e1lise quanti-qualitativa dos dados obtidos, visa-se conhecer agentes, espa\u00e7os e a\u00e7\u00f5es vinculadas \u00e0 cultura na UFMG, em um recorte temporal.<\/p>\n<p>Na segunda etapa, os dados s\u00e3o sistematizados de acordo com as dimens\u00f5es da cultura na UFMG, dando sequ\u00eancia ao georreferenciamento dos agentes e espa\u00e7os de cultura.<\/p>\n<p>Este georreferenciamento permite a visualiza\u00e7\u00e3o das redes de cultura que a UFMG estabelece com o munic\u00edpio de Belo Horizonte, com o estado de Minas Gerais, com o Brasil e com o exterior. Em etapa posterior, os dados s\u00e3o analisados estat\u00edstica e qualitativamente.<\/p>\n<p>Clique nas imagens para ampliar, e conhe\u00e7a os dados de 2019 a 2021:<\/p>\n<p>&nbsp;<\/p>\n\t                <ul class=\"easy-image-gallery thumbnails-3 linked\">\r\n                    <li><a data-fancybox=\"gallery510\" href=\"https:\/\/www.ufmg.br\/procult\/wp-content\/uploads\/2024\/02\/parceiros-culturais-da-ufmg-em-bh-fonte-procult-ufmg.png\" class=\"eig-popup\" title=\"\" data-caption=\"\" target=\"_blank\"><i class=\"icon-view\"><\/i><span class=\"overlay\"><\/span><img loading=\"lazy\" decoding=\"async\" width=\"150\" height=\"150\" src=\"https:\/\/www.ufmg.br\/procult\/wp-content\/uploads\/2024\/02\/parceiros-culturais-da-ufmg-em-bh-fonte-procult-ufmg-150x150.png\" class=\"attachment-thumbnail size-thumbnail\" alt=\"\" srcset=\"https:\/\/www.ufmg.br\/procult\/wp-content\/uploads\/2024\/02\/parceiros-culturais-da-ufmg-em-bh-fonte-procult-ufmg-150x150.png 150w, https:\/\/www.ufmg.br\/procult\/wp-content\/uploads\/2024\/02\/parceiros-culturais-da-ufmg-em-bh-fonte-procult-ufmg-340x340.png 340w\" sizes=\"auto, (max-width: 150px) 100vw, 150px\" \/><\/a><\/li><li><a data-fancybox=\"gallery510\" href=\"https:\/\/www.ufmg.br\/procult\/wp-content\/uploads\/2024\/02\/parceiros-culturais-da-ufmg-mg-2019-2021.png\" class=\"eig-popup\" title=\"\" data-caption=\"\" target=\"_blank\"><i class=\"icon-view\"><\/i><span class=\"overlay\"><\/span><img loading=\"lazy\" decoding=\"async\" width=\"150\" height=\"150\" src=\"https:\/\/www.ufmg.br\/procult\/wp-content\/uploads\/2024\/02\/parceiros-culturais-da-ufmg-mg-2019-2021-150x150.png\" class=\"attachment-thumbnail size-thumbnail\" alt=\"\" srcset=\"https:\/\/www.ufmg.br\/procult\/wp-content\/uploads\/2024\/02\/parceiros-culturais-da-ufmg-mg-2019-2021-150x150.png 150w, https:\/\/www.ufmg.br\/procult\/wp-content\/uploads\/2024\/02\/parceiros-culturais-da-ufmg-mg-2019-2021-340x340.png 340w\" sizes=\"auto, (max-width: 150px) 100vw, 150px\" \/><\/a><\/li><li><a data-fancybox=\"gallery510\" href=\"https:\/\/www.ufmg.br\/procult\/wp-content\/uploads\/2024\/02\/parceiros-culturais-da-ufmg-no-brasil-2019-2021-fonte-procult-ufmg.png\" class=\"eig-popup\" title=\"\" data-caption=\"\" target=\"_blank\"><i class=\"icon-view\"><\/i><span class=\"overlay\"><\/span><img loading=\"lazy\" decoding=\"async\" width=\"150\" height=\"150\" src=\"https:\/\/www.ufmg.br\/procult\/wp-content\/uploads\/2024\/02\/parceiros-culturais-da-ufmg-no-brasil-2019-2021-fonte-procult-ufmg-150x150.png\" class=\"attachment-thumbnail size-thumbnail\" alt=\"\" srcset=\"https:\/\/www.ufmg.br\/procult\/wp-content\/uploads\/2024\/02\/parceiros-culturais-da-ufmg-no-brasil-2019-2021-fonte-procult-ufmg-150x150.png 150w, https:\/\/www.ufmg.br\/procult\/wp-content\/uploads\/2024\/02\/parceiros-culturais-da-ufmg-no-brasil-2019-2021-fonte-procult-ufmg-340x340.png 340w\" sizes=\"auto, (max-width: 150px) 100vw, 150px\" \/><\/a><\/li><\/ul>\n<p>A cada etapa, s\u00e3o apresentados os resultados, parciais e finais, \u00e0 comunidade universit\u00e1ria. Ao final do processo, o mapa cultural da UFMG \u00e9 disponibilizado em hotsite, e os resultados da pesquisa s\u00e3o divulgados em artigos acad\u00eamicos.<\/p>\n<p>&nbsp;<\/p>\n<h4><span style=\"color: #00ccff;\">Retrato<\/span><\/h4>\n<p>&nbsp;<\/p>\n<p><img loading=\"lazy\" decoding=\"async\" class=\"wp-image-1038 alignleft\" src=\"https:\/\/www.ufmg.br\/procult\/wp-content\/uploads\/2024\/02\/publico-site-1-300x203.jpg\" alt=\"\" width=\"396\" height=\"268\" srcset=\"https:\/\/www.ufmg.br\/procult\/wp-content\/uploads\/2024\/02\/publico-site-1-300x203.jpg 300w, https:\/\/www.ufmg.br\/procult\/wp-content\/uploads\/2024\/02\/publico-site-1.jpg 320w\" sizes=\"auto, (max-width: 396px) 100vw, 396px\" \/><\/p>\n<p>Espera-se que, com o mapeamento cultural, constitua-se um retrato dos agentes, espa\u00e7os e a\u00e7\u00f5es culturais na UFMG, viabilizando a constru\u00e7\u00e3o de indicadores culturais e de informa\u00e7\u00f5es quanti-qualitativas que subsidiem a elabora\u00e7\u00e3o de um futuro Plano de Cultura da UFMG.<\/p>\n<p>Saiba mais sobre o projeto e participe da pesquisa em <a href=\"https:\/\/www.ufmg.br\/mapadacultura\" target=\"_blank\" rel=\"noopener\">www.ufmg.br\/mapadacultura<\/a><\/p>\n<p>&nbsp;<\/p>\n","protected":false},"excerpt":{"rendered":"<p>&nbsp; O Mapeamento Cultural \u00e9 um projeto que prop\u00f5e a [&hellip;]<\/p>\n","protected":false},"author":1,"featured_media":0,"parent":544,"menu_order":0,"comment_status":"closed","ping_status":"closed","template":"","meta":{"_acf_changed":false,"footnotes":""},"tags":[106,108,102],"class_list":["post-548","page","type-page","status-publish","hentry","tag-mapa-da-cultura-ufmg","tag-mapeamento-cultural","tag-projetos"],"acf":[],"_links":{"self":[{"href":"https:\/\/www.ufmg.br\/procult\/wp-json\/wp\/v2\/pages\/548","targetHints":{"allow":["GET"]}}],"collection":[{"href":"https:\/\/www.ufmg.br\/procult\/wp-json\/wp\/v2\/pages"}],"about":[{"href":"https:\/\/www.ufmg.br\/procult\/wp-json\/wp\/v2\/types\/page"}],"author":[{"embeddable":true,"href":"https:\/\/www.ufmg.br\/procult\/wp-json\/wp\/v2\/users\/1"}],"replies":[{"embeddable":true,"href":"https:\/\/www.ufmg.br\/procult\/wp-json\/wp\/v2\/comments?post=548"}],"version-history":[{"count":27,"href":"https:\/\/www.ufmg.br\/procult\/wp-json\/wp\/v2\/pages\/548\/revisions"}],"predecessor-version":[{"id":2184,"href":"https:\/\/www.ufmg.br\/procult\/wp-json\/wp\/v2\/pages\/548\/revisions\/2184"}],"up":[{"embeddable":true,"href":"https:\/\/www.ufmg.br\/procult\/wp-json\/wp\/v2\/pages\/544"}],"wp:attachment":[{"href":"https:\/\/www.ufmg.br\/procult\/wp-json\/wp\/v2\/media?parent=548"}],"wp:term":[{"taxonomy":"post_tag","embeddable":true,"href":"https:\/\/www.ufmg.br\/procult\/wp-json\/wp\/v2\/tags?post=548"}],"curies":[{"name":"wp","href":"https:\/\/api.w.org\/{rel}","templated":true}]}}